{"id":25,"date":"2025-07-31T14:31:07","date_gmt":"2025-07-31T12:31:07","guid":{"rendered":"https:\/\/semmelweis.hu\/reziliencia-akademia\/?page_id=25"},"modified":"2025-10-29T15:54:28","modified_gmt":"2025-10-29T14:54:28","slug":"relaxacio","status":"publish","type":"page","link":"https:\/\/semmelweis.hu\/reziliencia-akademia\/stresszkezeles\/relaxacio\/","title":{"rendered":"Relax\u00e1ci\u00f3s technik\u00e1k"},"content":{"rendered":"<h1 style=\"text-align: center\">Mi az a relax\u00e1ci\u00f3?<\/h1>\n<div class=\"keretes w-100\">\n<h6>\ud83e\uddd8Relax\u00e1ci\u00f3nak <em>(ellaz\u00edt\u00e1st jelent sz\u00f3 szerint)<\/em> <strong>azt a gyakorlatsort nevezz\u00fck, mely sor\u00e1n az<\/strong><\/h6>\n<ol>\n<li>az izmok tervszer\u0171 sorrendben t\u00f6rt\u00e9nt ellaz\u00edt\u00e1s\u00e1val<\/li>\n<li>a l\u00e9gz\u00e9s\u00fcnk szab\u00e1lyz\u00e1s\u00e1val<\/li>\n<\/ol>\n<p><strong>lecs\u00f6kkentj\u00fck idegrendszer\u00fcnk fesz\u00fclts\u00e9gszintj\u00e9t.<\/strong><\/p>\n<\/div>\n<h4 style=\"text-align: center\"><strong><em>Mondt\u00e1k m\u00e1r neked, amikor ideges volt\u00e1l, hogy <span style=\"color: #ff6600\">\u201eLaz\u00edts!\u201d<\/span>?<\/em><\/strong><br \/>\n<strong><em>Mennyire siker\u00fclt?<\/em><\/strong><\/h4>\n<p><img loading=\"lazy\" decoding=\"async\" class=\"aligncenter  wp-image-347\" src=\"https:\/\/semmelweis.hu\/reziliencia-akademia\/files\/2025\/09\/relaxacio-2-1024x446.jpg\" alt=\"\" width=\"505\" height=\"220\" srcset=\"https:\/\/semmelweis.hu\/reziliencia-akademia\/files\/2025\/09\/relaxacio-2-1024x446.jpg 1024w, https:\/\/semmelweis.hu\/reziliencia-akademia\/files\/2025\/09\/relaxacio-2-400x174.jpg 400w, https:\/\/semmelweis.hu\/reziliencia-akademia\/files\/2025\/09\/relaxacio-2-768x335.jpg 768w, https:\/\/semmelweis.hu\/reziliencia-akademia\/files\/2025\/09\/relaxacio-2-753x328.jpg 753w, https:\/\/semmelweis.hu\/reziliencia-akademia\/files\/2025\/09\/relaxacio-2.jpg 1329w\" sizes=\"auto, (max-width: 505px) 100vw, 505px\" \/><\/p>\n<h4 style=\"text-align: center\">\n<strong>\u00c9ppen ez\u00e9rt a \u201eprogressz\u00edv relax\u00e1ci\u00f3\u201d sor\u00e1n el\u0151sz\u00f6r fesz\u00edt\u00fcnk, ut\u00e1na laz\u00edtunk\u2026<\/strong><\/h4>\n<p><img loading=\"lazy\" decoding=\"async\" class=\"aligncenter  wp-image-348\" src=\"https:\/\/semmelweis.hu\/reziliencia-akademia\/files\/2025\/09\/relaxacio-3-1024x443.jpg\" alt=\"\" width=\"501\" height=\"217\" srcset=\"https:\/\/semmelweis.hu\/reziliencia-akademia\/files\/2025\/09\/relaxacio-3-1024x443.jpg 1024w, https:\/\/semmelweis.hu\/reziliencia-akademia\/files\/2025\/09\/relaxacio-3-400x173.jpg 400w, https:\/\/semmelweis.hu\/reziliencia-akademia\/files\/2025\/09\/relaxacio-3-768x332.jpg 768w, https:\/\/semmelweis.hu\/reziliencia-akademia\/files\/2025\/09\/relaxacio-3-753x326.jpg 753w, https:\/\/semmelweis.hu\/reziliencia-akademia\/files\/2025\/09\/relaxacio-3.jpg 1343w\" sizes=\"auto, (max-width: 501px) 100vw, 501px\" \/><\/p>\n<h1 style=\"text-align: center\">\nEzt az alapelvet sok keleti mozg\u00e1sforma tartalmazza m\u00e1r nagyon r\u00e9gen<\/h1>\n<p><img loading=\"lazy\" decoding=\"async\" class=\"aligncenter size-large wp-image-349\" src=\"https:\/\/semmelweis.hu\/reziliencia-akademia\/files\/2025\/09\/Relaxacio-04-1024x653.jpg\" alt=\"\" width=\"753\" height=\"480\" data-wp-editing=\"1\" srcset=\"https:\/\/semmelweis.hu\/reziliencia-akademia\/files\/2025\/09\/Relaxacio-04-1024x653.jpg 1024w, https:\/\/semmelweis.hu\/reziliencia-akademia\/files\/2025\/09\/Relaxacio-04-400x255.jpg 400w, https:\/\/semmelweis.hu\/reziliencia-akademia\/files\/2025\/09\/Relaxacio-04-768x490.jpg 768w, https:\/\/semmelweis.hu\/reziliencia-akademia\/files\/2025\/09\/Relaxacio-04-753x480.jpg 753w, https:\/\/semmelweis.hu\/reziliencia-akademia\/files\/2025\/09\/Relaxacio-04.jpg 1341w\" sizes=\"auto, (max-width: 753px) 100vw, 753px\" \/><\/p>\n<h4 style=\"text-align: center\">\n<span style=\"font-size: 18pt\">A Relax\u00e1ci\u00f3 elsaj\u00e1t\u00edt\u00e1s\u00e1hoz sz\u00fcks\u00e9ges id\u0151 \u00e1ltal\u00e1ban\u00a0 10-20 nap<\/span><\/h4>\n<h1 style=\"text-align: center\">Mire haszn\u00e1ljuk ma a Relax\u00e1ci\u00f3t?<\/h1>\n<ol>\n<li>\n<h6><strong>Alv\u00e1szavarok kieg\u00e9sz\u00edt\u0151 kezel\u00e9s\u00e9re<\/strong>, a <strong>fesz\u00fclts\u00e9g cs\u00f6kken\u00e9s\u00e9re<\/strong>, a <strong>figyelmi f\u00f3kusz \u00e1tir\u00e1ny\u00edt\u00e1s\u00e1ra<\/strong>,\u00a0<\/h6>\n<\/li>\n<li>\n<h6><strong>Stresszcs\u00f6kkent\u00e9sre<\/strong> <em>(a legt\u00f6bb stresszkezel\u0151 vagy menedzser tr\u00e9ningnek ma m\u00e1r szerves r\u00e9sze)<\/em><\/h6>\n<\/li>\n<li>\n<h6><strong>R\u00f6vid felt\u00f6lt\u0151d\u00e9sre<\/strong> nagyon \u201ehajt\u00f3s\u201d napokon <em>(az alv\u00e1st nem p\u00f3tolja, de egy kb 7-10 perces relax\u00e1ci\u00f3 6-7 \u00f3r\u00e1s felfriss\u00fcl\u00e9st biztos\u00edt).<\/em><\/h6>\n<\/li>\n<li>\n<h6><strong>Teljes\u00edtm\u00e9nyn\u00f6vel\u00e9sre<\/strong><\/h6>\n<\/li>\n<li>\n<h6><strong>Szorong\u00e1scs\u00f6kkent\u00e9sre<\/strong> <em>(pl. fogorvosn\u00e1l, v\u00e1ls\u00e1gkezel\u00e9sben, pszichoter\u00e1pi\u00e1ban)<\/em><\/h6>\n<\/li>\n<\/ol>\n<h4>\n<strong>Hogyan haszn\u00e1ljuk a hangf\u00e1jlt?<\/strong><\/h4>\n<div class=\"keretes w-100\">\n<p>A relax\u00e1ci\u00f3t tartalmaz\u00f3 hangfile mind\u00f6ssze n\u00e9h\u00e1ny perces \u231b<br \/>\nEllent\u00e9tben m\u00e1s relax\u00e1ci\u00f3s anyagokkal nincs hozz\u00e1 andal\u00edt\u00f3 al\u00e1fest\u0151 zene vagy b\u00e1ln\u00e1k \u00e9neke \ud83d\udc0b<br \/>\nEz az\u00e9rt van, hogy te laz\u00edtsd el magad, \u00e9s ne egy k\u00fcls\u0151 hang \ud83e\uddd8<\/p>\n<\/div>\n<p><a href=\"https:\/\/semmelweis.hu\/reziliencia-akademia\/files\/2025\/09\/Meditacio_Sandor_Imola_1_resz_250916.mp3\">A hangf\u00e1jlt innen let\u00f6ltheted mp3 form\u00e1tumban<\/a>, vagy lej\u00e1tszhatod az al\u00e1bbi lej\u00e1tsz\u00f3 seg\u00edts\u00e9g\u00e9vel<\/p>\n<!--[if lt IE 9]><script>document.createElement('audio');<\/script><![endif]-->\n<audio class=\"wp-audio-shortcode\" id=\"audio-25-1\" preload=\"none\" style=\"width: 100%;\" controls=\"controls\"><source type=\"audio\/mpeg\" src=\"https:\/\/semmelweis.hu\/reziliencia-akademia\/files\/2025\/09\/Meditacio_Sandor_Imola_1_resz_250916.mp3?_=1\" \/><a href=\"https:\/\/semmelweis.hu\/reziliencia-akademia\/files\/2025\/09\/Meditacio_Sandor_Imola_1_resz_250916.mp3\">https:\/\/semmelweis.hu\/reziliencia-akademia\/files\/2025\/09\/Meditacio_Sandor_Imola_1_resz_250916.mp3<\/a><\/audio>\n<hr style=\"background-color: white;height: 1px;border: 0\" \/>\n<h4><strong>A relax\u00e1ci\u00f3 szakaszai<\/strong><\/h4>\n<h6>1\ufe0f\u20e3 <strong>szakasz:<\/strong> A gyakorlatsort kezdetben nyugodt k\u00f6rnyezetben, fekve vagy \u00fclve v\u00e9gezz\u00fck el\u0151sz\u00f6r a hangf\u00e1jl hallgat\u00e1s\u00e1val<\/h6>\n<h6>2\ufe0f\u20e3 <strong>szakasz:<\/strong> Nyugodt k\u00f6rnyezetben fejb\u0151l (megtanul\u00e1sa ut\u00e1n gyakorlatilag b\u00e1rmilyen testhelyzetben, s\u0151t tev\u00e9kenys\u00e9gek k\u00f6zben is v\u00e9gezhet\u0151), naponta 1x.<\/h6>\n<h6>3\ufe0f\u20e3<strong> szakasz:<\/strong> Kb. 10 nap &#8211; k\u00e9t h\u00e9t napi 1x-i gyakorl\u00e1s pr\u00f3b\u00e1ljuk meg kicsit kev\u00e9sb\u00e9 nyugalmi helyzetben fejb\u0151l v\u00e9gigcsin\u00e1lni, tov\u00e1bbra is minden nap 1x.<\/h6>\n<h6>4\ufe0f\u20e3 <strong>szakasz:<\/strong> gyakoroljuk nem nyugalmi helyzetben<\/h6>\n<h6>5\ufe0f\u20e3 <strong>szakasz:<\/strong> alkalmazzuk stresszhelyzetben<\/h6>\n<div class=\"w-100 keretes\">Az oldal tartalma coping cardk\u00e9nt is let\u00f6lthet\u0151 <a href=\"https:\/\/semmelweis.hu\/reziliencia-akademia\/files\/2025\/10\/relaxacio_web.pdf\" target=\"_blank\" rel=\"noopener\">pdf form\u00e1tumban.<\/a><\/div>\n<style>\n           #page-grid .card-body > .line-clamp-box.excerpt{\n        width: inherit;\n        max-width: inherit;\n        display:flex;\n        min-height: 2.4em;\n        flex-direction: column;\n        justify-content: space-around;\n        background-color: #D6E4EA;\n        min-height: 3.4rem;\n        font-family: \"Montserrat\", sans-serif;\n    }\n\n    #page-grid a:hover .card-body > .line-clamp-box.excerpt {\n        background-color: #fff;\n        color: #313B40;\n    }\n\n    #page-grid .card-body .line-clamp-box.excerpt section{\n        max-width: inherit;\n        display: -webkit-box;\n        -webkit-line-clamp: 2;\n        -webkit-box-orient: vertical;\n        overflow: hidden;\n        text-overflow: ellipsis;\n        hyphens: auto;\n        margin: auto;\n        \n    }\n    .line-clamp-box.excerpt section, .line-clamp-box.excerpt section p{\n        font-size:0.8em;\n    }\n    \n<\/style>\n    <section id=\"page-grid\">\n        <section class=\"d-block d-md-flex title-row my-3 ml-0 ml-md-1\">\n<div class=\"section-title  mb-1 \">\n<h2>\n    A k\u00e9pz\u00e9s elemei\n<\/h2>\n<\/div>\n<\/section>\n        <div class=\"row row-cols-1 row-cols-md-2 row-cols-lg-3 no-gutters mx-0 \">    <div class =\"col  mb-2 card-wrapper\">\n        <a class=\"d-flex flex-fill card-link-warapper m-md-1\" href=\"https:\/\/semmelweis.hu\/reziliencia-akademia\/stresszkezeles\/stresszelmelet\/\">\n            <div class=\"card border border-secondary se-border flex-fill\">\n                <div class=\"row no-gutters mx-0 d-flex flex-nowrap flex-md-wrap align-items-center\">\n                    <div class =\"  col-5 col-md-12  d-none  d-md-none d-md-none  bg-image  card-image justify-content-center\">\n                        <img class='wp-post-image img-fluid landscape' src='https:\/\/semmelweis.hu\/reziliencia-akademia\/wp-content\/themes\/se18\/dist\/images\/svg\/bg-image.svg' \/>\n                    <\/div>\n                    <div class=\"card-body  col flex-column  col-md-12 p-0\">\n                        <div class=\"line-clamp-box p-3\">\n                            <h5 class=\"ml-0 ml-sm-1 mt-2 align-items-center\"  >Stresszelm\u00e9let<\/h5>\n                        <\/div>\n                        \n                    <\/div>\n                <\/div>\n\n            <\/div>\n        <\/a>\n    <\/div>    <div class =\"col  mb-2 card-wrapper\">\n        <a class=\"d-flex flex-fill card-link-warapper m-md-1\" href=\"https:\/\/semmelweis.hu\/reziliencia-akademia\/stresszkezeles\/gondolatolvasas\/\">\n            <div class=\"card border border-secondary se-border flex-fill\">\n                <div class=\"row no-gutters mx-0 d-flex flex-nowrap flex-md-wrap align-items-center\">\n                    <div class =\"  col-5 col-md-12  d-none  d-md-none d-md-none  bg-image  card-image justify-content-center\">\n                        <img class='wp-post-image img-fluid landscape' src='https:\/\/semmelweis.hu\/reziliencia-akademia\/wp-content\/themes\/se18\/dist\/images\/svg\/bg-image.svg' \/>\n                    <\/div>\n                    <div class=\"card-body  col flex-column  col-md-12 p-0\">\n                        <div class=\"line-clamp-box p-3\">\n                            <h5 class=\"ml-0 ml-sm-1 mt-2 align-items-center\"  >Gondolatolvas\u00e1s<\/h5>\n                        <\/div>\n                        \n                    <\/div>\n                <\/div>\n\n            <\/div>\n        <\/a>\n    <\/div>    <div class =\"col  mb-2 card-wrapper\">\n        <a class=\"d-flex flex-fill card-link-warapper m-md-1\" href=\"https:\/\/semmelweis.hu\/reziliencia-akademia\/stresszkezeles\/relaxacio\/\">\n            <div class=\"card border border-secondary se-border flex-fill\">\n                <div class=\"row no-gutters mx-0 d-flex flex-nowrap flex-md-wrap align-items-center\">\n                    <div class =\"  col-5 col-md-12  d-none  d-md-none d-md-none  bg-image  card-image justify-content-center\">\n                        <img class='wp-post-image img-fluid landscape' src='https:\/\/semmelweis.hu\/reziliencia-akademia\/wp-content\/themes\/se18\/dist\/images\/svg\/bg-image.svg' \/>\n                    <\/div>\n                    <div class=\"card-body  col flex-column  col-md-12 p-0\">\n                        <div class=\"line-clamp-box p-3\">\n                            <h5 class=\"ml-0 ml-sm-1 mt-2 align-items-center\"  >Relax\u00e1ci\u00f3s technik\u00e1k<\/h5>\n                        <\/div>\n                        \n                    <\/div>\n                <\/div>\n\n            <\/div>\n        <\/a>\n    <\/div>    <div class =\"col  mb-2 card-wrapper\">\n        <a class=\"d-flex flex-fill card-link-warapper m-md-1\" href=\"https:\/\/semmelweis.hu\/reziliencia-akademia\/stresszkezeles\/rugalmas-gondolkodas\/\">\n            <div class=\"card border border-secondary se-border flex-fill\">\n                <div class=\"row no-gutters mx-0 d-flex flex-nowrap flex-md-wrap align-items-center\">\n                    <div class =\"  col-5 col-md-12  d-none  d-md-none d-md-none  bg-image  card-image justify-content-center\">\n                        <img class='wp-post-image img-fluid landscape' src='https:\/\/semmelweis.hu\/reziliencia-akademia\/wp-content\/themes\/se18\/dist\/images\/svg\/bg-image.svg' \/>\n                    <\/div>\n                    <div class=\"card-body  col flex-column  col-md-12 p-0\">\n                        <div class=\"line-clamp-box p-3\">\n                            <h5 class=\"ml-0 ml-sm-1 mt-2 align-items-center\"  >Rugalmas gondolkod\u00e1s<\/h5>\n                        <\/div>\n                        \n                    <\/div>\n                <\/div>\n\n            <\/div>\n        <\/a>\n    <\/div>    <div class =\"col  mb-2 card-wrapper\">\n        <a class=\"d-flex flex-fill card-link-warapper m-md-1\" href=\"https:\/\/semmelweis.hu\/reziliencia-akademia\/stresszkezeles\/idogazdalkodas\/\">\n            <div class=\"card border border-secondary se-border flex-fill\">\n                <div class=\"row no-gutters mx-0 d-flex flex-nowrap flex-md-wrap align-items-center\">\n                    <div class =\"  col-5 col-md-12  d-none  d-md-none d-md-none  bg-image  card-image justify-content-center\">\n                        <img class='wp-post-image img-fluid landscape' src='https:\/\/semmelweis.hu\/reziliencia-akademia\/wp-content\/themes\/se18\/dist\/images\/svg\/bg-image.svg' \/>\n                    <\/div>\n                    <div class=\"card-body  col flex-column  col-md-12 p-0\">\n                        <div class=\"line-clamp-box p-3\">\n                            <h5 class=\"ml-0 ml-sm-1 mt-2 align-items-center\"  >Id\u0151gazd\u00e1lkod\u00e1s<\/h5>\n                        <\/div>\n                        \n                    <\/div>\n                <\/div>\n\n            <\/div>\n        <\/a>\n    <\/div>        <\/div>\n    <\/section>\n<div class=\"keretes w-100\" style=\"border: 0px solid !important; background-color: #ffe79f !important;\">\n<h5><span style=\"font-size: 14pt;\">A <a href=\"https:\/\/semmelweis.hu\/reziliencia-akademia\/\">Reziliencia Akad\u00e9mia<\/a> programj\u00e1t a <\/span><span style=\"font-size: 14pt;\"><a href=\"https:\/\/www.merckgroup.com\/en\" target=\"_blank\" rel=\"noopener\"><img loading=\"lazy\" decoding=\"async\" class=\"alignnone wp-image-497 \" src=\"https:\/\/semmelweis.hu\/reziliencia-akademia\/files\/2025\/09\/MERCK_LOGO_Rich_RGB.png\" alt=\"\" width=\"117\" height=\"20\" \/><\/a><\/span><span style=\"font-size: 14pt;\">t\u00e1mogatja. <\/span><span style=\"font-size: 14pt;\">A weboldal tartalm\u00e1t a Semmelweis Egyetem <a href=\"https:\/\/semmelweis.hu\/magtud\/\" target=\"_blank\" rel=\"noopener\">Magatart\u00e1studom\u00e1nyi Int\u00e9zete<\/a> k\u00e9sz\u00edtette.\u00a0<\/span><\/h5>\n<\/div>\n\n","protected":false},"excerpt":{"rendered":"<p>Mi az a relax\u00e1ci\u00f3? \ud83e\uddd8Relax\u00e1ci\u00f3nak (ellaz\u00edt\u00e1st jelent sz\u00f3 szerint) azt a gyakorlatsort nevezz\u00fck, mely sor\u00e1n az az izmok tervszer\u0171 sorrendben t\u00f6rt\u00e9nt ellaz\u00edt\u00e1s\u00e1val a l\u00e9gz\u00e9s\u00fcnk szab\u00e1lyz\u00e1s\u00e1val lecs\u00f6kkentj\u00fck idegrendszer\u00fcnk fesz\u00fclts\u00e9gszintj\u00e9t. Mondt\u00e1k m\u00e1r neked, amikor ideges volt\u00e1l, hogy \u201eLaz\u00edts!\u201d? Mennyire siker\u00fclt? \u00c9ppen ez\u00e9rt a \u201eprogressz\u00edv relax\u00e1ci\u00f3\u201d sor\u00e1n el\u0151sz\u00f6r fesz\u00edt\u00fcnk, ut\u00e1na laz\u00edtunk\u2026 Ezt az alapelvet sok keleti mozg\u00e1sforma tartalmazza &hellip;<\/p>\n","protected":false},"author":110,"featured_media":0,"parent":293,"menu_order":2,"comment_status":"closed","ping_status":"closed","template":"template-fullwidth.php","meta":{"_acf_changed":false,"footnotes":""},"categories":[],"tags":[],"class_list":["post-25","page","type-page","status-publish","hentry"],"acf":[],"_links":{"self":[{"href":"https:\/\/semmelweis.hu\/reziliencia-akademia\/wp-json\/wp\/v2\/pages\/25","targetHints":{"allow":["GET"]}}],"collection":[{"href":"https:\/\/semmelweis.hu\/reziliencia-akademia\/wp-json\/wp\/v2\/pages"}],"about":[{"href":"https:\/\/semmelweis.hu\/reziliencia-akademia\/wp-json\/wp\/v2\/types\/page"}],"author":[{"embeddable":true,"href":"https:\/\/semmelweis.hu\/reziliencia-akademia\/wp-json\/wp\/v2\/users\/110"}],"replies":[{"embeddable":true,"href":"https:\/\/semmelweis.hu\/reziliencia-akademia\/wp-json\/wp\/v2\/comments?post=25"}],"version-history":[{"count":10,"href":"https:\/\/semmelweis.hu\/reziliencia-akademia\/wp-json\/wp\/v2\/pages\/25\/revisions"}],"predecessor-version":[{"id":708,"href":"https:\/\/semmelweis.hu\/reziliencia-akademia\/wp-json\/wp\/v2\/pages\/25\/revisions\/708"}],"up":[{"embeddable":true,"href":"https:\/\/semmelweis.hu\/reziliencia-akademia\/wp-json\/wp\/v2\/pages\/293"}],"wp:attachment":[{"href":"https:\/\/semmelweis.hu\/reziliencia-akademia\/wp-json\/wp\/v2\/media?parent=25"}],"wp:term":[{"taxonomy":"category","embeddable":true,"href":"https:\/\/semmelweis.hu\/reziliencia-akademia\/wp-json\/wp\/v2\/categories?post=25"},{"taxonomy":"post_tag","embeddable":true,"href":"https:\/\/semmelweis.hu\/reziliencia-akademia\/wp-json\/wp\/v2\/tags?post=25"}],"curies":[{"name":"wp","href":"https:\/\/api.w.org\/{rel}","templated":true}]}}