{"id":23,"date":"2025-07-31T14:28:28","date_gmt":"2025-07-31T12:28:28","guid":{"rendered":"https:\/\/semmelweis.hu\/reziliencia-akademia\/?page_id=23"},"modified":"2025-10-08T14:29:18","modified_gmt":"2025-10-08T12:29:18","slug":"stresszelmelet","status":"publish","type":"page","link":"https:\/\/semmelweis.hu\/reziliencia-akademia\/stresszkezeles\/stresszelmelet\/","title":{"rendered":"Stresszelm\u00e9let"},"content":{"rendered":"<h1 style=\"text-align: center\">A stressz tulajdonk\u00e9ppen fesz\u00fclts\u00e9get jelent<\/h1>\n<h6 style=\"text-align: center\">Megk\u00fcl\u00f6nb\u00f6ztet\u00fcnk <strong>pozit\u00edv stressz<\/strong>t \u00e9s <strong>negat\u00edv stressz<\/strong>t (ez angolul <strong>distress<\/strong>)<\/h6>\n<div class=\"keretes\" style=\"float: left !important;border: 2px solid #e3d496 !important;background-color: #ffff !important\">\n<h6 style=\"text-align: center\"><strong>Pozit\u00edv stressz\u00a0<\/strong><span style=\"font-size: 24pt\">\ud83d\ude0a<\/span><\/h6>\n<p>A <strong>pozit\u00edv stressz<\/strong>hez a pozit\u00edv izgalmak tartoznak, amiket keres\u00fcnk, ami feldob minket, \u00e9s <strong>ami jav\u00edtja az \u00e9letmin\u0151s\u00e9g\u00fcnket<\/strong><\/p>\n<ul style=\"list-style-type: square\">\n<li>izgalmas kih\u00edv\u00e1sok<\/li>\n<li>izgalmas filmek<\/li>\n<li>izgalmas szabadid\u0151 tev\u00e9kenys\u00e9gek<\/li>\n<li>izgalmas stb<\/li>\n<\/ul>\n<p>Hogy kinek mi tartozik az \u201eizgalmas\u201d kateg\u00f3ri\u00e1ba, az szem\u00e9lyenk\u00e9nt v\u00e1ltoz\u00f3, <strong>ami az egyik embernek izgalmas, a m\u00e1siknak r\u00e9miszt\u0151 lehet<\/strong>.<\/p>\n<\/div>\n<div class=\"keretes\" style=\"border: 2px solid #e3d496 !important;background-color: #ffff !important\">\n<h6 style=\"text-align: center\"><strong>Negat\u00edv stressz\u00a0<\/strong><span style=\"font-size: 24pt\">\ud83d\ude31<\/span><\/h6>\n<p>A <strong>negat\u00edv stressz<\/strong>t kord\u00e1ban kell tartani, hogy az \u00e9letmin\u0151s\u00e9g\u00fcnk \u00e9s az eg\u00e9szs\u00e9g\u00fcnk jobb legyen.<\/p>\n<p><img loading=\"lazy\" decoding=\"async\" class=\"aligncenter  wp-image-264\" src=\"https:\/\/semmelweis.hu\/reziliencia-akademia\/files\/2025\/09\/Stresszelmelet-negativ-stressz-kek-400x265.png\" alt=\"\" width=\"227\" height=\"150\" srcset=\"https:\/\/semmelweis.hu\/reziliencia-akademia\/files\/2025\/09\/Stresszelmelet-negativ-stressz-kek-400x265.png 400w, https:\/\/semmelweis.hu\/reziliencia-akademia\/files\/2025\/09\/Stresszelmelet-negativ-stressz-kek-203x135.png 203w, https:\/\/semmelweis.hu\/reziliencia-akademia\/files\/2025\/09\/Stresszelmelet-negativ-stressz-kek.png 668w\" sizes=\"auto, (max-width: 227px) 100vw, 227px\" \/><\/p>\n<p>A stressz \u00e9rz\u00e9s\u00e9hez ugyanis egy \u0151si testi v\u00e1lasz tartozik: <strong>a szervezet menek\u00fcl\u00e9sre vagy harca k\u00e9sz\u00edti fel a szervezetet<\/strong> \u2013 mindkett\u0151 neh\u00e9z fizikai munka.<\/p>\n<\/div>\n<hr style=\"background-color: white;height: 1px;border: 0\" \/>\n<h6><strong><img loading=\"lazy\" decoding=\"async\" class=\"piktogram alignright wp-image-265\" src=\"https:\/\/semmelweis.hu\/reziliencia-akademia\/files\/2025\/09\/Stresszelmelet-negativ-stressz-2-kek-375x400.png\" alt=\"\" width=\"146\" height=\"156\" srcset=\"https:\/\/semmelweis.hu\/reziliencia-akademia\/files\/2025\/09\/Stresszelmelet-negativ-stressz-2-kek-375x400.png 375w, https:\/\/semmelweis.hu\/reziliencia-akademia\/files\/2025\/09\/Stresszelmelet-negativ-stressz-2-kek.png 622w\" sizes=\"auto, (max-width: 146px) 100vw, 146px\" \/>A test a stressz hat\u00e1s\u00e1ra felp\u00f6r\u00f6g<\/strong>, az izmok felk\u00e9sz\u00fclnek, a sz\u00edv gyorsabban kezd verni, t\u00f6bb v\u00e9rt pump\u00e1l az agyba \u00e9s izmokba, a v\u00e9rnyom\u00e1s n\u0151, a v\u00e9rcukorszint \u00e9s a v\u00e9rzs\u00edrszint szint\u00e9n,<strong> hogy a fizikai munk\u00e1hoz \u00fczemanyagot biztos\u00edtsanak.<\/strong><\/h6>\n<p><img loading=\"lazy\" decoding=\"async\" class=\"piktogram alignleft wp-image-266\" style=\"color: #313b40;font-family: Montserrat, sans-serif\" src=\"https:\/\/semmelweis.hu\/reziliencia-akademia\/files\/2025\/09\/Stresszelmelet-negativ-stressz-3-kek-309x400.png\" alt=\"\" width=\"145\" height=\"188\" srcset=\"https:\/\/semmelweis.hu\/reziliencia-akademia\/files\/2025\/09\/Stresszelmelet-negativ-stressz-3-kek-309x400.png 309w, https:\/\/semmelweis.hu\/reziliencia-akademia\/files\/2025\/09\/Stresszelmelet-negativ-stressz-3-kek.png 679w\" sizes=\"auto, (max-width: 145px) 100vw, 145px\" \/><\/p>\n<h5 style=\"text-align: center\"><span style=\"color: #ff6600\">Mindez j\u00f3 is lenne, ha a XXI. sz\u00e1zadi stresszhelyzeteket fut\u00e1ssal vagy harccal kellene megoldani.<\/span><\/h5>\n<h6>De ez nincs \u00edgy, ez\u00e9rt <strong>a stresszreakci\u00f3 feleslegesen p\u00f6r\u00f6g benn\u00fcnk<\/strong>: olyan, mintha piros l\u00e1mp\u00e1n\u00e1l maxim\u00e1lis g\u00e1zzal p\u00f6rgetn\u00e9nk a motort.\u00a0\u00c9s <strong>ez az, ami hossz\u00fa t\u00e1von k\u00e1ros\u00edtja szervezetet, \u00e9s ez\u00e9rt kell megtanulni kezelni a stresszt<\/strong>.<\/h6>\n<hr style=\"background-color: white;height: 1px;border: 0\" \/>\n<h1 style=\"text-align: center\">Hogyan reag\u00e1lunk a negat\u00edv stresszre?<\/h1>\n<h4 style=\"text-align: center\"><strong>A\u00a0 Cannon-f\u00e9le 3F (fight, fly, freeze)<\/strong><\/h4>\n<p><a href=\"https:\/\/semmelweis.hu\/reziliencia-akademia\/files\/2025\/09\/cannon-fele-3f-kek.png\"><img loading=\"lazy\" decoding=\"async\" class=\"aligncenter wp-image-269 \" src=\"https:\/\/semmelweis.hu\/reziliencia-akademia\/files\/2025\/09\/cannon-fele-3f-kek-1024x381.png\" alt=\"\" width=\"713\" height=\"265\" srcset=\"https:\/\/semmelweis.hu\/reziliencia-akademia\/files\/2025\/09\/cannon-fele-3f-kek-1024x381.png 1024w, https:\/\/semmelweis.hu\/reziliencia-akademia\/files\/2025\/09\/cannon-fele-3f-kek-400x149.png 400w, https:\/\/semmelweis.hu\/reziliencia-akademia\/files\/2025\/09\/cannon-fele-3f-kek-768x286.png 768w, https:\/\/semmelweis.hu\/reziliencia-akademia\/files\/2025\/09\/cannon-fele-3f-kek-753x280.png 753w, https:\/\/semmelweis.hu\/reziliencia-akademia\/files\/2025\/09\/cannon-fele-3f-kek.png 1227w\" sizes=\"auto, (max-width: 713px) 100vw, 713px\" \/><\/a><\/p>\n<h5 style=\"text-align: center\">legal\u00e1bbis <span style=\"color: #339966\">term\u00e9szeti<\/span> k\u00f6rnyezetben ezeket a reakci\u00f3kat lehet l\u00e1tni<\/h5>\n<div>\n<div class=\"fontos_div\">\n<p><span style=\"color: #ff6600\"><strong>A mi vil\u00e1gunkban mindez egy kicsit m\u00e1sk\u00e9pp n\u00e9z ki, \u00e9s kicsit bonyolultabb. Fontos jelek:<\/strong><\/span><\/p>\n<\/div>\n<\/div>\n<p><a href=\"https:\/\/semmelweis.hu\/reziliencia-akademia\/files\/2025\/09\/stresszelmelet-jelek-kek.png\"><img loading=\"lazy\" decoding=\"async\" class=\"aligncenter size-large wp-image-279\" src=\"https:\/\/semmelweis.hu\/reziliencia-akademia\/files\/2025\/09\/stresszelmelet-jelek-kek-1024x551.png\" alt=\"\" width=\"753\" height=\"405\" srcset=\"https:\/\/semmelweis.hu\/reziliencia-akademia\/files\/2025\/09\/stresszelmelet-jelek-kek-1024x551.png 1024w, https:\/\/semmelweis.hu\/reziliencia-akademia\/files\/2025\/09\/stresszelmelet-jelek-kek-400x215.png 400w, https:\/\/semmelweis.hu\/reziliencia-akademia\/files\/2025\/09\/stresszelmelet-jelek-kek-768x413.png 768w, https:\/\/semmelweis.hu\/reziliencia-akademia\/files\/2025\/09\/stresszelmelet-jelek-kek-753x405.png 753w, https:\/\/semmelweis.hu\/reziliencia-akademia\/files\/2025\/09\/stresszelmelet-jelek-kek.png 1501w\" sizes=\"auto, (max-width: 753px) 100vw, 753px\" \/><\/a><\/p>\n<h1 style=\"text-align: center\">Stresszkezel\u00e9s<\/h1>\n<div class=\"keretes\" style=\"float: left !important;border: 2px solid #e3d496 !important;background-color: #ffff !important\">\n<h4><strong>K\u00e1ros stresszkezel\u0151 m\u00f3dszerek \ud83d\udc7f<\/strong><\/h4>\n<ul style=\"list-style-type: square\">\n<li>lefagy\u00e1s, nem csin\u00e1lni semmit<\/li>\n<li>a probl\u00e9m\u00e1k tagad\u00e1sa (struccpolitika)<\/li>\n<li>t\u00falzott, indokolatlan elker\u00fcl\u00e9s<\/li>\n<li>ev\u00e9sbe iv\u00e1sba menek\u00fcl\u00e9s<\/li>\n<li>a fesz\u00fclts\u00e9g m\u00e1sokon val\u00f3 levezet\u00e9se<\/li>\n<li>szerhaszn\u00e1lat<\/li>\n<\/ul>\n<\/div>\n<div class=\"keretes\" style=\"float: left !important;border: 2px solid #e3d496 !important;background-color: #ffff !important\">\n<h4><strong>Hasznos stresszkezel\u0151 m\u00f3dszerek \ud83d\ude07<\/strong><\/h4>\n<ul style=\"list-style-type: square\">\n<li>Eg\u00e9szs\u00e9ges \u00e9letm\u00f3d (IGEN!!!)<\/li>\n<li>Rendszeres mozg\u00e1s<\/li>\n<li>Rugalmas gondolkod\u00e1s<\/li>\n<li>A gondolatolvas\u00e1s ker\u00fcl\u00e9se<\/li>\n<li>Relax\u00e1ci\u00f3s m\u00f3dszerek<\/li>\n<li>Agresszi\u00f3 kezel\u00e9s<\/li>\n<li>Konfliktuskezel\u00e9s<\/li>\n<li>Asszertivit\u00e1s<\/li>\n<li>Felt\u00f6lt\u0151d\u00e9s, akt\u00edv pihen\u00e9s<\/li>\n<li>A probl\u00e9m\u00e1k m\u00e1sokkal val\u00f3 megoszt\u00e1sa<\/li>\n<li>Seg\u00edts\u00e9gk\u00e9r\u00e9s<\/li>\n<li>F\u00f6ldel\u00e9si technik\u00e1k<\/li>\n<li>Id\u0151gazd\u00e1lkod\u00e1s<\/li>\n<li>Megfelel\u0151 mennyis\u00e9g\u0171 alv\u00e1s<\/li>\n<li>Halogat\u00e1s ker\u00fcl\u00e9se<\/li>\n<li>\u00d6nmotiv\u00e1l\u00e1s<\/li>\n<\/ul>\n<\/div>\n<p>&nbsp;<\/p>\n<p>&nbsp;<\/p>\n<div class=\"keretes w-100\">\n<p>Az oldal tartalma coping cardk\u00e9nt is let\u00f6lthet\u0151 <a href=\"https:\/\/semmelweis.hu\/reziliencia-akademia\/files\/2025\/10\/stresszelmelet_web.pdf\" target=\"_blank\" rel=\"noopener\">pdf form\u00e1tumban<\/a>.<\/p>\n<\/div>\n<style>\n           #page-grid .card-body > .line-clamp-box.excerpt{\n        width: inherit;\n        max-width: inherit;\n        display:flex;\n        min-height: 2.4em;\n        flex-direction: column;\n        justify-content: space-around;\n        background-color: #D6E4EA;\n        min-height: 3.4rem;\n        font-family: \"Montserrat\", sans-serif;\n    }\n\n    #page-grid a:hover .card-body > .line-clamp-box.excerpt {\n        background-color: #fff;\n        color: #313B40;\n    }\n\n    #page-grid .card-body .line-clamp-box.excerpt section{\n        max-width: inherit;\n        display: -webkit-box;\n        -webkit-line-clamp: 2;\n        -webkit-box-orient: vertical;\n        overflow: hidden;\n        text-overflow: ellipsis;\n        hyphens: auto;\n        margin: auto;\n        \n    }\n    .line-clamp-box.excerpt section, .line-clamp-box.excerpt section p{\n        font-size:0.8em;\n    }\n    \n<\/style>\n    <section id=\"page-grid\">\n        <section class=\"d-block d-md-flex title-row my-3 ml-0 ml-md-1\">\n<div class=\"section-title  mb-1 \">\n<h2>\n    A k\u00e9pz\u00e9s elemei\n<\/h2>\n<\/div>\n<\/section>\n        <div class=\"row row-cols-1 row-cols-md-2 row-cols-lg-3 no-gutters mx-0 \">    <div class =\"col  mb-2 card-wrapper\">\n        <a class=\"d-flex flex-fill card-link-warapper m-md-1\" href=\"https:\/\/semmelweis.hu\/reziliencia-akademia\/stresszkezeles\/stresszelmelet\/\">\n            <div class=\"card border border-secondary se-border flex-fill\">\n                <div class=\"row no-gutters mx-0 d-flex flex-nowrap flex-md-wrap align-items-center\">\n                    <div class =\"  col-5 col-md-12  d-none  d-md-none d-md-none  bg-image  card-image justify-content-center\">\n                        <img class='wp-post-image img-fluid landscape' src='https:\/\/semmelweis.hu\/reziliencia-akademia\/wp-content\/themes\/se18\/dist\/images\/svg\/bg-image.svg' \/>\n                    <\/div>\n                    <div class=\"card-body  col flex-column  col-md-12 p-0\">\n                        <div class=\"line-clamp-box p-3\">\n                            <h5 class=\"ml-0 ml-sm-1 mt-2 align-items-center\"  >Stresszelm\u00e9let<\/h5>\n                        <\/div>\n                        \n                    <\/div>\n                <\/div>\n\n            <\/div>\n        <\/a>\n    <\/div>    <div class =\"col  mb-2 card-wrapper\">\n        <a class=\"d-flex flex-fill card-link-warapper m-md-1\" href=\"https:\/\/semmelweis.hu\/reziliencia-akademia\/stresszkezeles\/gondolatolvasas\/\">\n            <div class=\"card border border-secondary se-border flex-fill\">\n                <div class=\"row no-gutters mx-0 d-flex flex-nowrap flex-md-wrap align-items-center\">\n                    <div class =\"  col-5 col-md-12  d-none  d-md-none d-md-none  bg-image  card-image justify-content-center\">\n                        <img class='wp-post-image img-fluid landscape' src='https:\/\/semmelweis.hu\/reziliencia-akademia\/wp-content\/themes\/se18\/dist\/images\/svg\/bg-image.svg' \/>\n                    <\/div>\n                    <div class=\"card-body  col flex-column  col-md-12 p-0\">\n                        <div class=\"line-clamp-box p-3\">\n                            <h5 class=\"ml-0 ml-sm-1 mt-2 align-items-center\"  >Gondolatolvas\u00e1s<\/h5>\n                        <\/div>\n                        \n                    <\/div>\n                <\/div>\n\n            <\/div>\n        <\/a>\n    <\/div>    <div class =\"col  mb-2 card-wrapper\">\n        <a class=\"d-flex flex-fill card-link-warapper m-md-1\" href=\"https:\/\/semmelweis.hu\/reziliencia-akademia\/stresszkezeles\/relaxacio\/\">\n            <div class=\"card border border-secondary se-border flex-fill\">\n                <div class=\"row no-gutters mx-0 d-flex flex-nowrap flex-md-wrap align-items-center\">\n                    <div class =\"  col-5 col-md-12  d-none  d-md-none d-md-none  bg-image  card-image justify-content-center\">\n                        <img class='wp-post-image img-fluid landscape' src='https:\/\/semmelweis.hu\/reziliencia-akademia\/wp-content\/themes\/se18\/dist\/images\/svg\/bg-image.svg' \/>\n                    <\/div>\n                    <div class=\"card-body  col flex-column  col-md-12 p-0\">\n                        <div class=\"line-clamp-box p-3\">\n                            <h5 class=\"ml-0 ml-sm-1 mt-2 align-items-center\"  >Relax\u00e1ci\u00f3s technik\u00e1k<\/h5>\n                        <\/div>\n                        \n                    <\/div>\n                <\/div>\n\n            <\/div>\n        <\/a>\n    <\/div>    <div class =\"col  mb-2 card-wrapper\">\n        <a class=\"d-flex flex-fill card-link-warapper m-md-1\" href=\"https:\/\/semmelweis.hu\/reziliencia-akademia\/stresszkezeles\/rugalmas-gondolkodas\/\">\n            <div class=\"card border border-secondary se-border flex-fill\">\n                <div class=\"row no-gutters mx-0 d-flex flex-nowrap flex-md-wrap align-items-center\">\n                    <div class =\"  col-5 col-md-12  d-none  d-md-none d-md-none  bg-image  card-image justify-content-center\">\n                        <img class='wp-post-image img-fluid landscape' src='https:\/\/semmelweis.hu\/reziliencia-akademia\/wp-content\/themes\/se18\/dist\/images\/svg\/bg-image.svg' \/>\n                    <\/div>\n                    <div class=\"card-body  col flex-column  col-md-12 p-0\">\n                        <div class=\"line-clamp-box p-3\">\n                            <h5 class=\"ml-0 ml-sm-1 mt-2 align-items-center\"  >Rugalmas gondolkod\u00e1s<\/h5>\n                        <\/div>\n                        \n                    <\/div>\n                <\/div>\n\n            <\/div>\n        <\/a>\n    <\/div>    <div class =\"col  mb-2 card-wrapper\">\n        <a class=\"d-flex flex-fill card-link-warapper m-md-1\" href=\"https:\/\/semmelweis.hu\/reziliencia-akademia\/stresszkezeles\/idogazdalkodas\/\">\n            <div class=\"card border border-secondary se-border flex-fill\">\n                <div class=\"row no-gutters mx-0 d-flex flex-nowrap flex-md-wrap align-items-center\">\n                    <div class =\"  col-5 col-md-12  d-none  d-md-none d-md-none  bg-image  card-image justify-content-center\">\n                        <img class='wp-post-image img-fluid landscape' src='https:\/\/semmelweis.hu\/reziliencia-akademia\/wp-content\/themes\/se18\/dist\/images\/svg\/bg-image.svg' \/>\n                    <\/div>\n                    <div class=\"card-body  col flex-column  col-md-12 p-0\">\n                        <div class=\"line-clamp-box p-3\">\n                            <h5 class=\"ml-0 ml-sm-1 mt-2 align-items-center\"  >Id\u0151gazd\u00e1lkod\u00e1s<\/h5>\n                        <\/div>\n                        \n                    <\/div>\n                <\/div>\n\n            <\/div>\n        <\/a>\n    <\/div>        <\/div>\n    <\/section>\n<div class=\"keretes w-100\" style=\"border: 0px solid !important; background-color: #ffe79f !important;\">\n<h5><span style=\"font-size: 14pt;\">A <a href=\"https:\/\/semmelweis.hu\/reziliencia-akademia\/\">Reziliencia Akad\u00e9mia<\/a> programj\u00e1t a <\/span><span style=\"font-size: 14pt;\"><a href=\"https:\/\/www.merckgroup.com\/en\" target=\"_blank\" rel=\"noopener\"><img loading=\"lazy\" decoding=\"async\" class=\"alignnone wp-image-497 \" src=\"https:\/\/semmelweis.hu\/reziliencia-akademia\/files\/2025\/09\/MERCK_LOGO_Rich_RGB.png\" alt=\"\" width=\"117\" height=\"20\" \/><\/a><\/span><span style=\"font-size: 14pt;\">t\u00e1mogatja. <\/span><span style=\"font-size: 14pt;\">A weboldal tartalm\u00e1t a Semmelweis Egyetem <a href=\"https:\/\/semmelweis.hu\/magtud\/\" target=\"_blank\" rel=\"noopener\">Magatart\u00e1studom\u00e1nyi Int\u00e9zete<\/a> k\u00e9sz\u00edtette.\u00a0<\/span><\/h5>\n<\/div>\n\n","protected":false},"excerpt":{"rendered":"<p>A stressz tulajdonk\u00e9ppen fesz\u00fclts\u00e9get jelent Megk\u00fcl\u00f6nb\u00f6ztet\u00fcnk pozit\u00edv stresszt \u00e9s negat\u00edv stresszt (ez angolul distress) Pozit\u00edv stressz\u00a0\ud83d\ude0a A pozit\u00edv stresszhez a pozit\u00edv izgalmak tartoznak, amiket keres\u00fcnk, ami feldob minket, \u00e9s ami jav\u00edtja az \u00e9letmin\u0151s\u00e9g\u00fcnket izgalmas kih\u00edv\u00e1sok izgalmas filmek izgalmas szabadid\u0151 tev\u00e9kenys\u00e9gek izgalmas stb Hogy kinek mi tartozik az \u201eizgalmas\u201d kateg\u00f3ri\u00e1ba, az szem\u00e9lyenk\u00e9nt v\u00e1ltoz\u00f3, ami az egyik &hellip;<\/p>\n","protected":false},"author":110,"featured_media":0,"parent":293,"menu_order":0,"comment_status":"closed","ping_status":"closed","template":"template-fullwidth.php","meta":{"_acf_changed":false,"footnotes":""},"categories":[],"tags":[],"class_list":["post-23","page","type-page","status-publish","hentry"],"acf":[],"_links":{"self":[{"href":"https:\/\/semmelweis.hu\/reziliencia-akademia\/wp-json\/wp\/v2\/pages\/23","targetHints":{"allow":["GET"]}}],"collection":[{"href":"https:\/\/semmelweis.hu\/reziliencia-akademia\/wp-json\/wp\/v2\/pages"}],"about":[{"href":"https:\/\/semmelweis.hu\/reziliencia-akademia\/wp-json\/wp\/v2\/types\/page"}],"author":[{"embeddable":true,"href":"https:\/\/semmelweis.hu\/reziliencia-akademia\/wp-json\/wp\/v2\/users\/110"}],"replies":[{"embeddable":true,"href":"https:\/\/semmelweis.hu\/reziliencia-akademia\/wp-json\/wp\/v2\/comments?post=23"}],"version-history":[{"count":10,"href":"https:\/\/semmelweis.hu\/reziliencia-akademia\/wp-json\/wp\/v2\/pages\/23\/revisions"}],"predecessor-version":[{"id":667,"href":"https:\/\/semmelweis.hu\/reziliencia-akademia\/wp-json\/wp\/v2\/pages\/23\/revisions\/667"}],"up":[{"embeddable":true,"href":"https:\/\/semmelweis.hu\/reziliencia-akademia\/wp-json\/wp\/v2\/pages\/293"}],"wp:attachment":[{"href":"https:\/\/semmelweis.hu\/reziliencia-akademia\/wp-json\/wp\/v2\/media?parent=23"}],"wp:term":[{"taxonomy":"category","embeddable":true,"href":"https:\/\/semmelweis.hu\/reziliencia-akademia\/wp-json\/wp\/v2\/categories?post=23"},{"taxonomy":"post_tag","embeddable":true,"href":"https:\/\/semmelweis.hu\/reziliencia-akademia\/wp-json\/wp\/v2\/tags?post=23"}],"curies":[{"name":"wp","href":"https:\/\/api.w.org\/{rel}","templated":true}]}}