{"id":946,"date":"2026-01-05T13:26:51","date_gmt":"2026-01-05T12:26:51","guid":{"rendered":"https:\/\/semmelweis.hu\/reumatologia\/?page_id=946"},"modified":"2026-01-05T13:26:51","modified_gmt":"2026-01-05T12:26:51","slug":"neak-es-a-szervezeti-egysegek-azonositoi","status":"publish","type":"page","link":"https:\/\/semmelweis.hu\/reumatologia\/betegellatas\/neak-es-a-szervezeti-egysegek-azonositoi\/","title":{"rendered":"NEAK \u00e9s a Szervezeti Egys\u00e9gek Azonos\u00edt\u00f3i"},"content":{"rendered":"\n<table id=\"tablepress-2\" class=\"tablepress tablepress-id-2\">\n<thead>\n<tr class=\"row-1\">\n\t<th class=\"column-1\">Szakrendel\u00e9s\/Oszt\u00e1ly megnevez\u00e9se<\/th><th class=\"column-2\">NEAK k\u00f3d<\/th><th class=\"column-3\">Szervezeti egys\u00e9g azonos\u00edt\u00f3ja<\/th>\n<\/tr>\n<\/thead>\n<tbody class=\"row-striping row-hover\">\n<tr class=\"row-2\">\n\t<td class=\"column-1\">EKG Szakrendel\u00e9s<\/td><td class=\"column-2\">01H72562M<\/td><td class=\"column-3\">000024479<\/td>\n<\/tr>\n<tr class=\"row-3\">\n\t<td class=\"column-1\">Belgy\u00f3gy\u00e1szati Szakrendel\u00e9s<\/td><td class=\"column-2\">01H72010M<\/td><td class=\"column-3\">000024478<\/td>\n<\/tr>\n<tr class=\"row-4\">\n\t<td class=\"column-1\">Immunol\u00f3giai Szakambulancia<\/td><td class=\"column-2\">01H72290M<\/td><td class=\"column-3\">000024535<\/td>\n<\/tr>\n<tr class=\"row-5\">\n\t<td class=\"column-1\">Ideggy\u00f3gy\u00e1szati Szakrendel\u00e9s<\/td><td class=\"column-2\">01H72090M<\/td><td class=\"column-3\">000024557<\/td>\n<\/tr>\n<tr class=\"row-6\">\n\t<td class=\"column-1\">IV.\/A sz. Reumatol\u00f3giai Szakambulancia<\/td><td class=\"column-2\">01H72147M<\/td><td class=\"column-3\">000024540<\/td>\n<\/tr>\n<tr class=\"row-7\">\n\t<td class=\"column-1\">V.\/A sz. Reumatol\u00f3giai Szakambulancia<\/td><td class=\"column-2\">01H72145M<\/td><td class=\"column-3\">000024542<\/td>\n<\/tr>\n<tr class=\"row-8\">\n\t<td class=\"column-1\">IV. sz. Reumatol\u00f3giai Szakambulancia<\/td><td class=\"column-2\">01H72143M<\/td><td class=\"column-3\">000024539<\/td>\n<\/tr>\n<tr class=\"row-9\">\n\t<td class=\"column-1\">III. sz. Reumatol\u00f3giai Szakambulancia<\/td><td class=\"column-2\">01H72142M<\/td><td class=\"column-3\">000024560<\/td>\n<\/tr>\n<tr class=\"row-10\">\n\t<td class=\"column-1\">V. sz. Reumatol\u00f3giai Szakambulancia<\/td><td class=\"column-2\">01H72144M<\/td><td class=\"column-3\">000024541<\/td>\n<\/tr>\n<tr class=\"row-11\">\n\t<td class=\"column-1\">I.\/A sz. Reumatol\u00f3giai Szakambulancia<\/td><td class=\"column-2\">01H72146M<\/td><td class=\"column-3\">000024559<\/td>\n<\/tr>\n<tr class=\"row-12\">\n\t<td class=\"column-1\">I. sz. Reumatol\u00f3giai Szakambulancia<\/td><td class=\"column-2\">01H72140M<\/td><td class=\"column-3\">000024558<\/td>\n<\/tr>\n<tr class=\"row-13\">\n\t<td class=\"column-1\">II. sz. Reumatol\u00f3giai Szakambulancia<\/td><td class=\"column-2\">01H72141M<\/td><td class=\"column-3\">000024538<\/td>\n<\/tr>\n<tr class=\"row-14\">\n\t<td class=\"column-1\">Oszteodenziometria<\/td><td class=\"column-2\">01H7256DM<\/td><td class=\"column-3\">000024492<\/td>\n<\/tr>\n<tr class=\"row-15\">\n\t<td class=\"column-1\">Oszteopor\u00f3zis Centrum<\/td><td class=\"column-2\">01H72380M<\/td><td class=\"column-3\">000024562<\/td>\n<\/tr>\n<tr class=\"row-16\">\n\t<td class=\"column-1\">III. sz. Reumatol\u00f3giai Rehabilit\u00e1ci\u00f3s szakamabulancia<\/td><td class=\"column-2\">01H7P223M<\/td><td class=\"column-3\">000024565<\/td>\n<\/tr>\n<tr class=\"row-17\">\n\t<td class=\"column-1\">I. sz. Reumatol\u00f3giai Rehabilit\u00e1ci\u00f3s szakambulancia<\/td><td class=\"column-2\">01H7P221M<\/td><td class=\"column-3\">000024544<\/td>\n<\/tr>\n<tr class=\"row-18\">\n\t<td class=\"column-1\">II. sz. Reumatol\u00f3giai Rehabilit\u00e1ci\u00f3s szakambulancia<\/td><td class=\"column-2\">01H7P222M<\/td><td class=\"column-3\">000024547<\/td>\n<\/tr>\n<tr class=\"row-19\">\n\t<td class=\"column-1\">Kardiol\u00f3giai Szakrendel\u00e9s<\/td><td class=\"column-2\">01H72400M<\/td><td class=\"column-3\">000024480<\/td>\n<\/tr>\n<tr class=\"row-20\">\n\t<td class=\"column-1\">Pszichi\u00e1triai szakrendel\u00e9s<\/td><td class=\"column-2\">01H72180M<\/td><td class=\"column-3\">000024543<\/td>\n<\/tr>\n<tr class=\"row-21\">\n\t<td class=\"column-1\">I. sz. Reumatol\u00f3giai Oszt\u00e1lya<\/td><td class=\"column-2\">01H71141M<\/td><td class=\"column-3\">000024509<\/td>\n<\/tr>\n<tr class=\"row-22\">\n\t<td class=\"column-1\">II. sz. Reumatol\u00f3giai Oszt\u00e1ly<\/td><td class=\"column-2\">01H71142M<\/td><td class=\"column-3\">000024501<\/td>\n<\/tr>\n<tr class=\"row-23\">\n\t<td class=\"column-1\">III. sz. Reumatol\u00f3giai Oszt\u00e1ly<\/td><td class=\"column-2\">01H71143M<\/td><td class=\"column-3\">000024511<\/td>\n<\/tr>\n<tr class=\"row-24\">\n\t<td class=\"column-1\">Intenz\u00edv Ter\u00e1pi\u00e1s Oszt\u00e1ly<\/td><td class=\"column-2\">01H71150M<\/td><td class=\"column-3\">000024502<\/td>\n<\/tr>\n<tr class=\"row-25\">\n\t<td class=\"column-1\">Klinikai Immunol\u00f3giai, Feln\u0151tt \u00e9s Gyermekreumatol\u00f3giai Oszt\u00e1ly<\/td><td class=\"column-2\">01H71290M<\/td><td class=\"column-3\">000024503<\/td>\n<\/tr>\n<tr class=\"row-26\">\n\t<td class=\"column-1\">I. sz. Reumatol\u00f3giai Rehabilit\u00e1ci\u00f3s Oszt\u00e1ly<\/td><td class=\"column-2\">01H7R221M<\/td><td class=\"column-3\">000024474<\/td>\n<\/tr>\n<tr class=\"row-27\">\n\t<td class=\"column-1\">II. sz. Reumatol\u00f3giai Rehabilit\u00e1ci\u00f3s Oszt\u00e1ly<\/td><td class=\"column-2\">01H7R222M<\/td><td class=\"column-3\">000024475<\/td>\n<\/tr>\n<tr class=\"row-28\">\n\t<td class=\"column-1\">III. sz. Reumatol\u00f3giai Rehabilit\u00e1ci\u00f3s Oszt\u00e1ly<\/td><td class=\"column-2\">01H7R223M<\/td><td class=\"column-3\">000024514<\/td>\n<\/tr>\n<\/tbody>\n<\/table>\n<!-- #tablepress-2 from cache -->\n","protected":false},"excerpt":{"rendered":"","protected":false},"author":102538,"featured_media":0,"parent":483,"menu_order":0,"comment_status":"closed","ping_status":"closed","template":"","meta":{"_acf_changed":false,"footnotes":""},"categories":[],"tags":[],"class_list":["post-946","page","type-page","status-publish","hentry"],"acf":[],"_links":{"self":[{"href":"https:\/\/semmelweis.hu\/reumatologia\/wp-json\/wp\/v2\/pages\/946","targetHints":{"allow":["GET"]}}],"collection":[{"href":"https:\/\/semmelweis.hu\/reumatologia\/wp-json\/wp\/v2\/pages"}],"about":[{"href":"https:\/\/semmelweis.hu\/reumatologia\/wp-json\/wp\/v2\/types\/page"}],"author":[{"embeddable":true,"href":"https:\/\/semmelweis.hu\/reumatologia\/wp-json\/wp\/v2\/users\/102538"}],"replies":[{"embeddable":true,"href":"https:\/\/semmelweis.hu\/reumatologia\/wp-json\/wp\/v2\/comments?post=946"}],"version-history":[{"count":1,"href":"https:\/\/semmelweis.hu\/reumatologia\/wp-json\/wp\/v2\/pages\/946\/revisions"}],"predecessor-version":[{"id":947,"href":"https:\/\/semmelweis.hu\/reumatologia\/wp-json\/wp\/v2\/pages\/946\/revisions\/947"}],"up":[{"embeddable":true,"href":"https:\/\/semmelweis.hu\/reumatologia\/wp-json\/wp\/v2\/pages\/483"}],"wp:attachment":[{"href":"https:\/\/semmelweis.hu\/reumatologia\/wp-json\/wp\/v2\/media?parent=946"}],"wp:term":[{"taxonomy":"category","embeddable":true,"href":"https:\/\/semmelweis.hu\/reumatologia\/wp-json\/wp\/v2\/categories?post=946"},{"taxonomy":"post_tag","embeddable":true,"href":"https:\/\/semmelweis.hu\/reumatologia\/wp-json\/wp\/v2\/tags?post=946"}],"curies":[{"name":"wp","href":"https:\/\/api.w.org\/{rel}","templated":true}]}}