{"id":888,"date":"2025-11-12T12:28:46","date_gmt":"2025-11-12T11:28:46","guid":{"rendered":"https:\/\/semmelweis.hu\/reumatologia\/?page_id=888"},"modified":"2025-11-12T12:28:46","modified_gmt":"2025-11-12T11:28:46","slug":"alapitvany","status":"publish","type":"page","link":"https:\/\/semmelweis.hu\/reumatologia\/alapitvany\/","title":{"rendered":"Alap\u00edtv\u00e1ny"},"content":{"rendered":"<p>Tisztelt Betegeink!\u00a0<\/p>\n<p>Ez\u00faton szeretn\u00e9nk t\u00e1j\u00e9koztatni \u00d6n\u00f6ket, hogy lehet\u0151s\u00e9g van a Semmelweis Egyetem Reumatol\u00f3giai \u00e9s Immunol\u00f3giai Klinika m\u0171k\u00f6d\u00e9s\u00e9t t\u00e1mogat\u00f3 Alap\u00edtv\u00e1ny sz\u00e1m\u00e1ra p\u00e9nzbeli adom\u00e1nyt befizetni.\u00a0<br \/>\nAz adom\u00e1nyokat a betegell\u00e1t\u00e1s k\u00f6r\u00fclm\u00e9nyeinek jav\u00edt\u00e1s\u00e1ra, eszk\u00f6zbeszerz\u00e9sre, valamint a gy\u00f3gy\u00edt\u00f3 munka t\u00e1mogat\u00e1s\u00e1ra ford\u00edtjuk. Minden hozz\u00e1j\u00e1rul\u00e1s, legyen az b\u00e1rmilyen \u00f6sszeg\u0171, nagy seg\u00edts\u00e9get jelent sz\u00e1munkra, \u00e9s k\u00f6zvetlen\u00fcl a betegek jav\u00e1t szolg\u00e1lja.\u00a0<\/p>\n<p>Befizet\u00e9s m\u00f3dja:\u00a0<br \/>\nAz Alap\u00edtv\u00e1ny banksz\u00e1mlasz\u00e1ma: 11702012-21459179<\/p>\n<p style=\"padding-left: 280px\">(IBAN: HU59117020122145917900000000)<\/p>\n<p style=\"padding-left: 280px\">Alap\u00edtv\u00e1ny az OMINT-\u00e9rt<\/p>\n<p>Amennyiben k\u00e9rd\u00e9se mer\u00fclne fel a t\u00e1mogat\u00e1ssal kapcsolatban, munkat\u00e1rsaink k\u00e9szs\u00e9ggel \u00e1llnak rendelkez\u00e9sre.\u00a0<br \/>\nH\u00e1l\u00e1san k\u00f6sz\u00f6nj\u00fck megtisztel\u0151 bizalm\u00e1t \u00e9s t\u00e1mogat\u00e1s\u00e1t!<\/p>\n<p>Tisztelettel,\u00a0 \u00a0 \u00a0 \u00a0 \u00a0 \u00a0 \u00a0 \u00a0 \u00a0 \u00a0 \u00a0 \u00a0 \u00a0 \u00a0 \u00a0 \u00a0 \u00a0 \u00a0 \u00a0 \u00a0 \u00a0<span style=\"font-size: 1rem\">\u00a0 \u00a0 \u00a0 \u00a0 \u00a0 \u00a0 \u00a0 \u00a0 \u00a0 \u00a0 \u00a0 \u00a0 \u00a0 \u00a0 \u00a0<\/span><span style=\"font-size: 1rem\">\u00a0 \u00a0 \u00a0 \u00a0 \u00a0 \u00a0 \u00a0 \u00a0 \u00a0 \u00a0 \u00a0 \u00a0 \u00a0 \u00a0 \u00a0 \u00a0 \u00a0 \u00a0 \u00a0 \u00a0 \u00a0 \u00a0 \u00a0 \u00a0 \u00a0 \u00a0 \u00a0 \u00a0 \u00a0 \u00a0 \u00a0 \u00a0 \u00a0 \u00a0 \u00a0 \u00a0 \u00a0 \u00a0 \u00a0 \u00a0 \u00a0 \u00a0 \u00a0 \u00a0 \u00a0 \u00a0 \u00a0 \u00a0 \u00a0 \u00a0 \u00a0 \u00a0 \u00a0 \u00a0 \u00a0 \u00a0 \u00a0 \u00a0 \u00a0 \u00a0 \u00a0 \u00a0 \u00a0 \u00a0 Prof. Dr. Nagy Gy\u00f6rgy<\/span><\/p>\n<p>\u00a0 \u00a0 \u00a0 \u00a0 \u00a0 \u00a0 \u00a0 \u00a0 \u00a0 \u00a0 \u00a0 \u00a0 \u00a0 \u00a0 \u00a0 \u00a0 \u00a0 \u00a0 \u00a0 \u00a0 \u00a0 \u00a0 \u00a0 \u00a0 \u00a0 \u00a0 \u00a0 \u00a0 \u00a0 \u00a0 \u00a0 \u00a0 <span style=\"font-size: 1rem\">\u00a0 \u00a0 \u00a0 \u00a0 \u00a0 \u00a0 \u00a0 \u00a0 \u00a0 \u00a0 \u00a0 \u00a0 \u00a0 \u00a0 \u00a0 \u00a0 \u00a0 \u00a0 \u00a0 \u00a0 \u00a0 \u00a0 \u00a0 \u00a0 \u00a0 \u00a0 \u00a0 \u00a0 \u00a0 \u00a0 \u00a0 \u00a0 \u00a0 \u00a0 \u00a0 \u00a0 \u00a0 \u00a0 \u00a0 \u00a0 \u00a0 \u00a0 \u00a0 \u00a0 \u00a0 \u00a0 \u00a0 \u00a0 \u00a0 \u00a0 \u00a0 \u00a0 \u00a0 \u00a0 \u00a0 \u00a0 \u00a0 \u00a0 \u00a0 \u00a0 \u00a0 \u00a0 \u00a0 \u00a0 \u00a0 \u00a0 \u00a0 \u00a0 \u00a0 \u00a0 \u00a0 \u00a0 \u00a0 \u00a0 \u00a0 \u00a0 \u00a0 \u00a0 \u00a0 \u00a0 \u00a0 \u00a0 igazgat\u00f3<\/span><\/p>\n","protected":false},"excerpt":{"rendered":"<p>Tisztelt Betegeink!\u00a0 Ez\u00faton szeretn\u00e9nk t\u00e1j\u00e9koztatni \u00d6n\u00f6ket, hogy lehet\u0151s\u00e9g van a Semmelweis Egyetem Reumatol\u00f3giai \u00e9s Immunol\u00f3giai Klinika m\u0171k\u00f6d\u00e9s\u00e9t t\u00e1mogat\u00f3 Alap\u00edtv\u00e1ny sz\u00e1m\u00e1ra p\u00e9nzbeli adom\u00e1nyt befizetni.\u00a0 Az adom\u00e1nyokat a betegell\u00e1t\u00e1s k\u00f6r\u00fclm\u00e9nyeinek jav\u00edt\u00e1s\u00e1ra, eszk\u00f6zbeszerz\u00e9sre, valamint a gy\u00f3gy\u00edt\u00f3 munka t\u00e1mogat\u00e1s\u00e1ra ford\u00edtjuk. Minden hozz\u00e1j\u00e1rul\u00e1s, legyen az b\u00e1rmilyen \u00f6sszeg\u0171, nagy seg\u00edts\u00e9get jelent sz\u00e1munkra, \u00e9s k\u00f6zvetlen\u00fcl a betegek jav\u00e1t szolg\u00e1lja.\u00a0 Befizet\u00e9s m\u00f3dja:\u00a0 Az &hellip;<\/p>\n","protected":false},"author":102538,"featured_media":0,"parent":0,"menu_order":0,"comment_status":"closed","ping_status":"closed","template":"","meta":{"_acf_changed":false,"footnotes":""},"categories":[],"tags":[],"class_list":["post-888","page","type-page","status-publish","hentry"],"acf":[],"_links":{"self":[{"href":"https:\/\/semmelweis.hu\/reumatologia\/wp-json\/wp\/v2\/pages\/888","targetHints":{"allow":["GET"]}}],"collection":[{"href":"https:\/\/semmelweis.hu\/reumatologia\/wp-json\/wp\/v2\/pages"}],"about":[{"href":"https:\/\/semmelweis.hu\/reumatologia\/wp-json\/wp\/v2\/types\/page"}],"author":[{"embeddable":true,"href":"https:\/\/semmelweis.hu\/reumatologia\/wp-json\/wp\/v2\/users\/102538"}],"replies":[{"embeddable":true,"href":"https:\/\/semmelweis.hu\/reumatologia\/wp-json\/wp\/v2\/comments?post=888"}],"version-history":[{"count":4,"href":"https:\/\/semmelweis.hu\/reumatologia\/wp-json\/wp\/v2\/pages\/888\/revisions"}],"predecessor-version":[{"id":893,"href":"https:\/\/semmelweis.hu\/reumatologia\/wp-json\/wp\/v2\/pages\/888\/revisions\/893"}],"wp:attachment":[{"href":"https:\/\/semmelweis.hu\/reumatologia\/wp-json\/wp\/v2\/media?parent=888"}],"wp:term":[{"taxonomy":"category","embeddable":true,"href":"https:\/\/semmelweis.hu\/reumatologia\/wp-json\/wp\/v2\/categories?post=888"},{"taxonomy":"post_tag","embeddable":true,"href":"https:\/\/semmelweis.hu\/reumatologia\/wp-json\/wp\/v2\/tags?post=888"}],"curies":[{"name":"wp","href":"https:\/\/api.w.org\/{rel}","templated":true}]}}