{"id":713,"date":"2025-09-17T12:17:23","date_gmt":"2025-09-17T10:17:23","guid":{"rendered":"https:\/\/semmelweis.hu\/reumatologia\/?page_id=713"},"modified":"2025-10-02T14:45:57","modified_gmt":"2025-10-02T12:45:57","slug":"campus-map","status":"publish","type":"page","link":"https:\/\/semmelweis.hu\/reumatologia\/betegellatas\/campus-map\/","title":{"rendered":"Campus Map"},"content":{"rendered":"<p><strong><img loading=\"lazy\" decoding=\"async\" class=\"wp-image-716 alignnone\" src=\"https:\/\/semmelweis.hu\/reumatologia\/files\/2025\/09\/RIK-epuletei-1-400x335.png\" alt=\"\" width=\"428\" height=\"358\" srcset=\"https:\/\/semmelweis.hu\/reumatologia\/files\/2025\/09\/RIK-epuletei-1-400x335.png 400w, https:\/\/semmelweis.hu\/reumatologia\/files\/2025\/09\/RIK-epuletei-1-768x644.png 768w, https:\/\/semmelweis.hu\/reumatologia\/files\/2025\/09\/RIK-epuletei-1-753x631.png 753w, https:\/\/semmelweis.hu\/reumatologia\/files\/2025\/09\/RIK-epuletei-1.png 940w\" sizes=\"auto, (max-width: 428px) 100vw, 428px\" \/><\/strong><\/p>\n<h3><strong>1.<\/strong><\/h3>\n<h3 style=\"margin: 0cm;margin-bottom: .0001pt\"><strong>Reumatol\u00f3giai \u00e9s Klinikai Immunol\u00f3giai Klinikai Igazgat\u00f3s\u00e1g<\/strong><\/h3>\n<p style=\"margin: 0cm;margin-bottom: .0001pt\">Semmelweis Egyetem, \u00c1ltal\u00e1nos Orvostudom\u00e1nyi Kar<\/p>\n<p style=\"margin: 0cm;margin-bottom: .0001pt\">C\u00edm:\u00a01023 Budapest, 1023 Budapest, Frankel Le\u00f3 \u00fat 25-29.<\/p>\n<p style=\"margin: 0cm;margin-bottom: .0001pt\">Tansz\u00e9kvezet\u0151:<\/p>\n<p style=\"margin: 0cm 0cm 12.0pt 0cm\">Prof. Dr. Nagy Gy\u00f6rgy az MTA doktora<\/p>\n<h3 style=\"margin: 6.0pt 0cm 12.0pt 0cm\"><strong>I. Reumatol\u00f3giai Rehabilit\u00e1ci\u00f3s Oszt\u00e1ly<\/strong><\/h3>\n<p style=\"margin: 6.0pt 0cm 12.0pt 0cm\">C\u00edm: 1023 Budapest, Frankel Le\u00f3 u. 25-29.<br \/>\nTel: +36 1 438-8321<br \/>\nOszt\u00e1lyvezet\u0151 f\u0151orvos:<br \/>\nDr. Nagy Helga PhD<\/p>\n<h3 style=\"margin: 6.0pt 0cm 12.0pt 0cm\"><strong>II. Reumatol\u00f3giai Rehabilit\u00e1ci\u00f3s Oszt\u00e1ly<\/strong><\/h3>\n<p style=\"margin: 6.0pt 0cm 12.0pt 0cm\">C\u00edm: 1023 Budapest, Frankel Le\u00f3 u. 25-29.<br \/>\nTel: +36 1 438-8367<br \/>\nOszt\u00e1lyvezet\u0151 f\u0151orvos:<br \/>\nDr. Mik\u00f3 Ibolya PhD<\/p>\n<h3><strong>2.<\/strong><\/h3>\n<h3><strong>I. Reumatol\u00f3giai Oszt\u00e1ly<\/strong><\/h3>\n<p>C\u00edm: 1023 Budapest, Frankel Le\u00f3 u. 38-40.<br \/>\nTel: +36 1 438-8314<br \/>\nOszt\u00e1lyvezet\u0151 f\u0151orvos:<br \/>\nProf. Dr. Po\u00f3r Gyula<\/p>\n<h3><strong>II. Reumatol\u00f3giai Oszt\u00e1ly<\/strong><\/h3>\n<p>C\u00edm: 1023 Budapest, Frankel Le\u00f3 u. 38-40.<br \/>\nTel: +36 1 438-8300\/1446<br \/>\nOszt\u00e1lyvezet\u0151 f\u0151orvos:<br \/>\nDr. Vereckei Edit PhD<\/p>\n<h3><strong>III. Reumatol\u00f3giai Oszt\u00e1ly<\/strong><\/h3>\n<p>C\u00edm: 1023 Budapest, Frankel Le\u00f3 u. 38-40.<br \/>\nTel: +36 1 438-8323<br \/>\nOszt\u00e1lyvezet\u0151 f\u0151orvos:<br \/>\nProf. Dr. B\u00e1lint P\u00e9ter<\/p>\n<h3><strong>Klinikai Immunol\u00f3giai, Feln\u0151tt- \u00e9s Gyermekreumatol\u00f3giai Oszt\u00e1ly<\/strong><\/h3>\n<p>C\u00edm: 1023 Budapest, Frankel Le\u00f3 u. 38-40.<br \/>\nTel: +36 1 438-8366<br \/>\nOszt\u00e1lyvezet\u0151 f\u0151orvos:<br \/>\nProf. Dr. Kiss Emese<\/p>\n<h3><strong>Intenz\u00edv Ter\u00e1pi\u00e1s Oszt\u00e1ly<\/strong><\/h3>\n<p>C\u00edm: 1023 Budapest, Frankel Le\u00f3 u. 38-40.<br \/>\nTel: +36 1 438-8310<br \/>\nOszt\u00e1lyvezet\u0151 f\u0151orvos:<br \/>\nDr. V\u00e9gh Judit PhD<\/p>\n<h3><strong>III. Reumatol\u00f3giai Rehabilit\u00e1ci\u00f3s Oszt\u00e1ly<\/strong><\/h3>\n<p>C\u00edm: 1023 Budapest, Frankel Le\u00f3 u. 38-40.<br \/>\nTel: +36 1 438-8350<br \/>\nOszt\u00e1lyvezet\u0151 f\u0151orvos:<br \/>\nDr. Simoncsics Eszter PhD<\/p>\n<h3><strong>3.<\/strong><\/h3>\n<h3><strong>K\u00f6zponti Szakambulancia<\/strong><\/h3>\n<p>C\u00edm: 1023 Budapest, Frankel Le\u00f3 u. 62.<br \/>\n<strong>Id\u0151pont k\u00e9r\u00e9se:\u00a0<\/strong><br \/>\nH\u00e9tf\u0151-p\u00e9ntek: 8:00 \u2013 18:00<br \/>\nTelefon: +36 1 438 8312<br \/>\nMobil: +36 30 240 0542<br \/>\nEmail:\u00a0<a href=\"mailto:elojegyzes.reumatologia@semmelweis.hu\">elojegyzes.reumatologia@semmelweis.hu<\/a><\/p>\n<h3><strong>Aesculapius Gy\u00f3gyszert\u00e1r<\/strong><\/h3>\n<p>C\u00edm: 1023 Budapest, Frankel Le\u00f3 \u00fat 62.<br \/>\nTelefon: +36 1 438 8300\/1154<br \/>\nE-mail:\u00a0<a href=\"mailto:gytar.reuma@semmelweis.hu\">gytar.reuma@semmelweis.hu<\/a><\/p>\n<h3><strong>4.<\/strong><\/h3>\n<h3><strong>MRI labor <\/strong><\/h3>\n<p>C\u00edm: 1025 Budapest, Kavics utca 6.<\/p>\n","protected":false},"excerpt":{"rendered":"<p>1. Reumatol\u00f3giai \u00e9s Klinikai Immunol\u00f3giai Klinikai Igazgat\u00f3s\u00e1g Semmelweis Egyetem, \u00c1ltal\u00e1nos Orvostudom\u00e1nyi Kar C\u00edm:\u00a01023 Budapest, 1023 Budapest, Frankel Le\u00f3 \u00fat 25-29. Tansz\u00e9kvezet\u0151: Prof. Dr. Nagy Gy\u00f6rgy az MTA doktora I. Reumatol\u00f3giai Rehabilit\u00e1ci\u00f3s Oszt\u00e1ly C\u00edm: 1023 Budapest, Frankel Le\u00f3 u. 25-29. Tel: +36 1 438-8321 Oszt\u00e1lyvezet\u0151 f\u0151orvos: Dr. Nagy Helga PhD II. Reumatol\u00f3giai Rehabilit\u00e1ci\u00f3s Oszt\u00e1ly C\u00edm: 1023 &hellip;<\/p>\n","protected":false},"author":102538,"featured_media":0,"parent":483,"menu_order":0,"comment_status":"closed","ping_status":"closed","template":"","meta":{"_acf_changed":false,"footnotes":""},"categories":[],"tags":[],"class_list":["post-713","page","type-page","status-publish","hentry"],"acf":[],"_links":{"self":[{"href":"https:\/\/semmelweis.hu\/reumatologia\/wp-json\/wp\/v2\/pages\/713","targetHints":{"allow":["GET"]}}],"collection":[{"href":"https:\/\/semmelweis.hu\/reumatologia\/wp-json\/wp\/v2\/pages"}],"about":[{"href":"https:\/\/semmelweis.hu\/reumatologia\/wp-json\/wp\/v2\/types\/page"}],"author":[{"embeddable":true,"href":"https:\/\/semmelweis.hu\/reumatologia\/wp-json\/wp\/v2\/users\/102538"}],"replies":[{"embeddable":true,"href":"https:\/\/semmelweis.hu\/reumatologia\/wp-json\/wp\/v2\/comments?post=713"}],"version-history":[{"count":8,"href":"https:\/\/semmelweis.hu\/reumatologia\/wp-json\/wp\/v2\/pages\/713\/revisions"}],"predecessor-version":[{"id":800,"href":"https:\/\/semmelweis.hu\/reumatologia\/wp-json\/wp\/v2\/pages\/713\/revisions\/800"}],"up":[{"embeddable":true,"href":"https:\/\/semmelweis.hu\/reumatologia\/wp-json\/wp\/v2\/pages\/483"}],"wp:attachment":[{"href":"https:\/\/semmelweis.hu\/reumatologia\/wp-json\/wp\/v2\/media?parent=713"}],"wp:term":[{"taxonomy":"category","embeddable":true,"href":"https:\/\/semmelweis.hu\/reumatologia\/wp-json\/wp\/v2\/categories?post=713"},{"taxonomy":"post_tag","embeddable":true,"href":"https:\/\/semmelweis.hu\/reumatologia\/wp-json\/wp\/v2\/tags?post=713"}],"curies":[{"name":"wp","href":"https:\/\/api.w.org\/{rel}","templated":true}]}}