{"id":7,"date":"2020-10-08T13:04:30","date_gmt":"2020-10-08T11:04:30","guid":{"rendered":"http:\/\/semmelweis.hu\/szeb\/?page_id=7"},"modified":"2025-09-19T13:18:04","modified_gmt":"2025-09-19T11:18:04","slug":"elerhetoseg","status":"publish","type":"page","link":"https:\/\/semmelweis.hu\/reumatologia\/elerhetoseg\/","title":{"rendered":"El\u00e9rhet\u0151s\u00e9g"},"content":{"rendered":"<h2>Reumatol\u00f3giai \u00e9s Immunol\u00f3giai Klinikai Igazgat\u00f3s\u00e1g (kor\u00e1bban ORFI)<\/h2>\n<p>C\u00edm: 1023 Budapest, Frankel Le\u00f3 \u00fat 25-29.<br \/>\nk\u00f6zponti telefonsz\u00e1m: +36 1 438 8300<br \/>\nemail: titkarsag.reumatologia@semmelweis.hu<br \/>\nIgazgat\u00f3: Prof. Dr. Nagy Gy\u00f6rgy az MTA doktora<\/p>\n<h5>K\u00f6zponti Szakambulancia:<\/h5>\n<p>C\u00edm: 1023 Budapest, Frankel Le\u00f3 \u00fat 62.<br \/>\nId\u0151pont k\u00e9r\u00e9se: +36 1 438 8312, +36 30 240 0542<br \/>\nemail: <a href=\"mailto:elojegyzes.reumatologia@semmelweis.hu\">elojegyzes.reumatologia@semmelweis.hu<\/a><\/p>\n<p><iframe loading=\"lazy\" src=\"https:\/\/www.google.com\/maps\/embed?pb=!1m18!1m12!1m3!1d2694.580252238681!2d19.034073711710644!3d47.51756519400173!2m3!1f0!2f0!3f0!3m2!1i1024!2i768!4f13.1!3m3!1m2!1s0x4741dc01925fe029%3A0x13c46a36d1c86bf1!2sBudapest%2C%20Frankel%20Le%C3%B3%20%C3%BAt%2025-29%2C%201023!5e0!3m2!1sen!2shu!4v1742455313538!5m2!1sen!2shu\" width=\"100%\" height=\"300\"><\/iframe><\/p>\n<p>&nbsp;<\/p>\n","protected":false},"excerpt":{"rendered":"<p>Reumatol\u00f3giai \u00e9s Immunol\u00f3giai Klinikai Igazgat\u00f3s\u00e1g (kor\u00e1bban ORFI)<br \/>\nC\u00edm: 1023 Budapest, Frankel Le\u00f3 \u00fat 25-29.<br \/>\nk\u00f6zponti telefonsz\u00e1m: +36 1 438 8300<br \/>\nemail: titkarsag.reumatologia@semmelweis.hu<br \/>\nIgazgat\u00f3: Prof. Dr. Nagy Gy\u00f6rgy az MTA doktora<br \/>\nK\u00f6zponti Szakambulancia:<br \/>\nC\u00edm: 1023 Budapest, Frankel Le\u00f3 \u00fat 62.<br \/>\nId\u0151pont k\u00e9r\u00e9se: +36 1 438 8312, +36 30 240 0542<br \/>\nemail: <a href=\"mailto:elojegyzes.reumatologia@semmelweis.hu\">elojegyzes.reumatologia@semmelweis.hu<\/a><\/p>\n<p>&nbsp;<\/p>\n","protected":false},"author":12,"featured_media":0,"parent":0,"menu_order":5,"comment_status":"closed","ping_status":"closed","template":"template-fullwidth.php","meta":{"_acf_changed":false,"footnotes":""},"categories":[],"tags":[],"class_list":["post-7","page","type-page","status-publish","hentry"],"acf":[],"_links":{"self":[{"href":"https:\/\/semmelweis.hu\/reumatologia\/wp-json\/wp\/v2\/pages\/7","targetHints":{"allow":["GET"]}}],"collection":[{"href":"https:\/\/semmelweis.hu\/reumatologia\/wp-json\/wp\/v2\/pages"}],"about":[{"href":"https:\/\/semmelweis.hu\/reumatologia\/wp-json\/wp\/v2\/types\/page"}],"author":[{"embeddable":true,"href":"https:\/\/semmelweis.hu\/reumatologia\/wp-json\/wp\/v2\/users\/12"}],"replies":[{"embeddable":true,"href":"https:\/\/semmelweis.hu\/reumatologia\/wp-json\/wp\/v2\/comments?post=7"}],"version-history":[{"count":12,"href":"https:\/\/semmelweis.hu\/reumatologia\/wp-json\/wp\/v2\/pages\/7\/revisions"}],"predecessor-version":[{"id":733,"href":"https:\/\/semmelweis.hu\/reumatologia\/wp-json\/wp\/v2\/pages\/7\/revisions\/733"}],"wp:attachment":[{"href":"https:\/\/semmelweis.hu\/reumatologia\/wp-json\/wp\/v2\/media?parent=7"}],"wp:term":[{"taxonomy":"category","embeddable":true,"href":"https:\/\/semmelweis.hu\/reumatologia\/wp-json\/wp\/v2\/categories?post=7"},{"taxonomy":"post_tag","embeddable":true,"href":"https:\/\/semmelweis.hu\/reumatologia\/wp-json\/wp\/v2\/tags?post=7"}],"curies":[{"name":"wp","href":"https:\/\/api.w.org\/{rel}","templated":true}]}}