{"id":675,"date":"2025-07-07T09:58:11","date_gmt":"2025-07-07T07:58:11","guid":{"rendered":"https:\/\/semmelweis.hu\/reumatologia\/?page_id=675"},"modified":"2025-07-07T14:27:42","modified_gmt":"2025-07-07T12:27:42","slug":"projekt-2020-2-1-1-ed-2022-00198","status":"publish","type":"page","link":"https:\/\/semmelweis.hu\/reumatologia\/kutatas\/projekt-2020-2-1-1-ed-2022-00198\/","title":{"rendered":"Projekt: 2020-2.1.1-ED-2022-00198"},"content":{"rendered":"<p>&nbsp;<\/p>\n<div class=\"keretes\">\n<h6><strong>Projekt c\u00edme:<\/strong> Cellul\u00e1ris \u00e9s humor\u00e1lis immunv\u00e1lasz vizsg\u00e1lata SARS-CoV-2 fert\u0151z\u00e9sen \u00e1tesett, illetve v\u00e9d\u0151olt\u00e1sban r\u00e9szes\u00fclt rheumatoid arthritises betegek k\u00f6r\u00e9ben<\/h6>\n<p><strong>Projekt azonos\u00edt\u00f3 sz\u00e1ma:<\/strong> 2020-2.1.1-ED-2022-00198<br \/>\n<strong>Projekt megval\u00f3s\u00edt\u00e1s\u00e1nak kezdete:<\/strong> 2022.04.01.<br \/>\n<strong>Projekt fizikai befejez\u00e9s\u00e9nek hat\u00e1rideje:<\/strong> 2024.07.31.<br \/>\n<strong>T\u00e1mogat\u00e1s \u00f6sszege:<\/strong> 28.320.000 Ft<br \/>\n<strong>T\u00e1mogat\u00e1s intenzit\u00e1sa:<\/strong> 100%<\/p>\n<\/div>\n<h2>A projektr\u0151l:\u00a0<\/h2>\n<p>A SARS-CoV-2 \u00e1ltal okozott pand\u00e9mia sz\u00e1mos kih\u00edv\u00e1s el\u00e9 \u00e1ll\u00edtja az eg\u00e9szs\u00e9g\u00fcgyet, orvostudom\u00e1nyt a vil\u00e1g minden r\u00e9sz\u00e9n. Sz\u00e1mtalan megv\u00e1laszoland\u00f3 k\u00e9rd\u00e9s mer\u00fcl fel nap mint nap a v\u00edrussal kapcsolatban, \u00edgy van ez az immunol\u00f3gia, reumatol\u00f3gia ter\u00fclet\u00e9n is. Kutat\u00e1sunk sor\u00e1n a cellul\u00e1ris \u00e9s humor\u00e1lis immunv\u00e1laszt vizsg\u00e1ljuk a SARS-CoV-2 fert\u0151z\u00e9sen \u00e1tesett, illetve v\u00e9d\u0151olt\u00e1sban r\u00e9szes\u00fclt rheumatoid arthritises (RA) betegek k\u00f6r\u00e9ben. RA-val diagnosztiz\u00e1lt betegek mint\u00e1it elemezz\u00fck, a munka sor\u00e1n egy regisztert k\u00e9sz\u00edt\u00fcnk. A humor\u00e1lis immunv\u00e1laszt ELISA-val, a Covid-specifikus T-sejtes v\u00e1laszt Quantiferon-m\u00f3dszerrel vizsg\u00e1ljuk. Az adatok feldolgoz\u00e1s\u00e1ra \u00e1tfog\u00f3 bioinformatikai anal\u00edzist alkalmazunk. Kutat\u00e1sunk c\u00e9lja a betegek Covid-ellenes val\u00f3s v\u00e9detts\u00e9gi szintje \u00e9s az ehhez kapcsol\u00f3d\u00f3 \u00f6sszef\u00fcgg\u00e9sek tiszt\u00e1z\u00e1sa.<\/p>\n<p>&nbsp;<\/p>\n<p><img loading=\"lazy\" decoding=\"async\" class=\"alignright\" src=\"https:\/\/semmelweis.hu\/innovacio\/files\/2025\/01\/NKFIA_infoblokk_kerettel_projekt_fekvo_2019_HU.jpg\" width=\"590\" height=\"250\" \/><\/p>\n<p>&nbsp;<\/p>\n","protected":false},"excerpt":{"rendered":"<p>&nbsp; Projekt c\u00edme: Cellul\u00e1ris \u00e9s humor\u00e1lis immunv\u00e1lasz vizsg\u00e1lata SARS-CoV-2 fert\u0151z\u00e9sen \u00e1tesett, illetve v\u00e9d\u0151olt\u00e1sban r\u00e9szes\u00fclt rheumatoid arthritises betegek k\u00f6r\u00e9ben Projekt azonos\u00edt\u00f3 sz\u00e1ma: 2020-2.1.1-ED-2022-00198 Projekt megval\u00f3s\u00edt\u00e1s\u00e1nak kezdete: 2022.04.01. Projekt fizikai befejez\u00e9s\u00e9nek hat\u00e1rideje: 2024.07.31. T\u00e1mogat\u00e1s \u00f6sszege: 28.320.000 Ft T\u00e1mogat\u00e1s intenzit\u00e1sa: 100% A projektr\u0151l:\u00a0 A SARS-CoV-2 \u00e1ltal okozott pand\u00e9mia sz\u00e1mos kih\u00edv\u00e1s el\u00e9 \u00e1ll\u00edtja az eg\u00e9szs\u00e9g\u00fcgyet, orvostudom\u00e1nyt a vil\u00e1g minden &hellip;<\/p>\n","protected":false},"author":102476,"featured_media":0,"parent":245,"menu_order":3,"comment_status":"closed","ping_status":"closed","template":"template-fullwidth.php","meta":{"_acf_changed":false,"footnotes":""},"categories":[],"tags":[],"class_list":["post-675","page","type-page","status-publish","hentry"],"acf":[],"_links":{"self":[{"href":"https:\/\/semmelweis.hu\/reumatologia\/wp-json\/wp\/v2\/pages\/675","targetHints":{"allow":["GET"]}}],"collection":[{"href":"https:\/\/semmelweis.hu\/reumatologia\/wp-json\/wp\/v2\/pages"}],"about":[{"href":"https:\/\/semmelweis.hu\/reumatologia\/wp-json\/wp\/v2\/types\/page"}],"author":[{"embeddable":true,"href":"https:\/\/semmelweis.hu\/reumatologia\/wp-json\/wp\/v2\/users\/102476"}],"replies":[{"embeddable":true,"href":"https:\/\/semmelweis.hu\/reumatologia\/wp-json\/wp\/v2\/comments?post=675"}],"version-history":[{"count":1,"href":"https:\/\/semmelweis.hu\/reumatologia\/wp-json\/wp\/v2\/pages\/675\/revisions"}],"predecessor-version":[{"id":676,"href":"https:\/\/semmelweis.hu\/reumatologia\/wp-json\/wp\/v2\/pages\/675\/revisions\/676"}],"up":[{"embeddable":true,"href":"https:\/\/semmelweis.hu\/reumatologia\/wp-json\/wp\/v2\/pages\/245"}],"wp:attachment":[{"href":"https:\/\/semmelweis.hu\/reumatologia\/wp-json\/wp\/v2\/media?parent=675"}],"wp:term":[{"taxonomy":"category","embeddable":true,"href":"https:\/\/semmelweis.hu\/reumatologia\/wp-json\/wp\/v2\/categories?post=675"},{"taxonomy":"post_tag","embeddable":true,"href":"https:\/\/semmelweis.hu\/reumatologia\/wp-json\/wp\/v2\/tags?post=675"}],"curies":[{"name":"wp","href":"https:\/\/api.w.org\/{rel}","templated":true}]}}