{"id":670,"date":"2025-07-01T14:24:50","date_gmt":"2025-07-01T12:24:50","guid":{"rendered":"https:\/\/semmelweis.hu\/reumatologia\/?page_id=670"},"modified":"2025-07-01T14:24:50","modified_gmt":"2025-07-01T12:24:50","slug":"spiderr-projekt","status":"publish","type":"page","link":"https:\/\/semmelweis.hu\/reumatologia\/kutatas\/spiderr-projekt\/","title":{"rendered":"SPIDeRR projekt"},"content":{"rendered":"<p>&nbsp;<\/p>\n<div class=\"keretes\">\n<h6><strong>Projekt c\u00edme:<\/strong> P\u00e1ciensek stratifik\u00e1l\u00e1sa reumatikus panaszok diagnosztiz\u00e1l\u00e1sa sor\u00e1n rutinszer\u0171en m\u00e9rt adatok fejlett integrat\u00edv modellez\u00e9s\u00e9vel (SPIDeRR)<\/h6>\n<p><strong>Projekt azonos\u00edt\u00f3 sz\u00e1ma:<\/strong> 2020-2.1.1-ED-2023-00243<br \/>\n<strong>Projekt megval\u00f3s\u00edt\u00e1s\u00e1nak kezdete:<\/strong> 2023.05.01.<br \/>\n<strong>Projekt fizikai befejez\u00e9s\u00e9nek hat\u00e1rideje:<\/strong> 2028.04.30.<br \/>\n<strong>T\u00e1mogat\u00e1s \u00f6sszege:<\/strong> 130.106.250 Ft<br \/>\n<strong>T\u00e1mogat\u00e1s intenzit\u00e1sa:<\/strong> 100%<\/p>\n<\/div>\n<h2>A projektr\u0151l:\u00a0<\/h2>\n<p>A korai betegs\u00e9g felismer\u00e9s \u00e9s oszt\u00e1lyoz\u00e1s fontos a megfelel\u0151 ell\u00e1t\u00e1s biztos\u00edt\u00e1s\u00e1hoz, ami mag\u00e1ban foglalja mind a megfelel\u0151 eg\u00e9szs\u00e9g\u00fcgyi ell\u00e1t\u00f3hoz val\u00f3 eljut\u00e1st \u00e9s a legjobb ter\u00e1pia v\u00e1laszt\u00e1st. Jelenleg a mozg\u00e1sszervi panaszok h\u00e1tter\u00e9ben \u00e1ll\u00f3 k\u00f3rk\u00e9pek diagn\u00f3zis\u00e1hoz \u00e9s hat\u00e9kony kezel\u00e9shez vezet\u0151 beteg\u00fat Eur\u00f3pa szerte hossz\u00fa \u00e9s nem hat\u00e9kony.<\/p>\n<p>A SPIDeRR projekt c\u00e9lja ennek jav\u00edt\u00e1sa digit\u00e1lis technik\u00e1k, g\u00e9pi tanul\u00e1son alapul\u00f3 m\u00f3dszerek kidolgoz\u00e1s\u00e1val, ami a betegek t\u00fcneteit meghat\u00e1roz\u00f3 faktorok teljes h\u00e1l\u00f3zat\u00e1t felt\u00e9rk\u00e9pezi. A kutat\u00e1s h\u00e1rom szinten is gy\u0171jt adatokat \u00e9s dolgoz ki informatikai m\u00f3dszereket, ezek a betegek \u00f6n\u00e1ll\u00f3 internetes inform\u00e1ci\u00f3gy\u0171jt\u00e9se, az eg\u00e9szs\u00e9g\u00fcgyi alapell\u00e1t\u00e1s \u00e9s a szakell\u00e1t\u00e1s. A SPIDeRR projekt h\u00e1rom klinikai modellt fog kifejleszteni: egy t\u00fcnet ellen\u0151rz\u0151 modellt betegeknek,- egy d\u00f6nt\u00e9st seg\u00edt\u0151 modellt az alapell\u00e1t\u00f3knak , ami \u00fatmutat\u00f3t ny\u00fajt a tov\u00e1bbi kivizsg\u00e1l\u00e1shoz \u00e9s szakir\u00e1ny\u00fa tov\u00e1bbutal\u00e1shoz, \u00e9s egy beteg-beteg-hasonl\u00f3s\u00e1gon alapul\u00f3 h\u00e1l\u00f3zatot ami optim\u00e1lis diagnosztikus csoportok meghat\u00e1roz\u00e1s\u00e1t teszi lehet\u0151v\u00e9 a reumatol\u00f3giai betegek k\u00f6z\u00f6tt, ezzel seg\u00edtve a ter\u00e1pi\u00e1s d\u00f6nt\u00e9st. A h\u00e1rom digit\u00e1lis t\u00e1mogat\u00f3 rendszer r\u00e9szben megl\u00e9v\u0151, r\u00e9szben a projekt sor\u00e1n GDPR-ral kompatibilisen prospekt\u00edven gy\u0171jt\u00f6tt adatok feldolgoz\u00e1s\u00e1val ker\u00fcl kifejleszt\u00e9sre, amit a modellek tesztel\u00e9se \u00e9s a k\u00fcl\u00f6nb\u00f6z\u0151 r\u00e9sztvev\u0151 orsz\u00e1gokban val\u00f3 alkalmazhat\u00f3s\u00e1gi felm\u00e9r\u00e9se k\u00f6vet.<\/p>\n<p><img loading=\"lazy\" decoding=\"async\" class=\"alignright\" src=\"https:\/\/semmelweis.hu\/innovacio\/files\/2025\/01\/NKFIA_infoblokk_kerettel_projekt_fekvo_2019_HU.jpg\" width=\"590\" height=\"250\" \/><\/p>\n<p>&nbsp;<\/p>\n","protected":false},"excerpt":{"rendered":"<p>&nbsp; Projekt c\u00edme: P\u00e1ciensek stratifik\u00e1l\u00e1sa reumatikus panaszok diagnosztiz\u00e1l\u00e1sa sor\u00e1n rutinszer\u0171en m\u00e9rt adatok fejlett integrat\u00edv modellez\u00e9s\u00e9vel (SPIDeRR) Projekt azonos\u00edt\u00f3 sz\u00e1ma: 2020-2.1.1-ED-2023-00243 Projekt megval\u00f3s\u00edt\u00e1s\u00e1nak kezdete: 2023.05.01. Projekt fizikai befejez\u00e9s\u00e9nek hat\u00e1rideje: 2028.04.30. T\u00e1mogat\u00e1s \u00f6sszege: 130.106.250 Ft T\u00e1mogat\u00e1s intenzit\u00e1sa: 100% A projektr\u0151l:\u00a0 A korai betegs\u00e9g felismer\u00e9s \u00e9s oszt\u00e1lyoz\u00e1s fontos a megfelel\u0151 ell\u00e1t\u00e1s biztos\u00edt\u00e1s\u00e1hoz, ami mag\u00e1ban foglalja mind a megfelel\u0151 &hellip;<\/p>\n","protected":false},"author":12,"featured_media":0,"parent":245,"menu_order":2,"comment_status":"closed","ping_status":"closed","template":"template-fullwidth.php","meta":{"_acf_changed":false,"footnotes":""},"categories":[],"tags":[],"class_list":["post-670","page","type-page","status-publish","hentry"],"acf":[],"_links":{"self":[{"href":"https:\/\/semmelweis.hu\/reumatologia\/wp-json\/wp\/v2\/pages\/670","targetHints":{"allow":["GET"]}}],"collection":[{"href":"https:\/\/semmelweis.hu\/reumatologia\/wp-json\/wp\/v2\/pages"}],"about":[{"href":"https:\/\/semmelweis.hu\/reumatologia\/wp-json\/wp\/v2\/types\/page"}],"author":[{"embeddable":true,"href":"https:\/\/semmelweis.hu\/reumatologia\/wp-json\/wp\/v2\/users\/12"}],"replies":[{"embeddable":true,"href":"https:\/\/semmelweis.hu\/reumatologia\/wp-json\/wp\/v2\/comments?post=670"}],"version-history":[{"count":1,"href":"https:\/\/semmelweis.hu\/reumatologia\/wp-json\/wp\/v2\/pages\/670\/revisions"}],"predecessor-version":[{"id":671,"href":"https:\/\/semmelweis.hu\/reumatologia\/wp-json\/wp\/v2\/pages\/670\/revisions\/671"}],"up":[{"embeddable":true,"href":"https:\/\/semmelweis.hu\/reumatologia\/wp-json\/wp\/v2\/pages\/245"}],"wp:attachment":[{"href":"https:\/\/semmelweis.hu\/reumatologia\/wp-json\/wp\/v2\/media?parent=670"}],"wp:term":[{"taxonomy":"category","embeddable":true,"href":"https:\/\/semmelweis.hu\/reumatologia\/wp-json\/wp\/v2\/categories?post=670"},{"taxonomy":"post_tag","embeddable":true,"href":"https:\/\/semmelweis.hu\/reumatologia\/wp-json\/wp\/v2\/tags?post=670"}],"curies":[{"name":"wp","href":"https:\/\/api.w.org\/{rel}","templated":true}]}}