{"id":622,"date":"2025-03-26T18:55:22","date_gmt":"2025-03-26T17:55:22","guid":{"rendered":"https:\/\/semmelweis.hu\/reumatologia\/?page_id=622"},"modified":"2026-05-04T13:50:45","modified_gmt":"2026-05-04T11:50:45","slug":"immunologai-alapfolyamatok-molekularis-mechanizmusai-es-egyeb-erdekessegek-az-immunologia-teruleten","status":"publish","type":"page","link":"https:\/\/semmelweis.hu\/reumatologia\/oktatas\/oftex-tanfolyamok\/immunologai-alapfolyamatok-molekularis-mechanizmusai-es-egyeb-erdekessegek-az-immunologia-teruleten\/","title":{"rendered":"Immunol\u00f3gai alapfolyamatok molekul\u00e1ris mechanizmusai \u00e9s egy\u00e9b \u00e9rdekess\u00e9gek az immunol\u00f3gia ter\u00fclet\u00e9n &#8211; 2026.04.29-30."},"content":{"rendered":"<h3>Immunol\u00f3gai alapfolyamatok molekul\u00e1ris mechanizmusai \u00e9s egy\u00e9b \u00e9rdekess\u00e9gek az immunol\u00f3gia ter\u00fclet\u00e9n<br \/>\n2026. \u00e1prilis 29-30.<\/h3>\n<p>&nbsp;<\/p>\n<p style=\"margin: 0cm;margin-bottom: .0001pt\"><strong>SE-SZTOK\/2026.I.\/00410<\/strong> k\u00f3dsz\u00e1m\u00fa szabadon v\u00e1laszthat\u00f3 tanfolyam<\/p>\n<p style=\"margin: 0cm;margin-bottom: .0001pt\"><strong>SE-SZTOK\/2026.I.\/00463 <\/strong>k\u00f3dsz\u00e1m\u00fa szakk\u00e9pz\u00e9si tanfolyam szakvizsg\u00e1z\u00f3k r\u00e9sz\u00e9re<\/p>\n<p style=\"margin: 0cm;margin-bottom: .0001pt\">(<span data-olk-copy-source=\"MessageBody\">Els\u0151 szakk\u00e9pz\u00e9sben ingyenes a Semmelweis k\u00e9pz\u00e9sben r\u00e9sztvev\u0151knek, m\u00e1s egyetemi k\u00e9pz\u00e9sben fizet\u0151s tanfolyam. M\u00e1sodik szakvizsg\u00e1n\u00e1l minden egyetemi oktat\u00e1sban r\u00e9sztvev\u0151 hallgat\u00f3nak fizet\u0151s tanfolyam.)<\/span><\/p>\n<p>&nbsp;<\/p>\n<p>Akkredit\u00e1lt: 32 kreditpont<\/p>\n<p>R\u00e9szv\u00e9tel d\u00edja: 24.000Ft<\/p>\n<p><em>Szakk\u00e9pes\u00edt\u00e9sek, amelyekhez szakma szerinti pontsz\u00e1mk\u00e9nt elsz\u00e1molhat\u00f3:<\/em><br \/>\n<em>1. allergol\u00f3gia \u00e9s klinikai immunol\u00f3gia | 2. belgy\u00f3gy\u00e1szat | 3. b\u0151rgy\u00f3gy\u00e1szat | 4. csecsem\u0151 \u00e9s gyermek f\u00fcl-orr-g\u00e9ge gy\u00f3gy\u00e1szat | 5. csecsem\u0151- \u00e9s gyermekgy\u00f3gy\u00e1szat | 6. f\u00fcl-orr-g\u00e9gegy\u00f3gy\u00e1szat | 7. gyermekt\u00fcd\u0151gy\u00f3gy\u00e1szat | 8. haematol\u00f3gia | 9. immunol\u00f3gia (k\u00e9pes\u00edt\u00e9s) | 10. orvosi laborat\u00f3riumi diagnosztika | 11. reumatol\u00f3gia | 12. szem\u00e9szet | 13. t\u00fcd\u0151gy\u00f3gy\u00e1szat<\/em><\/p>\n<p>&nbsp;<\/p>\n<p>Ph.D hallgat\u00f3k r\u00e9sz\u00e9re is meghirdetett a <a href=\"https:\/\/reny.hu\/project_r\/actual_prg\/system\/launch.php?pg=.\/FRAME_main.php&amp;ugrp=2\" target=\"_blank\" rel=\"noopener\">RENY<\/a> fel\u00fcleten \u00e9rhet\u0151 el, jelenleg m\u00e1r fizet\u0151s jelentkez\u00e9ssel lehet csak bel\u00e9pni. 1 kreditpont<\/p>\n<p>Neves el\u0151ad\u00f3k tartanak el\u0151ad\u00e1st, melyre Klinika minden orvos\u00e1t h\u00edvjuk szeretettel!<\/p>\n<p><strong>Helysz\u00edn<\/strong>: Reumatol\u00f3giai \u00e9s Immunol\u00f3giai Klinika Luk\u00e1cs \u00c9p\u00fclet, K\u00f6z\u00f6ss\u00e9gi K\u00f6zpont, El\u0151ad\u00f3terem<br \/>\n1023 Budapest, Frankel Le\u00f3 \u00fat 25-29. (a Luk\u00e1cs Uszoda udvar\u00e1n \u00e1t k\u00f6zel\u00edthet\u0151 meg az \u00e9p\u00fclet)<\/p>\n<p><strong>Prof. Dr. Kiss Emese Vir\u00e1g<\/strong><br \/>\negyetemi tan\u00e1r, felel\u0151s szervez\u0151<\/p>\n<p><strong>K\u00e9rd\u00e9s eseten keress\u00e9k bizalommal:<\/strong><\/p>\n<p>V\u00edgh Orsolya, +36 70 621 7170<\/p>\n<p>N\u00e9meti Bianka, +36 30 286 2012<\/p>\n<p><a href=\"https:\/\/semmelweis.hu\/reumatologia\/files\/2026\/04\/2026.04.27-2026_apr_29_30-tanf.pdf\" target=\"_blank\" rel=\"noopener\">El\u0151zetes program<\/a><\/p>\n<p>El\u0151ad\u00e1sok:<\/p>\n<p><a href=\"https:\/\/semmelweis.hu\/reumatologia\/files\/2026\/04\/Prohaszka-Immunpatologia-3.pdf\" target=\"_blank\" rel=\"noopener\"><em>Proh\u00e1szka Zolt\u00e1n:<\/em> Patol\u00f3gi\u00e1s autoimmunit\u00e1s<\/a><\/p>\n<p><a href=\"https:\/\/semmelweis.hu\/reumatologia\/files\/2026\/04\/Bodo-AHA-HLH-ORFI-26-05-29.pdf\" target=\"_blank\" rel=\"noopener\"><em>Bod\u00f3 Imre:<\/em> Ritka betegs\u00e9gek a gyullad\u00e1sos \u00e9s hemoszt\u00e1zis\u00a0patomechanizmusok hat\u00e1rmesgy\u00e9j\u00e9r\u0151l<\/a><\/p>\n<p><a href=\"https:\/\/semmelweis.hu\/reumatologia\/files\/2026\/04\/Szekanecz_hyperinflammatio_SE-PhD-kurzus_2026.04-30_02.pdf\" target=\"_blank\" rel=\"noopener\"><em>Szekanecz Zolt\u00e1n:<\/em> Hiperinflamm\u00e1ci\u00f3s szindr\u00f3m\u00e1k (MAS, citokinvihar, szepszis, CAPS)<\/a><\/p>\n<p><a href=\"https:\/\/semmelweis.hu\/reumatologia\/files\/2026\/04\/Muller-Leguti-allergias-betegsegek-mechanizmusai-2026-04-29.pdf\" target=\"_blank\" rel=\"noopener\"><em>M\u00fcller Veronika:<\/em> Allergi\u00e1s betegs\u00e9gek mechanizmusai<\/a><\/p>\n<p><a href=\"https:\/\/semmelweis.hu\/reumatologia\/files\/2026\/04\/Bacsi_A_Eozinofilek_26_04_29.pdf\" target=\"_blank\" rel=\"noopener\"><em>B\u00e1csi Attila:<\/em> Eozinofil sejtek fiziol\u00f3gi\u00e1s \u00e9s patol\u00f3gi\u00e1s szerepk\u00f6re<\/a><\/p>\n<p><a href=\"https:\/\/semmelweis.hu\/reumatologia\/files\/2026\/05\/Krivan-Gergely-Immundefektusok-molekularis-alapjai-ORFI-2026-kiadhato.pdf\" target=\"_blank\" rel=\"noopener\"><em>Kriv\u00e1n Gergely:<\/em> Immundefektusok molekul\u00e1ris alapjai<\/a><\/p>\n<p><a href=\"https:\/\/semmelweis.hu\/reumatologia\/files\/2026\/04\/Balogh-Istvan-Immun_tk_2026.pdf\" target=\"_blank\" rel=\"noopener\"><em>Balogh Istv\u00e1n:<\/em> Genetikai vizsg\u00e1latok<\/a><\/p>\n<p><a href=\"https:\/\/semmelweis.hu\/reumatologia\/files\/2026\/04\/Balog-Attila-Immunmedialt-inflammatorikus-korkepek_20251114.pdf\" target=\"_blank\" rel=\"noopener\"><em>Balog Attila:<\/em> Immunmedi\u00e1lt inflammat\u00f3rikus betegs\u00e9gek<\/a><\/p>\n<p><a href=\"https:\/\/semmelweis.hu\/reumatologia\/files\/2026\/04\/Szamosi-Autoinflammatorikus-korkepek-Bp-2026.pdf\" target=\"_blank\" rel=\"noopener\"><em>Szamosi Szilvia:<\/em> Autoinflamm\u00e1ci\u00f3<\/a><\/p>\n<p><a href=\"https:\/\/semmelweis.hu\/reumatologia\/files\/2026\/04\/Kappelmayer-Thromb_gyulladas_2026.pdf\" target=\"_blank\" rel=\"noopener\"><em>Kappelmayer J\u00e1nos:<\/em> V\u00e9rlemezk\u00e9k szerepe az immunv\u00e1lasz szab\u00e1lyoz\u00e1s\u00e1ban<\/a><\/p>\n<p><a href=\"https:\/\/semmelweis.hu\/reumatologia\/files\/2026\/04\/Szucs-Gabriella-Fibrosis-pathogenesise-2026.pdf\" target=\"_blank\" rel=\"noopener\"><em>Sz\u0171cs Gabriella: <\/em>A fibr\u00f3zis patofiziol\u00f3gi\u00e1ja<\/a><\/p>\n<p><a href=\"https:\/\/semmelweis.hu\/reumatologia\/files\/2026\/04\/Kolev-Kraszimir_20260430_02.pdf\" target=\"_blank\" rel=\"noopener\"><em>Kolev Kraszimir Nikolaev:<\/em> Trombusok a DNS h\u00e1l\u00f3j\u00e1ban<\/a><\/p>\n<p><a href=\"https:\/\/semmelweis.hu\/reumatologia\/files\/2026\/04\/Balogh-Peter-Nyirokszoveti-stromasejtek.pdf\" target=\"_blank\" rel=\"noopener\"><em>Balogh P\u00e9ter:<\/em> Nyiroksz\u00f6veti stromasejtek<\/a><\/p>\n<p><a href=\"https:\/\/semmelweis.hu\/reumatologia\/files\/2026\/04\/Balogh-Peter-A-veleszuletett-limfoid-sejtek-tipusai.pdf\" target=\"_blank\" rel=\"noopener\"><em>Balogh P\u00e9ter:<\/em> A velesz\u00fcletett limfoid sejtek (ILC) t\u00edpusai, jellemz\u0151ik \u00e9s szerepeik<\/a><\/p>\n<p><a href=\"https:\/\/semmelweis.hu\/reumatologia\/files\/2026\/04\/Boldizsar-Citokinek_es_Receptoraik_043026.pdf\" target=\"_blank\" rel=\"noopener\"><em>Boldizs\u00e1r Ferenc:<\/em> Citokinek \u00e9s receptoraik<\/a><\/p>\n<p><a href=\"https:\/\/semmelweis.hu\/reumatologia\/files\/2026\/05\/Mocsai-Attila-2026-04-30-SE-RIK-PhD-kurzus-Autoinflammatorikus-betegsegmodellek.pdf\" target=\"_blank\" rel=\"noopener\"><em>M\u00f3csai Attila:<\/em> Autoinflammat\u00f3rikus folyamatok experiment\u00e1lis modellez\u00e9se<\/a><\/p>\n","protected":false},"excerpt":{"rendered":"<p>Immunol\u00f3gai alapfolyamatok molekul\u00e1ris mechanizmusai \u00e9s egy\u00e9b \u00e9rdekess\u00e9gek az immunol\u00f3gia ter\u00fclet\u00e9n 2026. \u00e1prilis 29-30. &nbsp; SE-SZTOK\/2026.I.\/00410 k\u00f3dsz\u00e1m\u00fa szabadon v\u00e1laszthat\u00f3 tanfolyam SE-SZTOK\/2026.I.\/00463 k\u00f3dsz\u00e1m\u00fa szakk\u00e9pz\u00e9si tanfolyam szakvizsg\u00e1z\u00f3k r\u00e9sz\u00e9re (Els\u0151 szakk\u00e9pz\u00e9sben ingyenes a Semmelweis k\u00e9pz\u00e9sben r\u00e9sztvev\u0151knek, m\u00e1s egyetemi k\u00e9pz\u00e9sben fizet\u0151s tanfolyam. M\u00e1sodik szakvizsg\u00e1n\u00e1l minden egyetemi oktat\u00e1sban r\u00e9sztvev\u0151 hallgat\u00f3nak fizet\u0151s tanfolyam.) &nbsp; Akkredit\u00e1lt: 32 kreditpont R\u00e9szv\u00e9tel d\u00edja: 24.000Ft Szakk\u00e9pes\u00edt\u00e9sek, amelyekhez &hellip;<\/p>\n","protected":false},"author":102476,"featured_media":0,"parent":298,"menu_order":0,"comment_status":"closed","ping_status":"closed","template":"","meta":{"_acf_changed":false,"footnotes":""},"categories":[],"tags":[],"class_list":["post-622","page","type-page","status-publish","hentry"],"acf":[],"_links":{"self":[{"href":"https:\/\/semmelweis.hu\/reumatologia\/wp-json\/wp\/v2\/pages\/622","targetHints":{"allow":["GET"]}}],"collection":[{"href":"https:\/\/semmelweis.hu\/reumatologia\/wp-json\/wp\/v2\/pages"}],"about":[{"href":"https:\/\/semmelweis.hu\/reumatologia\/wp-json\/wp\/v2\/types\/page"}],"author":[{"embeddable":true,"href":"https:\/\/semmelweis.hu\/reumatologia\/wp-json\/wp\/v2\/users\/102476"}],"replies":[{"embeddable":true,"href":"https:\/\/semmelweis.hu\/reumatologia\/wp-json\/wp\/v2\/comments?post=622"}],"version-history":[{"count":11,"href":"https:\/\/semmelweis.hu\/reumatologia\/wp-json\/wp\/v2\/pages\/622\/revisions"}],"predecessor-version":[{"id":1153,"href":"https:\/\/semmelweis.hu\/reumatologia\/wp-json\/wp\/v2\/pages\/622\/revisions\/1153"}],"up":[{"embeddable":true,"href":"https:\/\/semmelweis.hu\/reumatologia\/wp-json\/wp\/v2\/pages\/298"}],"wp:attachment":[{"href":"https:\/\/semmelweis.hu\/reumatologia\/wp-json\/wp\/v2\/media?parent=622"}],"wp:term":[{"taxonomy":"category","embeddable":true,"href":"https:\/\/semmelweis.hu\/reumatologia\/wp-json\/wp\/v2\/categories?post=622"},{"taxonomy":"post_tag","embeddable":true,"href":"https:\/\/semmelweis.hu\/reumatologia\/wp-json\/wp\/v2\/tags?post=622"}],"curies":[{"name":"wp","href":"https:\/\/api.w.org\/{rel}","templated":true}]}}