{"id":5,"date":"2020-10-08T13:04:13","date_gmt":"2020-10-08T11:04:13","guid":{"rendered":"http:\/\/semmelweis.hu\/szeb\/?page_id=5"},"modified":"2026-02-02T13:08:30","modified_gmt":"2026-02-02T12:08:30","slug":"a-tanszekrol","status":"publish","type":"page","link":"https:\/\/semmelweis.hu\/reumatologia\/oktatas\/a-tanszekrol\/","title":{"rendered":"A Reumatol\u00f3giai \u00e9s Immunol\u00f3giai Klinika oktat\u00e1si tev\u00e9kenys\u00e9ge"},"content":{"rendered":"<p>A reumatol\u00f3gia \u00e9s a klinikai immunol\u00f3gia ter\u00fclet\u00e9n az elm\u00falt \u00e9vtizedben t\u00f6rt\u00e9nt nagym\u00e9rt\u00e9k\u0171 fejl\u0151d\u00e9s sz\u00fcks\u00e9gess\u00e9 tette a tant\u00e1rgy egys\u00e9ges szeml\u00e9let\u0171, gyakorlatorient\u00e1lt, korszer\u0171 oktat\u00e1s\u00e1t. Ennek biztos\u00edt\u00e1s\u00e1ra \u00e9s koordin\u00e1l\u00e1sra 2020.okt\u00f3ber elsej\u00e9n alakult meg a Semmelweis Egyetemen a Reumatol\u00f3giai \u00e9s Klinikai Immunol\u00f3giai Tansz\u00e9k. A tansz\u00e9k tev\u00e9kenys\u00e9gei jelenleg az oktat\u00e1s \u00e9s a kutat\u00e1s k\u00f6r\u00e9 szervez\u0151dnek.<\/p>\n<p>A tansz\u00e9k feladata mind a gradu\u00e1lis, mind a posztgradu\u00e1lis oktat\u00e1s teljesk\u00f6r\u0171 szervez\u00e9se \u00e9s ir\u00e1ny\u00edt\u00e1sa. A gradu\u00e1lis oktat\u00e1s keretein bel\u00fcl a tansz\u00e9k oktat\u00f3i r\u00e9szt vesznek a magyar, az angol \u00e9s a n\u00e9met nyelven tanul\u00f3 \u00f6t\u00f6d\u00e9ves orvostanhallgat\u00f3k k\u00e9pz\u00e9s\u00e9ben. A klasszikus reumatol\u00f3giai k\u00f3rk\u00e9pek mellett a klinikai immunol\u00f3gia t\u00e1rgyk\u00f6r\u00e9be tartoz\u00f3 betegs\u00e9gek teljes spektrum\u00e1nak oktat\u00e1sa is a tansz\u00e9k feladata.<\/p>\n<p>Ezek mellett az oktat\u00f3k r\u00e9szt vesznek m\u00e1s szakm\u00e1k (belgy\u00f3gy\u00e1szat, ortop\u00e9dia \u00e9s traumatol\u00f3gia, hematol\u00f3gia, fizik\u00e1lis medicina \u00e9s rehabilit\u00e1ci\u00f3s orvosl\u00e1s \u00e9s a geri\u00e1tria) szakorvosk\u00e9pz\u00e9s\u00e9ben is. A tansz\u00e9k feladatai k\u00f6z\u00e9 tartozik a reumatol\u00f3gia, illetve az allergol\u00f3gia \u00e9s klinikai immunol\u00f3gia szakir\u00e1nyok v\u00e1laszthat\u00f3 \u00e9s k\u00f6telez\u0151 szinten tart\u00f3 tanfolyamainak szervez\u00e9se is.<\/p>\n<p>A tansz\u00e9ken foly\u00f3 kutat\u00e1s mag\u00e1ban foglalja mind a reumatol\u00f3gi\u00e1val \u00e9s immunol\u00f3gi\u00e1val foglalkoz\u00f3 alapkutat\u00e1st, mind a transzl\u00e1ci\u00f3s \u00e9s klinikai orvostudom\u00e1ny t\u00e9mak\u00f6r\u00e9be tartoz\u00f3 munk\u00e1kat \u2013 ennek jegy\u00e9ben munkat\u00e1rsaink rendszeresen publik\u00e1lnak a szakter\u00fclet vezet\u0151 nemzetk\u00f6zi foly\u00f3irataiban. Ezeken t\u00falmen\u0151en fontos a nemzetk\u00f6zi munkacsoportok munk\u00e1j\u00e1ban \u00e9s az aj\u00e1nl\u00e1sok kidolgoz\u00e1s\u00e1ban val\u00f3 r\u00e9szv\u00e9tel is. Kiemelt hangs\u00falyt kap az ut\u00e1np\u00f3tl\u00e1s-nevel\u00e9s tudom\u00e1nyos di\u00e1kk\u00f6r\u00f6s \u00e9s PhD-hallgat\u00f3k kutat\u00f3munk\u00e1ba val\u00f3 bevon\u00e1s\u00e1val. A tansz\u00e9k vezet\u0151je a Reumatol\u00f3giai Gr\u00e9mium, tov\u00e1bb\u00e1 az Allergol\u00f3giai \u00e9s Klinikai Immunol\u00f3giai Gr\u00e9mium eln\u00f6ke.<\/p>\n","protected":false},"excerpt":{"rendered":"<p>A reumatol\u00f3gia \u00e9s a klinikai immunol\u00f3gia ter\u00fclet\u00e9n az elm\u00falt \u00e9vtizedben t\u00f6rt\u00e9nt nagym\u00e9rt\u00e9k\u0171 fejl\u0151d\u00e9s sz\u00fcks\u00e9gess\u00e9 tette a tant\u00e1rgy egys\u00e9ges szeml\u00e9let\u0171, gyakorlatorient\u00e1lt, korszer\u0171 oktat\u00e1s\u00e1t. Ennek biztos\u00edt\u00e1s\u00e1ra \u00e9s koordin\u00e1l\u00e1sra 2020.okt\u00f3ber elsej\u00e9n alakult meg a Semmelweis Egyetemen a Reumatol\u00f3giai \u00e9s Klinikai Immunol\u00f3giai Tansz\u00e9k. A tansz\u00e9k tev\u00e9kenys\u00e9gei jelenleg az oktat\u00e1s \u00e9s a kutat\u00e1s k\u00f6r\u00e9 szervez\u0151dnek. A tansz\u00e9k feladata mind a &hellip;<\/p>\n","protected":false},"author":12,"featured_media":0,"parent":242,"menu_order":0,"comment_status":"closed","ping_status":"closed","template":"template-fullwidth.php","meta":{"_acf_changed":false,"footnotes":""},"categories":[],"tags":[],"class_list":["post-5","page","type-page","status-publish","hentry"],"acf":[],"_links":{"self":[{"href":"https:\/\/semmelweis.hu\/reumatologia\/wp-json\/wp\/v2\/pages\/5","targetHints":{"allow":["GET"]}}],"collection":[{"href":"https:\/\/semmelweis.hu\/reumatologia\/wp-json\/wp\/v2\/pages"}],"about":[{"href":"https:\/\/semmelweis.hu\/reumatologia\/wp-json\/wp\/v2\/types\/page"}],"author":[{"embeddable":true,"href":"https:\/\/semmelweis.hu\/reumatologia\/wp-json\/wp\/v2\/users\/12"}],"replies":[{"embeddable":true,"href":"https:\/\/semmelweis.hu\/reumatologia\/wp-json\/wp\/v2\/comments?post=5"}],"version-history":[{"count":11,"href":"https:\/\/semmelweis.hu\/reumatologia\/wp-json\/wp\/v2\/pages\/5\/revisions"}],"predecessor-version":[{"id":969,"href":"https:\/\/semmelweis.hu\/reumatologia\/wp-json\/wp\/v2\/pages\/5\/revisions\/969"}],"up":[{"embeddable":true,"href":"https:\/\/semmelweis.hu\/reumatologia\/wp-json\/wp\/v2\/pages\/242"}],"wp:attachment":[{"href":"https:\/\/semmelweis.hu\/reumatologia\/wp-json\/wp\/v2\/media?parent=5"}],"wp:term":[{"taxonomy":"category","embeddable":true,"href":"https:\/\/semmelweis.hu\/reumatologia\/wp-json\/wp\/v2\/categories?post=5"},{"taxonomy":"post_tag","embeddable":true,"href":"https:\/\/semmelweis.hu\/reumatologia\/wp-json\/wp\/v2\/tags?post=5"}],"curies":[{"name":"wp","href":"https:\/\/api.w.org\/{rel}","templated":true}]}}