{"id":483,"date":"2025-03-20T08:38:33","date_gmt":"2025-03-20T07:38:33","guid":{"rendered":"https:\/\/semmelweis.hu\/reumatologia\/?page_id=483"},"modified":"2025-11-19T13:24:05","modified_gmt":"2025-11-19T12:24:05","slug":"betegellatas","status":"publish","type":"page","link":"https:\/\/semmelweis.hu\/reumatologia\/betegellatas\/","title":{"rendered":"Betegell\u00e1t\u00e1s"},"content":{"rendered":"<div class=\"keretes w-100\">\n<p>A Reumatol\u00f3giai \u00e9s Immunol\u00f3gia Klinika <span style=\"font-size: 1rem\">a gyullad\u00e1sos \u00e9s degenerat\u00edv reumatol\u00f3giai betegs\u00e9gek gy\u00f3gy\u00edt\u00e1s\u00e1nak sz\u00e9les spektrum\u00e1t m\u0171veli, a legfrissebb tudom\u00e1nyos ir\u00e1nyelvek szerint alkalmazza a biol\u00f3giai ter\u00e1pi\u00e1s gy\u00f3gyszereket. A Klinika az eg\u00e9sz orsz\u00e1g ter\u00fclet\u00e9r\u0151l v\u00e1rja\u00a0 a gy\u00f3gyulni v\u00e1gy\u00f3 feln\u0151tt \u00e9s gyermekkor\u00fa betegeket, <\/span><span style=\"font-size: 1rem\">seg\u00edts\u00e9get ny\u00fajt a reumatoid artritiszben, a gyermekkori artritiszben, a k\u00f6szv\u00e9nyben, a polymyalgia reumatik\u00e1ban az oszteopor\u00f3zisban \u00e9s egy\u00e9b csontbetegs\u00e9gben, valamint az autoimmun betegs\u00e9gekben, a lupuszban, a vaszkulitszekben, a myozitiszekben, a Sj\u00f6gren-szindr\u00f3m\u00e1kban szenved\u0151knek.<\/span><\/p>\n<\/div>\n<h4><strong>\u00c1ltal\u00e1nos tudnival\u00f3k<\/strong><\/h4>\n<p>Befekv\u00e9sre csak a Klinika <strong>K\u00f6zponti Szakambulanci\u00e1j\u00e1n<\/strong> elv\u00e9gzett vizsg\u00e1lat ut\u00e1n van lehet\u0151s\u00e9g. Az ambul\u00e1ns vizsg\u00e1latra h\u00e1zi orvosi vagy szakorvosi beutal\u00f3val lehet jelentkezni. Az ambul\u00e1ns vizsg\u00e1lat ut\u00e1n a beteg el\u0151jegyz\u00e9sre ker\u00fcl, \u00e9s \u00e1ltal\u00e1ban telefonon kap \u00e9rtes\u00edt\u00e9st a hospitaliz\u00e1ci\u00f3 (befekv\u00e9s) id\u0151pontj\u00e1r\u00f3l.<\/p>\n<h5>K\u00f6zponti Szakambulancia:<\/h5>\n<p>C\u00edm: 1023 Budapest, Frankel Le\u00f3 u. 62.<br \/>\n<strong>Id\u0151pont k\u00e9r\u00e9se:\u00a0<\/strong><br \/>\nH\u00e9tf\u0151-p\u00e9ntek: 8:00 &#8211; 18:00<br \/>\nTelefon: +36 1 438 8312<br \/>\nMobil: +36 30 240 0542<br \/>\nemail:\u00a0<a href=\"mailto:elojegyzes.reumatologia@semmelweis.hu\">elojegyzes.reumatologia@semmelweis.hu<\/a><\/p>\n<h5>Befekv\u00e9s menete<\/h5>\n<p>A beutalt \u00e9s el\u0151jegyzett betegek felv\u00e9tele munkanapokon, reggel 8 \u00f3r\u00e1t\u00f3l t\u00f6rt\u00e9nik. K\u00e9rj\u00fck, hogy a felv\u00e9telre ker\u00fcl\u0151 beteg az oszt\u00e1lyvezet\u0151 f\u0151n\u0151v\u00e9rn\u00e9l jelentkezzen. \u00dcgyeleti id\u0151ben a betegfelv\u00e9tel az \u00fcgyeletes orvos rendelkez\u00e9se szerint t\u00f6rt\u00e9nik.<\/p>\n<h5>Kil\u00e9p\u00e9s a Klinik\u00e1r\u00f3l:<\/h5>\n<p>Megk\u00e9rj\u00fck betegeinket, hogy az oszt\u00e1ly ter\u00fclet\u00e9t ne hagyj\u00e1k el an\u00e9lk\u00fcl, hogy ezt orvosukkal, illetve a szolg\u00e1latban l\u00e9v\u0151 n\u0151v\u00e9rrel el\u0151zetesen ne k\u00f6z\u00f6ln\u00e9k. A k\u00f3rh\u00e1zi ell\u00e1t\u00e1s ideje alatt a Klinika csak kil\u00e9p\u0151 birtok\u00e1ban, indokolt esetben a kezel\u0151orvos \u00edr\u00e1sbeli enged\u00e9ly\u00e9vel (al\u00e1\u00edrt, orvosi pecs\u00e9ttel ell\u00e1tott kil\u00e9p\u0151vel) hagyhat\u00f3 el.<\/p>\n<h5>\u00c9rt\u00e9kmeg\u0151rz\u00e9s<\/h5>\n<p>A felv\u00e9telre ker\u00fclt betegek fels\u0151ruh\u00e1zatukat, cip\u0151j\u00fcket a k\u00f3rteremben tal\u00e1lhat\u00f3 z\u00e1rhat\u00f3 szekr\u00e9nyben helyezhetik el, saj\u00e1t felel\u0151ss\u00e9g\u00fck mellett. Az \u00e9rt\u00e9kt\u00e1rgyak, nagyobb p\u00e9nzeszk\u00f6z\u00f6k &#8211; elismerv\u00e9ny ellen\u00e9ben &#8211; \u00e9rt\u00e9kmeg\u0151rz\u0151ben, k\u00f6zponti sz\u00e9fben, vagy saj\u00e1t felel\u0151ss\u00e9gre &#8211; ahol ez rendelkez\u00e9sre \u00e1ll &#8211; az \u00e1gy mellett l\u00e9v\u0151 sz\u00e9fben helyezhet\u0151k el. Ennek m\u00f3dj\u00e1r\u00f3l az oszt\u00e1lyos \u00e1pol\u00f3szem\u00e9lyzet ad t\u00e1j\u00e9koztat\u00e1st.<br \/>\nLet\u00e9tbe nem helyezett p\u00e9nz\u00f6sszeg\u00e9rt, \u00e9rt\u00e9kt\u00e1rgyak\u00e9rt a Klinika nem tud felel\u0151ss\u00e9get v\u00e1llalni.<\/p>\n<h5>Kapcsolat a k\u00fclvil\u00e1ggal<\/h5>\n<p>Betegeink haszn\u00e1lhatnak saj\u00e1t mobiltelefont, r\u00e1di\u00f3t, egy\u00e9b elektronikai\/informatikai eszk\u00f6zt \u00fagy, hogy ezzel <strong>betegt\u00e1rsaik nyugalm\u00e1t nem zavarj\u00e1k<\/strong>.<\/p>\n<p>A betegek a Klinika k\u00f6zponti telefonsz\u00e1m\u00e1n kereszt\u00fcl: <strong>+36 1 438- 8300<\/strong> h\u00edvhat\u00f3k, ahonnan az adott oszt\u00e1lyt kapcsolj\u00e1k. <br \/>\nA bemutatkoz\u00e1st k\u00f6vet\u0151en a keresett beteget az oszt\u00e1lyos n\u0151v\u00e9r h\u00edvja a telefonhoz vagy ad \u00e1t \u00fczenetet.<\/p>\n<h5>\u00a0<\/h5>\n<h5>Tov\u00e1bbi k\u00e9rd\u00e9s eset\u00e9n, kattintson <strong><a href=\"https:\/\/semmelweis.hu\/reumatologia\/gyik\/\">ide<\/a>.<\/strong>\u00a0<\/h5>\n<style>\n           #page-grid .card-body > .line-clamp-box.excerpt{\n        width: inherit;\n        max-width: inherit;\n        display:flex;\n        min-height: 2.4em;\n        flex-direction: column;\n        justify-content: space-around;\n        background-color: #D6E4EA;\n        min-height: 3.4rem;\n        font-family: \"Montserrat\", sans-serif;\n    }\n\n    #page-grid a:hover .card-body > .line-clamp-box.excerpt {\n        background-color: #fff;\n        color: #313B40;\n    }\n\n    #page-grid .card-body .line-clamp-box.excerpt section{\n        max-width: inherit;\n        display: -webkit-box;\n        -webkit-line-clamp: 2;\n        -webkit-box-orient: vertical;\n        overflow: hidden;\n        text-overflow: ellipsis;\n        hyphens: auto;\n        margin: auto;\n        \n    }\n    .line-clamp-box.excerpt section, .line-clamp-box.excerpt section p{\n        font-size:0.8em;\n    }\n    \n<\/style>\n    <section id=\"page-grid\">\n        <section class=\"d-block d-md-flex title-row my-3 ml-0 ml-md-1\">\n<div class=\"section-title  mb-1 \">\n<h2>\n    Kapcsol\u00f3d\u00f3 oldalak\n<\/h2>\n<\/div>\n<\/section>\n        <div class=\"row row-cols-1 row-cols-md-2 row-cols-lg-2 no-gutters mx-0 \">    <div class =\"col  mb-2 card-wrapper\">\n        <a class=\"d-flex flex-fill card-link-warapper m-md-1\" href=\"https:\/\/semmelweis.hu\/reumatologia\/betegellatas\/campus-map\/\">\n            <div class=\"card border border-secondary se-border flex-fill\">\n                <div class=\"row no-gutters mx-0 d-flex flex-nowrap flex-md-wrap align-items-center\">\n                    <div class =\"  col-5 col-md-12  d-none  d-md-none d-md-none  bg-image  card-image justify-content-center\">\n                        <img class='wp-post-image img-fluid landscape' src='https:\/\/semmelweis.hu\/reumatologia\/wp-content\/themes\/se18\/dist\/images\/svg\/bg-image.svg' \/>\n                    <\/div>\n                    <div class=\"card-body  col flex-column  col-md-12 p-0\">\n                        <div class=\"line-clamp-box p-3\">\n                            <h5 class=\"ml-0 ml-sm-1 mt-2 align-items-center\"  >Campus Map<\/h5>\n                        <\/div>\n                        \n                    <\/div>\n                <\/div>\n\n            <\/div>\n        <\/a>\n    <\/div>    <div class =\"col  mb-2 card-wrapper\">\n        <a class=\"d-flex flex-fill card-link-warapper m-md-1\" href=\"https:\/\/semmelweis.hu\/reumatologia\/betegellatas\/neak-es-a-szervezeti-egysegek-azonositoi\/\">\n            <div class=\"card border border-secondary se-border flex-fill\">\n                <div class=\"row no-gutters mx-0 d-flex flex-nowrap flex-md-wrap align-items-center\">\n                    <div class =\"  col-5 col-md-12  d-none  d-md-none d-md-none  bg-image  card-image justify-content-center\">\n                        <img class='wp-post-image img-fluid landscape' src='https:\/\/semmelweis.hu\/reumatologia\/wp-content\/themes\/se18\/dist\/images\/svg\/bg-image.svg' \/>\n                    <\/div>\n                    <div class=\"card-body  col flex-column  col-md-12 p-0\">\n                        <div class=\"line-clamp-box p-3\">\n                            <h5 class=\"ml-0 ml-sm-1 mt-2 align-items-center\"  >NEAK \u00e9s a Szervezeti Egys\u00e9gek Azonos\u00edt\u00f3i<\/h5>\n                        <\/div>\n                        \n                    <\/div>\n                <\/div>\n\n            <\/div>\n        <\/a>\n    <\/div>    <div class =\"col  mb-2 card-wrapper\">\n        <a class=\"d-flex flex-fill card-link-warapper m-md-1\" href=\"https:\/\/semmelweis.hu\/reumatologia\/betegellatas\/betegjogok\/\">\n            <div class=\"card border border-secondary se-border flex-fill\">\n                <div class=\"row no-gutters mx-0 d-flex flex-nowrap flex-md-wrap align-items-center\">\n                    <div class =\"  col-5 col-md-12  d-none  d-md-none d-md-none  bg-image  card-image justify-content-center\">\n                        <img class='wp-post-image img-fluid landscape' src='https:\/\/semmelweis.hu\/reumatologia\/wp-content\/themes\/se18\/dist\/images\/svg\/bg-image.svg' \/>\n                    <\/div>\n                    <div class=\"card-body  col flex-column  col-md-12 p-0\">\n                        <div class=\"line-clamp-box p-3\">\n                            <h5 class=\"ml-0 ml-sm-1 mt-2 align-items-center\"  >Betegjogok<\/h5>\n                        <\/div>\n                        \n                    <\/div>\n                <\/div>\n\n            <\/div>\n        <\/a>\n    <\/div>    <div class =\"col  mb-2 card-wrapper\">\n        <a class=\"d-flex flex-fill card-link-warapper m-md-1\" href=\"https:\/\/semmelweis.hu\/reumatologia\/betegellatas\/lelkigondozas\/\">\n            <div class=\"card border border-secondary se-border flex-fill\">\n                <div class=\"row no-gutters mx-0 d-flex flex-nowrap flex-md-wrap align-items-center\">\n                    <div class =\"  col-5 col-md-12  d-none  d-md-none d-md-none  bg-image  card-image justify-content-center\">\n                        <img class='wp-post-image img-fluid landscape' src='https:\/\/semmelweis.hu\/reumatologia\/wp-content\/themes\/se18\/dist\/images\/svg\/bg-image.svg' \/>\n                    <\/div>\n                    <div class=\"card-body  col flex-column  col-md-12 p-0\">\n                        <div class=\"line-clamp-box p-3\">\n                            <h5 class=\"ml-0 ml-sm-1 mt-2 align-items-center\"  >Lelkigondoz\u00e1s<\/h5>\n                        <\/div>\n                        \n                    <\/div>\n                <\/div>\n\n            <\/div>\n        <\/a>\n    <\/div>        <\/div>\n    <\/section>\n","protected":false},"excerpt":{"rendered":"<p>A Reumatol\u00f3giai \u00e9s Immunol\u00f3gia Klinika a gyullad\u00e1sos \u00e9s degenerat\u00edv reumatol\u00f3giai betegs\u00e9gek gy\u00f3gy\u00edt\u00e1s\u00e1nak sz\u00e9les spektrum\u00e1t m\u0171veli, a legfrissebb tudom\u00e1nyos ir\u00e1nyelvek szerint alkalmazza a biol\u00f3giai ter\u00e1pi\u00e1s gy\u00f3gyszereket. A Klinika az eg\u00e9sz orsz\u00e1g ter\u00fclet\u00e9r\u0151l v\u00e1rja\u00a0 a gy\u00f3gyulni v\u00e1gy\u00f3 feln\u0151tt \u00e9s gyermekkor\u00fa betegeket, seg\u00edts\u00e9get ny\u00fajt a reumatoid artritiszben, a gyermekkori artritiszben, a k\u00f6szv\u00e9nyben, a polymyalgia reumatik\u00e1ban az oszteopor\u00f3zisban \u00e9s &hellip;<\/p>\n","protected":false},"author":12,"featured_media":0,"parent":0,"menu_order":1,"comment_status":"closed","ping_status":"closed","template":"template-fullwidth.php","meta":{"_acf_changed":false,"footnotes":""},"categories":[11],"tags":[],"class_list":["post-483","page","type-page","status-publish","hentry","category-nyitolap"],"acf":[],"_links":{"self":[{"href":"https:\/\/semmelweis.hu\/reumatologia\/wp-json\/wp\/v2\/pages\/483","targetHints":{"allow":["GET"]}}],"collection":[{"href":"https:\/\/semmelweis.hu\/reumatologia\/wp-json\/wp\/v2\/pages"}],"about":[{"href":"https:\/\/semmelweis.hu\/reumatologia\/wp-json\/wp\/v2\/types\/page"}],"author":[{"embeddable":true,"href":"https:\/\/semmelweis.hu\/reumatologia\/wp-json\/wp\/v2\/users\/12"}],"replies":[{"embeddable":true,"href":"https:\/\/semmelweis.hu\/reumatologia\/wp-json\/wp\/v2\/comments?post=483"}],"version-history":[{"count":11,"href":"https:\/\/semmelweis.hu\/reumatologia\/wp-json\/wp\/v2\/pages\/483\/revisions"}],"predecessor-version":[{"id":919,"href":"https:\/\/semmelweis.hu\/reumatologia\/wp-json\/wp\/v2\/pages\/483\/revisions\/919"}],"wp:attachment":[{"href":"https:\/\/semmelweis.hu\/reumatologia\/wp-json\/wp\/v2\/media?parent=483"}],"wp:term":[{"taxonomy":"category","embeddable":true,"href":"https:\/\/semmelweis.hu\/reumatologia\/wp-json\/wp\/v2\/categories?post=483"},{"taxonomy":"post_tag","embeddable":true,"href":"https:\/\/semmelweis.hu\/reumatologia\/wp-json\/wp\/v2\/tags?post=483"}],"curies":[{"name":"wp","href":"https:\/\/api.w.org\/{rel}","templated":true}]}}