{"id":481,"date":"2025-03-20T08:43:51","date_gmt":"2025-03-20T07:43:51","guid":{"rendered":"https:\/\/semmelweis.hu\/reumatologia\/?page_id=481"},"modified":"2025-03-25T15:39:17","modified_gmt":"2025-03-25T14:39:17","slug":"lelkigondozas","status":"publish","type":"page","link":"https:\/\/semmelweis.hu\/reumatologia\/betegellatas\/lelkigondozas\/","title":{"rendered":"Lelkigondoz\u00e1s"},"content":{"rendered":"<h4><strong>Istentiszteletek a Szent Luk\u00e1cs k\u00f3rh\u00e1zk\u00e1poln\u00e1ban<\/strong><\/h4>\n<h5>Katolikus szentmise:<\/h5>\n<p>p\u00e9nteken 16.30 \u00f3rakor<br \/>\nHorv\u00e1th M\u00e1rton atya<\/p>\n<h5>Reform\u00e1tus istentisztelet:<\/h5>\n<p>kedden 15.00 \u00f3rakor<br \/>\nSepsi Krisztina reform\u00e1tus lelk\u00e9sz (+36 30 790-3928)<\/p>\n<hr \/>\n<p><strong>A k\u00e1polna nyitva minden nap 7.00 &#8211; 19.00 \u00f3r\u00e1ig.<\/strong><br \/>\nSzeretettel v\u00e1rjuk kedves testv\u00e9reinket!<\/p>\n<div class=\"keretes w-100\">\n<p><strong>Budapesti Katolikus K\u00f3rh\u00e1zlelk\u00e9szs\u00e9g<\/strong><br \/>\n1122 Budapest, R\u00e1th Gy\u00f6rgy u. 7-9.; <br \/>\nTel.: +36 1 224-8640; <br \/>\nE-mail: korlelk@gmail.com<\/p>\n<p>K\u00f3rh\u00e1zlelk\u00e9sz: Horv\u00e1th M\u00e1rton atya<br \/>\nS\u00fcrg\u0151ss\u00e9gi Lelkip\u00e1sztori Szolg\u00e1lat \u00e9jjel-nappal h\u00edvhat\u00f3 telefonsz\u00e1ma: +36 1 213-9620<\/p>\n<\/div>\n<p>&nbsp;<\/p>\n","protected":false},"excerpt":{"rendered":"<p>Istentiszteletek a Szent Luk\u00e1cs k\u00f3rh\u00e1zk\u00e1poln\u00e1ban Katolikus szentmise: p\u00e9nteken 16.30 \u00f3rakor Horv\u00e1th M\u00e1rton atya Reform\u00e1tus istentisztelet: kedden 15.00 \u00f3rakor Sepsi Krisztina reform\u00e1tus lelk\u00e9sz (+36 30 790-3928) A k\u00e1polna nyitva minden nap 7.00 &#8211; 19.00 \u00f3r\u00e1ig. Szeretettel v\u00e1rjuk kedves testv\u00e9reinket! Budapesti Katolikus K\u00f3rh\u00e1zlelk\u00e9szs\u00e9g 1122 Budapest, R\u00e1th Gy\u00f6rgy u. 7-9.; Tel.: +36 1 224-8640; E-mail: korlelk@gmail.com K\u00f3rh\u00e1zlelk\u00e9sz: Horv\u00e1th &hellip;<\/p>\n","protected":false},"author":12,"featured_media":0,"parent":483,"menu_order":4,"comment_status":"closed","ping_status":"closed","template":"","meta":{"_acf_changed":false,"footnotes":""},"categories":[],"tags":[],"class_list":["post-481","page","type-page","status-publish","hentry"],"acf":[],"_links":{"self":[{"href":"https:\/\/semmelweis.hu\/reumatologia\/wp-json\/wp\/v2\/pages\/481","targetHints":{"allow":["GET"]}}],"collection":[{"href":"https:\/\/semmelweis.hu\/reumatologia\/wp-json\/wp\/v2\/pages"}],"about":[{"href":"https:\/\/semmelweis.hu\/reumatologia\/wp-json\/wp\/v2\/types\/page"}],"author":[{"embeddable":true,"href":"https:\/\/semmelweis.hu\/reumatologia\/wp-json\/wp\/v2\/users\/12"}],"replies":[{"embeddable":true,"href":"https:\/\/semmelweis.hu\/reumatologia\/wp-json\/wp\/v2\/comments?post=481"}],"version-history":[{"count":6,"href":"https:\/\/semmelweis.hu\/reumatologia\/wp-json\/wp\/v2\/pages\/481\/revisions"}],"predecessor-version":[{"id":941,"href":"https:\/\/semmelweis.hu\/reumatologia\/wp-json\/wp\/v2\/pages\/481\/revisions\/941"}],"up":[{"embeddable":true,"href":"https:\/\/semmelweis.hu\/reumatologia\/wp-json\/wp\/v2\/pages\/483"}],"wp:attachment":[{"href":"https:\/\/semmelweis.hu\/reumatologia\/wp-json\/wp\/v2\/media?parent=481"}],"wp:term":[{"taxonomy":"category","embeddable":true,"href":"https:\/\/semmelweis.hu\/reumatologia\/wp-json\/wp\/v2\/categories?post=481"},{"taxonomy":"post_tag","embeddable":true,"href":"https:\/\/semmelweis.hu\/reumatologia\/wp-json\/wp\/v2\/tags?post=481"}],"curies":[{"name":"wp","href":"https:\/\/api.w.org\/{rel}","templated":true}]}}