{"id":478,"date":"2025-03-20T08:43:38","date_gmt":"2025-03-20T07:43:38","guid":{"rendered":"https:\/\/semmelweis.hu\/reumatologia\/?page_id=478"},"modified":"2025-03-25T15:37:50","modified_gmt":"2025-03-25T14:37:50","slug":"klinikank-tortenete","status":"publish","type":"page","link":"https:\/\/semmelweis.hu\/reumatologia\/a-klinikarol\/klinikank-tortenete\/","title":{"rendered":"Klinik\u00e1nk t\u00f6rt\u00e9nete"},"content":{"rendered":"<h4><strong>A kezdetek: <em>&#8222;M\u00e1r a g\u00f6r\u00f6g\u00f6k is&#8230;&#8221;<\/em><\/strong><\/h4>\n<p>A g\u00f6r\u00f6g term\u00e9szetfiloz\u00f3fia alapj\u00e1n kifejl\u0151d\u00f6tt \u00f3kori orvostudom\u00e1ny az emberi term\u00e9szetet az \u0151selemek, f\u00f6ld, t\u0171z, leveg\u0151 \u00e9s a v\u00edz megtestes\u00fcl\u00e9s\u00e9nek tartotta (Empedokl\u00e9sz). Az els\u0151 megnevezett orvos, Aszkl\u00e9piosz a hom\u00e9roszi id\u0151kben term\u00e9szetes szem\u00e9ly volt, aki term\u00e9szeti elveken alapul\u00f3 iskol\u00e1t alap\u00edtott K\u00f3sz sziget\u00e9n. M\u00edtosza az istenek k\u00f6r\u00e9be emelte. Ut\u00f3dai \u00e9s tan\u00edtv\u00e1nyaik komplex gy\u00f3gy\u00edt\u00f3 centrumokat, (aszkl\u00e9pion) hoztak l\u00e9tre. Ezek egyszerre \u00e9letm\u00f3d-iskol\u00e1k, a term\u00e9szetes gy\u00f3gym\u00f3dok, alv\u00e1s, testedz\u00e9s, mozg\u00e1s \u00e9s massz\u00e1zs kezel\u00e9sek, egy\u00fattal ment\u00e1lis rekre\u00e1ci\u00f3: zene, gy\u00f3gy\u00edt\u00f3 alv\u00e1s otthonai voltak. Hippokratesz a betegs\u00e9geket m\u00e1r a testnedvek \u00e1raml\u00e1s\u00e1nak (rein, reuma: folyam, \u00e1raml\u00e1s, mozg\u00e1s) zavaraira vezette vissza. A r\u00f3mai korban a birodalomban sz\u00e9tv\u00e1ndorl\u00f3 g\u00f6r\u00f6g orvosok gy\u00f3gy\u00edtottak, szint\u00e9n a term\u00e9szetes gy\u00f3gym\u00f3dokkal. Galenosz a v\u00e9rm\u00e9rs\u00e9kleti t\u00edpusokat a testnedvek ar\u00e1ny\u00e1nak megboml\u00e1s\u00e1ra vezette vissza. A szangvinikus, melank\u00f3likus, flegmatikus \u00e9s kolerikus alkatok jellegzetes viselked\u00e9s\u00e9t a v\u00e9r, az epe, vagy a v\u00e1lad\u00e9kok t\u00fals\u00faly\u00e1val magyar\u00e1zta.\u00a0A r\u00f3mai Celsus a gyullad\u00e1s t\u00fcneteinek le\u00edr\u00f3ja m\u00e1r a r\u00f3mai f\u00fcrd\u0151kult\u00fara l\u00e9tes\u00edtm\u00e9nyeit vehette ig\u00e9nybe. A term\u00e1k aqua calda balnea f\u00fcrd\u0151k egy\u00fattal a melegvizes hidroter\u00e1pia helysz\u00ednei voltak \u00e9s a balneol\u00f3gia tudom\u00e1nyos kezdeteinek adtak keretet.<\/p>\n<p>Mindezek felt\u00e9telei a r\u00f3mai kori \u00d3bud\u00e1n, a katona- \u00e9s polg\u00e1rv\u00e1ros Aquincumban \u00f6sszpontosultak a R\u00f3zsadomb l\u00e1b\u00e1n\u00e1l felsz\u00ednre t\u00f6r\u0151 meleg \u00e1sv\u00e1nyvizek r\u00e9v\u00e9n (Thermae maiores). Ezt a mai Fl\u00f3ri\u00e1n t\u00e9ri f\u00fcrd\u0151-maradv\u00e1nyok bizony\u00edtj\u00e1k. A k\u00f6z\u00e9pkorban az idemenek\u00fclt rhodoszi kereszteslovagok k\u00f3rh\u00e1zat \u00e9s f\u00fcrd\u0151t tartottak fenn a mai Luk\u00e1cs f\u00fcrd\u0151 hely\u00e9n. A mai \u00e9p\u00fcleteket az 1800-as \u00e9vek v\u00e9g\u00e9n emelt\u00e9k a kincst\u00e1r\u00f3l megv\u00e1s\u00e1rolt telkeken.<\/p>\n<h4><strong>T\u00f6r\u00f6k\u00f6kt\u0151l a XX. sz\u00e1zadig<\/strong><\/h4>\n<p>Az \u00f3budai f\u00fcrd\u0151kult\u00fara m\u00e1sodik nagy hull\u00e1ma a t\u00f6r\u00f6k h\u00f3dolts\u00e1g kor\u00e1ban \u00e9rkezett, a ritu\u00e1lis t\u00f6r\u00f6k f\u00fcrd\u0151z\u00e9s megjelen\u00e9s\u00e9vel. T\u00f6r\u00f6k f\u00fcrd\u0151k sora l\u00e9tes\u00fclt a budai hegyek \u00e9s a Duna k\u00f6z\u00f6tt. Szokoli Musztafa budai beglerb\u00e9g Baruthane f\u00fcrd\u0151je hely\u00e9n van ma a Luk\u00e1cs-Cs\u00e1sz\u00e1r-Hild f\u00fcrd\u0151komplexum. Ennek r\u00e9sze volt a ma is m\u0171k\u00f6d\u0151 Veli bej ilidzsa (f\u00fcrd\u0151,1576), amely 1980 \u00f3ta ism\u00e9t reumatol\u00f3giai k\u00f3rh\u00e1zi c\u00e9lt szolg\u00e1l (az egyik legjelent\u0151sebb magyar \u00e9p\u00edt\u00e9sz, Vir\u00e1g Csaba tervei szerint, a 2006. \u00e9vi rekonstrukci\u00f3j\u00e1ban).<\/p>\n<p>A f\u00fcrd\u0151\u00e9let nem sz\u0171nt meg az \u00fajj\u00e1\u00e9led\u0151 \u00d3bud\u00e1n. A betelep\u00fcl\u0151 \u201edunai sv\u00e1bok\u201d (braunhaxlerek) a r\u00f3mai castrum romjaira \u00e9p\u00fclt l\u0151pormalom (Kaiserm\u00fchle, Cs\u00e1sz\u00e1rmalom) hely\u00e9n kialakult Malomt\u00f3 v\u00edz\u00e9ben f\u00fcrd\u0151ztek, amely k\u00f6r\u00fcl malmok, f\u00fcrd\u0151h\u00e1zak \u00e9s sz\u00e1ll\u00e1shelyek \u00e9p\u00fcltek. Az 1840-as \u00e9vekben az egyik \u00faj k\u00f3rh\u00e1z\u00e9p\u00fclet hely\u00e9re Marczib\u00e1nyi Istv\u00e1n alisp\u00e1n, kir\u00e1lyi tan\u00e1csos, budai birtokos \u00e9p\u00edttette a mai Cs\u00e1sz\u00e1r f\u00fcrd\u0151 Hild J\u00f3zsef sz\u00e1rny\u00e1t, melynek haszon\u00e9lvezet alap\u00edtv\u00e1nyi rendelkez\u00e9se szerint az Irgalmasrendre sz\u00e1llt, amely a birtok m\u00e1s telkein k\u00f3rh\u00e1zat tartott fenn. A mellette fel\u00e9p\u00fclt Luk\u00e1cs f\u00fcrd\u0151vel egy\u00fctt a XX. sz\u00e1zadra nem csup\u00e1n a Monarchia eleven t\u00e1rsas\u00e1gi f\u00fcrd\u0151\u00e9let\u00e9nek egyik elismert otthon\u00e1v\u00e1, hanem a tudom\u00e1nyos szint\u0171 reumatol\u00f3gia \u00e9s balneol\u00f3gia Eur\u00f3pai szint\u0171 klinikai centrum\u00e1v\u00e1 v\u00e1lt.<\/p>\n<h4><strong>A XX. sz\u00e1zadban<\/strong><\/h4>\n<p>A Luk\u00e1cs \u00e9s Cs\u00e1sz\u00e1r f\u00fcrd\u0151k \u00e9s sz\u00e1ll\u00f3k \u00e9p\u00fcleteiben az elm\u00falt \u00e9vsz\u00e1zad 20-as \u00e9veit\u0151l a f\u00fcrd\u0151kezel\u00e9sek mellett a gy\u00f3gyvizek k\u00e9miai hat\u00e1s\u00e1nak kutat\u00e1sa is folyt. A hazai tudom\u00e1nyos balneol\u00f3gia \u00e9s reumatol\u00f3gia megalap\u00edt\u00f3ja dr. Bel\u00e1k S\u00e1ndor (1886-1947) a debreceni majd budapesti egyetemek k\u00f3r\u00e9lettan \u00e9s gy\u00f3gyszerhat\u00e1stan professzora volt. Az 1937-ben alap\u00edtott Reuma- \u00e9s F\u00fcrd\u0151\u00fcgyi Kutat\u00f3 Int\u00e9zet vezet\u0151jek\u00e9nt a kor tudom\u00e1nyos sz\u00ednvonal\u00e1nak megfelel\u0151en az \u00edz\u00fcleti gyullad\u00e1sos betegs\u00e9geket az akkori megnevez\u00e9s szerinti \u201eallergia-tan\u201d-nal, a k\u00f6t\u0151sz\u00f6vetben zajl\u00f3 nem-fert\u0151z\u0151 gyullad\u00e1ssal magyar\u00e1zta (ez mag\u00e1ban foglalta a mai autoimmun betegs\u00e9geket). A m\u00e1sodik vil\u00e1gh\u00e1bor\u00faban a f\u00fcrd\u0151k \u00e9s az Irgalmasrendi K\u00f3rh\u00e1z egyar\u00e1nt s\u00falyos k\u00e1rosod\u00e1sokat szenvedett, azonban a gy\u00f3gy\u00edt\u00f3 munka a n\u00e9lk\u00fcl\u00f6z\u00e9sek k\u00f6z\u00f6tt is folytat\u00f3dott.<\/p>\n<p>A koal\u00edci\u00f3s id\u0151k \u00e1llamos\u00edt\u00e1sai el\u00e9rt\u00e9k a gy\u00f3gyf\u00fcrd\u0151ket is. A Luk\u00e1cs \u00e9s Cs\u00e1sz\u00e1r f\u00fcrd\u0151k b\u00e1zis\u00e1n j\u00f6tt l\u00e9tra az Orsz\u00e1gos Gy\u00f3gyf\u00fcrd\u0151 Igazgat\u00f3s\u00e1g \u00e9s annak tudom\u00e1nyos szervezete az Orsz\u00e1gos Balneol\u00f3giai Kutat\u00f3 Int\u00e9zet, dr. Schulhof \u00d6d\u00f6n (1896-1978), h\u00e9v\u00edzi \u00e9s budapesti gyakorl\u00f3 reumatol\u00f3gus vezet\u00e9s\u00e9vel. Egy\u00fctt alkott\u00e1k az 1949-ben l\u00e9trehozott \u00c1llami Reuma-K\u00f3rh\u00e1zat, 200 \u00e1ggyal. Az eg\u00e9szs\u00e9g\u00fcgyi korm\u00e1nyzat orsz\u00e1gos int\u00e9zet-h\u00e1l\u00f3zati koncepci\u00f3ja jegy\u00e9ben (az amerikai National Institute of Health, NIH modellj\u00e9re) az \u00e1llamos\u00edtott Irgalmasrendi K\u00f3rh\u00e1z bevon\u00e1s\u00e1val alak\u00edtotta ki az Orsz\u00e1gos Reuma- \u00e9s F\u00fcrd\u0151\u00fcgyi Int\u00e9zetet (1951). Az \u00e1ltal\u00e1nos \u00e9s speci\u00e1lis kutat\u00f3-k\u00f3rh\u00e1z feladata \u201ea reuma-mozg\u00e1sszervi betegs\u00e9gek elleni k\u00fczdelem, a balneol\u00f3giai-klimatol\u00f3giai \u00e9s fizioter\u00e1pi\u00e1s elj\u00e1r\u00e1sok ter\u00fclet\u00e9n szervez\u00e9si, m\u00f3dszertani, pedag\u00f3giai \u00e9s tudom\u00e1nyos-kutat\u00f3 alapint\u00e9zm\u00e9ny\u201d. A nagy\u00edv\u0171 feladat kijel\u00f6l\u00e9s mellett az ORFI az orsz\u00e1gos gy\u00f3gyf\u00fcrd\u0151 hat\u00f3s\u00e1g szerep\u00e9t is bet\u00f6lt\u00f6tte.<\/p>\n<p>A k\u00f6zpontos\u00edt\u00e1ssal \u00e9s a k\u00e9s\u0151bbi a Frankel Le\u00f3 u. 38-40 (volt Esplanade sz\u00e1ll\u00f3), az 54. sz\u00e1m alatti volt rendh\u00e1z \u00e9s fert\u0151z\u0151 k\u00f3rh\u00e1z \u00e9s a 62. sz\u00e1m alatti volt honv\u00e9dk\u00f3rh\u00e1z, mint Heine-Medin oszt\u00e1ly becsatol\u00e1s\u00e1val az \u00e1gysz\u00e1m 488-ra emelkedett, de a gy\u00f3gyvizes kezel\u00e9seket kezdetben csak a Luk\u00e1cs f\u00fcrd\u0151ben lehetett biztos\u00edtani. Az ORFI els\u0151 f\u0151igazgat\u00f3ja dr. Dubovitz D\u00e9nes (1913-1973, piarista di\u00e1k, t\u00e1rsadalomfiloz\u00f3fus, orvos, eg\u00e9szs\u00e9g\u00fcgyi szervez\u0151) volt. Vezet\u00e9se alatt az Int\u00e9zet t\u00fcrelmes hum\u00e1npolitik\u00e1t folytatott, az \u00e1llamos\u00edtott egys\u00e9gek dolgoz\u00f3it fenntart\u00e1sok n\u00e9lk\u00fcl tov\u00e1bb foglalkoztatt\u00e1k, m\u00e1soknak egzisztenci\u00e1lis lehet\u0151s\u00e9get ny\u00fajtottak.<\/p>\n<p>Az Eg\u00e9szs\u00e9g\u00fcgyi Miniszt\u00e9rium az ORFI orvosvezet\u0151inek aj\u00e1nl\u00e1s\u00e1t akcept\u00e1lva, 1957-ben dr. Farkas K\u00e1roly c\u00edmzetes egyetemi tan\u00e1rt nevezte ki az ORFI m\u00e1sodik f\u0151igazgat\u00f3j\u00e1nak (1905-1979, patol\u00f3gus, orvost\u00f6rt\u00e9n\u00e9sz). Patol\u00f3gusk\u00e9nt \u0151 is az immunol\u00f3giai gyullad\u00e1st tekintette a k\u00f6t\u0151sz\u00f6veti \u00e9s reumatol\u00f3giai rendszerbetegs\u00e9gek els\u0151dleges mechanizmus\u00e1nak. Mint elk\u00f6telezett vezet\u0151, kiterjedt rekonstrukci\u00f3kat, b\u0151v\u00edt\u00e9seket vonzott be, megszervezte a specializ\u00e1lt mozg\u00e1sszervi rehabilit\u00e1ci\u00f3s oszt\u00e1lyokat. Az ORFI elnevez\u00e9se is ekkor, 1968-ban v\u00e1ltozott Orsz\u00e1gos Reuma \u00e9s F\u00fcrd\u0151\u00fcgyi Int\u00e9zetr\u0151l Orsz\u00e1gos Reuma \u00e9s Fizioter\u00e1pi\u00e1s Int\u00e9zetre. Kezdem\u00e9nyez\u0151je \u00e9s r\u00e9szese volt a Semmelweis Orvost\u00f6rt\u00e9neti K\u00f6nyvt\u00e1r \u00e9s M\u00fazeum kialak\u00edt\u00e1s\u00e1nak \u00e9s az ORFI szervezet\u00e9ben val\u00f3 m\u0171k\u00f6dtet\u00e9s\u00e9nek, a szakmai foly\u00f3irat megind\u00edt\u00e1s\u00e1nak \u00e9s az Orvostov\u00e1bbk\u00e9pz\u0151 Int\u00e9zet Reumatol\u00f3giai \u00e9s Fizioter\u00e1pi\u00e1s Tansz\u00e9k ORFI b\u00e1zison t\u00f6rt\u00e9n\u0151 megalak\u00edt\u00e1s\u00e1nak. Prof. Dr. Bozs\u00f3ky S\u00e1ndor (1927-2007) immunfeh\u00e9rje-kutat\u00f3, majd klinikus reumatol\u00f3gus \u00e9s immunol\u00f3gus 1971-ben nyert tansz\u00e9kvezet\u0151i, majd 1976-ban ORFI f\u0151igazgat\u00f3i kinevez\u00e9st. Nev\u00e9hez f\u0171z\u0151dik a reumatol\u00f3giai szakk\u00e9pz\u00e9s \u00e9s tov\u00e1bbk\u00e9pz\u00e9s meg\u00faj\u00edt\u00e1sa, a k\u00f6zvetlen beutal\u00e1sos betegfelv\u00e9teli rendszer bevezet\u00e9se, Prof. Dr. Risk\u00f3 Tibor megh\u00edv\u00e1sa az ORFI Ortop\u00e9diai Oszt\u00e1ly\u00e1nak vezet\u00e9s\u00e9re \u00e9s az annak b\u00e1zis\u00e1n m\u0171k\u00f6d\u0151 OTKI Ortop\u00e9diai Tansz\u00e9k integr\u00e1l\u00e1sa. Az immunol\u00f3giai laborat\u00f3rium vezet\u00e9s\u00e9re dr. Mer\u00e9tey Katalint h\u00edvta meg (immunol\u00f3gus kutat\u00f3, az MTA doktora, 1935-2010), aki a hazai immunol\u00f3giai diagnosztika egyik vezet\u0151 k\u00f6zpontj\u00e1v\u00e1 fejlesztett azt. Falus Andr\u00e1s munkat\u00e1rs\u00e1val (immunbiol\u00f3gus, k\u00e9s\u0151bb budapesti orvosegyetemi professzor, az MTA rendes tagja) nemzetk\u00f6zileg elismert tudom\u00e1nyos munk\u00e1ss\u00e1got mondhattak maguk\u00e9nak.<\/p>\n<p>Bozs\u00f3ky professzor f\u0151igazgat\u00f3i peri\u00f3dusa alatt \u00e9p\u00fclt fel az \u00c1rp\u00e1d fejedelem \u00fati 300 \u00e1gyas korszer\u0171 k\u00f3rh\u00e1z\u00e9p\u00fclet \u00e9s megval\u00f3sult a Cs\u00e1sz\u00e1r Hild \u00e9p\u00fcletsz\u00e1rny, a fizioter\u00e1pi\u00e1s oszt\u00e1ly \u00e9s a t\u00f6r\u00f6k f\u00fcrd\u0151 els\u0151 rekonstrukci\u00f3ja. Nyugalomba vonul\u00e1sa ut\u00e1n (1982) a tansz\u00e9k vezet\u00e9s\u00e9re Prof. dr. G\u00f6m\u00f6r B\u00e9la nyert kinevez\u00e9st (1984). A szakk\u00e9pz\u00e9s meg\u00faj\u00edt\u00e1sa, a reumatol\u00f3gia \u00e9s fizioter\u00e1pia szakk\u00e9pes\u00edt\u00e9s sz\u00e9tv\u00e1laszt\u00e1sa, az akt\u00edv \u00e9s rehabilit\u00e1ci\u00f3s ell\u00e1t\u00e1s sz\u00e9tv\u00e1laszt\u00e1si modellje f\u0171z\u0151dik a nev\u00e9hez. ORFI f\u0151igazgat\u00f3k\u00e9nt Dr. Korondi Istv\u00e1n (1939-2019) korm\u00e1nyzati tisztvisel\u0151, eg\u00e9szs\u00e9g\u00fcgyi szervez\u0151 nyert kinevez\u00e9st (1983). Hum\u00e1nus vezet\u0151k\u00e9nt az ORFI reput\u00e1ci\u00f3j\u00e1nak meg\u0151rz\u00e9s\u00e9t tekintette f\u0151 feladat\u00e1nak \u00e9s tud\u00e1s\u00e1val hozz\u00e1j\u00e1rult a reumatol\u00f3giai tov\u00e1bbk\u00e9pz\u00e9shez. A rendszerv\u00e1lt\u00e1s atmoszf\u00e9r\u00e1j\u00e1ban \u00f6nk\u00e9nt visszavonult (1991), azonban bar\u00e1ti kapcsolata az ORFI-val nem szakadt meg. A f\u0151igazgat\u00f3i poszton dr. B\u00e1lint G\u00e9za k\u00f6vette (1991, klinikai reumatol\u00f3gus, a MTA doktora). Vezet\u00e9si peri\u00f3dus\u00e1nak els\u0151 pr\u00f3bat\u00e9tele az \u00faj, betegk\u00f6vet\u0151 finansz\u00edroz\u00e1si rendszerhez val\u00f3 szervezeti alkalmazkod\u00e1s volt (1993-94), amelyhez az akt\u00edv reumatol\u00f3giai \u00e9s a kr\u00f3nikus rehabilit\u00e1ci\u00f3s egys\u00e9gek kialak\u00edt\u00e1s\u00e1val siker\u00fclt alkalmazkodni (1996). Emellett k\u00f6zponti ambulancia \u00e9s korszer\u0171 MRI kialak\u00edt\u00e1s\u00e1val j\u00e1rult hozz\u00e1 a betegell\u00e1t\u00e1s sz\u00ednvonal\u00e1nak emel\u00e9s\u00e9hez.<\/p>\n<p>A legf\u0151bb kih\u00edv\u00e1snak azonban a volt egyh\u00e1zi ingatlanok tulajdoni helyzet\u00e9nek rendez\u00e9s\u00e9r\u0151l sz\u00f3l\u00f3 t\u00f6rv\u00e9nynek (1991. \u00e9vi XXII. tv) az ORFI-ra vonatkoz\u00f3 v\u00e9grehajt\u00e1sa bizonyult. F\u0151 t\u00f6rekv\u00e9se az Int\u00e9zet funkcion\u00e1lis egys\u00e9g\u00e9nek meg\u0151rz\u00e9se volt, ezt azonban a t\u00f6rv\u00e9ny \u00e1ltal el\u0151\u00edrt egyeztet\u00e9sek kudarca nem tette lehet\u0151v\u00e9. Ezt k\u00f6vet\u0151en t\u00f6bbl\u00e9pcs\u0151s korm\u00e1nyzati d\u00f6nt\u00e9sek hat\u00e1rozt\u00e1k meg az \u00e1llami Orsz\u00e1gos Reuma \u00e9s Fizioter\u00e1pi\u00e1s Int\u00e9zet \u00e9s az egyh\u00e1zi ig\u00e9nyl\u0151 (Irgalmasrend) \u00e1ltal fel\u00e1ll\u00edtand\u00f3 \u00f6n\u00e1ll\u00f3 k\u00f3rh\u00e1zakhoz vezet\u0151 menetrendet (1998-2000).<\/p>\n<h4><strong>Az \u00faj \u00e9vezredben<\/strong><\/h4>\n<p>A fel\u00fcgyel\u0151 f\u0151hat\u00f3s\u00e1g \u00e9s az \u00c1llami Vagyon\u00fcgyn\u00f6ks\u00e9g j\u00f3v\u00e1hagy\u00e1s\u00e1val az ORFI vezet\u00e9se, a szakmai test\u00fcletek \u00e9s szak\u00e9rt\u0151k \u00e1ltal javasolt szervezetben folyamatosan tov\u00e1bb m\u0171k\u00f6dve 2000. j\u00falius 1.-\u00e9n l\u00e9trej\u00f6tt az \u00faj Orsz\u00e1gos Reumatol\u00f3giai \u00e9s Fizioter\u00e1pi\u00e1s Int\u00e9zet, Prof. dr. Po\u00f3r Gyula f\u0151igazgat\u00f3 (belgy\u00f3gy\u00e1sz, reumatol\u00f3gus, eg\u00e9szs\u00e9g\u00fcgyi menedzser, a MTA levelez\u0151 tagja) vezet\u00e9s\u00e9vel.<\/p>\n<p>Igazgat\u00f3s\u00e1g\u00e1nak els\u0151 \u00e9vei alatt p\u00f3tolta vissza az Int\u00e9zet elveszett n\u00e9lk\u00fcl\u00f6zhetetlen egys\u00e9geit (labort\u00f3rium, intenz\u00edv oszt\u00e1ly, gy\u00f3gyszert\u00e1r), tov\u00e1bb\u00e1 \u00fajraind\u00edtotta az orsz\u00e1gos int\u00e9zeti m\u00f3dszertani \u00e9s min\u0151s\u00e9g\u00fcgyi funkci\u00f3kat, integr\u00e1lva a legkorszer\u0171bb biol\u00f3giai ter\u00e1pi\u00e1kat, valamint a budapesti orvosegyetemi oktat\u00e1st. PhD iskol\u00e1t \u00e9s \u00e9venk\u00e9nti tov\u00e1bbk\u00e9pz\u0151 tanfolyamot teremtett, az Int\u00e9zetet hazai \u00e9s nemzetk\u00f6zi egy\u00fcttm\u0171k\u00f6d\u00e9si programok (MTA, Marosv\u00e1s\u00e1rhelyi Orvosegyetem, EULAR munkak\u00e9pess\u00e9gi \u2013 Fit for Work &#8211; program) r\u00e9szes\u00e9v\u00e9 tette az Int\u00e9zetet. Annak ellen\u00e9re, hogy 2007-ben finansz\u00edroz\u00e1si indok\u00fa \u00e1gysz\u00e1m cs\u00f6kkent\u00e9st kellett v\u00e9grehajtani, stabiliz\u00e1lta az Int\u00e9zet gazdas\u00e1gi helyzet\u00e9t. A legut\u00f3bbi \u00e9vekben nagyszab\u00e1s\u00fa fejleszt\u00e9seket harcolt ki \u00e9s menedzselt (egymilli\u00e1rd forint \u00e9rt\u00e9k\u0171 energetikai, informatikai \u00e9s \u00e9p\u00fcletfel\u00faj\u00edt\u00e1si program). Legut\u00f3bb pedig az Int\u00e9zet az Eur\u00f3pai Uni\u00f3 t\u00e1mogat\u00e1s\u00e1val az Emberi Er\u0151forr\u00e1s Fejleszt\u00e9s Operat\u00edv Program (EFOP) r\u00e9v\u00e9n 1,3 milli\u00e1rd forint \u00e9rt\u00e9k\u0171 laborat\u00f3riumi, k\u00e9palkot\u00f3 \u00e9s funkcion\u00e1lis mozg\u00e1sanaliz\u00e1l\u00f3 diagnosztika fejleszt\u00e9st hajthatott v\u00e9gre. Ennek keret\u00e9ben cs\u00facstechnol\u00f3gi\u00e1s berendez\u00e9sek ker\u00fcltek telep\u00edt\u00e9sre az int\u00e9zm\u00e9nybe (kett\u0151s energi\u00e1j\u00fa CT, funkcion\u00e1lis MR, laptop \u00e9s zseb ultrahangok), a magyar szakemberek pedig a partnerint\u00e9zm\u00e9nyekben saj\u00e1t\u00edthatt\u00e1k el az \u00faj diagnosztikai m\u00f3dszerek alkalmaz\u00e1s\u00e1t. A programnak az is feladata volt, hogy az int\u00e9zm\u00e9ny szakemberei \u00e1tadj\u00e1k a tud\u00e1sukat orsz\u00e1gszerte minden \u00e9rdekl\u0151d\u0151 koll\u00e9g\u00e1nak.<\/p>\n<p>Az orsz\u00e1gos int\u00e9zetek \u00fajra-pozicion\u00e1l\u00e1sa kapcs\u00e1n a k\u00f6zelm\u00faltban (2021) a nagy m\u00e9rt\u00e9kben k\u00f6z\u00f6s profil\u00fa ORFI \u00e9s az Orsz\u00e1gos Orvosi Rehabilit\u00e1ci\u00f3s Int\u00e9zet (OORI) \u00f6sszevon\u00e1s\u00e1ra ker\u00fcl sor Orsz\u00e1gos Mozg\u00e1sszervi Int\u00e9zet n\u00e9ven, a k\u00e9t telephely mellett a Par\u00e1df\u00fcrd\u0151i \u00c1llami K\u00f3rh\u00e1z t\u00e1rsint\u00e9zm\u00e9nyk\u00e9nt val\u00f3 bevon\u00e1s\u00e1val. Az OMINT Alap\u00edt\u00f3 okirata szerinti feladata a feln\u0151tt- \u00e9s gyermekreumatol\u00f3giai, illetve a kapcsol\u00f3d\u00f3 klinikai immunol\u00f3giai \u00e9s intenz\u00edv ter\u00e1pi\u00e1s feladatok, valamint a mozg\u00e1sszervi \u00e9s neuro-muszkulo-szkelet\u00e1lis rehabilit\u00e1ci\u00f3 (alap \u00e9s speci\u00e1lis tev\u00e9kenys\u00e9gek), \u00e9s pszichi\u00e1triai rehabilit\u00e1ci\u00f3, valamint az azt t\u00e1mogat\u00f3 akt\u00edv fekv\u0151beteg ell\u00e1t\u00e1s.<br \/>\n2024. m\u00e1rcius\u00e1ban az OORI a Semmelweis Egyetemet fenntart\u00f3 k\u00f6zalap\u00edtv\u00e1ny m\u0171k\u00f6dtet\u00e9s\u00e9be ker\u00fclt SE Rehabilit\u00e1ci\u00f3s Klinika n\u00e9ven. A marad\u00f3 OMINT vezet\u00e9s\u00e9re \u00e1tmeneti id\u0151szakra Prof. Dr. Kiss Emese egyetemi tan\u00e1r, a MTA doktora, ezt k\u00f6vet\u0151en 2024. j\u00falius\u00e1t\u00f3l Prof. dr. Nagy Gy\u00f6rgy tansz\u00e9kvezet\u0151 egyetemi tan\u00e1r, az MTA doktora kapott f\u0151igazgat\u00f3i megb\u00edz\u00e1st. Erre az id\u0151szakra tehet\u0151 a kor\u00e1bban szerz\u0151d\u00e9ses keretek k\u00f6z\u00f6tt t\u00f6rt\u00e9nt leletez\u00e9s helyett a CT\/MRI labor kapacit\u00e1sainak maxim\u00e1lis kihaszn\u00e1l\u00e1sa \u00faj radiol\u00f3gus koll\u00e9g\u00e1k alkalmaz\u00e1s\u00e1val, a tudom\u00e1nyos \u00e9let fellend\u00edt\u00e9se, a gradu\u00e1lis \u00e9s posztgradu\u00e1lis oktat\u00e1si tev\u00e9kenys\u00e9g megsokszoroz\u00e1sa, a szakdolgoz\u00f3k bels\u0151 szakmai tov\u00e1bbk\u00e9pz\u00e9s\u00e9nek megszervez\u00e9se, a j\u00e1r\u00f3- \u00e9s fekv\u0151beteg ell\u00e1t\u00e1s kapacit\u00e1sainak optim\u00e1lis kihaszn\u00e1l\u00e1sa, a hum\u00e1n er\u0151forr\u00e1s helyzet jav\u00edt\u00e1sa, kommunik\u00e1ci\u00f3s tr\u00e9ningek bevezet\u00e9se, amelyek az int\u00e9zet misszi\u00f3j\u00e1val \u00e9s strat\u00e9giai c\u00e9ljaival \u00f6sszhangban vannak.<\/p>\n<p>2025. m\u00e1rcius elsej\u00e9vel az Orsz\u00e1gos Mozg\u00e1sszervi Int\u00e9zet ORFI campusa a Semmelweis Egyetemet fenntart\u00f3 k\u00f6zalap\u00edtv\u00e1ny m\u0171k\u00f6dtet\u00e9s\u00e9be ker\u00fclt, Reumatol\u00f3giai \u00e9s Immunol\u00f3giai Klinika n\u00e9ven.<\/p>\n","protected":false},"excerpt":{"rendered":"<p>A kezdetek: &#8222;M\u00e1r a g\u00f6r\u00f6g\u00f6k is&#8230;&#8221; A g\u00f6r\u00f6g term\u00e9szetfiloz\u00f3fia alapj\u00e1n kifejl\u0151d\u00f6tt \u00f3kori orvostudom\u00e1ny az emberi term\u00e9szetet az \u0151selemek, f\u00f6ld, t\u0171z, leveg\u0151 \u00e9s a v\u00edz megtestes\u00fcl\u00e9s\u00e9nek tartotta (Empedokl\u00e9sz). Az els\u0151 megnevezett orvos, Aszkl\u00e9piosz a hom\u00e9roszi id\u0151kben term\u00e9szetes szem\u00e9ly volt, aki term\u00e9szeti elveken alapul\u00f3 iskol\u00e1t alap\u00edtott K\u00f3sz sziget\u00e9n. M\u00edtosza az istenek k\u00f6r\u00e9be emelte. Ut\u00f3dai \u00e9s tan\u00edtv\u00e1nyaik komplex &hellip;<\/p>\n","protected":false},"author":12,"featured_media":0,"parent":468,"menu_order":1,"comment_status":"closed","ping_status":"closed","template":"template-fullwidth.php","meta":{"_acf_changed":false,"footnotes":""},"categories":[],"tags":[],"class_list":["post-478","page","type-page","status-publish","hentry"],"acf":[],"_links":{"self":[{"href":"https:\/\/semmelweis.hu\/reumatologia\/wp-json\/wp\/v2\/pages\/478","targetHints":{"allow":["GET"]}}],"collection":[{"href":"https:\/\/semmelweis.hu\/reumatologia\/wp-json\/wp\/v2\/pages"}],"about":[{"href":"https:\/\/semmelweis.hu\/reumatologia\/wp-json\/wp\/v2\/types\/page"}],"author":[{"embeddable":true,"href":"https:\/\/semmelweis.hu\/reumatologia\/wp-json\/wp\/v2\/users\/12"}],"replies":[{"embeddable":true,"href":"https:\/\/semmelweis.hu\/reumatologia\/wp-json\/wp\/v2\/comments?post=478"}],"version-history":[{"count":7,"href":"https:\/\/semmelweis.hu\/reumatologia\/wp-json\/wp\/v2\/pages\/478\/revisions"}],"predecessor-version":[{"id":558,"href":"https:\/\/semmelweis.hu\/reumatologia\/wp-json\/wp\/v2\/pages\/478\/revisions\/558"}],"up":[{"embeddable":true,"href":"https:\/\/semmelweis.hu\/reumatologia\/wp-json\/wp\/v2\/pages\/468"}],"wp:attachment":[{"href":"https:\/\/semmelweis.hu\/reumatologia\/wp-json\/wp\/v2\/media?parent=478"}],"wp:term":[{"taxonomy":"category","embeddable":true,"href":"https:\/\/semmelweis.hu\/reumatologia\/wp-json\/wp\/v2\/categories?post=478"},{"taxonomy":"post_tag","embeddable":true,"href":"https:\/\/semmelweis.hu\/reumatologia\/wp-json\/wp\/v2\/tags?post=478"}],"curies":[{"name":"wp","href":"https:\/\/api.w.org\/{rel}","templated":true}]}}