{"id":474,"date":"2025-03-20T08:40:13","date_gmt":"2025-03-20T07:40:13","guid":{"rendered":"https:\/\/semmelweis.hu\/reumatologia\/?page_id=474"},"modified":"2025-11-21T12:08:58","modified_gmt":"2025-11-21T11:08:58","slug":"vezetoseg","status":"publish","type":"page","link":"https:\/\/semmelweis.hu\/reumatologia\/a-klinikarol\/vezetoseg\/","title":{"rendered":"A klinika vezet\u00e9se"},"content":{"rendered":"<p><em>Igazgat\u00f3<\/em>: Prof. Dr. Nagy Gy\u00f6rgy<br \/>\ntansz\u00e9kvezet\u0151 egyetemi tan\u00e1r, a Magyar Tudom\u00e1nyos Akad\u00e9mia doktora<\/p>\n<p>telefonsz\u00e1m: +36 1 438-8300\/1112<br \/>\nemail:\u00a0<a href=\"mailto:titkarsag.reumatologia@semmelweis.hu\">titkarsag.reumatologia@semmelweis.hu<\/a><\/p>\n<hr \/>\n<p><em>Igazgat\u00f3helyettes<\/em>: Dr. N\u00e9meth Tam\u00e1s, PhD, Dr. habil.<br \/>\negyetemi docens<\/p>\n<p>telefonsz\u00e1m: +36 1 4388300\/1274<br \/>\nemail: <a href=\"mailto:nemeth.tamas@semmelweis.hu\" target=\"_blank\" rel=\"noopener\">nemeth.tamas@semmelweis.hu<\/a><\/p>\n<hr \/>\n<p><em>Titk\u00e1rs\u00e1gvezet\u0151<\/em>: Drobinoha Nikoletta<\/p>\n<p>telefonsz\u00e1m: +36 1 438-8300\/1112<br \/>\nemail:\u00a0<a href=\"mailto:drobinoha.nikoletta@semmelweis.hu\">drobinoha.nikoletta@semmelweis.hu<\/a><\/p>\n<hr \/>\n<p><em>Gazdas\u00e1gi vezet\u0151<\/em>: R\u00e9si Tibor, t\u00f6mbigazgat\u00f3<\/p>\n<p>telefonsz\u00e1m: +36 1 438-8317<br \/>\ne-mail: <a href=\"mailto:resi.tibor@semmelweis.hu\" target=\"_blank\" rel=\"noopener\">resi.tibor@semmelweis.hu<\/a><\/p>\n<hr \/>\n<p><em>Klinika vezet\u0151 \u00e1pol\u00f3<\/em>: Zavaczky \u00c9va<\/p>\n<p>telefonsz\u00e1m: +36 1 438-8300\/1403<br \/>\nemail: <a href=\"mailto:zavaczky.eva.zsuzsanna@semmelweis.hu\" target=\"_blank\" rel=\"noopener\">zavaczky.eva.zsuzsanna@semmelweis.hu<\/a><\/p>\n<hr \/>\n<p><em>Gyakorlati oktat\u00e1s vezet\u0151<\/em>: Terb\u00e9n\u00e9 Szekeres Kl\u00e1ra<\/p>\n<p>telefonsz\u00e1m: +36 1 438-8327<br \/>\ne-mail: <a href=\"mailto:terbene.szekeres.klara@semmelweis.hu\">terbene.szekeres.klara@semmelweis.hu<\/a><\/p>\n<p>&nbsp;<\/p>\n<p>&nbsp;<\/p>\n","protected":false},"excerpt":{"rendered":"<p>Igazgat\u00f3: Prof. Dr. Nagy Gy\u00f6rgy tansz\u00e9kvezet\u0151 egyetemi tan\u00e1r, a Magyar Tudom\u00e1nyos Akad\u00e9mia doktora telefonsz\u00e1m: +36 1 438-8300\/1112 email:\u00a0 <a href=\"mailto:titkarsag.reumatologia@semmelweis.hu\">titkarsag.reumatologia@semmelweis.hu<\/a> Igazgat\u00f3helyettes: Dr. N\u00e9meth Tam\u00e1s, PhD, Dr. habil. egyetemi docens telefonsz\u00e1m: +36 1 4388300\/1274 email: <a href=\"mailto:nemeth.tamas@semmelweis.hu\" target=\"_blank\" rel=\"noopener\">nemeth.tamas@semmelweis.hu<\/a> Titk\u00e1rs\u00e1gvezet\u0151: Drobinoha Nikoletta telefonsz\u00e1m: +36 1 438-8300\/1112 email:\u00a0 <a href=\"mailto:drobinoha.nikoletta@semmelweis.hu\">drobinoha.nikoletta@semmelweis.hu<\/a> Gazdas\u00e1gi vezet\u0151: R\u00e9si Tibor, t\u00f6mbigazgat\u00f3 telefonsz\u00e1m: +36 1 438-8317 e-mail: <a href=\"mailto:resi.tibor@semmelweis.hu\" target=\"_blank\" rel=\"noopener\">resi.tibor@semmelweis.hu<\/a> Klinika vezet\u0151 \u00e1pol\u00f3: Zavaczky \u00c9va &hellip;<\/p>\n","protected":false},"author":12,"featured_media":0,"parent":468,"menu_order":2,"comment_status":"closed","ping_status":"closed","template":"","meta":{"_acf_changed":false,"footnotes":""},"categories":[],"tags":[],"class_list":["post-474","page","type-page","status-publish","hentry"],"acf":[],"_links":{"self":[{"href":"https:\/\/semmelweis.hu\/reumatologia\/wp-json\/wp\/v2\/pages\/474","targetHints":{"allow":["GET"]}}],"collection":[{"href":"https:\/\/semmelweis.hu\/reumatologia\/wp-json\/wp\/v2\/pages"}],"about":[{"href":"https:\/\/semmelweis.hu\/reumatologia\/wp-json\/wp\/v2\/types\/page"}],"author":[{"embeddable":true,"href":"https:\/\/semmelweis.hu\/reumatologia\/wp-json\/wp\/v2\/users\/12"}],"replies":[{"embeddable":true,"href":"https:\/\/semmelweis.hu\/reumatologia\/wp-json\/wp\/v2\/comments?post=474"}],"version-history":[{"count":10,"href":"https:\/\/semmelweis.hu\/reumatologia\/wp-json\/wp\/v2\/pages\/474\/revisions"}],"predecessor-version":[{"id":926,"href":"https:\/\/semmelweis.hu\/reumatologia\/wp-json\/wp\/v2\/pages\/474\/revisions\/926"}],"up":[{"embeddable":true,"href":"https:\/\/semmelweis.hu\/reumatologia\/wp-json\/wp\/v2\/pages\/468"}],"wp:attachment":[{"href":"https:\/\/semmelweis.hu\/reumatologia\/wp-json\/wp\/v2\/media?parent=474"}],"wp:term":[{"taxonomy":"category","embeddable":true,"href":"https:\/\/semmelweis.hu\/reumatologia\/wp-json\/wp\/v2\/categories?post=474"},{"taxonomy":"post_tag","embeddable":true,"href":"https:\/\/semmelweis.hu\/reumatologia\/wp-json\/wp\/v2\/tags?post=474"}],"curies":[{"name":"wp","href":"https:\/\/api.w.org\/{rel}","templated":true}]}}