{"id":471,"date":"2025-03-20T08:42:55","date_gmt":"2025-03-20T07:42:55","guid":{"rendered":"https:\/\/semmelweis.hu\/reumatologia\/?page_id=471"},"modified":"2025-03-25T15:47:50","modified_gmt":"2025-03-25T14:47:50","slug":"betegjogok","status":"publish","type":"page","link":"https:\/\/semmelweis.hu\/reumatologia\/betegellatas\/betegjogok\/","title":{"rendered":"Betegjogok"},"content":{"rendered":"<div class=\"keretes w-100\">\n<p>A Klinik\u00e1nkban t\u00f6rt\u00e9n\u0151 tart\u00f3zkod\u00e1s id\u0151tartam\u00e1ra vonatkoz\u00f3 jogokat \u00e9s k\u00f6telezetts\u00e9geket az eg\u00e9szs\u00e9g\u00fcgyr\u0151l sz\u00f3l\u00f3 1997. \u00e9vi CLIV. t\u00f6rv\u00e9ny r\u00e9szletesen szab\u00e1lyozza.<\/p>\n<p><strong>Klinik\u00e1nk betegjogi k\u00e9pvisel\u0151je:<\/strong> Dr. Munk Julianna<br \/>\nEmail:<a href=\"mailto:julianna.munk@ijsz.bm.gov.hu\"> julianna.munk@ijsz.bm.gov.hu<\/a><br \/>\nMunkaid\u0151ben el\u00e9rhet\u0151 telefonsz\u00e1m: +36 20 489-9520 <br \/>\nFogad\u00f3\u00f3r\u00e1t tart: minden p\u00e1ratlan h\u00e9ten, kedden 10-12h-ig <br \/>\nHelysz\u00edn: Budapest, Frankel Le\u00f3 u. 25-29.<\/p>\n<p><em><strong>A betegjogi k\u00e9pvisel\u0151 a Klinik\u00e1t\u00f3l f\u00fcggetlen szem\u00e9ly.<\/strong><\/em><\/p>\n<\/div>\n<h5>Int\u00e9zm\u00e9ny\u00fcnkben a t\u00f6rv\u00e9ny \u00e1ltal biztos\u00edtott jogokat \u00e9s k\u00f6telezetts\u00e9geket az al\u00e1bbiak szerint gyakorolhatja:<\/h5>\n<p>1. \u00d6nnek joga van a megfelel\u0151 sz\u00ednvonal\u00fa, betegs\u00e9gre \u00e9s egy\u00e9nre szabott eg\u00e9szs\u00e9g\u00fcgyi ell\u00e1t\u00e1shoz.<\/p>\n<p>2. K\u00f3rh\u00e1zi felv\u00e9tele alkalm\u00e1val \u00d6nnek jogszab\u00e1lyban foglalt k\u00f6teless\u00e9ge t\u00e1j\u00e9koztatni kezel\u0151orvos\u00e1t \u00e9s k\u00f6zvetlen k\u00f6rnyezet\u00e9t mindenr\u0151l, amivel m\u00e1sok testi \u00e9ps\u00e9g\u00e9t vesz\u00e9lyeztetheti. K\u00fcl\u00f6n\u00f6sen fontos az esetleg fenn\u00e1ll\u00f3 fert\u0151z\u0151 betegs\u00e9gek (pl. tbc, fert\u0151z\u0151 m\u00e1jgyullad\u00e1s) bejelent\u00e9se. Saj\u00e1t \u00e9rdek\u00e9ben seg\u00edtse kezel\u0151orvos\u00e1t \u00e9s \u00e1pol\u00f3it azzal, hogy t\u00e1j\u00e9koztat\u00e1st ad az eg\u00e9szs\u00e9g\u00fcgyi \u00e1llapot\u00e1t \u00e9rint\u0151 valamennyi k\u00f6r\u00fclm\u00e9nyr\u0151l, \u00edgy kor\u00e1bbi betegs\u00e9geir\u0151l, gy\u00f3gykezel\u00e9seir\u0151l, el\u0151z\u0151ekben szedett gy\u00f3gyszereir\u0151l, gy\u00f3gyszer\u00e9rz\u00e9kenys\u00e9g\u00e9r\u0151l, szenved\u00e9lybetegs\u00e9geir\u0151l. Fontos tudni azt is, hogy kor\u00e1bban tett-e \u00d6n eg\u00e9szs\u00e9gi \u00e1llapot\u00e1t vagy gy\u00f3gykezel\u00e9s\u00e9t \u00e9rint\u0151 jognyilatkozatot.<\/p>\n<p>3. Kezel\u0151orvosa k\u00f6teles \u00d6nt t\u00e1j\u00e9koztatni eg\u00e9szs\u00e9gi \u00e1llapot\u00e1r\u00f3l, kezel\u00e9s\u00e9nek v\u00e1rhat\u00f3 lefoly\u00e1s\u00e1r\u00f3l m\u00e9g annak megkezd\u00e9se el\u0151tt. K\u00f6z\u00f6lnie kell, hogy milyen beavatkoz\u00e1st tervez \u00e9s annak melyek a v\u00e1rhat\u00f3 k\u00f6vetkezm\u00e9nyei. Felvil\u00e1gos\u00edt\u00e1st kell kapnia a kezel\u00e9si alternat\u00edv\u00e1kr\u00f3l \u00e9s minden kock\u00e1zatr\u00f3l, amely a beavatkoz\u00e1ssal egy\u00fctt j\u00e1rhat, tov\u00e1bb\u00e1 arr\u00f3l is, hogy milyen k\u00f6vetkezm\u00e9nyei lehetnek a tervezett vizsg\u00e1latok, kezel\u00e9sek elmarad\u00e1s\u00e1nak, ha azok elv\u00e9gz\u00e9s\u00e9be \u00d6n nem egyezik bele.<\/p>\n<p>4. Amennyiben a meg\u00e1llap\u00edtott diagn\u00f3zissal, a javasolt ter\u00e1pi\u00e1val, vagy az eg\u00e9szs\u00e9gi \u00e1llapot\u00e1t \u00e9rint\u0151 b\u00e1rmely k\u00e9rd\u00e9ssel kapcsolatban \u00d6nnek k\u00e9telyei vet\u0151dnek fel, kezdem\u00e9nyezheti m\u00e1s orvos \u00e1ltal t\u00f6rt\u00e9n\u0151 vizsg\u00e1lat\u00e1t is. Erre vonatkoz\u00f3 ig\u00e9ny\u00e9t az oszt\u00e1lyvezet\u0151 f\u0151orvosnak vagy az orvos-igazgat\u00f3nak kell bejelentenie. Amennyiben a tervezett kezel\u00e9ssel vagy vizsg\u00e1lati tervvel kapcsolatban ellenvet\u00e9se van, \u00d6n jogosult a megaj\u00e1nlott kezel\u00e9st, beavatkoz\u00e1st vagy tervezett vizsg\u00e1latot visszautas\u00edtani. Ezt azonban csak saj\u00e1t kez\u0171leg meg\u00edrt nyilatkozatban, hiteles k\u00f6zokiratban teheti meg. Ebben az esetben az \u00d6n nyilatkozat\u00e1t a kezel\u0151orvos r\u00f6gz\u00edti a k\u00f3rlapban \u00e9s tan\u00fak hiteles\u00edtik al\u00e1\u00edr\u00e1sukkal a nyilatkozat tartalm\u00e1t.<\/p>\n<p>5. Ha \u00d6n valamely eg\u00e9szs\u00e9g\u00fcgyi tev\u00e9kenys\u00e9g, beavatkoz\u00e1s ellen nem tiltakozik, e viselked\u00e9se sz\u00f3beli beleegyez\u00e9snek, illetve r\u00e1utal\u00f3 magatart\u00e1snak tekinthet\u0151, hogy \u00edr\u00e1sbeli meger\u0151s\u00edt\u00e9s nem sz\u00fcks\u00e9ges. \u00d6n a sz\u00f3ban vagy \u00edr\u00e1sban adott beleegyez\u00e9s\u00e9t, b\u00e1rmikor visszavonhatja, ilyen esetben azonban sz\u00e1m\u00edtnia kell arra, hogy az elmaradt beavatkoz\u00e1s el\u0151k\u00e9sz\u00edt\u00e9s\u00e9hez sz\u00fcks\u00e9ges t\u00f6bbletk\u00f6lts\u00e9get az eg\u00e9szs\u00e9gbiztos\u00edt\u00f3 nem t\u00e9r\u00edti meg, \u00e9s ezt a k\u00f6lts\u00e9get a k\u00f3rh\u00e1z k\u00e9nytelen lesz \u00d6nre h\u00e1r\u00edtani.<\/p>\n<p>6. Amennyiben \u00d6n a gy\u00f3gy\u00edt\u00e1si folyamat\u00e1t Int\u00e9zm\u00e9ny\u00fcnkben meg k\u00edv\u00e1nja szak\u00edtani, annak t\u00e9ny\u00e9t csak saj\u00e1t kez\u0171leg meg\u00edrt nyilatkozatban, hiteles k\u00f6zokiratban teheti meg. Ebben az esetben az \u00d6n nyilatkozat\u00e1t a kezel\u0151orvos r\u00f6gz\u00edti a k\u00f3rlapban \u00e9s tan\u00fak hiteles\u00edtik al\u00e1\u00edr\u00e1sukkal a nyilatkozat tartalm\u00e1t.<\/p>\n<p>7. \u00d6nnek joga van eg\u00e9szs\u00e9gi \u00e1llapot\u00e1r\u00f3l \u00e9s a k\u00f3rh\u00e1zban \u00d6nnel kapcsolatban t\u00f6rt\u00e9n\u0151 valamennyi tev\u00e9kenys\u00e9gr\u0151l inform\u00e1ci\u00f3t k\u00e9rni, az \u00d6nre vonatkoz\u00f3 eg\u00e9szs\u00e9g\u00fcgyi dokument\u00e1ci\u00f3kba betekinteni. Jog\u00e1ban \u00e1ll meghat\u00e1rozni azt, hogy k\u00edv\u00e1n-e eg\u00e9szs\u00e9gi \u00e1llapot\u00e1r\u00f3l r\u00e9szletes t\u00e1j\u00e9koztat\u00e1st kapni, tov\u00e1bb\u00e1, hogy adhat\u00f3-e hozz\u00e1tartoz\u00f3inak vagy ismer\u0151sei k\u00f6z\u00fcl valakinek t\u00e1j\u00e9koztat\u00e1s az \u00d6n \u00e1llapot\u00e1r\u00f3l.<\/p>\n<p>8. Hozz\u00e1tartoz\u00f3ival, csal\u00e1dtagjaival \u00e9s ismer\u0151seivel val\u00f3 kapcsolattart\u00e1s\u00e1t nem korl\u00e1tozhatjuk, azonban k\u00e9rj\u00fck \u00d6nt tanulm\u00e1nyozza Klinik\u00e1nk H\u00e1zirendj\u00e9t \u00e9s L\u00e1togat\u00e1si Rendj\u00e9t, amelyben r\u00e9szletesen kit\u00e9r\u00fcnk az \u00d6n, e jog\u00e1val kapcsolatos \u00f6sszes tudnival\u00f3ra.<\/p>\n<p>9. Az orvos \u00e9s az orvosi tev\u00e9kenys\u00e9gn\u00e9l k\u00f6zrem\u0171k\u00f6d\u0151k titoktart\u00e1sra k\u00f6telezettek. A beteg eg\u00e9szs\u00e9gi \u00e1llapot\u00e1r\u00f3l t\u00e1j\u00e9koztat\u00e1st csak a kezel\u0151orvos, \u00fcgyeletes orvos, oszt\u00e1lyvezet\u0151 f\u0151orvos \u00e9s helyettese adhatnak a k\u00f6zvetlen hozz\u00e1tartoz\u00f3knak vagy az \u00d6n \u00e1ltal megjel\u00f6lt szem\u00e9lyeknek.<\/p>\n<p>10. Az \u00d6n vizsg\u00e1lata \u00e9s gy\u00f3gykezel\u00e9se sor\u00e1n csak azon szem\u00e9lyek lehetnek jelen a helyis\u00e9gben, akiknek r\u00e9szv\u00e9tele az ell\u00e1t\u00e1shoz felt\u00e9tlen\u00fcl sz\u00fcks\u00e9ges.<\/p>\n<p>11. A k\u00f6nnyebb beazonos\u00edthat\u00f3s\u00e1g v\u00e9gett a betegell\u00e1t\u00f3 ter\u00fcleteken munkat\u00e1rsaink k\u00f6telesek viselni az Klinika kit\u0171z\u0151j\u00e9t, amelyen \u00f6n a kolleg\u00e1k nev\u00e9t, beoszt\u00e1s\u00e1t \u00e9s munkav\u00e9gz\u00e9s\u00e9nek hely\u00e9t (oszt\u00e1ly\u00e1t) l\u00e1thatja. K\u00e9rj\u00fck, hogy a n\u00e9vt\u00e1bla n\u00e9lk\u00fcl \u00d6nnel kapcsolatba ker\u00fcl\u0151 munkat\u00e1rsunkt\u00f3l, a probl\u00e9m\u00e1k elker\u00fcl\u00e9se v\u00e9gett m\u00e9g az ell\u00e1t\u00e1s elej\u00e9n k\u00e9rje az azonos\u00edt\u00f3 t\u00e1bl\u00e1t!<\/p>\n<p>12. \u00d6nnek joga van fizikai sz\u00fcks\u00e9gletei kiel\u00e9g\u00edt\u00e9s\u00e9n\u00e9l seg\u00edts\u00e9get ig\u00e9nybe venni, amelynek mindenkoron megfelel\u0151nek, emberi m\u00e9lt\u00f3s\u00e1g\u00e1t megtart\u00f3nak \u00e9s k\u00e9nyelm\u00e9t szolg\u00e1l\u00f3nak kell lennie.<\/p>\n<p>13. T\u00e1j\u00e9koztatjuk, hogy bizonyos k\u00f3r\u00e1llapotok eset\u00e9n \u00d6nre betegazonos\u00edt\u00f3 karszalagot helyez\u00fcnk, amely nem tartalmazza sem szem\u00e9lyes adatait, sem az oszt\u00e1ly\u00e1t. Kiz\u00e1r\u00f3lag az \u00d6n biztons\u00e1gos betegell\u00e1t\u00e1s\u00e1ra szolg\u00e1l, aminek felt\u00e9telrendszer\u00e9t k\u00fcl\u00f6n szab\u00e1lyzatban r\u00f6gz\u00edtett\u00fck.<\/p>\n<p>14. Az Int\u00e9zm\u00e9nyb\u0151l t\u00f6rt\u00e9nt t\u00e1voz\u00e1sa ut\u00e1n csak teljes bizony\u00edt\u00f3 er\u0151vel rendelkez\u0151 mag\u00e1nokiratban vagy k\u00f6zokiratban felhatalmazott szem\u00e9ly jogosult az \u00d6n dokument\u00e1ci\u00f3j\u00e1ba betekinteni vagy arr\u00f3l m\u00e1solatot k\u00e9rni.<\/p>\n<p>15. Telefonon t\u00e1j\u00e9koztat\u00e1s nem adhat\u00f3, csak a k\u00f3rh\u00e1zi tart\u00f3zkod\u00e1s t\u00e9nye k\u00f6z\u00f6lhet\u0151 (k\u00fcl\u00f6n k\u00e9r\u00e9sre m\u00e9g err\u0151l sem ad felvil\u00e1gos\u00edt\u00e1st az int\u00e9zm\u00e9ny).<\/p>\n<p>16. K\u00f6teless\u00e9g\u00fcnk t\u00e1j\u00e9koztat\u00e1st adni az \u00d6n otthoni \u00e1pol\u00e1s\u00e1t, gondoz\u00e1s\u00e1t v\u00e9gz\u0151 szem\u00e9lynek azokr\u00f3l az adatokr\u00f3l, amelyek ismeret\u00e9nek hi\u00e1nya az \u00d6n eg\u00e9szs\u00e9gi \u00e1llapot\u00e1nak k\u00e1rosod\u00e1s\u00e1hoz vagy m\u00e1sok testi \u00e9ps\u00e9g\u00e9nek, eg\u00e9szs\u00e9g\u00e9nek vesz\u00e9lyeztet\u00e9s\u00e9hez vezet.<\/p>\n<p>17. Eg\u00e9szs\u00e9gi \u00e1llapot\u00e1t\u00f3l f\u00fcgg\u0151en \u00d6nnek joga van otthon\u00e1ba t\u00e1voz\u00e1skor ment\u0151sz\u00e1ll\u00edt\u00e1sra. Ennek indokl\u00e1s\u00e1t a fekv\u0151beteg-oszt\u00e1ly vezet\u0151je b\u00edr\u00e1lja el.<\/p>\n<p>18. A betegek \u00e9s hozz\u00e1tartoz\u00f3ik az eg\u00e9szs\u00e9g\u00fcgyi ell\u00e1t\u00e1ssal kapcsolatos \u00e9szrev\u00e9teleikkel, k\u00e9rd\u00e9seikkel, k\u00e9r\u00e9seikkel az oszt\u00e1ly dolgoz\u00f3ihoz, az oszt\u00e1lyvezet\u0151 f\u0151orvoshoz, az \u00fcgyeletes orvoshoz fordulhatnak.<\/p>\n<p>19. \u00d6nnek jog\u00e1ban \u00e1ll v\u00e9lem\u00e9nyt nyilv\u00e1n\u00edtani, \u00edr\u00e1sban ezt a felv\u00e9tel sor\u00e1n k\u00e9zhez kapott betegel\u00e9gedetts\u00e9gi anonim m\u00f3don lapot kit\u00f6ltve \u00e9s az oszt\u00e1lyokon tal\u00e1lhat\u00f3 l\u00e1d\u00e1ba helyezve teheti meg.<\/p>\n<p>20. A betegek \u00e9s hozz\u00e1tartoz\u00f3ik az eg\u00e9szs\u00e9g\u00fcgyi ell\u00e1t\u00e1ssal kapcsolatos panaszaikkal az oszt\u00e1ly dolgoz\u00f3ihoz, az oszt\u00e1lyvezet\u0151 f\u0151orvoshoz, az \u00fcgyeletes orvoshoz fordulhatnak. K\u00e9rj\u00fck, panaszuk el\u0151ad\u00e1sakor t\u00f6rekedjenek arra, hogy az elmondottakat bizony\u00edt\u00e9kokkal is al\u00e1 lehessen t\u00e1masztani.<\/p>\n<p>21. \u00d6nnek lehet\u0151s\u00e9ge van \u00e9szrev\u00e9teleivel Klinik\u00e1nk vezet\u00e9s\u00e9t megkeresni. Amennyiben ezen jog\u00e1val \u00e9lni k\u00edv\u00e1n, k\u00e9rj\u00fck, b\u00e1rmelyik klinikai telefonr\u00f3l h\u00edvja az 1400-as mell\u00e9ket, vagy v\u00e1rosi vonalr\u00f3l munkaid\u0151ben a 06\/1\/212-4788-as sz\u00e1mot (\u00c1pol\u00e1si Igazgat\u00f3s\u00e1g), ahol kolleg\u00e1ink k\u00e9szs\u00e9ggel \u00e1llnak rendelkez\u00e9s\u00e9re.<\/p>\n<p>22. Amennyiben \u00d6n a betegjogi k\u00e9pvisel\u0151h\u00f6z szeretne fordulni, \u00fagy az oszt\u00e1lyon kif\u00fcggesztett, a k\u00e9pvisel\u0151 nev\u00e9t \u00e9s el\u00e9rhet\u0151s\u00e9geit tartalmaz\u00f3 t\u00e1bl\u00e1r\u00f3l tud t\u00e1j\u00e9koz\u00f3dni. Betegjogi k\u00e9pvisel\u0151nket s\u00fcrg\u0151s esetben a megjel\u00f6lt mobiltelefon-sz\u00e1mon is el\u00e9rheti.<\/p>\n<p>Amennyiben a fentiekkel kapcsolatban b\u00e1rmilyen k\u00e9rd\u00e9se van, nyugodtan forduljon a f\u0151n\u0151v\u00e9rhez, vagy az oszt\u00e1lyvezet\u0151 f\u0151orvoshoz. B\u00edzom abban, hogy Munkat\u00e1rsaink mindent megtesznek az\u00e9rt, hogy \u00d6n megfelel\u0151 k\u00f6r\u00fclm\u00e9nyek k\u00f6zt gy\u00f3gyulhasson!<\/p>\n<p>Budapest,<\/p>\n<p>Prof. Dr. Nagy Gy\u00f6rgy<br \/>\nigazgat\u00f3<\/p>\n","protected":false},"excerpt":{"rendered":"<p>A Klinik\u00e1nkban t\u00f6rt\u00e9n\u0151 tart\u00f3zkod\u00e1s id\u0151tartam\u00e1ra vonatkoz\u00f3 jogokat \u00e9s k\u00f6telezetts\u00e9geket az eg\u00e9szs\u00e9g\u00fcgyr\u0151l sz\u00f3l\u00f3 1997. \u00e9vi CLIV. t\u00f6rv\u00e9ny r\u00e9szletesen szab\u00e1lyozza. Klinik\u00e1nk betegjogi k\u00e9pvisel\u0151je: Dr. Munk Julianna Email: <a href=\"mailto:julianna.munk@ijsz.bm.gov.hu\"> julianna.munk@ijsz.bm.gov.hu<\/a> Munkaid\u0151ben el\u00e9rhet\u0151 telefonsz\u00e1m: +36 20 489-9520 Fogad\u00f3\u00f3r\u00e1t tart: minden p\u00e1ratlan h\u00e9ten, kedden 10-12h-ig Helysz\u00edn: Budapest, Frankel Le\u00f3 u. 25-29. A betegjogi k\u00e9pvisel\u0151 a Klinik\u00e1t\u00f3l f\u00fcggetlen szem\u00e9ly. Int\u00e9zm\u00e9ny\u00fcnkben a t\u00f6rv\u00e9ny \u00e1ltal &hellip;<\/p>\n","protected":false},"author":12,"featured_media":0,"parent":483,"menu_order":3,"comment_status":"closed","ping_status":"closed","template":"template-fullwidth.php","meta":{"_acf_changed":false,"footnotes":""},"categories":[],"tags":[],"class_list":["post-471","page","type-page","status-publish","hentry"],"acf":[],"_links":{"self":[{"href":"https:\/\/semmelweis.hu\/reumatologia\/wp-json\/wp\/v2\/pages\/471","targetHints":{"allow":["GET"]}}],"collection":[{"href":"https:\/\/semmelweis.hu\/reumatologia\/wp-json\/wp\/v2\/pages"}],"about":[{"href":"https:\/\/semmelweis.hu\/reumatologia\/wp-json\/wp\/v2\/types\/page"}],"author":[{"embeddable":true,"href":"https:\/\/semmelweis.hu\/reumatologia\/wp-json\/wp\/v2\/users\/12"}],"replies":[{"embeddable":true,"href":"https:\/\/semmelweis.hu\/reumatologia\/wp-json\/wp\/v2\/comments?post=471"}],"version-history":[{"count":6,"href":"https:\/\/semmelweis.hu\/reumatologia\/wp-json\/wp\/v2\/pages\/471\/revisions"}],"predecessor-version":[{"id":573,"href":"https:\/\/semmelweis.hu\/reumatologia\/wp-json\/wp\/v2\/pages\/471\/revisions\/573"}],"up":[{"embeddable":true,"href":"https:\/\/semmelweis.hu\/reumatologia\/wp-json\/wp\/v2\/pages\/483"}],"wp:attachment":[{"href":"https:\/\/semmelweis.hu\/reumatologia\/wp-json\/wp\/v2\/media?parent=471"}],"wp:term":[{"taxonomy":"category","embeddable":true,"href":"https:\/\/semmelweis.hu\/reumatologia\/wp-json\/wp\/v2\/categories?post=471"},{"taxonomy":"post_tag","embeddable":true,"href":"https:\/\/semmelweis.hu\/reumatologia\/wp-json\/wp\/v2\/tags?post=471"}],"curies":[{"name":"wp","href":"https:\/\/api.w.org\/{rel}","templated":true}]}}