{"id":468,"date":"2025-03-20T08:39:15","date_gmt":"2025-03-20T07:39:15","guid":{"rendered":"https:\/\/semmelweis.hu\/reumatologia\/?page_id=468"},"modified":"2025-04-15T12:15:17","modified_gmt":"2025-04-15T10:15:17","slug":"a-klinikarol","status":"publish","type":"page","link":"https:\/\/semmelweis.hu\/reumatologia\/a-klinikarol\/","title":{"rendered":"A Klinik\u00e1r\u00f3l"},"content":{"rendered":"<p>\u00d6r\u00f6mmel k\u00f6sz\u00f6nt\u00f6m <strong>a Semmelweis Egyet<\/strong><img loading=\"lazy\" decoding=\"async\" class=\"wp-image-663 size-full alignright\" src=\"https:\/\/semmelweis.hu\/reumatologia\/files\/2025\/04\/RS212521_nagy-gyorgy.jpg\" alt=\"\" width=\"280\" height=\"400\" \/><strong>em Reumatol\u00f3giai \u00e9s Immunol\u00f3giai Klinik\u00e1j\u00e1nak<\/strong> (kor\u00e1bban Orsz\u00e1gos Mozg\u00e1sszervi Int\u00e9zet &#8211; OMINT) \u00e9s a <strong>Reumatol\u00f3giai \u00e9s Klinikai Immunol\u00f3giai Tansz\u00e9k<\/strong> honlapj\u00e1n.\u00a0<\/p>\n<p>Int\u00e9zm\u00e9ny\u00fcnk imm\u00e1r <a href=\"https:\/\/semmelweis.hu\/reumatologia\/a-klinikarol\/klinikank-tortenete\/\">t\u00f6bb mint hetven \u00e9ve<\/a> meghat\u00e1roz\u00f3 szerepet j\u00e1tszik Magyarorsz\u00e1gon a reumatol\u00f3giai, immunol\u00f3giai \u00e9s rehabilit\u00e1ci\u00f3s <a href=\"https:\/\/semmelweis.hu\/reumatologia\/betegellatas\/\">betegell\u00e1t\u00e1sban<\/a>. Az itt dolgoz\u00f3 magasan k\u00e9pzett, kiv\u00e1l\u00f3 szakemberek nap mint nap f\u00e1radhatatlanul dolgoznak azon, hogy betegeink a lehet\u0151 legmagasabb sz\u00ednvonal\u00fa ell\u00e1t\u00e1sban r\u00e9szes\u00fcljenek. T\u00f6reksz\u00fcnk arra, hogy szem\u00e9lyre szabott, holisztikus ell\u00e1t\u00e1st ny\u00fajtsunk, \u00e9s minden er\u0151nkkel azon tev\u00e9kenyked\u00fcnk, hogy a p\u00e1cienseink eg\u00e9szs\u00e9ge a legjobb kezekben legyen k\u00f3rh\u00e1zunkban.<\/p>\n<p>A fejl\u0151d\u00e9s ir\u00e1nti elk\u00f6telezetts\u00e9g\u00fcnk a <a href=\"https:\/\/semmelweis.hu\/reumatologia\/kutatas\/\">kutat\u00e1s-fejleszt\u00e9s<\/a> \u00e9s az <a href=\"https:\/\/semmelweis.hu\/reumatologia\/oktatas\/\">oktat\u00e1s ter\u00fclet\u00e9n<\/a> is megmutatkozik, hiszen szeretn\u00e9nk az orvostudom\u00e1ny \u00e9lvonal\u00e1ba tartozni. Az int\u00e9zetben kiemelt hangs\u00falyt fektet\u00fcnk az <a href=\"https:\/\/semmelweis.hu\/reumatologia\/oktatas\/tdk-temak\/\">ut\u00e1np\u00f3tl\u00e1s-nevel\u00e9sre az egyetemi hallgat\u00f3k<\/a>, szakorvosjel\u00f6ltek \u00e9s <a href=\"https:\/\/semmelweis.hu\/reumatologia\/oktatas\/phd-oktatas\/\">PhD-hallgat\u00f3k<\/a> tudom\u00e1nyos munk\u00e1ba val\u00f3 bevon\u00e1s\u00e1val.\u00a0<\/p>\n<p>Hiszek abban, hogy a siker kulcsa az egy\u00fcttm\u0171k\u00f6d\u00e9sben rejlik. Nyitott \u00e9s \u00e1tl\u00e1that\u00f3 vezet\u00e9si st\u00edlusra t\u00f6rekszem, ahol minden koll\u00e9ga v\u00e9lem\u00e9nye, \u00e9p\u00edt\u0151 kritik\u00e1ja \u00e9s \u00f6tlete sz\u00e1m\u00edt. K\u00f6z\u00f6sen kell munk\u00e1lkodnunk azon, hogy tov\u00e1bbra is magas sz\u00ednvonal\u00fa szolg\u00e1ltat\u00e1st ny\u00fajtsunk, \u00e9s hogy az int\u00e9zet neve haz\u00e1nkban \u00e9s k\u00fclf\u00f6ld\u00f6n egyar\u00e1nt egyet jelentsen a kiv\u00e1l\u00f3s\u00e1ggal \u00e9s az innov\u00e1ci\u00f3val.<\/p>\n<p>Engedj\u00e9k meg, hogy egy Eleanor Roosevelt id\u00e9zettel z\u00e1rjam k\u00f6sz\u00f6nt\u0151met, amelyet mindig is szem el\u0151tt tartottam:<\/p>\n<blockquote>\n<p>A j\u00f6v\u0151t azok form\u00e1lj\u00e1k, akik hisznek \u00e1lmaik sz\u00e9ps\u00e9g\u00e9ben.\u201d<\/p>\n<\/blockquote>\n<p>Higgy\u00fcnk abban, hogy k\u00f6z\u00f6s munk\u00e1nkkal \u00e9s elk\u00f6telezetts\u00e9g\u00fcnkkel nagyszer\u0171 dolgokat \u00e9rhet\u00fcnk el!<\/p>\n<p>Tisztelettel,<br \/>\nNagy Gy\u00f6rgy<br \/>\nigazgat\u00f3<\/p>\n<style>\n           #page-grid .card-body > .line-clamp-box.excerpt{\n        width: inherit;\n        max-width: inherit;\n        display:flex;\n        min-height: 2.4em;\n        flex-direction: column;\n        justify-content: space-around;\n        background-color: #D6E4EA;\n        min-height: 3.4rem;\n        font-family: \"Montserrat\", sans-serif;\n    }\n\n    #page-grid a:hover .card-body > .line-clamp-box.excerpt {\n        background-color: #fff;\n        color: #313B40;\n    }\n\n    #page-grid .card-body .line-clamp-box.excerpt section{\n        max-width: inherit;\n        display: -webkit-box;\n        -webkit-line-clamp: 2;\n        -webkit-box-orient: vertical;\n        overflow: hidden;\n        text-overflow: ellipsis;\n        hyphens: auto;\n        margin: auto;\n        \n    }\n    .line-clamp-box.excerpt section, .line-clamp-box.excerpt section p{\n        font-size:0.8em;\n    }\n    \n<\/style>\n    <section id=\"page-grid\">\n        <section class=\"d-block d-md-flex title-row my-3 ml-0 ml-md-1\">\n<div class=\"section-title  mb-1 \">\n<h2>\n    Kapcsol\u00f3d\u00f3 oldalak\n<\/h2>\n<\/div>\n<\/section>\n        <div class=\"row row-cols-1 row-cols-md-2 row-cols-lg-2 no-gutters mx-0 \">    <div class =\"col  mb-2 card-wrapper\">\n        <a class=\"d-flex flex-fill card-link-warapper m-md-1\" href=\"https:\/\/semmelweis.hu\/reumatologia\/a-klinikarol\/klinikank-tortenete\/\">\n            <div class=\"card border border-secondary se-border flex-fill\">\n                <div class=\"row no-gutters mx-0 d-flex flex-nowrap flex-md-wrap align-items-center\">\n                    <div class =\"  col-5 col-md-12  d-none  d-md-none d-md-none  bg-image  card-image justify-content-center\">\n                        <img class='wp-post-image img-fluid landscape' src='https:\/\/semmelweis.hu\/reumatologia\/wp-content\/themes\/se18\/dist\/images\/svg\/bg-image.svg' \/>\n                    <\/div>\n                    <div class=\"card-body  col flex-column  col-md-12 p-0\">\n                        <div class=\"line-clamp-box p-3\">\n                            <h5 class=\"ml-0 ml-sm-1 mt-2 align-items-center\"  >Klinik\u00e1nk t\u00f6rt\u00e9nete<\/h5>\n                        <\/div>\n                        \n                    <\/div>\n                <\/div>\n\n            <\/div>\n        <\/a>\n    <\/div>    <div class =\"col  mb-2 card-wrapper\">\n        <a class=\"d-flex flex-fill card-link-warapper m-md-1\" href=\"https:\/\/semmelweis.hu\/reumatologia\/a-klinikarol\/vezetoseg\/\">\n            <div class=\"card border border-secondary se-border flex-fill\">\n                <div class=\"row no-gutters mx-0 d-flex flex-nowrap flex-md-wrap align-items-center\">\n                    <div class =\"  col-5 col-md-12  d-none  d-md-none d-md-none  bg-image  card-image justify-content-center\">\n                        <img class='wp-post-image img-fluid landscape' src='https:\/\/semmelweis.hu\/reumatologia\/wp-content\/themes\/se18\/dist\/images\/svg\/bg-image.svg' \/>\n                    <\/div>\n                    <div class=\"card-body  col flex-column  col-md-12 p-0\">\n                        <div class=\"line-clamp-box p-3\">\n                            <h5 class=\"ml-0 ml-sm-1 mt-2 align-items-center\"  >A klinika vezet\u00e9se<\/h5>\n                        <\/div>\n                        \n                    <\/div>\n                <\/div>\n\n            <\/div>\n        <\/a>\n    <\/div>        <\/div>\n    <\/section>\n","protected":false},"excerpt":{"rendered":"<p>\u00d6r\u00f6mmel k\u00f6sz\u00f6nt\u00f6m a Semmelweis Egyetem Reumatol\u00f3giai \u00e9s Immunol\u00f3giai Klinik\u00e1j\u00e1nak (kor\u00e1bban Orsz\u00e1gos Mozg\u00e1sszervi Int\u00e9zet &#8211; OMINT) \u00e9s a Reumatol\u00f3giai \u00e9s Klinikai Immunol\u00f3giai Tansz\u00e9k honlapj\u00e1n.\u00a0 Int\u00e9zm\u00e9ny\u00fcnk imm\u00e1r <a href=\"https:\/\/semmelweis.hu\/reumatologia\/a-klinikarol\/klinikank-tortenete\/\">t\u00f6bb mint hetven \u00e9ve<\/a> meghat\u00e1roz\u00f3 szerepet j\u00e1tszik Magyarorsz\u00e1gon a reumatol\u00f3giai, immunol\u00f3giai \u00e9s rehabilit\u00e1ci\u00f3s <a href=\"https:\/\/semmelweis.hu\/reumatologia\/betegellatas\/\">betegell\u00e1t\u00e1sban<\/a> . Az itt dolgoz\u00f3 magasan k\u00e9pzett, kiv\u00e1l\u00f3 szakemberek nap mint nap f\u00e1radhatatlanul dolgoznak azon, hogy betegeink a lehet\u0151 legmagasabb sz\u00ednvonal\u00fa ell\u00e1t\u00e1sban &hellip;<\/p>\n","protected":false},"author":12,"featured_media":654,"parent":0,"menu_order":0,"comment_status":"closed","ping_status":"closed","template":"template-fullwidth.php","meta":{"_acf_changed":false,"footnotes":""},"categories":[],"tags":[],"class_list":["post-468","page","type-page","status-publish","has-post-thumbnail","hentry"],"acf":[],"_links":{"self":[{"href":"https:\/\/semmelweis.hu\/reumatologia\/wp-json\/wp\/v2\/pages\/468","targetHints":{"allow":["GET"]}}],"collection":[{"href":"https:\/\/semmelweis.hu\/reumatologia\/wp-json\/wp\/v2\/pages"}],"about":[{"href":"https:\/\/semmelweis.hu\/reumatologia\/wp-json\/wp\/v2\/types\/page"}],"author":[{"embeddable":true,"href":"https:\/\/semmelweis.hu\/reumatologia\/wp-json\/wp\/v2\/users\/12"}],"replies":[{"embeddable":true,"href":"https:\/\/semmelweis.hu\/reumatologia\/wp-json\/wp\/v2\/comments?post=468"}],"version-history":[{"count":10,"href":"https:\/\/semmelweis.hu\/reumatologia\/wp-json\/wp\/v2\/pages\/468\/revisions"}],"predecessor-version":[{"id":664,"href":"https:\/\/semmelweis.hu\/reumatologia\/wp-json\/wp\/v2\/pages\/468\/revisions\/664"}],"wp:featuredmedia":[{"embeddable":true,"href":"https:\/\/semmelweis.hu\/reumatologia\/wp-json\/wp\/v2\/media\/654"}],"wp:attachment":[{"href":"https:\/\/semmelweis.hu\/reumatologia\/wp-json\/wp\/v2\/media?parent=468"}],"wp:term":[{"taxonomy":"category","embeddable":true,"href":"https:\/\/semmelweis.hu\/reumatologia\/wp-json\/wp\/v2\/categories?post=468"},{"taxonomy":"post_tag","embeddable":true,"href":"https:\/\/semmelweis.hu\/reumatologia\/wp-json\/wp\/v2\/tags?post=468"}],"curies":[{"name":"wp","href":"https:\/\/api.w.org\/{rel}","templated":true}]}}