{"id":402,"date":"2021-08-27T08:43:18","date_gmt":"2021-08-27T06:43:18","guid":{"rendered":"https:\/\/semmelweis.hu\/reumatologia\/?page_id=402"},"modified":"2026-02-27T13:00:10","modified_gmt":"2026-02-27T12:00:10","slug":"szakdolgozat","status":"publish","type":"page","link":"https:\/\/semmelweis.hu\/reumatologia\/oktatas\/szakdolgozat\/","title":{"rendered":"Szakdolgozat"},"content":{"rendered":"<h3 class=\"x_elementToProof\"><b data-olk-copy-source=\"MessageBody\">SZAKDOLGOZAT T\u00c9M\u00c1K 2026\/2027<\/b><\/h3>\n<h3 class=\"x_elementToProof\"><b>SEMMELWEIS EGYETEM REUMATOL\u00d3GIAI \u00c9S IMMUNOL\u00d3GIAI KLINIKA\u00a0<\/b><\/h3>\n<p>Prof. Dr. Nagy Gy\u00f6rgy:<\/p>\n<ul>\n<li><strong>Kih\u00edv\u00e1sok a rheumatoid arthritis kezel\u00e9s\u00e9ben<\/strong><\/li>\n<\/ul>\n<hr \/>\n<p>Dr. N\u00e9meth Tam\u00e1s:<\/p>\n<ul>\n<li><strong>A neutrofilek szerepe sziszt\u00e9m\u00e1s autoimmun betegs\u00e9gekben<\/strong><\/li>\n<li><strong>\u00dajabb ter\u00e1pi\u00e1s lehet\u0151s\u00e9gek SLE-ben<\/strong><\/li>\n<li><strong>Immunkomplex medi\u00e1lt folyamatok<\/strong><\/li>\n<li><strong>A makrof\u00e1gok \u00e9s az autoimmun sz\u00f6vetk\u00e1ros\u00edt\u00e1s<\/strong><\/li>\n<li><strong>A szinovi\u00e1lis fibroblasztok \u00e9s a rheumatoid arthritis<\/strong><\/li>\n<\/ul>\n<hr \/>\n<p>Dr. Nagy Helga Gabriella:<\/p>\n<ul>\n<li><strong>Az immunmedi\u00e1lt reumatol\u00f3giai betegs\u00e9gek \u00e9s a sport \u00f6sszef\u00fcgg\u00e9seinek vizsg\u00e1lata<\/strong><\/li>\n<\/ul>\n<hr \/>\n<p>Dr. Vereckei Edit:<\/p>\n<ul>\n<li><strong>Gyullad\u00e1sos \u00e9s degenerat\u00edv mozg\u00e1sszervi k\u00f3rk\u00e9pekben jelentkez\u0151 f\u00e1jdalom t\u00edpusok elemz\u00e9se<\/strong><\/li>\n<\/ul>\n<hr \/>\n<p>Dr. V\u00e9gh Judit \u2013 <a href=\"https:\/\/semmelweis.hu\/reumatologia\/oktatas\/tdk-temak\/\">TDK t\u00e9m\u00e1k is<\/a>:<\/p>\n<ul>\n<li><strong>A placent\u00e1n kereszt\u00fcljut\u00f3 autoantitestek szerepe az \u00fajsz\u00fcl\u00f6ttkori autoimmun jelens\u00e9gekben<\/strong><\/li>\n<li><strong>A gy\u00f3gyszeres kezel\u00e9s biztons\u00e1goss\u00e1ga autoimmun betegs\u00e9ggel \u00e9l\u0151 v\u00e1rand\u00f3s n\u0151k eset\u00e9n<\/strong><\/li>\n<li><strong>Obstetric APS &#8211; az \u00faj klasszifik\u00e1ci\u00f3s krit\u00e9riumok hat\u00e1sa a mindennapokban (beteganyagunk feldolgoz\u00e1s\u00e1nak t\u00fckr\u00e9ben)<\/strong><\/li>\n<li><strong>Az antifoszfolipid antitestek szerepe a vet\u00e9l\u00e9s \u00e9s magzati n\u00f6veked\u00e9si zavar kialakul\u00e1s\u00e1ban<\/strong><\/li>\n<li><strong>Gyullad\u00e1s vagy infekci\u00f3? A prokalcitonin klinikai alkalmazhat\u00f3s\u00e1ga sziszt\u00e9m\u00e1s autoimmun k\u00f3rk\u00e9pekben<\/strong><\/li>\n<\/ul>\n<hr \/>\n<p>Dr. Majnik Judit Zsuzsanna:<\/p>\n<ul>\n<li><strong>Ter\u00e1pia adherencia \u00e9s \u00e9letmin\u0151s\u00e9g vizsg\u00e1lata autoimmun betegs\u00e9gekben<\/strong><\/li>\n<\/ul>\n<hr \/>\n<p>Dr. Kurk\u00f3 J\u00falia Emese:\u00a0<\/p>\n<ul>\n<li><strong>A myeloid eredet\u0171 szuppresszor sejtek szerepe a gyullad\u00e1sos reumatol\u00f3giai k\u00f3rk\u00e9pekben &#8211; irodalomkutat\u00e1s<\/strong><\/li>\n<\/ul>\n<hr \/>\n<p><span data-olk-copy-source=\"MessageBody\">Dr. B\u00f3di Nikoletta<\/span><\/p>\n<ul>\n<li><strong>Kr\u00f3nikus f\u00e1jdalom szindr\u00f3ma autoimmun \u00e9s kr\u00f3nikus gyullad\u00e1sos k\u00f3rk\u00e9pekben<\/strong><\/li>\n<\/ul>\n<hr \/>\n<p>Dr. Holh\u00f3s N\u00f3ra \u2013 <a href=\"https:\/\/semmelweis.hu\/reumatologia\/oktatas\/tdk-temak\/\">TDK t\u00e9m\u00e1k is<\/a>:\u00a0<\/p>\n<ul>\n<li><strong>Az NK-sejtek patol\u00f3gi\u00e1s aktivit\u00e1sa \u00e9s a reprodukt\u00edv kudarc \u00f6sszef\u00fcgg\u00e9sei<\/strong><\/li>\n<li><strong><strong>NK-sejt asszoci\u00e1lt sikertelen be\u00e1gyaz\u00f3d\u00e1s: lipid emulzi\u00f3 alap\u00fa ter\u00e1pia klinikai eredm\u00e9nyei<\/strong><\/strong><\/li>\n<\/ul>\n<hr \/>\n<div dir=\"ltr\" data-olk-copy-source=\"MessageBody\">\n<p>Tak\u00e1cs J\u00falia \u2013 <a href=\"https:\/\/semmelweis.hu\/reumatologia\/oktatas\/tdk-temak\/\">TDK t\u00e9ma is<\/a>:<\/p>\n<\/div>\n<ul>\n<li dir=\"ltr\" role=\"presentation\"><strong>Tripple pozit\u00edv APS : fokozott thrombosis rizik\u00f3 \u00e9s ter\u00e1pi\u00e1s kih\u00edv\u00e1sok\u00a0<\/strong><\/li>\n<\/ul>\n<hr \/>\n<div dir=\"ltr\" data-olk-copy-source=\"MessageBody\">Gy\u0151ri Nikolett \u2013 <a href=\"https:\/\/semmelweis.hu\/reumatologia\/oktatas\/tdk-temak\/\">TDK t\u00e9ma is<\/a>:<\/div>\n<div dir=\"ltr\" role=\"presentation\">\u00a0<\/div>\n<ul>\n<li dir=\"ltr\" role=\"presentation\"><strong>Az autoimmun betegek mortalit\u00e1si \u00e9s morbidit\u00e1si jellemz\u0151i intenz\u00edv oszt\u00e1lyunkon: retrospekt\u00edv elemz\u00e9s \u00e9s szakirodalmi \u00e1ttekint\u00e9s\u00a0<\/strong><\/li>\n<\/ul>\n","protected":false},"excerpt":{"rendered":"<p>SZAKDOLGOZAT T\u00c9M\u00c1K 2026\/2027 SEMMELWEIS EGYETEM REUMATOL\u00d3GIAI \u00c9S IMMUNOL\u00d3GIAI KLINIKA\u00a0 Prof. Dr. Nagy Gy\u00f6rgy: Kih\u00edv\u00e1sok a rheumatoid arthritis kezel\u00e9s\u00e9ben Dr. N\u00e9meth Tam\u00e1s: A neutrofilek szerepe sziszt\u00e9m\u00e1s autoimmun betegs\u00e9gekben \u00dajabb ter\u00e1pi\u00e1s lehet\u0151s\u00e9gek SLE-ben Immunkomplex medi\u00e1lt folyamatok A makrof\u00e1gok \u00e9s az autoimmun sz\u00f6vetk\u00e1ros\u00edt\u00e1s A szinovi\u00e1lis fibroblasztok \u00e9s a rheumatoid arthritis Dr. Nagy Helga Gabriella: Az immunmedi\u00e1lt reumatol\u00f3giai betegs\u00e9gek &hellip;<\/p>\n","protected":false},"author":101825,"featured_media":0,"parent":242,"menu_order":1,"comment_status":"closed","ping_status":"closed","template":"","meta":{"_acf_changed":false,"footnotes":""},"categories":[],"tags":[],"class_list":["post-402","page","type-page","status-publish","hentry"],"acf":[],"_links":{"self":[{"href":"https:\/\/semmelweis.hu\/reumatologia\/wp-json\/wp\/v2\/pages\/402","targetHints":{"allow":["GET"]}}],"collection":[{"href":"https:\/\/semmelweis.hu\/reumatologia\/wp-json\/wp\/v2\/pages"}],"about":[{"href":"https:\/\/semmelweis.hu\/reumatologia\/wp-json\/wp\/v2\/types\/page"}],"author":[{"embeddable":true,"href":"https:\/\/semmelweis.hu\/reumatologia\/wp-json\/wp\/v2\/users\/101825"}],"replies":[{"embeddable":true,"href":"https:\/\/semmelweis.hu\/reumatologia\/wp-json\/wp\/v2\/comments?post=402"}],"version-history":[{"count":10,"href":"https:\/\/semmelweis.hu\/reumatologia\/wp-json\/wp\/v2\/pages\/402\/revisions"}],"predecessor-version":[{"id":1014,"href":"https:\/\/semmelweis.hu\/reumatologia\/wp-json\/wp\/v2\/pages\/402\/revisions\/1014"}],"up":[{"embeddable":true,"href":"https:\/\/semmelweis.hu\/reumatologia\/wp-json\/wp\/v2\/pages\/242"}],"wp:attachment":[{"href":"https:\/\/semmelweis.hu\/reumatologia\/wp-json\/wp\/v2\/media?parent=402"}],"wp:term":[{"taxonomy":"category","embeddable":true,"href":"https:\/\/semmelweis.hu\/reumatologia\/wp-json\/wp\/v2\/categories?post=402"},{"taxonomy":"post_tag","embeddable":true,"href":"https:\/\/semmelweis.hu\/reumatologia\/wp-json\/wp\/v2\/tags?post=402"}],"curies":[{"name":"wp","href":"https:\/\/api.w.org\/{rel}","templated":true}]}}