{"id":366,"date":"2021-07-28T14:18:05","date_gmt":"2021-07-28T12:18:05","guid":{"rendered":"https:\/\/semmelweis.hu\/reumatologia\/?page_id=366"},"modified":"2026-02-24T13:17:10","modified_gmt":"2026-02-24T12:17:10","slug":"tdk-temak","status":"publish","type":"page","link":"https:\/\/semmelweis.hu\/reumatologia\/oktatas\/tdk-temak\/","title":{"rendered":"TDK t\u00e9m\u00e1k"},"content":{"rendered":"<h3><strong>TDK T\u00c9M\u00c1K 2026\/2027<\/strong><\/h3>\n<h3><strong>SEMMELWEIS EGYETEM REUMATOL\u00d3GIAI \u00c9S IMMUNOL\u00d3GIAI KLINIKA\u00a0<\/strong><\/h3>\n<p>Prof. Dr. Nagy Gy\u00f6rgy (MTA doktora, tansz\u00e9kvezet\u0151)<\/p>\n<ul>\n<li><strong>Nehezen kezelhet\u0151 rheumatoid arthritis\u00a0<\/strong><\/li>\n<li><strong>COVID fert\u0151z\u00e9s immunol\u00f3giai sz\u00f6v\u0151dm\u00e9nyei<\/strong><\/li>\n<\/ul>\n<hr \/>\n<p>Dr. Majnik Judit Zsuzsanna (PhD, adjuntus)<\/p>\n<ul>\n<li><strong>Ter\u00e1pia adherencia \u00e9s \u00e9letmin\u0151s\u00e9g vizsg\u00e1lata autoimmun betegs\u00e9gekben<\/strong><\/li>\n<\/ul>\n<hr \/>\n<p>Dr. K\u0151halmi Kinga Vikt\u00f3ria (PhD)<\/p>\n<ul>\n<li><strong>A rheumatoid arthritist megel\u0151z\u0151 \u00e1llapotok vizsg\u00e1lata<\/strong><\/li>\n<\/ul>\n<hr \/>\n<p>Dr. N\u00e9meth Tam\u00e1s (PhD, docens)<\/p>\n<ul>\n<li><strong>Az autoimmun myositisek ter\u00e1pi\u00e1ja<\/strong><\/li>\n<li><strong>A neutrofilek szerepe sziszt\u00e9m\u00e1s autoimmun betegs\u00e9gekben<\/strong><\/li>\n<li><strong>A makrof\u00e1gok \u00e9s az autoimmun sz\u00f6vetk\u00e1ros\u00edt\u00e1s<\/strong><\/li>\n<li><strong>A szinovi\u00e1lis fibroblasztok \u00e9s a rheumatoid arthritis<\/strong><\/li>\n<\/ul>\n<hr \/>\n<p>Dr. V\u00e9gh Judit<\/p>\n<ul>\n<li><strong>A placent\u00e1n kereszt\u00fcljut\u00f3 autoantitestek szerepe az \u00fajsz\u00fcl\u00f6ttkori autoimmun jelens\u00e9gekben<\/strong><\/li>\n<li><strong>A gy\u00f3gyszeres kezel\u00e9s biztons\u00e1goss\u00e1ga autoimmun betegs\u00e9ggel \u00e9l\u0151 v\u00e1rand\u00f3s n\u0151k eset\u00e9n<\/strong><\/li>\n<li><strong>Obstetric APS \u2013 az \u00faj klasszifik\u00e1ci\u00f3s krit\u00e9riumok hat\u00e1sa a mindennapokban (beteganyagunk feldolgoz\u00e1s\u00e1nak t\u00fckr\u00e9ben)<\/strong><\/li>\n<li><strong>Az antifoszfolipid antitestek szerepe a vet\u00e9l\u00e9s \u00e9s magzati n\u00f6veked\u00e9si zavar kialakul\u00e1s\u00e1ban<\/strong><\/li>\n<li><strong>Gyullad\u00e1s vagy infekci\u00f3? A prokalcitonin klinikai alkalmazhat\u00f3s\u00e1ga sziszt\u00e9m\u00e1s autoimmun k\u00f3rk\u00e9pekben<\/strong><\/li>\n<\/ul>\n<hr \/>\n<p>Dr. Holh\u00f3s N\u00f3ra<\/p>\n<ul>\n<li><strong>Az NK-sejtek patol\u00f3gi\u00e1s aktivit\u00e1sa \u00e9s a reprodukt\u00edv kudarc \u00f6sszef\u00fcgg\u00e9sei<\/strong><\/li>\n<li><strong>NK-sejt asszoci\u00e1lt sikertelen be\u00e1gyaz\u00f3d\u00e1s: lipid emulzi\u00f3 alap\u00fa ter\u00e1pia klinikai eredm\u00e9nyei<\/strong><\/li>\n<\/ul>\n<hr \/>\n<p>Tak\u00e1cs J\u00falia<\/p>\n<ul>\n<li><strong>Tripple pozit\u00edv APS : fokozott thrombosis rizik\u00f3 \u00e9s ter\u00e1pi\u00e1s kih\u00edv\u00e1sok\u00a0<\/strong><\/li>\n<\/ul>\n<hr \/>\n<p>Gy\u0151ri Nikolett<\/p>\n<ul>\n<li><strong>Az autoimmun betegek mortalit\u00e1si \u00e9s morbidit\u00e1si jellemz\u0151i intenz\u00edv oszt\u00e1lyunkon: retrospekt\u00edv elemz\u00e9s \u00e9s szakirodalmi \u00e1ttekint\u00e9s\u00a0<\/strong><\/li>\n<\/ul>\n","protected":false},"excerpt":{"rendered":"<p>TDK T\u00c9M\u00c1K 2026\/2027 SEMMELWEIS EGYETEM REUMATOL\u00d3GIAI \u00c9S IMMUNOL\u00d3GIAI KLINIKA\u00a0 Prof. Dr. Nagy Gy\u00f6rgy (MTA doktora, tansz\u00e9kvezet\u0151) Nehezen kezelhet\u0151 rheumatoid arthritis\u00a0 COVID fert\u0151z\u00e9s immunol\u00f3giai sz\u00f6v\u0151dm\u00e9nyei Dr. Majnik Judit Zsuzsanna (PhD, adjuntus) Ter\u00e1pia adherencia \u00e9s \u00e9letmin\u0151s\u00e9g vizsg\u00e1lata autoimmun betegs\u00e9gekben Dr. K\u0151halmi Kinga Vikt\u00f3ria (PhD) A rheumatoid arthritist megel\u0151z\u0151 \u00e1llapotok vizsg\u00e1lata Dr. N\u00e9meth Tam\u00e1s (PhD, docens) Az autoimmun &hellip;<\/p>\n","protected":false},"author":101825,"featured_media":0,"parent":242,"menu_order":2,"comment_status":"closed","ping_status":"closed","template":"","meta":{"_acf_changed":false,"footnotes":""},"categories":[],"tags":[],"class_list":["post-366","page","type-page","status-publish","hentry"],"acf":[],"_links":{"self":[{"href":"https:\/\/semmelweis.hu\/reumatologia\/wp-json\/wp\/v2\/pages\/366","targetHints":{"allow":["GET"]}}],"collection":[{"href":"https:\/\/semmelweis.hu\/reumatologia\/wp-json\/wp\/v2\/pages"}],"about":[{"href":"https:\/\/semmelweis.hu\/reumatologia\/wp-json\/wp\/v2\/types\/page"}],"author":[{"embeddable":true,"href":"https:\/\/semmelweis.hu\/reumatologia\/wp-json\/wp\/v2\/users\/101825"}],"replies":[{"embeddable":true,"href":"https:\/\/semmelweis.hu\/reumatologia\/wp-json\/wp\/v2\/comments?post=366"}],"version-history":[{"count":10,"href":"https:\/\/semmelweis.hu\/reumatologia\/wp-json\/wp\/v2\/pages\/366\/revisions"}],"predecessor-version":[{"id":1008,"href":"https:\/\/semmelweis.hu\/reumatologia\/wp-json\/wp\/v2\/pages\/366\/revisions\/1008"}],"up":[{"embeddable":true,"href":"https:\/\/semmelweis.hu\/reumatologia\/wp-json\/wp\/v2\/pages\/242"}],"wp:attachment":[{"href":"https:\/\/semmelweis.hu\/reumatologia\/wp-json\/wp\/v2\/media?parent=366"}],"wp:term":[{"taxonomy":"category","embeddable":true,"href":"https:\/\/semmelweis.hu\/reumatologia\/wp-json\/wp\/v2\/categories?post=366"},{"taxonomy":"post_tag","embeddable":true,"href":"https:\/\/semmelweis.hu\/reumatologia\/wp-json\/wp\/v2\/tags?post=366"}],"curies":[{"name":"wp","href":"https:\/\/api.w.org\/{rel}","templated":true}]}}