{"id":333,"date":"2021-04-29T19:59:49","date_gmt":"2021-04-29T17:59:49","guid":{"rendered":"https:\/\/semmelweis.hu\/reumatologia\/?page_id=333"},"modified":"2026-04-09T10:58:56","modified_gmt":"2026-04-09T08:58:56","slug":"szabadon-valaszthato-tantargy","status":"publish","type":"page","link":"https:\/\/semmelweis.hu\/reumatologia\/oktatas\/szabadon-valaszthato-tantargy\/","title":{"rendered":"Szabadon v\u00e1laszthat\u00f3 tant\u00e1rgy"},"content":{"rendered":"<h4><strong>Autoimmun betegs\u00e9gek, a sejtekt\u0151l a beteg\u00e1gyig<br \/>\n<\/strong>szabadon v\u00e1laszthat\u00f3 tant\u00e1rgy<\/h4>\n<p><strong>Kredit\u00e9rt\u00e9ke:<\/strong> 2 kreditpont <br \/>\n<strong>Heti \u00f3rasz\u00e1m:<\/strong> el\u0151ad\u00e1s: 2 x 45 perc\u00a0<br \/>\n<strong>Tant\u00e1rgyfelel\u0151s neve: <\/strong>Dr. N\u00e9meth Tam\u00e1s habil. PhD<br \/>\n<strong>A vizsga t\u00edpusa:\u00a0<\/strong>\u00cdr\u00e1sbeli teszt<br \/>\n<strong>Felvehet\u0151:<\/strong> gradu\u00e1lis k\u00e9pz\u00e9sben III. \u00e9vt\u0151l, valamint PhD k\u00e9pz\u00e9sben\u00a0<br \/>\n<strong>F\u00e9l\u00e9v:<\/strong> \u0151szi<\/p>\n<h5>A t\u00e1rgy oktat\u00e1s\u00e1nak helye (el\u0151ad\u00f3terem, szemin\u00e1riumi helyis\u00e9g, stb. c\u00edme):<\/h5>\n<p><strong>Helysz\u00edn:<\/strong> Semmelweis Egyetem, Reumatol\u00f3giai \u00e9s Immunol\u00f3giai Klinika, 23-as oktat\u00f3terem <br \/>\n(1023 Budapest, Frankel Le\u00f3 \u00fat 25-29., Igazgat\u00f3s\u00e1gi \u00e9p\u00fclet)<\/p>\n<h5>A tant\u00e1rgy oktat\u00e1s\u00e1nak c\u00e9lkit\u0171z\u00e9se, helye az orvosk\u00e9pz\u00e9s kurrikulum\u00e1ban:<\/h5>\n<p>Az \u201eAutoimmun betegs\u00e9gek, a sejtekt\u0151l a beteg\u00e1gyig\u201d tant\u00e1rgy r\u00e9szletes ismeretanyaggal gazdag\u00edtja az orvostanhallgat\u00f3kat a klinikai immunol\u00f3gia ter\u00fclet\u00e9r\u0151l, c\u00e9lul t\u0171zve ki a hallgat\u00f3k felk\u00e9sz\u00edt\u00e9s\u00e9t a sziszt\u00e9m\u00e1s autoimmun betegs\u00e9gek (korai) felismer\u00e9s\u00e9re \u00e9s megfelel\u0151 ell\u00e1t\u00e1s\u00e1ra. Kiemelt c\u00e9l az interdiszciplin\u00e1ris szeml\u00e9let kialak\u00edt\u00e1sa.<\/p>\n","protected":false},"excerpt":{"rendered":"<p>Autoimmun betegs\u00e9gek, a sejtekt\u0151l a beteg\u00e1gyig szabadon v\u00e1laszthat\u00f3 tant\u00e1rgy Kredit\u00e9rt\u00e9ke: 2 kreditpont Heti \u00f3rasz\u00e1m: el\u0151ad\u00e1s: 2 x 45 perc\u00a0 Tant\u00e1rgyfelel\u0151s neve: Dr. N\u00e9meth Tam\u00e1s habil. PhD A vizsga t\u00edpusa:\u00a0\u00cdr\u00e1sbeli teszt Felvehet\u0151: gradu\u00e1lis k\u00e9pz\u00e9sben III. \u00e9vt\u0151l, valamint PhD k\u00e9pz\u00e9sben\u00a0 F\u00e9l\u00e9v: \u0151szi A t\u00e1rgy oktat\u00e1s\u00e1nak helye (el\u0151ad\u00f3terem, szemin\u00e1riumi helyis\u00e9g, stb. c\u00edme): Helysz\u00edn: Semmelweis Egyetem, Reumatol\u00f3giai \u00e9s Immunol\u00f3giai &hellip;<\/p>\n","protected":false},"author":101825,"featured_media":0,"parent":242,"menu_order":0,"comment_status":"closed","ping_status":"closed","template":"","meta":{"_acf_changed":false,"footnotes":""},"categories":[],"tags":[],"class_list":["post-333","page","type-page","status-publish","hentry"],"acf":[],"_links":{"self":[{"href":"https:\/\/semmelweis.hu\/reumatologia\/wp-json\/wp\/v2\/pages\/333","targetHints":{"allow":["GET"]}}],"collection":[{"href":"https:\/\/semmelweis.hu\/reumatologia\/wp-json\/wp\/v2\/pages"}],"about":[{"href":"https:\/\/semmelweis.hu\/reumatologia\/wp-json\/wp\/v2\/types\/page"}],"author":[{"embeddable":true,"href":"https:\/\/semmelweis.hu\/reumatologia\/wp-json\/wp\/v2\/users\/101825"}],"replies":[{"embeddable":true,"href":"https:\/\/semmelweis.hu\/reumatologia\/wp-json\/wp\/v2\/comments?post=333"}],"version-history":[{"count":11,"href":"https:\/\/semmelweis.hu\/reumatologia\/wp-json\/wp\/v2\/pages\/333\/revisions"}],"predecessor-version":[{"id":1112,"href":"https:\/\/semmelweis.hu\/reumatologia\/wp-json\/wp\/v2\/pages\/333\/revisions\/1112"}],"up":[{"embeddable":true,"href":"https:\/\/semmelweis.hu\/reumatologia\/wp-json\/wp\/v2\/pages\/242"}],"wp:attachment":[{"href":"https:\/\/semmelweis.hu\/reumatologia\/wp-json\/wp\/v2\/media?parent=333"}],"wp:term":[{"taxonomy":"category","embeddable":true,"href":"https:\/\/semmelweis.hu\/reumatologia\/wp-json\/wp\/v2\/categories?post=333"},{"taxonomy":"post_tag","embeddable":true,"href":"https:\/\/semmelweis.hu\/reumatologia\/wp-json\/wp\/v2\/tags?post=333"}],"curies":[{"name":"wp","href":"https:\/\/api.w.org\/{rel}","templated":true}]}}