{"id":298,"date":"2021-04-20T09:07:04","date_gmt":"2021-04-20T07:07:04","guid":{"rendered":"https:\/\/semmelweis.hu\/reumatologia\/?page_id=298"},"modified":"2026-01-29T13:44:07","modified_gmt":"2026-01-29T12:44:07","slug":"oftex-tanfolyamok","status":"publish","type":"page","link":"https:\/\/semmelweis.hu\/reumatologia\/oktatas\/oftex-tanfolyamok\/","title":{"rendered":"Tov\u00e1bbk\u00e9pz\u00e9sek: OFTEX-tanfolyamok"},"content":{"rendered":"<div class=\"keretes w-100\">\n<p>Klinik\u00e1nk rendszeresen szervez szakmai tov\u00e1bbk\u00e9pz\u00e9seket, amelyekre az <a href=\"https:\/\/oftex.hu\/project_o\/actual_prg\/system\/launch.php?pg=.\/FRAME_main.php&amp;ugrp=2\" target=\"_blank\" rel=\"noopener\"><strong>OFTEX port\u00e1lon<\/strong><\/a> kereszt\u00fcl\u00a0lehet jelentkezni. <em>(Az e-mailben k\u00e9rj\u00fck a n\u00e9v \u00e9s a tanfolyam megnevez\u00e9se mellett a pecs\u00e9tsz\u00e1mot is felt\u00fcntetni sz\u00edveskedjenek.)<\/em><\/p>\n<p>K\u00e9rd\u00e9s eseten keress\u00e9k bizalommal:<\/p>\n<p>N\u00e9meti Bianka<\/p>\n<p><a href=\"mailto:nemeti.bianka@semmelweis.hu\">nemeti.bianka@semmelweis.hu<\/a><\/p>\n<p>Vigh Orsolya<\/p>\n<p><a href=\"mailto:vigh.orsolya@semmelweis.hu\">vigh.orsolya@semmelweis.hu<\/a><\/p>\n<\/div>\n<h3>Jelenleg el\u00e9rhet\u0151 OFTEX-tanfolyamaink:<\/h3>\n<ul>\n<li>Reumatol\u00f3giai szakvizsga el\u0151tti k\u00f6telez\u0151 UH tanfolyam &#8211; SE-SZTOK\/2026.I.\/00461<\/li>\n<\/ul>\n<p style=\"padding-left: 40px\"><strong>Id\u0151pont: 2026. 02. 26.<\/strong><\/p>\n<p style=\"padding-left: 40px\"><strong>Helysz\u00edn: SE-RIK, K\u00f6z\u00f6ss\u00e9gi K\u00f6zpont <\/strong>(1023 Budapest, Frankel Le\u00f3 \u00fat 25-29.)<\/p>\n<p style=\"padding-left: 40px\">Szervez\u0151: <b>Prof. Dr. B\u00e1lint P\u00e9ter Vince<\/b><\/p>\n<p style=\"padding-left: 40px\">A fenti k\u00f3dsz\u00e1mon tudnak jelentkezni az OFTEX-port\u00e1lon a tanfolyam k\u00f3dja vagy pecs\u00e9tsz\u00e1m \u00e9s a tanfolyam c\u00edm\u00e9nek megad\u00e1s\u00e1val a <u><a href=\"mailto:nemeti.bianka@semmelweis.hu\">nemeti.bianka@semmelweis.hu<\/a><\/u> e-mail c\u00edmen.<\/p>\n<p style=\"padding-left: 40px\">A tanfolyam reumatol\u00f3gus szakorvosjel\u00f6lteknek egy alkalommal k\u00e9pz\u00e9s\u00fck alatt k\u00f6telez\u0151!<\/p>\n","protected":false},"excerpt":{"rendered":"<p>Klinik\u00e1nk rendszeresen szervez szakmai tov\u00e1bbk\u00e9pz\u00e9seket, amelyekre az <a href=\"https:\/\/oftex.hu\/project_o\/actual_prg\/system\/launch.php?pg=.\/FRAME_main.php&amp;ugrp=2\" target=\"_blank\" rel=\"noopener\">OFTEX port\u00e1lon<\/a> kereszt\u00fcl\u00a0lehet jelentkezni. (Az e-mailben k\u00e9rj\u00fck a n\u00e9v \u00e9s a tanfolyam megnevez\u00e9se mellett a pecs\u00e9tsz\u00e1mot is felt\u00fcntetni sz\u00edveskedjenek.) K\u00e9rd\u00e9s eseten keress\u00e9k bizalommal: N\u00e9meti Bianka <a href=\"mailto:nemeti.bianka@semmelweis.hu\">nemeti.bianka@semmelweis.hu<\/a> Vigh Orsolya <a href=\"mailto:vigh.orsolya@semmelweis.hu\">vigh.orsolya@semmelweis.hu<\/a> Jelenleg el\u00e9rhet\u0151 OFTEX-tanfolyamaink: Reumatol\u00f3giai szakvizsga el\u0151tti k\u00f6telez\u0151 UH tanfolyam &#8211; SE-SZTOK\/2026.I.\/00461 Id\u0151pont: 2026. 02. 26. Helysz\u00edn: SE-RIK, K\u00f6z\u00f6ss\u00e9gi K\u00f6zpont (1023 Budapest, Frankel Le\u00f3 &hellip;<\/p>\n","protected":false},"author":101825,"featured_media":0,"parent":242,"menu_order":3,"comment_status":"closed","ping_status":"closed","template":"","meta":{"_acf_changed":false,"footnotes":""},"categories":[],"tags":[],"class_list":["post-298","page","type-page","status-publish","hentry"],"acf":[],"_links":{"self":[{"href":"https:\/\/semmelweis.hu\/reumatologia\/wp-json\/wp\/v2\/pages\/298","targetHints":{"allow":["GET"]}}],"collection":[{"href":"https:\/\/semmelweis.hu\/reumatologia\/wp-json\/wp\/v2\/pages"}],"about":[{"href":"https:\/\/semmelweis.hu\/reumatologia\/wp-json\/wp\/v2\/types\/page"}],"author":[{"embeddable":true,"href":"https:\/\/semmelweis.hu\/reumatologia\/wp-json\/wp\/v2\/users\/101825"}],"replies":[{"embeddable":true,"href":"https:\/\/semmelweis.hu\/reumatologia\/wp-json\/wp\/v2\/comments?post=298"}],"version-history":[{"count":10,"href":"https:\/\/semmelweis.hu\/reumatologia\/wp-json\/wp\/v2\/pages\/298\/revisions"}],"predecessor-version":[{"id":959,"href":"https:\/\/semmelweis.hu\/reumatologia\/wp-json\/wp\/v2\/pages\/298\/revisions\/959"}],"up":[{"embeddable":true,"href":"https:\/\/semmelweis.hu\/reumatologia\/wp-json\/wp\/v2\/pages\/242"}],"wp:attachment":[{"href":"https:\/\/semmelweis.hu\/reumatologia\/wp-json\/wp\/v2\/media?parent=298"}],"wp:term":[{"taxonomy":"category","embeddable":true,"href":"https:\/\/semmelweis.hu\/reumatologia\/wp-json\/wp\/v2\/categories?post=298"},{"taxonomy":"post_tag","embeddable":true,"href":"https:\/\/semmelweis.hu\/reumatologia\/wp-json\/wp\/v2\/tags?post=298"}],"curies":[{"name":"wp","href":"https:\/\/api.w.org\/{rel}","templated":true}]}}