{"id":630,"date":"2021-08-18T00:29:26","date_gmt":"2021-08-17T22:29:26","guid":{"rendered":"https:\/\/semmelweis.hu\/research\/?page_id=630"},"modified":"2021-12-20T14:18:10","modified_gmt":"2021-12-20T13:18:10","slug":"department-of-internal-medicine-and-oncology","status":"publish","type":"page","link":"https:\/\/semmelweis.hu\/research\/services\/clinical-trials\/department-of-internal-medicine-and-oncology\/","title":{"rendered":"Department of Internal Medicine and Oncology"},"content":{"rendered":"<div id=\"tablist1-panel1\" class=\"tabcontent responsive-tabs__panel responsive-tabs__panel--active\" role=\"tabpanel\" aria-hidden=\"false\" aria-labelledby=\"tablist1-tab1\">\n<div class=\"keretes w-100\">\n<p>The department was opened in 1909 and has been conducting drug studies since 1946. To date, hundreds of clinical pharmacology studies have been successfully completed there. The Phase I Unit complies with all relevant principles of modern research. Since its accreditation in 2005, around 50 successful phase I studies and several audits have been conducted on the site. The Phase I Unit has a close cooperation with all other departments of the University, therefore it has the ability to carry out researches in all fields of science. Besides the four clinical pharmacologists employed at the unit, many other university researchers take part in the trials.<\/p>\n<\/div>\n<h4><strong>STUDY TEAM<\/strong><\/h4>\n<p><strong>Head of Unit<\/strong><br \/>\n<em>Prof. Dr. Istv\u00e1n Tak\u00e1cs M.D. P.h.D., D.Sc.<\/em> specialist in clinical pharmacology, endocrinology, clinical genetics and internal medicine<\/p>\n<p><strong>Quality Control Specialist<br \/>\n<\/strong> <em>Krisztina T\u00f3dorn\u00e9 Bogn\u00e1r<\/em><\/p>\n<p><strong>Investigators:<\/strong><\/p>\n<p><em>Prof. Dr. Magdolna Dank MD, PhD<\/em> specialist in clinical pharmacology and oncology Dr. Zsuzsanna Putz M.D., PhD specialist in clinical pharmacology, endocrinology and internal medicine<\/p>\n<p><em>Dr Bal\u00e1zs Szili MD<\/em> specialist in clinical pharmacology, endocrinology and internal medicine<\/p>\n<p><em>Dr. Zsolt Nagy\u00a0 MD, PhD<\/em> specialist in hematology and internal medicine<\/p>\n<p><em>Dr. Viktor Horv\u00e1th\u00a0M.D.PhD<\/em> specialist in diabetology, cardiology and internal medicine<\/p>\n<p>The department was opened in 1909 and has been conducting drug studies since 1946. To date, hundreds of clinical pharmacology studies have been successfully completed there. The Phase I Unit complies with all relevant principles of modern research. Since its accreditation in 2005, around 50 successful phase I studies and several audits have been conducted on the site. The Phase I Unit has a close cooperation with all other departments of the University, therefore it has the ability to carry out researches in all fields of science. Besides the four clinical pharmacologists employed at the unit, many other university researchers take part in the trials.<\/p>\n<h4><strong>SERVICES<\/strong><\/h4>\n<ul>\n<li>Study Planning and Management at site<\/li>\n<li>Recruitment of patients\/volunteers<\/li>\n<li>Clinical conduct of early phase clinical trials including, but not limited to first-in-human, dose-escalation, bioequivalence and advanced therapy medicinal products studies<\/li>\n<li>Laboratory procedures<\/li>\n<li>Pharmacy procedures scientific, medical and regulatory consulting<\/li>\n<\/ul>\n<h4><strong>FACILITIES<\/strong><\/h4>\n<ul>\n<li>Fully equipped unit with 12 beds<\/li>\n<li>Intensive Care Unit located close to the Phase I Unit, one of the best equipped ICUs in Hungary<\/li>\n<li>Team on duty 24\/7<\/li>\n<li>Outpatient Clinic with 4 examination rooms<\/li>\n<li>Full service pharmacy<\/li>\n<li>In-house central and genetic laboratory<\/li>\n<li>Archive rooms for short and long-term storage of documentation<\/li>\n<\/ul>\n<h4><strong>IN-HOUSE LABORATORY <br \/>\n<\/strong><\/h4>\n<ul>\n<li>Separate premises for blood and urine sample processing<\/li>\n<li>Fridges, -20 Celsius and -80 Celsius freezers<\/li>\n<li>Centrifuges with cooling system Central temperature control &amp; alarm system<\/li>\n<\/ul>\n<\/div>\n","protected":false},"excerpt":{"rendered":"<p>The department was opened in 1909 and has been conducting drug studies since 1946. To date, hundreds of clinical pharmacology studies have been successfully completed there. The Phase I Unit complies with all relevant principles of modern research. Since its accreditation in 2005, around 50 successful phase I studies and several audits have been conducted &hellip;<\/p>\n","protected":false},"author":362,"featured_media":799,"parent":182,"menu_order":0,"comment_status":"closed","ping_status":"closed","template":"","meta":{"_acf_changed":false,"footnotes":""},"categories":[12],"tags":[],"class_list":["post-630","page","type-page","status-publish","has-post-thumbnail","hentry","category-phase-1-trials"],"acf":[],"_links":{"self":[{"href":"https:\/\/semmelweis.hu\/research\/wp-json\/wp\/v2\/pages\/630","targetHints":{"allow":["GET"]}}],"collection":[{"href":"https:\/\/semmelweis.hu\/research\/wp-json\/wp\/v2\/pages"}],"about":[{"href":"https:\/\/semmelweis.hu\/research\/wp-json\/wp\/v2\/types\/page"}],"author":[{"embeddable":true,"href":"https:\/\/semmelweis.hu\/research\/wp-json\/wp\/v2\/users\/362"}],"replies":[{"embeddable":true,"href":"https:\/\/semmelweis.hu\/research\/wp-json\/wp\/v2\/comments?post=630"}],"version-history":[{"count":8,"href":"https:\/\/semmelweis.hu\/research\/wp-json\/wp\/v2\/pages\/630\/revisions"}],"predecessor-version":[{"id":800,"href":"https:\/\/semmelweis.hu\/research\/wp-json\/wp\/v2\/pages\/630\/revisions\/800"}],"up":[{"embeddable":true,"href":"https:\/\/semmelweis.hu\/research\/wp-json\/wp\/v2\/pages\/182"}],"wp:featuredmedia":[{"embeddable":true,"href":"https:\/\/semmelweis.hu\/research\/wp-json\/wp\/v2\/media\/799"}],"wp:attachment":[{"href":"https:\/\/semmelweis.hu\/research\/wp-json\/wp\/v2\/media?parent=630"}],"wp:term":[{"taxonomy":"category","embeddable":true,"href":"https:\/\/semmelweis.hu\/research\/wp-json\/wp\/v2\/categories?post=630"},{"taxonomy":"post_tag","embeddable":true,"href":"https:\/\/semmelweis.hu\/research\/wp-json\/wp\/v2\/tags?post=630"}],"curies":[{"name":"wp","href":"https:\/\/api.w.org\/{rel}","templated":true}]}}