{"id":251,"date":"2020-11-03T01:52:21","date_gmt":"2020-11-03T00:52:21","guid":{"rendered":"https:\/\/semmelweis.hu\/research\/?page_id=251"},"modified":"2021-07-22T13:25:24","modified_gmt":"2021-07-22T11:25:24","slug":"kerpel-fronius-programme","status":"publish","type":"page","link":"https:\/\/semmelweis.hu\/research\/education-fellowships\/kerpel-fronius-programme\/","title":{"rendered":"Kerpel-Fronius Fellowship Programme"},"content":{"rendered":"<h2>Kerpel-Fronius Talent Support Programme<\/h2>\n<p style=\"text-align: justify\"><a href=\"http:\/\/kerpel.semmelweis.hu\/index.php\" target=\"_blank\" rel=\"attachment noopener wp-att-8114 noreferrer\"><img loading=\"lazy\" decoding=\"async\" class=\"size-full wp-image-8114 alignright\" src=\"https:\/\/semmelweis.hu\/wp-content\/uploads\/2013\/08\/kerpel-fr-logo.png\" alt=\"kerpel-fr-logo\" width=\"123\" height=\"59\" \/><\/a>The<b> Kerpel-Fronius Talent Support Programme<\/b> was set up by the Senate of the university in 2007 to find and continuously support exceptionally talented incoming, current and graduated students. Since 2017 the programme has been open to international students as well. The programme is run by the Talent Support Council with the help of the faculties&#8217; representatives.<\/p>\n<p style=\"text-align: justify\">Semmelweis University&#8217;s outstanding teachers and researchers volunteer to become mentors and are responsible for one exceptionally talented student&#8217;s academic advancement, support and application for the scholarship.<\/p>\n<p style=\"text-align: justify\">Enrolment in the programme is based on the student&#8217;s academic results and a personal interview, and successful applicants are offered individual mentoring and scholarship opportunities by the programme.<\/p>\n<p style=\"text-align: justify\">The<strong> Jellinek Harry Scholarship<\/strong> is run by the Kerpel-Fronius programme which provides the opportunity for 6 students per year to study at the universities of Heidelberg and Freiburg. The Semmelweis Foundation sponsors 7 students per year for their outstanding scientific, cultural and public activities.<\/p>\n<p style=\"text-align: justify\"><strong>Address:<\/strong> Nagyv\u00e1rad t\u00e9r Theoretical Building, F4 office, 4 Nagyv\u00e1rad t\u00e9r, Budapest 1089<br \/><strong>Telephone\/Fax:<\/strong> 459-1500\/56352 ext.<br \/><strong>E-mail:<\/strong> <a href=\"mailto:tehetsegpont.se@gmail.com\" target=\"_blank\" rel=\"noopener noreferrer\">tehetsegpont.se@gmail.com<\/a><\/p>\n","protected":false},"excerpt":{"rendered":"<p>Kerpel-Fronius Talent Support Programme <a href=\"http:\/\/kerpel.semmelweis.hu\/index.php\" target=\"_blank\" rel=\"attachment noopener wp-att-8114 noreferrer\"><\/a> The Kerpel-Fronius Talent Support Programme was set up by the Senate of the university in 2007 to find and continuously support exceptionally talented incoming, current and graduated students. Since 2017 the programme has been open to international students as well. The programme is run by the Talent Support Council with the &hellip;<\/p>\n","protected":false},"author":362,"featured_media":0,"parent":122,"menu_order":4,"comment_status":"closed","ping_status":"closed","template":"","meta":{"_acf_changed":false,"footnotes":""},"categories":[],"tags":[],"class_list":["post-251","page","type-page","status-publish","hentry"],"acf":[],"_links":{"self":[{"href":"https:\/\/semmelweis.hu\/research\/wp-json\/wp\/v2\/pages\/251","targetHints":{"allow":["GET"]}}],"collection":[{"href":"https:\/\/semmelweis.hu\/research\/wp-json\/wp\/v2\/pages"}],"about":[{"href":"https:\/\/semmelweis.hu\/research\/wp-json\/wp\/v2\/types\/page"}],"author":[{"embeddable":true,"href":"https:\/\/semmelweis.hu\/research\/wp-json\/wp\/v2\/users\/362"}],"replies":[{"embeddable":true,"href":"https:\/\/semmelweis.hu\/research\/wp-json\/wp\/v2\/comments?post=251"}],"version-history":[{"count":3,"href":"https:\/\/semmelweis.hu\/research\/wp-json\/wp\/v2\/pages\/251\/revisions"}],"predecessor-version":[{"id":443,"href":"https:\/\/semmelweis.hu\/research\/wp-json\/wp\/v2\/pages\/251\/revisions\/443"}],"up":[{"embeddable":true,"href":"https:\/\/semmelweis.hu\/research\/wp-json\/wp\/v2\/pages\/122"}],"wp:attachment":[{"href":"https:\/\/semmelweis.hu\/research\/wp-json\/wp\/v2\/media?parent=251"}],"wp:term":[{"taxonomy":"category","embeddable":true,"href":"https:\/\/semmelweis.hu\/research\/wp-json\/wp\/v2\/categories?post=251"},{"taxonomy":"post_tag","embeddable":true,"href":"https:\/\/semmelweis.hu\/research\/wp-json\/wp\/v2\/tags?post=251"}],"curies":[{"name":"wp","href":"https:\/\/api.w.org\/{rel}","templated":true}]}}