{"id":237,"date":"2020-11-03T01:41:45","date_gmt":"2020-11-03T00:41:45","guid":{"rendered":"https:\/\/semmelweis.hu\/research\/?page_id=237"},"modified":"2023-11-23T09:34:39","modified_gmt":"2023-11-23T08:34:39","slug":"councils","status":"publish","type":"page","link":"https:\/\/semmelweis.hu\/research\/research-management\/councils\/","title":{"rendered":"Councils"},"content":{"rendered":"<h4><strong>SCIENTIFIC COUNCIL<\/strong><\/h4>\n<p style=\"text-align: justify\">Semmelweis University\u2019s Scientific Council draws up strategic decisions concerning the scientific work at the University. It provides opinions on the legal proposals and other provisions in connection with scientific research, it facilitates the processes of awarding the various medals, rewards, research grants and scientific research aids, and it evaluates scientific proposals.<\/p>\n<p><em><strong>Contact:<\/strong><\/em> Centre of Science and Innovation Vice-Rector and Business Development<br \/>\n<em><strong>Email:\u00a0<\/strong><\/em>sci.vicerector@semmelweis.hu<\/p>\n<h4>President of the Scientific Council<\/h4>\n<p style=\"padding-left: 30px\"><b>Dr. P\u00e9ter Ferdinandy<br \/>\n<\/b>Professor, Vice-Rector for Science and Innovation <b><br \/>\n<\/b><\/p>\n<h4>Members of the Scientific Council <b><\/b><\/h4>\n<p style=\"padding-left: 30px\"><strong>Dr. Zolt\u00e1n Ungv\u00e1ri<\/strong><br \/>\nProfessor, Director, Department of Public Health, Faculty of Medicine<\/p>\n<hr \/>\n<p style=\"padding-left: 30px\"><strong>D<\/strong><b>r. Bal\u00e1zs Gy\u0151rffy<br \/>\n<\/b>Professor, Head, Department of Bioinformatics, Faculty of Medicine<\/p>\n<hr \/>\n<p style=\"padding-left: 30px\"><strong>Dr. Be\u00e1ta D\u00e1vid Pethesn\u00e9<\/strong><br \/>\nProfessor, Institute of Mental Health, Faculty of Health and Public Administration<\/p>\n<hr \/>\n<p style=\"padding-left: 30px\"><strong>Dr. Gabriella D\u00f6rnyei<\/strong><br \/>\nDean, Faculty of Health Sciences &#8211; College Professor, Department of Morphology and Physiology<\/p>\n<hr \/>\n<p style=\"padding-left: 30px\"><b>Dr. Csaba Nagy Dob\u00f3<br \/>\n<\/b>Professor, Department of Oral Diagnostics &#8211; Vice-Dean, Faculty of Dentistry<\/p>\n<hr \/>\n<p style=\"padding-left: 30px\"><b>Dr. Krisztina Lud\u00e1nyi\u00a0<br \/>\n<\/b>Deputy Director, Department of Pharmaceutics &#8211; Vice-Dean, Faculty of Pharmacy<\/p>\n<hr \/>\n<p style=\"padding-left: 30px\"><strong>Dr. Iboly T\u00fari<br \/>\n<\/strong>Vice-Dean, Andr\u00e1s Pet\u0151 Faculty &#8211; College Associate Professor, Institute of Conductive Pedagogy<\/p>\n<hr \/>\n<p style=\"padding-left: 30px\"><strong>Dr. Zolt\u00e1n Beny\u00f3<\/strong><br \/>\nPresident, Schools of PhD Studies &#8211; Professor, Director, Institute of Translational Medicine<\/p>\n<hr \/>\n<p style=\"padding-left: 30px\"><strong>Dr. Attila Szij\u00e1rt\u00f3<\/strong><br \/>\nPresident, Scientific Students&#8217; Association &#8211; Professor, Director, Department of Surgery and Interventional gastroenterology<\/p>\n<hr \/>\n<p style=\"padding-left: 30px\"><strong>Dr. Veronika M\u00fcller<\/strong><br \/>\nDirector, Department of Pulmonology<\/p>\n<hr \/>\n<p><strong>\u00a0 \u00a0 \u00a0 Dr. P\u00e9ter Hegyi<\/strong><br \/>\n\u00a0 \u00a0 \u00a0 Director, Centre for Translational Medicine, Institute of Pancreatic Diseases\u00a0<\/p>\n<h4>\u00a0<\/h4>\n<h4><strong>OTHER COMMITTEES<\/strong><\/h4>\n<ul style=\"list-style-type: square\">\n<li>\n<p><a href=\"https:\/\/semmelweis.hu\/innovacio\/en\/about-us\/bodies\/university-innovation-committee-eib\/\" target=\"_blank\" rel=\"noopener noreferrer\">SEMMELWEIS UNIVERSITY INNOVATION COMMITTEE<\/a><\/p>\n<\/li>\n<li>\n<p><a href=\"https:\/\/semmelweis.hu\/bizottsagok\/en\/constant-committees\/committees-with-university-competence\/external-research-assessment-committee\/\" target=\"_blank\" rel=\"noopener noreferrer\">EXTERNAL RESEARCH ASSESSMENT COMMITTEE<\/a><\/p>\n<\/li>\n<li>\n<p><a href=\"https:\/\/semmelweis.hu\/bizottsagok\/en\/constant-committees\/committees-with-university-competence\/semmelweis-university-employment-and-animal-welfare-committee\/\" target=\"_blank\" rel=\"noopener noreferrer\">SEMMELWEIS UNIVERSITY WORKPLACE ANIMAL WELFARE BODY COMITTEE<\/a><\/p>\n<\/li>\n<li>\n<p><a href=\"https:\/\/semmelweis.hu\/bizottsagok\/en\/constant-committees\/committees-with-university-competence\/committee-for-pharmaceutical-therapy-infection-and-antibiotics-control\/\" target=\"_blank\" rel=\"noopener noreferrer\">COMMITTEE FOR PHARMACEUTICAL THERAPY, INFECTION AND ANTIBIOTICS CONTROL<\/a><\/p>\n<\/li>\n<\/ul>\n","protected":false},"excerpt":{"rendered":"<p>SCIENTIFIC COUNCIL Semmelweis University\u2019s Scientific Council draws up strategic decisions concerning the scientific work at the University. It provides opinions on the legal proposals and other provisions in connection with scientific research, it facilitates the processes of awarding the various medals, rewards, research grants and scientific research aids, and it evaluates scientific proposals. Contact: Centre &hellip;<\/p>\n","protected":false},"author":362,"featured_media":0,"parent":120,"menu_order":6,"comment_status":"closed","ping_status":"closed","template":"","meta":{"_acf_changed":false,"footnotes":""},"categories":[],"tags":[],"class_list":["post-237","page","type-page","status-publish","hentry"],"acf":[],"_links":{"self":[{"href":"https:\/\/semmelweis.hu\/research\/wp-json\/wp\/v2\/pages\/237","targetHints":{"allow":["GET"]}}],"collection":[{"href":"https:\/\/semmelweis.hu\/research\/wp-json\/wp\/v2\/pages"}],"about":[{"href":"https:\/\/semmelweis.hu\/research\/wp-json\/wp\/v2\/types\/page"}],"author":[{"embeddable":true,"href":"https:\/\/semmelweis.hu\/research\/wp-json\/wp\/v2\/users\/362"}],"replies":[{"embeddable":true,"href":"https:\/\/semmelweis.hu\/research\/wp-json\/wp\/v2\/comments?post=237"}],"version-history":[{"count":11,"href":"https:\/\/semmelweis.hu\/research\/wp-json\/wp\/v2\/pages\/237\/revisions"}],"predecessor-version":[{"id":1175,"href":"https:\/\/semmelweis.hu\/research\/wp-json\/wp\/v2\/pages\/237\/revisions\/1175"}],"up":[{"embeddable":true,"href":"https:\/\/semmelweis.hu\/research\/wp-json\/wp\/v2\/pages\/120"}],"wp:attachment":[{"href":"https:\/\/semmelweis.hu\/research\/wp-json\/wp\/v2\/media?parent=237"}],"wp:term":[{"taxonomy":"category","embeddable":true,"href":"https:\/\/semmelweis.hu\/research\/wp-json\/wp\/v2\/categories?post=237"},{"taxonomy":"post_tag","embeddable":true,"href":"https:\/\/semmelweis.hu\/research\/wp-json\/wp\/v2\/tags?post=237"}],"curies":[{"name":"wp","href":"https:\/\/api.w.org\/{rel}","templated":true}]}}