{"id":170,"date":"2020-10-31T01:53:52","date_gmt":"2020-10-31T00:53:52","guid":{"rendered":"https:\/\/semmelweis.hu\/research\/?page_id=170"},"modified":"2026-01-19T10:20:20","modified_gmt":"2026-01-19T09:20:20","slug":"university-rdi-prizes-and-awards","status":"publish","type":"page","link":"https:\/\/semmelweis.hu\/research\/scientific-excellence\/university-rdi-prizes-and-awards\/","title":{"rendered":"University RDI Prizes &amp; Awards"},"content":{"rendered":"<p style=\"text-align: justify\">Semmelweis University has established eight separate prizes to recognise outstanding scientific and innovation activities.<\/p>\n<p style=\"text-align: justify\"><img loading=\"lazy\" decoding=\"async\" class=\" wp-image-1116 alignright\" src=\"https:\/\/semmelweis.hu\/research\/files\/2023\/11\/RS167239_C19A8220-scr-1-400x267.jpg\" alt=\"\" width=\"354\" height=\"236\" srcset=\"https:\/\/semmelweis.hu\/research\/files\/2023\/11\/RS167239_C19A8220-scr-1-400x267.jpg 400w, https:\/\/semmelweis.hu\/research\/files\/2023\/11\/RS167239_C19A8220-scr-1-1024x683.jpg 1024w, https:\/\/semmelweis.hu\/research\/files\/2023\/11\/RS167239_C19A8220-scr-1-768x512.jpg 768w, https:\/\/semmelweis.hu\/research\/files\/2023\/11\/RS167239_C19A8220-scr-1-753x502.jpg 753w, https:\/\/semmelweis.hu\/research\/files\/2023\/11\/RS167239_C19A8220-scr-1-203x135.jpg 203w, https:\/\/semmelweis.hu\/research\/files\/2023\/11\/RS167239_C19A8220-scr-1.jpg 1200w\" sizes=\"auto, (max-width: 354px) 100vw, 354px\" \/>Founded in 2009, the <strong>Semmelweis Budapest Award <\/strong>serves to recognise the achievements of an international researcher working in the field of medical biology, whose research activities have produced internationally acknowledged results, contributed to the benefit of humanity, and opened up new ways of understanding living natural science.<br \/>\nThe Award Ceremony incorporating the awardee&#8217;s lecture takes place in November every year as part of a scientific meeting organised within the framework of Dies Academicus and the Hungarian Science Festival.<\/p>\n<p style=\"text-align: justify\">The <strong>Semmelweis Ign\u00e1c Medal<\/strong> <strong>and Award<\/strong> recognises lifetime research achievement that has established a new school of thought, and is awarded through nomination. It can be awarded not only to Semmelweis citizens but also to researchers from other universities and health care institutions.<\/p>\n<p style=\"text-align: justify\">Founded in 1990, the <strong>Jendrassik<\/strong> and <strong>Huzella Medal and Awards <\/strong>aim to facilitate the development of disciplines based on specific research activities. The Jendrassik Medal is awarded to authors, whose publications in the past five years are based on individual clinical research, while the Huzella Medal is given to recognise research in the fields of theoretical medicine and medical biology presenting outstanding work at Semmelweis University. Recipients are chosen through an application process.<\/p>\n<p style=\"text-align: justify\">With the <strong>Hugonnai Vilma Medal and Award<\/strong>, established in 2010, Semmelweis University recognises the achievements of young female physician-researchers to encourage talent support and the development of the next generation of female scientists.<\/p>\n<p>The <strong>H\u00e1ri M\u00e1ri Medal and Award<\/strong> was established in recognition of scientific teaching, research and innovation in the fields of conductive pedagogy and conductive training in education, social sciences and health sciences.<\/p>\n<p>On the occasion of the 150th anniversary of Gedeon Richter&#8217;s birth, the <strong>Richter Gedeon Medal and Award<\/strong> will be established in 2022 on the initiative of the working group coordinating the cooperation between Richter Gedeon Plc. and Semmelweis University.The aim of the prize is to recognise, honour and motivate outstanding scientific and innovative achievements in the field of pharmaceutical sciences.<\/p>\n<p>The <strong>Semmelweis Innovation Award<\/strong> aims to recognise the activities of researchers, doctoral candidates and doctoral students who have developed outstanding innovative scientific research results and solutions in the course of their research work related to the University.<\/p>\n<p>The prize is a cash prize and is awarded every year in the following 3 categories:<\/p>\n<ul style=\"list-style-type: square\">\n<li>For the most innovative TDK work<\/li>\n<li>For the most innovative PhD thesis<\/li>\n<li>Most innovative research work<\/li>\n<\/ul>\n<p style=\"text-align: justify\"><span style=\"font-size: 18pt\"><strong>Recipients of the awards<\/strong><\/span><\/p>\n<div class=\"exp-col-content-holder\">\n<p><a class=\"expand-cnt-link\" href=\"#\">Semmelweis Budapest Award<\/a><\/p>\n<div class=\"hidden-content\">2024: <a href=\"https:\/\/semmelweis.hu\/english\/2025\/02\/dr-ferenc-krausz-receives-2024-semmelweis-budapest-award\/\">Dr. Ferenc Krausz\u00a0<\/a><br \/>\n2023: <a href=\"https:\/\/semmelweis.hu\/english\/2024\/01\/follow-the-path-that-you-have-chosen-dr-balazs-gulyas-video\/\">Dr. Bal\u00e1zs Guly\u00e1s<\/a><br \/>\n2022: <a href=\"https:\/\/semmelweis.hu\/english\/2023\/07\/dr-scott-david-solomon-receives-semmelweis-budapest-award\/\">Dr. Scott David Solomon (report)\u00a0<\/a><br \/>\n2021: <a href=\"https:\/\/semmelweis.hu\/english\/2022\/12\/dr-katalin-kariko-receives-semmelweis-budapest-award\/\">Dr. Katalin Karik\u00f3 (report)<\/a><br \/>\n2020: <a href=\"https:\/\/semmelweis.hu\/english\/2021\/12\/dr-peter-gloviczki-held-a-lecture-on-how-to-write-successful-high-impact-scientific-papers\/\">Dr. P\u00e9ter Gloviczki (report)<\/a><\/p>\n<p class=\"hiddenContentp\">2019: <a href=\"https:\/\/semmelweis.hu\/english\/2019\/12\/interview-with-dr-botond-roska-winner-of-this-years-semmelweis-budapest-award-video\/\" target=\"_blank\" rel=\"noopener noreferrer\">Dr. Botond Roska (video interview)<\/a><br \/>\n2018: <a href=\"https:\/\/semmelweis.hu\/english\/2018\/12\/dr-petr-widimsky-recipient-of-this-years-semmelweis-budapest-award\/\" target=\"_blank\" rel=\"noopener noreferrer\">Dr. Petr Widimsk\u00fd (report and video)<\/a><br \/>\n2017: <a href=\"https:\/\/semmelweis.hu\/english\/2017\/12\/sir-ravinder-n-maini-famous-for-the-development-of-biological-therapies-has-been-awarded-semmelweis-budapest-award-in-2017-video\/\" target=\"_blank\" rel=\"noopener noreferrer\">Sir Ravinder N. Maini (report)<\/a><br \/>\n2016: <a href=\"https:\/\/semmelweis.hu\/english\/2016\/11\/dr-stefan-w-hell-nobel-prize-winner-scientist-received-the-semmelweis-budapest-award-this-year\/\" target=\"_blank\" rel=\"noopener noreferrer\">Dr. Stefan W. Hell (report and video)<\/a><br \/>\n2015: <a href=\"https:\/\/semmelweis.hu\/english\/2015\/12\/dr-tomas-hokfelt-receives-semmelweis-budapest-award-in-2015\/\" target=\"_blank\" rel=\"noopener noreferrer\">Dr. Tomas H\u00f6kfelt (report and video)<\/a><br \/>\n2014: <a href=\"https:\/\/semmelweis.hu\/english\/2014\/11\/unpredictable-events-have-shaped-my-life-semmelweis-budapest-award-goes-to-dr-gyorgy-klein\/\" target=\"_blank\" rel=\"noopener noreferrer\">Dr. Gy\u00f6rgy Klein (report)<\/a><br \/>\n2013: <a href=\"https:\/\/semmelweis.hu\/english\/2013\/10\/professor-george-a-olah-received-the-semmelweis-budapest-award\/\" target=\"_blank\" rel=\"noopener noreferrer\">Dr. Gy\u00f6rgy Ol\u00e1h (report)<\/a><br \/>\n2012: Dr.<a href=\"https:\/\/semmelweis.hu\/english\/2012\/11\/dr-peter-somogyi-receives-2012-semmelweis-budapest-award\/\" target=\"_blank\" rel=\"noopener noreferrer\"> P\u00e9ter Somogyi (report)<\/a><br \/>\n2011: <a href=\"https:\/\/semmelweis.hu\/english\/2011\/11\/father-of-mri-receives-this-years-semmelweis-budapest-award\/\" target=\"_blank\" rel=\"noopener noreferrer\">Sir George Radda (report)<\/a> <br \/>\n2010: <a href=\"https:\/\/semmelweis.hu\/english\/2010\/11\/semmelweisbudapestaward2010\/\" target=\"_blank\" rel=\"noopener noreferrer\">Dr. Jeremy K. Nicholson (report)<\/a><\/p>\n<\/div>\n<\/div>\n<div class=\"exp-col-content-holder\">\n<p><a class=\"expand-cnt-link\" href=\"#\">Semmelweis Ign\u00e1c Medal and Award<\/a><\/p>\n<div class=\"hidden-content\">2025: Dr. L\u00e1szl\u00f3 Tringer\u00a0<br \/>\n2024: Dr. L\u00e1szl\u00f3 Rosivall<br \/>\n2023: Dr. \u00c1kos Koller<br \/>\n2022: Dr. J\u00f3zsef\u00a0 T\u00edm\u00e1r\u00a0<br \/>\n2021: Dr. Gy\u00f6rgy Bagdy\u00a0<br \/>\n2020: Dr. Tivadar Tulassay<br \/>\n2019: Dr. Istv\u00e1n Gera<br \/>\n2019: Dr. Zsuzsanna F\u00fcrst<br \/>\n2018: Dr. Emil Monos<br \/>\n2017: Dr. Mikl\u00f3s Szendr\u0151i<br \/>\n2016: Dr. Tivadar Zelles<br \/>\n2015: Dr. Mikl\u00f3s R\u00e9thelyi<br \/>\n2014: Dr. Imre Romics<br \/>\n2013: Dr. Veronika \u00c1d\u00e1m<br \/>\n2012: Dr. B\u00e9la Nosz\u00e1l<br \/>\n2011: Dr. J\u00f3zsef Mandl<br \/>\n2010: Dr. \u00c1goston Sz\u00e9l<br \/>\n2009: Dr. P\u00e9ter S\u00f3tonyi<br \/>\n2008: Dr. Andr\u00e1s Falus<br \/>\n2007: Dr. Tam\u00e1s Freund<br \/>\n2006: Dr. Erzs\u00e9bet Ligeti<br \/>\n2005: Dr. J\u00e1nos Gergely<br \/>\n2004: Dr. Ferenc Perner<br \/>\n2003: Dr. K\u00e1lm\u00e1n Magyar<br \/>\n2002: Dr. L\u00e1szl\u00f3 Romics<br \/>\n2001: Dr. Raymund Machovich<br \/>\n2000: Dr. S\u00e1ndor Juh\u00e1sz-Nagy<br \/>\n1999: Dr. Zolt\u00e1n Papp<br \/>\n1998: Dr. E. Szilveszter Vizi<br \/>\n1997: Dr. Mikl\u00f3s Palkovits<br \/>\n1996: Dr. Andr\u00e1s Sp\u00e4t<br \/>\n1995: Dr. Edit Gl\u00e1z<br \/>\n1994: Dr. Gy\u00f6rgy Pusk\u00e1s<br \/>\n1993: Dr. Gyula Petr\u00e1nyi<br \/>\n1992:Dr. Zolt\u00e1n Szab\u00f3<br \/>\n1991: Dr. Ferenc Solti<br \/>\n1990: Dr. Endre Kelemen<br \/>\n1989: Dr. L\u00e1szl\u00f3 H\u00e1rsing<br \/>\n1989: Dr. Ferenc Kov\u00e1cs<br \/>\n1988: Dr. Istv\u00e1n Holl\u00f3<br \/>\n1987: Dr. Andor Sz\u00e9cs\u00e9ny<br \/>\n1986: Dr. F. Brun\u00f3 Straub<br \/>\n1985: Dr. K\u00e1roly Lapis<br \/>\n1984: Dr. Ferenc Gr\u00e1f<br \/>\n1984: Dr. B\u00e9la Hal\u00e1sz<br \/>\n1983: Dr. Ferenc Antoni<br \/>\n1982: Dr. Istv\u00e1n N\u00e1sz<br \/>\n1981: Dr. J\u00f3zsef Knoll<br \/>\n1980: not awarded<br \/>\n1979: not awarded<br \/>\n1978: Dr. Imre Magyar<br \/>\n1977: Dr. J\u00e1nos Szent\u00e1gothai<br \/>\n1976: Dr. G\u00e1bor Petri<br \/>\n1976: Dr. Imre Zolt\u00e1n<br \/>\n1975: Dr. \u00d6d\u00f6n Kerpel Fr\u00f3nius<br \/>\n1974: Dr. Magda Radn\u00f3t<br \/>\n1973: Dr. Lor\u00e1nd Keszty\u0171s<br \/>\n1972: Dr. J\u00f3zsef S\u00f3s<br \/>\n1971: Dr. Szil\u00e1rd Donhoffer<br \/>\n1970: Dr. P\u00e1l G\u00f6m\u00f6ri<br \/>\n1969: Dr. Dezs\u0151 Miskolczy<br \/>\n1968: Dr. L\u00e1szl\u00f3 Haranghy<br \/>\n1967: Dr. J\u00f3zsef Bal\u00f3<br \/>\n1966: Dr. Ferenc F\u00f6ldv\u00e1ri<br \/>\n1965: Dr. Jen\u0151 Ernst<br \/>\n1964: Dr. G\u00e9za Pet\u00e9nyi<br \/>\n1963: Dr. Gy\u00f6rgy Ivanovics<br \/>\n1962: Dr. B\u00e9la Issekutz<br \/>\n1961: Dr. Antal Babits<br \/>\n1960: Dr. P\u00e1l Gegesi Kiss<br \/>\n1959: Dr. Istv\u00e1n Ruszny\u00e1k<\/div>\n<\/div>\n<div class=\"exp-col-content-holder\">\n<p><a class=\"expand-cnt-link\" href=\"#\">Jendrassik Ern\u0151 Medal and Award<\/a><\/p>\n<div class=\"hidden-content\">2025: Dr. P\u00e1l Miheller<br \/>\n2024: Dr. P\u00e9ter Hegyi\u00a0<br \/>\n2023: Dr. Istv\u00e1n Tak\u00e1cs<br \/>\n2022: Dr. Attila Szij\u00e1rt\u00f3\u00a0<br \/>\n2021: Dr. Tam\u00e1s Masszi\u00a0<br \/>\n2020: Dr. Endre Zima<br \/>\n2019: Dr. K\u00e1lm\u00e1n Tory <br \/>\n2018: Dr. Attila Molvarec <br \/>\n2017: Dr. P\u00e1l Maurovich-Horvat <br \/>\n2016: Dr. Gy\u00f6rgy Nagy<br \/>\n2015: Dr. Attila Pat\u00f3cs<br \/>\n2014: Dr. \u00c1d\u00e1m Tab\u00e1k<br \/>\n2013: Dr. P\u00e9ter Igaz<br \/>\n2012: Dr. Zolt\u00e1n Zsolt Nagy<br \/>\n2011: Dr. L\u00e1szl\u00f3 Hangody<br \/>\n2010: Dr. Barna V\u00e1s\u00e1rhelyi<br \/>\n2009: Dr. B\u00e9la Moln\u00e1r<br \/>\n2008: Dr. B\u00e9la Merkely<br \/>\n2007: Dr. P\u00e9ter L\u00e1szl\u00f3 Lakatos<br \/>\n2006: Dr. R\u00f3bert Langer<br \/>\n2005: Dr. Henriette Farkas<br \/>\n2004: Dr. Attila Szab\u00f3<br \/>\n2003: not awarded<br \/>\n2002: Dr. Csaba Horv\u00e1th<br \/>\n2001: Dr. B\u00e9la Sz\u00e9k\u00e1cs<br \/>\n2000: Dr. G\u00e1bor Holl\u00f3<br \/>\n1999: Dr. Andr\u00e1s Szab\u00f3<br \/>\n1998: Dr. P\u00e9ter Lakatos<br \/>\n1997: Dr. M\u00e1rk Kollai<br \/>\n1996: Dr. P\u00e9ter Rajna<br \/>\n1995: Dr. Gy\u00f6rgy Reusz<br \/>\n1994: not awarded<br \/>\n1993: Dr. Mikl\u00f3s Szathm\u00e1ri<br \/>\n1992: Dr. J\u00e1nos S\u00f3lyom<br \/>\n1991: Dr. Zsolt Tulassay<br \/>\n1990: Dr. Raymund Machovich<br \/>\n1989: Dr. L\u00e1szl\u00f3 Rosivall<br \/>\n1988: Dr. P\u00e1l Hadh\u00e1zy<br \/>\n1987: Dr. J\u00f3zsef Tenczer<br \/>\n1986: Dr. E\u00f6rs D\u00f3ra<br \/>\n1985: Dr. Zsuzsa Schaff<br \/>\n1984: Dr. Tibor Raposa<br \/>\n1983: Dr. Judit Dar\u00f3czy<br \/>\n1982: Dr. P\u00e9ter S\u00f3tonyi<br \/>\n1981: Dr. Mih\u00e1ly Ber\u00e9nyi<br \/>\n1980: Dr. Anna K\u00e1d\u00e1r<br \/>\n1979: Dr. S\u00e1ndor Juh\u00e1sz-Nagy<br \/>\n1978: Dr. Emil Monos<br \/>\n1977: Dr. K\u00e1lm\u00e1n Magyar<br \/>\n1976: Dr. Ilona Szeri<br \/>\n1975: Dr. Jakab Lajos<br \/>\n1974: Dr. Attila Fony\u00f3<br \/>\n1973: Dr. Zolt\u00e1n Szab\u00f3<br \/>\n1972: Dr. J\u00e1nos Somogyi<br \/>\n1971: Dr. Tibor G\u00e1ti<br \/>\n1970: Dr. Andr\u00e1s Kov\u00e1cs<br \/>\n1969: Dr. Gy\u00f6rgy Bozsik<br \/>\n1968: Dr. Antal Fischer<br \/>\n1967: Dr. Harry Jellinek<br \/>\n1966: Dr. Endre Somogyi<br \/>\n1965: Dr. B\u00e9la Vigh<\/div>\n<\/div>\n<div class=\"exp-col-content-holder\">\n<p><a class=\"expand-cnt-link\" href=\"#\">Huzella Tivadar Medal and Award<\/a><\/p>\n<div class=\"hidden-content\">2025: Dr. Zolt\u00e1n Varga\u00a0<br \/>\n2024: Dr. Zolt\u00e1n Ungv\u00e1ri<br \/>\n2023: Dr. Gabriella Juh\u00e1sz<br \/>\n2022: Dr. P\u00e1l Czobor<br \/>\n2021: Dr. Zolt\u00e1n Beny\u00f3<br \/>\n2020: Dr. G\u00e1bor Varga<br \/>\n2019: Dr. Mikl\u00f3s Geiszt <br \/>\n2018: Dr. Christos Chinopoulos<br \/>\n2017: Dr. P\u00e9ter Ferdinandy <br \/>\n2016: Dr. Bal\u00e1zs Gy\u0151rffy<br \/>\n2015: Dr. Csaba Szalai<br \/>\n2014: Dr. Csaba S\u0151ti<br \/>\n2013: Dr. Mikl\u00f3s Kellermayer<br \/>\n2012: Dr. Zolt\u00e1n Proh\u00e1szka<br \/>\n2011: Dr. Edit Buz\u00e1s<br \/>\n2010: Dr. Gy\u00f6rgy Bagdy<br \/>\n2009: Dr. P\u00e9ter V\u00e1rnai<br \/>\n2008: Dr. L\u00e1szl\u00f3 Csan\u00e1dy<br \/>\n2007: Dr. Attila M\u00f3csai<br \/>\n2006: not awarded<br \/>\n2005: Dr. Kolev Kraszimir<br \/>\n2004: Dr. L\u00e1szl\u00f3 Tretter<br \/>\n2003: Dr. P\u00e9ter Enyedi<br \/>\n2003: Dr. Gy\u00f6rgy F\u00fcst<br \/>\n2002: Dr. \u00c1kos Koller<br \/>\n2001: Dr. M\u00e1ria Sasv\u00e1ri<br \/>\n2000: Dr. L\u00e1szl\u00f3 Hunyady<br \/>\n1999: Dr. G\u00e1bor B\u00e1nhegyi<br \/>\n1998: Dr. Mikl\u00f3s T\u00f3th<br \/>\n1997: Dr. Andr\u00e1s Csillag<br \/>\n1996: Dr. P\u00e9ter Csermely<br \/>\n1995: Dr. \u00c1goston Sz\u00e9l<br \/>\n1994: not awarded<br \/>\n1993: Dr. J\u00f3zsef T\u00edm\u00e1r and colleagues<br \/>\n1992: Dr. Gy\u00f6rgy Csaba<br \/>\n1991: Dr. B\u00e9la Szende<\/div>\n<\/div>\n<div class=\"exp-col-content-holder\">\n<p><a class=\"expand-cnt-link\" href=\"#\">Hugonnai Vilma Medal and Award<\/a><\/p>\n<div class=\"hidden-content\">2025: Dr. Ang\u00e9la Jedlovszky-Hajd\u00fa<br \/>\n2024: Dr. \u00c1gnes Jermendy<br \/>\n2023: Dr. Ot\u00edlia Menyhart<br \/>\n2022: Dr. Eszter M\u00e1ria Horv\u00e1th\u00a0<br \/>\n2021: Dr. Orsolya M\u00e9sz\u00e1ros-Kapuy<br \/>\n2020: Dr. Katalin Dezs\u0151<br \/>\n2019: Dr. Lilla Tam\u00e1si<br \/>\n2018: Dr. X\u00e9nia Gonda<br \/>\n2017: Dr. Anna-M\u00e1ria T\u0151k\u00e9s<br \/>\n2016: Dr. Anna Sebesty\u00e9n<br \/>\n2015: Dr. \u00c9va Margittai<br \/>\n2014: Dr. Zs\u00f3fia Nemoda<br \/>\n2013: Dr. Krisztina Lud\u00e1nyi<br \/>\n2012: Dr. Andrea Fekete<br \/>\n2011: Dr. Veronika M\u00fcller and Dr. Rom\u00e1na Zelk\u00f3<\/div>\n<\/div>\n<div class=\"exp-col-content-holder\">\n<p><a class=\"expand-cnt-link\" href=\"#\">H\u00e1ri M\u00e1ria Medal and Award<\/a><\/p>\n<div class=\"hidden-content\">2025: Dr. Henriett Pint\u00e9r<br \/>\n2024: Dr. Zsuzsanna Szil\u00e1rd<br \/>\n2023: Dr. Ibolya T\u00fari<br \/>\n2021: T\u00edmea Vissi<\/div>\n<\/div>\n<div class=\"exp-col-content-holder\">\n<p><a class=\"expand-cnt-link\" href=\"#\">Richter Gedeon Medal and Award<\/a><\/p>\n<div class=\"hidden-content\">2025: Dr. Mahmoud Al-Khrasani<br \/>\n2024: Dr. Istv\u00e1n M\u00e1ndity<br \/>\n2023: Dr. Istv\u00e1n Antal<br \/>\n2022: Dr. Rom\u00e1na Zelk\u00f3<\/div>\n<\/div>\n<div class=\"exp-col-content-holder\">\n<p><a class=\"expand-cnt-link\" href=\"#\">Semmelweis Innovation Award<\/a><\/p>\n<div class=\"hidden-content\">\n<p><strong>Research Category<\/strong>:<br \/>\n<span style=\"font-size: 1rem\">2025: Dr. Gerg\u0151 Merkely, Dr. N\u00f3ra Syd\u00f3, Dr. Emese Csulak, Attila Schulc<br \/>\n2025: Dr. Kriszti\u00e1n Andr\u00e1s Kov\u00e1cs <br \/>\n2024: Dr. Gy\u00f6rgy Tibor Balogh, Dr. Zolt\u00e1n Zsolt Nagy, Dr. \u00c1gnes Ildik\u00f3 Tak\u00e1cs, <br \/>\nDr. Anita Csorba<br \/>\n2023: Dr. Zsolt Lohinai, Dr. Anna F\u00f6ldes, Martin Levine<br \/>\n<\/span><span style=\"font-size: 1rem\">2022: Istv\u00e1n Horny\u00e1k, Ad\u00e9l Hinsenkamp<br \/>\n<\/span><span style=\"font-size: 1rem\">2022: Dr. P\u00e9ter Igaz, Dr. P\u00e9ter Istv\u00e1n Turai, Dr. G\u00e1bor Nyir\u0151, Dr. Zolt\u00e1n Herold<br \/>\n<\/span><span style=\"font-size: 1rem\">2021: Dr. Domonkos Pap, Dr. Apor Veres-Sz\u00e9kely, Dr. Be\u00e1ta Szebeni, <br \/>\nDr. \u00c1d\u00e1m Vannay<br \/>\n<\/span><span style=\"font-size: 1rem\">2020: Dr. Csaba Dob\u00f3 Nagy, Dr. G\u00e1bor Orb\u00e1n<br \/>\n<\/span><span style=\"font-size: 1rem\">2019: Dr. Tam\u00e1s Visnovitz ( Dr. Edit Buz\u00e1s, Dr. Xabier Osteikoetxea V\u00e9lez, Dr. Barbara Wernern\u00e9 S\u00f3dar, Dr. Zolt\u00e1n Varga<br \/>\n<\/span><span style=\"font-size: 1rem\">2019: Dr. J\u00e1nos V\u00e1g<br \/>\n<\/span><span style=\"font-size: 1rem\">2018. Dr. J\u00e1nos Imre Barab\u00e1s<br \/>\n<\/span><span style=\"font-size: 1rem\">2017: Dr. Attila Kov\u00e1cs, Zolt\u00e1n T\u0151s\u00e9r, Dr. B\u00e1lint Lakatos<br \/>\n<\/span><span style=\"font-size: 1rem\">2017: Dr. B\u00e1lint Moln\u00e1r, Dr. G\u00e1bor Gerber, Dr. Zsombor Drajk\u00f3, Dr. P\u00e9ter Windisch<br \/>\n<\/span><span style=\"font-size: 1rem\">2017: Dr. \u00c9va P\u00e1llinger, Dr. J\u00falia Szekeres-Barth\u00f3<br \/>\n<\/span><span style=\"font-size: 1rem\">2016: Dr. Andrea Fekete, Dr. \u00c1d\u00e1m Vannay<br \/>\n<\/span><span style=\"font-size: 1rem\">2016: Szabolcs Osv\u00e1th, Dr. Kriszti\u00e1n Szigeti<br \/>\n<\/span><span style=\"font-size: 1rem\">2015: Dr. B\u00e1lint Sink\u00f3<br \/>\n<\/span><span style=\"font-size: 1rem\">2015: Dr. Gyula Domos\u00a0<\/span><\/p>\n<p><strong>TDK Category<\/strong>:<br \/>\n<span style=\"font-size: 1rem\">2025: Bence Bojtor<br \/>\n2023: Dr. Marcell Sz\u00e9kely<br \/>\n<\/span><span style=\"font-size: 1rem\">2021: Sarolta Trinh<br \/>\n<\/span><span style=\"font-size: 1rem\">2020: Dr. Boldizs\u00e1r Kiss<br \/>\n<\/span><span style=\"font-size: 1rem\">2019: B\u00e1lint Basa<br \/>\n<\/span><span style=\"font-size: 1rem\">2018: S\u00e1ndor Erd\u0151s<br \/>\n<\/span><span style=\"font-size: 1rem\">2017: \u00c1gnes P\u00f3sa<br \/>\n<\/span><span style=\"font-size: 1rem\">2015: Dr. Fanni J\u00falia Kiss, Anna Krisztina Sz\u00e9kely<\/span><\/p>\n<p><strong>PhD Category<\/strong>:<br \/>\n<span style=\"font-size: 1rem\">2025: Dr. R\u00e9ka Bagdy-B\u00e1lint<br \/>\n2024: Dr. Lili Sz\u00e1raz<br \/>\n2024: Kinga V\u00f6r\u00f6s<br \/>\n2023: Dr. \u00c1ron Bartha<br \/>\n<\/span><span style=\"font-size: 1rem\">2022: Kriszti\u00e1n Benedek Csom\u00f3, Ferenc Kopp\u00e1ny<br \/>\n<\/span><span style=\"font-size: 1rem\">2021: Bence Guszt\u00e1v Stubnya<br \/>\n<\/span><span style=\"font-size: 1rem\">2021: Orsolya Lea Danics<br \/>\n<\/span>2021: Alex Ali Sayour<br \/>\n2020: Voniatis Konstantinos<br \/>\n2019: Dr. S\u00e1ndor Farkasdi, Dr. L\u00e1szl\u00f3 Czumbel<br \/>\n2018: Dr. Imre Sallai<br \/>\n2016: Dr. Istv\u00e1n Sebe<br \/>\n2015: Krist\u00f3f Zsolt Szalay<\/p>\n<\/div>\n<\/div>\n<p>&nbsp;<\/p>\n","protected":false},"excerpt":{"rendered":"<p>Semmelweis University has established eight separate prizes to recognise outstanding scientific and innovation activities. Founded in 2009, the Semmelweis Budapest Award serves to recognise the achievements of an international researcher working in the field of medical biology, whose research activities have produced internationally acknowledged results, contributed to the benefit of humanity, and opened up new &hellip;<\/p>\n","protected":false},"author":362,"featured_media":0,"parent":116,"menu_order":5,"comment_status":"closed","ping_status":"closed","template":"","meta":{"_acf_changed":false,"footnotes":""},"categories":[],"tags":[],"class_list":["post-170","page","type-page","status-publish","hentry"],"acf":[],"_links":{"self":[{"href":"https:\/\/semmelweis.hu\/research\/wp-json\/wp\/v2\/pages\/170","targetHints":{"allow":["GET"]}}],"collection":[{"href":"https:\/\/semmelweis.hu\/research\/wp-json\/wp\/v2\/pages"}],"about":[{"href":"https:\/\/semmelweis.hu\/research\/wp-json\/wp\/v2\/types\/page"}],"author":[{"embeddable":true,"href":"https:\/\/semmelweis.hu\/research\/wp-json\/wp\/v2\/users\/362"}],"replies":[{"embeddable":true,"href":"https:\/\/semmelweis.hu\/research\/wp-json\/wp\/v2\/comments?post=170"}],"version-history":[{"count":13,"href":"https:\/\/semmelweis.hu\/research\/wp-json\/wp\/v2\/pages\/170\/revisions"}],"predecessor-version":[{"id":1356,"href":"https:\/\/semmelweis.hu\/research\/wp-json\/wp\/v2\/pages\/170\/revisions\/1356"}],"up":[{"embeddable":true,"href":"https:\/\/semmelweis.hu\/research\/wp-json\/wp\/v2\/pages\/116"}],"wp:attachment":[{"href":"https:\/\/semmelweis.hu\/research\/wp-json\/wp\/v2\/media?parent=170"}],"wp:term":[{"taxonomy":"category","embeddable":true,"href":"https:\/\/semmelweis.hu\/research\/wp-json\/wp\/v2\/categories?post=170"},{"taxonomy":"post_tag","embeddable":true,"href":"https:\/\/semmelweis.hu\/research\/wp-json\/wp\/v2\/tags?post=170"}],"curies":[{"name":"wp","href":"https:\/\/api.w.org\/{rel}","templated":true}]}}