{"id":1246,"date":"2024-07-04T08:47:30","date_gmt":"2024-07-04T06:47:30","guid":{"rendered":"https:\/\/semmelweis.hu\/research\/?page_id=1246"},"modified":"2024-11-26T13:53:26","modified_gmt":"2024-11-26T12:53:26","slug":"honorary-doctors","status":"publish","type":"page","link":"https:\/\/semmelweis.hu\/research\/scientific-excellence\/honorary-doctors\/","title":{"rendered":"Honorary Doctors"},"content":{"rendered":"<p><img loading=\"lazy\" decoding=\"async\" class=\"aligncenter wp-image-1247 size-full\" src=\"https:\/\/semmelweis.hu\/research\/files\/2024\/07\/142887_transform-1.jpg\" alt=\"\" width=\"1280\" height=\"440\" srcset=\"https:\/\/semmelweis.hu\/research\/files\/2024\/07\/142887_transform-1.jpg 1280w, https:\/\/semmelweis.hu\/research\/files\/2024\/07\/142887_transform-1-400x138.jpg 400w, https:\/\/semmelweis.hu\/research\/files\/2024\/07\/142887_transform-1-1024x352.jpg 1024w, https:\/\/semmelweis.hu\/research\/files\/2024\/07\/142887_transform-1-768x264.jpg 768w, https:\/\/semmelweis.hu\/research\/files\/2024\/07\/142887_transform-1-753x259.jpg 753w\" sizes=\"auto, (max-width: 1280px) 100vw, 1280px\" \/><\/p>\n<div class=\"keretes w-100\">\n<p style=\"text-align: justify\">The university may confer the Honorary Doctor title upon Hungarian and international persons. The honorary title can be awarded based on internationally recognized scientific work and activities benefiting the university in disciplines that Semmelweis University is entitled to grant a PhD degree.<\/p>\n<\/div>\n<h2>Honorary Doctors of Semmelweis University<\/h2>\n<h3>2024<\/h3>\n<p style=\"padding-left: 40px\"><em><a href=\"https:\/\/semmelweis.hu\/english\/2024\/11\/honorary-doctorates-conferred-on-ten-international-experts\/\">Read the article about the ceremony<\/a><\/em><br \/>\nDr. Andr\u00e1s Khoor<br \/>\nDr. T\u00fcnde Pet\u0151\u00a0<br \/>\nDr. Tienush Rassaf<br \/>\nDr. Claus Peter Schmitt<br \/>\nDr. Ajay Singh<br \/>\nDr. Antonio Toscano <br \/>\nDr. Masashi Yoshida<br \/>\nDr. Francesco Guido Mangano<br \/>\nDr. Walter Renne<br \/>\nDr. Scott R. Woolley<\/p>\n<h3>2023<\/h3>\n<p style=\"padding-left: 40px\"><em><a href=\"https:\/\/semmelweis.hu\/english\/2023\/11\/seven-honorary-doctorates-awarded-at-this-years-doctor-honoris-causa-ceremony\/\">Read the article about the ceremony<\/a><\/em><br \/>\nDr. Ralf Konrad Bergmann<br \/>\nDr. Robert Hatala\u00a0<br \/>\nDr. Gerd Heusch<br \/>\nDr. Hendrik Scholl<br \/>\nDr. Martin Werner<br \/>\nDr. Kaan Orhan\u00a0<br \/>\nDr. Dimitrios Lamprou<\/p>\n<h3>2022<\/h3>\n<p style=\"padding-left: 40px\"><em><a href=\"https:\/\/semmelweis.hu\/english\/2022\/11\/ten-internationally-renowned-experts-received-honorary-doctorates-at-the-university-this-year\/\">Read the article about the ceremony<\/a><\/em><br \/>\nDr. Thomas Allison<br \/>\nDr. Marc Dewey<br \/>\nDr. Peter Falkai<br \/>\nDr. Henk Granzier<br \/>\nDr. Alan Lumsden<br \/>\nDr. Marc Alan Pfeffer<br \/>\nDr. Bruno Podesser<br \/>\nDr. L\u00e1szl\u00f3 Z\u00e1borszky<br \/>\nDr. Rade D. Paravina<br \/>\nDr. Franz Weidinger<\/p>\n<h3>2020 and 2021<\/h3>\n<p style=\"padding-left: 40px\"><em><a href=\"https:\/\/semmelweis.hu\/english\/2021\/11\/thirteen-professors-received-honorary-doctorates-at-the-2020-21-doctor-honoris-causa-ceremony\/\">Read the article about the ceremony<\/a><\/em><br \/>\nDr. Stefan Anker<br \/>\nDr. Gary Francis Baxter<br \/>\nDr. Carlos Jos\u00e9 Bustamante<br \/>\nDr. Gerasimos Filippatos<br \/>\nDr. Jude Fitzgibbon<br \/>\nDr. Hans Henkes<br \/>\nDr. Udo Hoffmann<br \/>\nDr. Mariann P\u00e1v\u00f3n\u00e9-Gy\u00f6ngy\u00f6si <br \/>\nDr. Shahrokh Fran\u00e7ois Shariat<br \/>\nDr. Ondrej Viklicky<br \/>\nDr. Hans Henri Marcel Paul Kluge<br \/>\nDr. Mark\u00f3-Varga Gy\u00f6rgy<br \/>\nDr. Andrea Olschewski<\/p>\n<h3>2019<\/h3>\n<p style=\"padding-left: 40px\"><em><a href=\"https:\/\/semmelweis.hu\/english\/news\/2018\/11\/eight-professors-receive-semmelweis-universitys-doctor-honoris-causa-award\/\">Read the article about the ceremony<\/a><strong><br \/>\n<\/strong><\/em>Dr. Michel Komajda<br \/>\nDr. Jeroen Bax<br \/>\nDr. Derek John Hausenloy<br \/>\nDr. Pancras Hogendoorn<br \/>\nDr. Rosalinda Madonna<br \/>\nDr. Peter Schirmacher<br \/>\nDr. Stefan M\u00fchlebach<br \/>\nDr. Istv\u00e1n T\u00f3th<\/p>\n<h3>2018<\/h3>\n<p style=\"padding-left: 40px\"><em><a href=\"https:\/\/semmelweis.hu\/english\/news\/2018\/11\/eight-professors-receive-semmelweis-universitys-doctor-honoris-causa-award\/\">Read the article about the ceremony<\/a><\/em><br \/>\nDr. Piotr L. Chlosta (Poland)<br \/>\nDr. Daan J. A. Crommelin (the Netherlands)<br \/>\nDr. Stefan Offermanns (Germany)<br \/>\nDr. Olavi Pelkonen (Finland)<br \/>\nDr. Mikl\u00f3s Sahin-T\u00f3th (USA)<br \/>\nDr. Scott David Solomon (USA)<br \/>\nDr. Maria Antonietta Stazi (Italy)<br \/>\nDr. Jianguang Xu (China)<\/p>\n<h3>2017<\/h3>\n<p style=\"padding-left: 40px\"><em><a href=\"https:\/\/semmelweis.hu\/english\/news\/2017\/11\/eight-professors-have-received-the-doctor-honoris-causa-award-of-semmelweis-university\/\">Read the article about the ceremony<\/a><\/em><br \/>\nDr. Christine Baylis (USA)<br \/>\nDr. Mikael Bj\u00f6rnstedt (Sweden)<br \/>\nDr. Gerhard Hindricks (Germany)<br \/>\nDr. Keiichi Maruyama (Japan)<br \/>\nDr. George Kunos (USA)<br \/>\nDr. Rainer Schulz (Germany)<br \/>\nDr. Josef Smolen (Austria)<br \/>\nDr. Clive G. Wilson\u00a0(United Kingdom)<\/p>\n<h3>2016<\/h3>\n<p style=\"padding-left: 40px\"><em><a href=\"https:\/\/semmelweis.hu\/english\/2016\/11\/six-professors-received-the-doctor-honoris-causa-award-of-semmelweis-university\/\">Read the article about the ceremony<\/a><\/em><br \/>\nDr. B\u00f6gre L\u00e1szl\u00f3\u00a0<br \/>\nDr. Walter\u00a0Klepetko <br \/>\nDr. Lajos Okolics\u00e1nyi\u00a0<br \/>\nDr. Josep Figueras <br \/>\nDr. Henning H. Blume<br \/>\nDr. G\u00e1bor J. Tigyi<\/p>\n<h3>2015<\/h3>\n<p style=\"padding-left: 40px\"><em><a href=\"https:\/\/semmelweis.hu\/english\/news\/11\/eight-professors-conferred-the-title-doctor-honoris-causa\/\">Read the article about the ceremony<\/a><\/em><br \/>\nDr. Leena Karina Bruckner-Tuderman<br \/>\nDr. P\u00e1l Pacher<br \/>\nDr. Fausto J. Pinto<br \/>\nDr. Shigeru Saito<br \/>\nDr. Stephan Z\u00fcchner<br \/>\nDr. A. Attila Hincal<br \/>\nDr. Panos Macheras<br \/>\nDr. Gy\u00f6rgy K\u00e1lm\u00e1n S\u00e1ndor<\/p>\n<h3>2014<\/h3>\n<p style=\"padding-left: 40px\"><em><a href=\"https:\/\/semmelweis.hu\/english\/news\/11\/four-professors-awarded-with-the-title-doctor-honoris-causa\/\">Read the article on the ceremony<\/a><\/em><br \/>\nDr. Herbert Ehringer (Austria)<br \/>\nDr. P\u00e9ter Gloviczki (USA)<br \/>\nDr. Ren\u00e9 Sylvain Kahn (the Netherlands)<br \/>\nDr. Richard M. Satava (USA)<\/p>\n<h3>2013<\/h3>\n<p style=\"padding-left: 40px\">Tibor Juh\u00e1sz (USA)<br \/>\nGerhard M. Kostner (Austria)<br \/>\nPeter G. Medveczky (USA)<br \/>\nArthur J. Moss (USA)<br \/>\nMarie T. O\u2019Toole (USA)<br \/>\nPeep Veski (Estonia)<br \/>\nPaul G. M. Luiten (the Netherlands)<\/p>\n<h3>2012\u00a0<\/h3>\n<p style=\"padding-left: 40px\"><em><a href=\"https:\/\/semmelweis.hu\/english\/2012\/11\/nine-receive-honorary-doctorates-at-the-38th-doctor-honoris-causa-ceremony\/\">Read the article on the ceremony<\/a><\/em><br \/>\nPierre Corvol (France)<br \/>\nGeorge Berci (USA)<br \/>\nAxel Ullrich (Germany)<br \/>\nImre G. Csizmadia (Canada)<br \/>\n\u00c1rp\u00e1d Gy\u00e9resi (Romania)<br \/>\nVinod P. Shah (India)<br \/>\nJoseph Kutzin (Switzerland)<br \/>\nJozef Corveleyn (Belgium)<br \/>\nJ\u00fcrgen Michael Steinacker (Germany)<\/p>\n<h3>2011<\/h3>\n<p style=\"padding-left: 40px\"><em><a href=\"https:\/\/semmelweis.hu\/english\/2011\/11\/doctor-honoris-causa-2011\/\">Read the article on the ceremony<\/a><\/em><br \/>\nP\u00e9ter Ferenczi (Austria)<br \/>\nDirk Pickuth (Germany)<br \/>\nAndrzej Wiecek (Poland)<br \/>\nRenato V. Iozzo (USA)<br \/>\n\u00d6rs Nagy (Romania)<br \/>\nIstv\u00e1n Bocskai (Romania)<br \/>\nJames S. Skinner (USA)<\/p>\n<h3>2010<\/h3>\n<p style=\"padding-left: 40px\"><em><a href=\"https:\/\/semmelweis.hu\/english\/2010\/11\/four-receive-honours-at-dhc2010\/\">Read the article on the ceremony<\/a><\/em><br \/>\nRoger Y. Tsien (USA)<br \/>\nMasaki Kitajima (Japan)<br \/>\nHartmut P.H Neumann (Germany)<br \/>\nIstv\u00e1n Boldogh (USA)<br \/>\nConstantin Copotoiu (Romania)<\/p>\n<h3>2009\u00a0<\/h3>\n<p style=\"padding-left: 40px\"><a href=\"https:\/\/semmelweis.hu\/english\/2009\/11\/doctor-honoris-causa-2009\/\"><em>Read the article on the ceremony<\/em><\/a><br \/>\nMaynard R. Case (England)<br \/>\nChristopher R. Chapple (England)<br \/>\nL\u00e1szl\u00f3 Endr\u00e9nyi (Canada)<br \/>\nZsuzsanna F\u00e1bry (Hungary\u2013 USA)<br \/>\nBruno Grandi (Italy)<br \/>\nJerzy Kosiewicz (Poland)<br \/>\nKarl-Heinz Kuck (Germany)<br \/>\nPeter Malfertheiner (Germany)<br \/>\nFranco Mantero (Italy)<br \/>\n\u00c9va Mezey (Hungary \u2013 USA)<br \/>\nGeorg Petroianu (Germany \u2013 USA)<br \/>\nP\u00e9ter Tam\u00e1s S\u00f3tonyi (Hungary)<\/p>\n<h3>2008\u00a0<\/h3>\n<p style=\"padding-left: 40px\"><em><a href=\"https:\/\/semmelweis.hu\/english\/2008\/11\/doctor-honoris-causa-2008-awards-ceremony\/\">Read the article on the ceremony<\/a><\/em><br \/>\nOlaf Bodamer (Austria)<br \/>\nP\u00e9ter P\u00e1l Bucsky (Germany)<br \/>\nKelvin Davies (USA)<br \/>\nGabor Kaley (USA)<br \/>\nAnton Sculean (the Netherlands)<\/p>\n<h3>2007<\/h3>\n<p style=\"padding-left: 40px\">John Raymond Garrett (England)<br \/>\nMichael Landthaler (Germany)<br \/>\nKamal K. Midha (Canada)<br \/>\nGertrud Pfister (Denmark)<br \/>\nRoberto Romero (USA)<br \/>\nHeinz Schilcher (Germany)<br \/>\nJ\u00f6rg Schubert (Germany)<br \/>\nClemens Sorg (Austria)<\/p>\n<h3>2006<\/h3>\n<p style=\"padding-left: 40px\">Uwe Wilhelm Joseph Heemann (Germany)<br \/>\nPhilippe Morel (Switzerland)<br \/>\nRolf Christian Gaillard (Switzerland)<br \/>\nM\u00e1ty\u00e1s S\u00e1ndor (USA)<br \/>\nHideki Ohno (Japan)<\/p>\n<h3>2005<\/h3>\n<p style=\"padding-left: 40px\">Vilmos V\u00e9csei (Austria)<br \/>\nLouis Ignarro (USA)<br \/>\nGy\u00f6ngyi Szab\u00f3 (USA)<br \/>\nHeinrich Schmidt-Gayk (Germany)<br \/>\nJos Hendrik Willem Hoogmartens (Belgium)<br \/>\nCynthia K. Larive (USA)<br \/>\nTibor Hortob\u00e1gyi (USA)<br \/>\nVladimir Brusic (Australia)<\/p>\n<h3>2004<\/h3>\n<p style=\"padding-left: 40px\">Stephen Katz (USA)<br \/>\nSebastian G.B. Amyes (England)<br \/>\nSir George Radda (England)<br \/>\nMichael Marberger (Austria)<br \/>\nIstv\u00e1n Seri (USA)<br \/>\nPeter G\u00e4ngler (Germany)<br \/>\nH\u00e4nninen, Osmo (Finland)<br \/>\nAlbert William Taylor (USA)<br \/>\nBarry D. Kahan (USA)<\/p>\n<h3>2003<\/h3>\n<p style=\"padding-left: 40px\">Thomas E. Andreoli (USA)<br \/>\nMichael Georgieff (Germany)<br \/>\nL\u00e1szl\u00f3 V\u00edg (Hungary)<br \/>\nGy\u00f6rgy Gosztonyi (Germany)<br \/>\nMartin Black (England)<br \/>\nHelmut Hahn (Germany)<br \/>\nThomas Detre (USA)<br \/>\nCarl Hermann L\u00fccking (Germany)<br \/>\nDavid B. Ferguson (England)<br \/>\nMarteen J.H. Slooff (the Netherlands)<\/p>\n<h3>2002<\/h3>\n<p style=\"padding-left: 40px\">Jacques Rogge (Belgium, Switzerland)<br \/>\nSataro Goto (Japan)<br \/>\nMatthias Brandis (Germany)<br \/>\nJohn Holloszy (USA)<br \/>\nJ\u00e1nos Alp\u00e1r (USA)<br \/>\nDenys Wheatley (England)<br \/>\nAngelo Benedetti (Italy)<br \/>\nFerenc Jolesz (USA)<br \/>\nTatsuo Nagai (Japan)<\/p>\n<h3>2001<\/h3>\n<p style=\"padding-left: 40px\">Pekka Juhani Saukko (Finland)<br \/>\nLeo M. Sreebny (USA)<br \/>\nN. Joan Abbott (England)<br \/>\nChristopher Squier (USA)<br \/>\n\u00c1d\u00e1m Tegzess (the Netherlands)<br \/>\nGottfried Heinisch (Austria)<br \/>\nHerbert R\u00fcbben (Germany)<br \/>\nHan C.G. Kemper (the Netherlands)<\/p>\n<h3>2000<\/h3>\n<p style=\"padding-left: 40px\">Allen Cowley (USA)<br \/>\nP\u00e9ter Ill\u00e9s (Germany)<br \/>\nIv\u00e1n Kiss (Germany)<br \/>\nRyszard Jerzy Gryglewski (Poland)<br \/>\nEmmanuel van Praagh (France)<br \/>\nClaes B. Wollheim (Switzerland)<br \/>\nGottfried O.H. Naumann, (Germany)<br \/>\nGabriel P. Haas (USA)<br \/>\nGerd Schmitz (Germany)<br \/>\nElem\u00e9r Zsigmond (USA)<\/p>\n<h3>1999<\/h3>\n<p style=\"padding-left: 40px\">Per Olof \u00c5strand (Sweden)<br \/>\nLuis Gabriel Navar (USA)<br \/>\nNikolaus Freudenberg (Germany)<br \/>\nStefan Pollak (Germany)<br \/>\nTam\u00e1s Hacki (Germany)<br \/>\nNorbert Schwenzer (Germany)<br \/>\nThomas D. Ker\u00e9nyi (USA)<br \/>\nGeorg Stingl (Austria)<br \/>\nThomas Michael Krieg (Germany)<br \/>\nMichael Wahl (Germany)<br \/>\nJuhani Lepp\u00e4luoto (Finland)<br \/>\nKlaus Wolff (Austria)<br \/>\nH.E. K\u00e9ba Mbaye (Senegal)<\/p>\n<h3>1998<\/h3>\n<p style=\"padding-left: 40px\">Bernd Brinkmann (Germany)<br \/>\nBarbara H. Heawth-Roll (USA)<br \/>\nFrank A. Chervenak (USA)<br \/>\nAsim Kurjak (Croatia)<br \/>\nJ. E. Lindsay Carter (USA, New Zealand)<br \/>\nFerenc Robicsek (USA)<br \/>\nGeorge Eisen (USA)<br \/>\nWerner Schmidt (Germany)<br \/>\nAndr\u00e9 Haynal (Switzerland)<br \/>\nMichael S. Yuhasz (Canada)<\/p>\n<h3>1997<\/h3>\n<p style=\"padding-left: 40px\">Theodor Hellbr\u00fcgge (Germany)<br \/>\nHans-G\u00fcnter Sonntag (Germany)<br \/>\nThomas Kenner (Austria)<br \/>\nMoussa B.H. Youdim (Israel)<br \/>\nEdward R. Perl (USA)<\/p>\n<h3>1996<\/h3>\n<p style=\"padding-left: 40px\">K\u00e1roly Balogh (USA)<br \/>\nThomas Rabe (Germany)<br \/>\nHorst Cotta (Germany)<br \/>\nEberhard Ritz (Germany)<br \/>\nViktor E. Frankl (Austria)<br \/>\nHeikki Ruskoaho (Finland)<br \/>\nJohn A. Hobkirk (England)<br \/>\nThomas Schiff (USA)<br \/>\nDieter Ernst Lange (Germany)<br \/>\nVolkmar Schneider (Germany)<\/p>\n<h3>1995<\/h3>\n<p style=\"padding-left: 40px\">Takao Yamauro (Japan)<br \/>\nH. W. Wouters (the Netherlands)<\/p>\n<h3>1994<\/h3>\n<p style=\"padding-left: 40px\">Robert N. Aeborsold (USA)<br \/>\nUrsula Lachnit-Fixon (Germany)<br \/>\nCarmelo Bosco (Italy)<br \/>\nJoachim Mester (Germany)<br \/>\nMilan Chalabala (Szlovakia)<br \/>\nFelix Unger (Austria)<br \/>\nUlrich Joos (Germany)<br \/>\nIsaac van der Wald (the Netherlands)<br \/>\nSergio Ferri (Italy)<\/p>\n<h3>1993<\/h3>\n<p style=\"padding-left: 40px\">Gy\u00f6rgy \u00c1cs (USA)<br \/>\nL\u00e1szl\u00f3 Iffy (USA)<br \/>\nMarcel Hebbelinck (Belgium)<\/p>\n<h3>1992<\/h3>\n<p style=\"padding-left: 40px\">Paavo V. Komi (Finland)<br \/>\nMerton Sandler (England)<br \/>\nPrimo Nebiolo (Italy)<br \/>\nHans Weidinger (Germany)<br \/>\nWilliam D. Ross (Canada)<\/p>\n<h3>1991<\/h3>\n<p style=\"padding-left: 40px\">Friedrich Wilhelm Ahnefeld (Germany)<br \/>\nL\u00e1szl\u00f3 R\u00f3bert (France)<br \/>\nA. Endre Bal\u00e1zs (USA)<br \/>\nBenno Runnebaum (Germany)<br \/>\nHerbert Braunsteiner (Austria)<br \/>\nCharles D. Spielberger, (USA)<br \/>\nHeitaroh Iwata (Japan)<\/p>\n<h3>1990<\/h3>\n<p style=\"padding-left: 40px\">Kenneth H. Cooper (USA)<br \/>\nYoshinori Nozawa (Japan)<br \/>\nWalter K\u00fcnzel (Germany)<br \/>\nHerbert Oelschl\u00e4ger (Germany)<br \/>\nJerzy Maj (Poland)<br \/>\nMartin Reivich (USA)<\/p>\n<h3>1989<\/h3>\n<p style=\"padding-left: 40px\">Douve D. Breimer (the Netherlands)<br \/>\nJoao Havelange (Brazil)<\/p>\n<h3>1988<\/h3>\n<p style=\"padding-left: 40px\">L\u00e1szl\u00f3 Ernster (Sweden)<br \/>\nJan Solich (Czechoslovakia)<br \/>\nDieter Schlegel (Germany)<br \/>\nEmeric Szil\u00e1gyi (USA)<br \/>\nThomas P. Singer (USA)<br \/>\nGeorge B. Udvarhelyi (USA)<\/p>\n<h3>1987<\/h3>\n<p style=\"padding-left: 40px\">John Gergely (USA)<br \/>\nJuan Antonio Samaranch (Spain)<br \/>\nHalfdan I. Mahler (Denmark)<br \/>\nShogo Sasaki (Japan)<br \/>\nLudwig Mecklinger (Germany)<br \/>\nF. Gotthard Schettler (Germany)<br \/>\nJ\u00e1nos P\u00e1lfai (Hungary)<\/p>\n<h3>1986<\/h3>\n<p style=\"padding-left: 40px\">Hans Altmann (Austria)<br \/>\nMithropan Studenikin (Soviet Union)<br \/>\nHansj\u00fcrgen Matthies (Germany)<\/p>\n<h3>1985<\/h3>\n<p style=\"padding-left: 40px\">Vladimir Agajevec (Soviet Union)<br \/>\nGerhard Lukas (Germany)<br \/>\nEndre Burka (Hungary)<br \/>\nJens J. Pintborg (Denmark)<br \/>\nArmand Hammer (USA)<br \/>\nKlaus Thurau (Germany)<br \/>\nZbigniew Krawczyk (Poland)<\/p>\n<h3>1984<\/h3>\n<p style=\"padding-left: 40px\">Walter Birkmayer (Austria)<br \/>\nArje Scheinen (Finland)<\/p>\n<h3>1983<\/h3>\n<p style=\"padding-left: 40px\">Philip Gerald Mechanick (USA)<br \/>\nViking Olov Bj\u00f6rk (Sweden)<\/p>\n<h3>1982<\/h3>\n<p style=\"padding-left: 40px\">George Weder (USA)<\/p>\n<h3>1981<\/h3>\n<p style=\"padding-left: 40px\">Jen\u0151 Koltai (Hungary)<br \/>\nKleantis Paleologos (Greece)<br \/>\nOtt\u00f3 Szymiczek (Greece)<\/p>\n<h3>1980<\/h3>\n<p style=\"padding-left: 40px\">N.N. Blohin (Soviet Union)<\/p>\n<h3>1978<\/h3>\n<p style=\"padding-left: 40px\">Uktam Aripov (Soviet Union)<\/p>\n<h3>1976<\/h3>\n<p style=\"padding-left: 40px\">Britton Chance (USA)<br \/>\nLeonid Semionovich Persianilov (Soviet Union)<br \/>\nTadeus Krwawicz (Poland)<br \/>\nVasil Vasilievich Zakusov (Soviet Union)<\/p>\n<h3>1972<\/h3>\n<p style=\"padding-left: 40px\">Marcelino G.Candau (Switzerland)<\/p>\n<h3>1969<\/h3>\n<p style=\"padding-left: 40px\">Piotr Kuzmich Anochin (Soviet Union)<br \/>\nAssen Hadjioloff (Bulgaria)<br \/>\nGy\u00f6rgy B\u00e9k\u00e9ssy (USA)<br \/>\nVasily Vasilievich Parin (Soviet Union)<br \/>\nDaniel Bovet (Italy)<br \/>\nStefan Milcu (Romania)<br \/>\nKarl Fellinger (Austria)<br \/>\nSamuel Rapaport (Germany)<br \/>\nJules Francois (Belgium)<br \/>\nPiotr Grigorevich Sergiev (Soviet Union)<\/p>\n<h3>1967<\/h3>\n<p style=\"padding-left: 40px\">Boris Vasilievich Petrovsky (Soviet Union)<\/p>\n<h2>Honorary doctors of the Medical Faculty<span style=\"color: #ff0000\">*<\/span><\/h2>\n<h6><em><span style=\"font-size: 12pt\"><span style=\"color: #ff0000\">*<\/span>Semmelweis University\u2019s history started 250 years ago in 1769, when a medical faculty was added to the classic university of Hungary. Semmelweis University is the legal successor of Medical Faculty since 1950.<\/span><\/em><\/h6>\n<h3>1942\/43<\/h3>\n<p style=\"padding-left: 40px\">K\u00e1roly Szendy, mayor of Budapest<\/p>\n<h3>1935\/36<\/h3>\n<p style=\"padding-left: 40px\">Ferdinand-Jean Darier, president of the French Society of Dermatology<br \/>\nAnton Freiherr von Eiselsberg, professor, Vienna<br \/>\nKarl Albert Ludwig Aschoff, professor, Freiburg<br \/>\nAugust Krogh, professor, Copenhagen<br \/>\nGranville Harrison Ross, Yale University professor<br \/>\nCharles Scott Sherrington, Oxford University professor<br \/>\nFrederick Gowland Hopkins, professor, Cambridge<br \/>\nGustave Roussy, professor, Paris<\/p>\n<h3>1934\/35<\/h3>\n<p style=\"padding-left: 40px\">Jen\u0151 Sip\u0151cz, mayor of Budapest<\/p>\n<h3>1930\/31<\/h3>\n<p style=\"padding-left: 40px\">Harvey Williams Cushing, Harvard University professor, Cambridge<\/p>\n<h3>1928\/29<\/h3>\n<p style=\"padding-left: 40px\">Friedrich Schmidt-Ott, Prussian minister of state<\/p>\n<h3>1914\/15<\/h3>\n<p style=\"padding-left: 40px\">Otto Karl von Schjerning, professor, Berlin<\/p>\n<h3>1911\/12<\/h3>\n<p style=\"padding-left: 40px\">Heinrich Wilhelm Waldeyer, professor, Berlin; on the occasion of his doctor\u2019s jubilee<\/p>\n<h3>1909\/10<\/h3>\n<p style=\"padding-left: 40px\">Albert Apponyi, minister of Culture; on the occasion of the 16th International Medical Congress held in Budapest<\/p>\n<h3>1899\/1900<\/h3>\n<p style=\"padding-left: 40px\">Tivadar Duka, retired surgeon-colonel of the Royal British Bengal Army; on the occasion of his 50th year of operation<\/p>\n<h3>1895\/96<\/h3>\n<p style=\"padding-left: 40px\">Tivadar K\u00e1roly, Bavarian prince<br \/>\nJohn Shaw Billings, professor, Philadelphia<br \/>\nRudolf Virchow, professor, Berlin<br \/>\nJoseph Lister, professor, London<br \/>\nAdolf Anders Retzius, professor, Stockholm<br \/>\nGuido Bacelli, professor, Rome<br \/>\nPierre-Paul-\u00c9mile Roux, professor, Paris<br \/>\nK\u00e1roly Than, professor, Budapest<\/p>\n","protected":false},"excerpt":{"rendered":"<p>The university may confer the Honorary Doctor title upon Hungarian and international persons. The honorary title can be awarded based on internationally recognized scientific work and activities benefiting the university in disciplines that Semmelweis University is entitled to grant a PhD degree. Honorary Doctors of Semmelweis University 2024 <a href=\"https:\/\/semmelweis.hu\/english\/2024\/11\/honorary-doctorates-conferred-on-ten-international-experts\/\">Read the article about the ceremony<\/a> Dr. Andr\u00e1s Khoor Dr. T\u00fcnde Pet\u0151\u00a0 Dr. &hellip;<\/p>\n","protected":false},"author":12,"featured_media":0,"parent":116,"menu_order":4,"comment_status":"closed","ping_status":"closed","template":"template-fullwidth.php","meta":{"_acf_changed":false,"footnotes":""},"categories":[],"tags":[],"class_list":["post-1246","page","type-page","status-publish","hentry"],"acf":[],"_links":{"self":[{"href":"https:\/\/semmelweis.hu\/research\/wp-json\/wp\/v2\/pages\/1246","targetHints":{"allow":["GET"]}}],"collection":[{"href":"https:\/\/semmelweis.hu\/research\/wp-json\/wp\/v2\/pages"}],"about":[{"href":"https:\/\/semmelweis.hu\/research\/wp-json\/wp\/v2\/types\/page"}],"author":[{"embeddable":true,"href":"https:\/\/semmelweis.hu\/research\/wp-json\/wp\/v2\/users\/12"}],"replies":[{"embeddable":true,"href":"https:\/\/semmelweis.hu\/research\/wp-json\/wp\/v2\/comments?post=1246"}],"version-history":[{"count":5,"href":"https:\/\/semmelweis.hu\/research\/wp-json\/wp\/v2\/pages\/1246\/revisions"}],"predecessor-version":[{"id":1278,"href":"https:\/\/semmelweis.hu\/research\/wp-json\/wp\/v2\/pages\/1246\/revisions\/1278"}],"up":[{"embeddable":true,"href":"https:\/\/semmelweis.hu\/research\/wp-json\/wp\/v2\/pages\/116"}],"wp:attachment":[{"href":"https:\/\/semmelweis.hu\/research\/wp-json\/wp\/v2\/media?parent=1246"}],"wp:term":[{"taxonomy":"category","embeddable":true,"href":"https:\/\/semmelweis.hu\/research\/wp-json\/wp\/v2\/categories?post=1246"},{"taxonomy":"post_tag","embeddable":true,"href":"https:\/\/semmelweis.hu\/research\/wp-json\/wp\/v2\/tags?post=1246"}],"curies":[{"name":"wp","href":"https:\/\/api.w.org\/{rel}","templated":true}]}}