{"id":1178,"date":"2023-11-18T22:11:45","date_gmt":"2023-11-18T21:11:45","guid":{"rendered":"https:\/\/semmelweis.hu\/research\/?page_id=1178"},"modified":"2025-01-23T13:50:34","modified_gmt":"2025-01-23T12:50:34","slug":"center-for-pharmacology-and-pharmaceutical-research-development","status":"publish","type":"page","link":"https:\/\/semmelweis.hu\/research\/research-management\/center-for-pharmacology-and-pharmaceutical-research-development\/","title":{"rendered":"Center for Pharmacology and Drug Research &amp; Development"},"content":{"rendered":"<p style=\"text-align: justify;\">The aim of the establishment of the <strong>Center for Pharmacology and Drug Research &amp; Development<\/strong>\u00a0is to increase the efficient use of resources in the field of education, to increase the research output in the field of pharmacology (publication activity, diversification of RDI services, number of intellectual creations), also to strengthen the cooperation and cohesion of the departments operating at the Faculty of Medicine and the Faculty of Pharmaceutical Sciences. The Center follows the principle of network operation.<\/p>\n<h4 style=\"text-align: justify;\"><strong>The Center&#8217;s tasks:<\/strong><\/h4>\n<p style=\"text-align: justify;\"><strong>Harmonisation of educational tasks<\/strong><\/p>\n<ul style=\"text-align: justify;\">\n<li>Graduate curriculum integration, based on curriculum and competency grid<\/li>\n<li>Harmonisation of postgraduate courses, PhD courses and professional trainings<\/li>\n<\/ul>\n<p style=\"text-align: justify;\"><strong>Research collaborations support<\/strong><\/p>\n<ul style=\"text-align: justify;\">\n<li>Identifying synergies<\/li>\n<li>Core facilitation design, development and promotion support<\/li>\n<li>Support for patents\/market developments<\/li>\n<\/ul>\n<p style=\"text-align: justify;\"><strong>The following departments are involved in the Centre for Pharmacology and Drug Research &amp; Development: <\/strong><\/p>\n<ul style=\"list-style-type: square;\">\n<li>\n<p><a href=\"https:\/\/semmelweis.hu\/pharmacology\/en\/\">Department of Pharmacology and Pharmacotherapy<\/a><\/p>\n<\/li>\n<li>\n<p><a href=\"https:\/\/semmelweis.hu\/orgchem\/en\/\">Department of Organic Chemistry<\/a><\/p>\n<\/li>\n<li>\n<p><a href=\"https:\/\/semmelweis.hu\/farmakognozia\/en\/\">Department of Pharmacognosy<\/a><\/p>\n<\/li>\n<li>\n<p><a href=\"https:\/\/semmelweis.hu\/gyogyszertar\/universitypharmacy\/\">University Pharmacy \u2013 Department of Pharmacy Administration<\/a><\/p>\n<\/li>\n<li>\n<p><a href=\"https:\/\/semmelweis.hu\/gyogyszereszi-kemia\/information\/\">Department of Pharmaceutical Chemistry<\/a><\/p>\n<\/li>\n<li>\n<p><a href=\"https:\/\/semmelweis.hu\/gyogyszerhatastan\/en\/\">Department of Pharmacodynamics<\/a><\/p>\n<\/li>\n<li>\n<p><a href=\"https:\/\/semmelweis.hu\/gyogyszereszeti-intezet\/en\/\">Department of Pharmaceutics<\/a><\/p>\n<\/li>\n<li id=\"site-title\">\n<p><a href=\"https:\/\/semmelweis.hu\/hta\/en\/\">Center for Health Technology Assessment<\/a><\/p>\n<\/li>\n<li>\n<p>Department of Richter<\/p>\n<\/li>\n<\/ul>\n<h2>Pharmacokinetic Expert Group:<\/h2>\n<h3>Members:<\/h3>\n<table style=\"border-collapse: collapse; width: 100%;\">\n<tbody>\n<tr>\n<td style=\"width: 79.3818%;\">\n<p>Dr. Gy\u00f6rgy Balogh &#8211; Head of Department of Pharmaceutical Chemistry, Semmelweis University<br \/>\ne-mail:\u00a0<a href=\"balogh.gyorgy.tibor@semmelweis.hu\">balogh.gyorgy.tibor@semmelweis.hu<\/a><\/p>\n<\/td>\n<td style=\"width: 20.6182%;\"><img loading=\"lazy\" decoding=\"async\" class=\"wp-image-1238  aligncenter\" src=\"https:\/\/semmelweis.hu\/research\/files\/2024\/05\/Honlap_Balogh_Gyorgy_20240510-e1715616592969-400x400.png\" alt=\"\" width=\"110\" height=\"110\" srcset=\"https:\/\/semmelweis.hu\/research\/files\/2024\/05\/Honlap_Balogh_Gyorgy_20240510-e1715616592969-400x400.png 400w, https:\/\/semmelweis.hu\/research\/files\/2024\/05\/Honlap_Balogh_Gyorgy_20240510-e1715616592969-150x150.png 150w, https:\/\/semmelweis.hu\/research\/files\/2024\/05\/Honlap_Balogh_Gyorgy_20240510-e1715616592969.png 667w\" sizes=\"auto, (max-width: 110px) 100vw, 110px\" \/><\/td>\n<\/tr>\n<tr>\n<td style=\"width: 79.3818%;\">\n<p>Dr. Borb\u00e1la Kiss Dalmadin\u00e9 &#8211; Research fellow, Department of Pharmaceutics, Semmelweis University<br \/>\ne-mail:\u00a0<a href=\"kiss.borbala@semmelweis.hu\">kiss.borbala@semmelweis.hu<\/a><\/p>\n<\/td>\n<td style=\"width: 20.6182%;\"><img loading=\"lazy\" decoding=\"async\" class=\"wp-image-1239  aligncenter\" src=\"https:\/\/semmelweis.hu\/research\/files\/2024\/05\/Honlap_Dalmadi_Kiss_Borbala_20240510-e1715616632294-389x400.png\" alt=\"\" width=\"110\" height=\"113\" srcset=\"https:\/\/semmelweis.hu\/research\/files\/2024\/05\/Honlap_Dalmadi_Kiss_Borbala_20240510-e1715616632294-389x400.png 389w, https:\/\/semmelweis.hu\/research\/files\/2024\/05\/Honlap_Dalmadi_Kiss_Borbala_20240510-e1715616632294.png 666w\" sizes=\"auto, (max-width: 110px) 100vw, 110px\" \/><\/td>\n<\/tr>\n<tr>\n<td style=\"width: 79.3818%;\">Dr. Attila K\u00f3nya &#8211; Head of Department, Division of Developmental Drug Metabolism and Pharmacokinetics, Gedeon Richter Plc.<br \/>\ne-mail:\u00a0<a href=\"konyaa@richter.hu\">konyaa@richter.hu<\/a><\/td>\n<td style=\"width: 20.6182%;\"><img loading=\"lazy\" decoding=\"async\" class=\" wp-image-1235 aligncenter\" src=\"https:\/\/semmelweis.hu\/research\/files\/2024\/05\/Honlap_Konya_Viktor_20240513-e1715615353920-384x400.png\" alt=\"\" width=\"110\" height=\"115\" srcset=\"https:\/\/semmelweis.hu\/research\/files\/2024\/05\/Honlap_Konya_Viktor_20240513-e1715615353920-384x400.png 384w, https:\/\/semmelweis.hu\/research\/files\/2024\/05\/Honlap_Konya_Viktor_20240513-e1715615353920.png 667w\" sizes=\"auto, (max-width: 110px) 100vw, 110px\" \/><\/td>\n<\/tr>\n<tr>\n<td style=\"width: 79.3818%;\">Dr. Krisztina Lud\u00e1nyi &#8211; Deputy director, Department of Pharmaceutics, Semmelweis University<br \/>\ne-mail:\u00a0<a href=\"ludanyi.krisztina@semmelweis.hu\">ludanyi.krisztina@semmelweis.hu<\/a><\/td>\n<td style=\"width: 20.6182%;\"><img loading=\"lazy\" decoding=\"async\" class=\"wp-image-1236  aligncenter\" src=\"https:\/\/semmelweis.hu\/research\/files\/2024\/05\/Honlap_Ludanyi_Krisztina_20240513-e1715616706659-361x400.png\" alt=\"\" width=\"110\" height=\"122\" srcset=\"https:\/\/semmelweis.hu\/research\/files\/2024\/05\/Honlap_Ludanyi_Krisztina_20240513-e1715616706659-361x400.png 361w, https:\/\/semmelweis.hu\/research\/files\/2024\/05\/Honlap_Ludanyi_Krisztina_20240513-e1715616706659.png 667w\" sizes=\"auto, (max-width: 110px) 100vw, 110px\" \/><\/td>\n<\/tr>\n<tr>\n<td style=\"width: 79.3818%;\">Dr. L\u00e1szl\u00f3 T\u00f3thfalusi &#8211; Professor, Department of Pharmacodynamics, Semmelweis University<br \/>\ne-mail:\u00a0<a href=\"tothfalusi.laszlo@semmelweis.hu\">tothfalusi.laszlo@semmelweis.hu<\/a><\/td>\n<td style=\"width: 20.6182%;\"><img loading=\"lazy\" decoding=\"async\" class=\"wp-image-1237  aligncenter\" src=\"https:\/\/semmelweis.hu\/research\/files\/2024\/05\/Honlap_Tothfalusi_Laszlo_20240510-e1715616747543-366x400.png\" alt=\"\" width=\"110\" height=\"120\" srcset=\"https:\/\/semmelweis.hu\/research\/files\/2024\/05\/Honlap_Tothfalusi_Laszlo_20240510-e1715616747543-366x400.png 366w, https:\/\/semmelweis.hu\/research\/files\/2024\/05\/Honlap_Tothfalusi_Laszlo_20240510-e1715616747543.png 667w\" sizes=\"auto, (max-width: 110px) 100vw, 110px\" \/><\/td>\n<\/tr>\n<\/tbody>\n<\/table>\n","protected":false},"excerpt":{"rendered":"<p>The aim of the establishment of the Center for Pharmacology and Drug Research &amp; Development\u00a0is to increase the efficient use of resources in the field of education, to increase the research output in the field of pharmacology (publication activity, diversification of RDI services, number of intellectual creations), also to strengthen the cooperation and cohesion of &hellip;<\/p>\n","protected":false},"author":101892,"featured_media":0,"parent":120,"menu_order":8,"comment_status":"closed","ping_status":"closed","template":"","meta":{"_acf_changed":false,"footnotes":""},"categories":[],"tags":[],"class_list":["post-1178","page","type-page","status-publish","hentry"],"acf":[],"_links":{"self":[{"href":"https:\/\/semmelweis.hu\/research\/wp-json\/wp\/v2\/pages\/1178","targetHints":{"allow":["GET"]}}],"collection":[{"href":"https:\/\/semmelweis.hu\/research\/wp-json\/wp\/v2\/pages"}],"about":[{"href":"https:\/\/semmelweis.hu\/research\/wp-json\/wp\/v2\/types\/page"}],"author":[{"embeddable":true,"href":"https:\/\/semmelweis.hu\/research\/wp-json\/wp\/v2\/users\/101892"}],"replies":[{"embeddable":true,"href":"https:\/\/semmelweis.hu\/research\/wp-json\/wp\/v2\/comments?post=1178"}],"version-history":[{"count":11,"href":"https:\/\/semmelweis.hu\/research\/wp-json\/wp\/v2\/pages\/1178\/revisions"}],"predecessor-version":[{"id":1315,"href":"https:\/\/semmelweis.hu\/research\/wp-json\/wp\/v2\/pages\/1178\/revisions\/1315"}],"up":[{"embeddable":true,"href":"https:\/\/semmelweis.hu\/research\/wp-json\/wp\/v2\/pages\/120"}],"wp:attachment":[{"href":"https:\/\/semmelweis.hu\/research\/wp-json\/wp\/v2\/media?parent=1178"}],"wp:term":[{"taxonomy":"category","embeddable":true,"href":"https:\/\/semmelweis.hu\/research\/wp-json\/wp\/v2\/categories?post=1178"},{"taxonomy":"post_tag","embeddable":true,"href":"https:\/\/semmelweis.hu\/research\/wp-json\/wp\/v2\/tags?post=1178"}],"curies":[{"name":"wp","href":"https:\/\/api.w.org\/{rel}","templated":true}]}}