{"id":1079,"date":"2023-10-16T21:08:06","date_gmt":"2023-10-16T19:08:06","guid":{"rendered":"https:\/\/semmelweis.hu\/research\/?page_id=1079"},"modified":"2025-01-08T08:58:36","modified_gmt":"2025-01-08T07:58:36","slug":"national-research-prizes","status":"publish","type":"page","link":"https:\/\/semmelweis.hu\/research\/scientific-excellence\/national-research-prizes\/","title":{"rendered":"National Research Prizes"},"content":{"rendered":"<p><span style=\"font-size: 18pt\"><strong>DENNIS G\u00c1BOR AWARD<\/strong><\/span><\/p>\n<p>The Board of Trustees of the NOVOFER Foundation selects from the annual open nominations of professionals those who have actively contributed to the success of the economy through their technical and intellectual creations, development achievements, the creation of the infrastructure for innovation, the development of creative thinking for future generations, and the high level of professional knowledge.<\/p>\n<p style=\"text-align: justify\"><strong><span style=\"font-size: 18pt\">Semmelweis Recipients of the Award<\/span><\/strong><\/p>\n<div class=\"exp-col-content-holder\">\n<p><a class=\"expand-cnt-link\" href=\"#\">Dennis G\u00e1bor Award<\/a><\/p>\n<div class=\"hidden-content\">2024: Dr. Edit Ir\u00e9n Buz\u00e1s<br \/>\n2024: Dr. Zolt\u00e1n Zsolt Nagy<br \/>\n2023: Dr. P\u00e9ter Ferdinandy<br \/>\n2022: Dr. Kriszti\u00e1n Szigeti\u00a0<br \/>\n2021: Dr. P\u00e1l Maurovich-Horv\u00e1t<br \/>\n2020: Dr. Andrea Fekete<br \/>\n2015: Dr. B\u00e9la Merkely<br \/>\n2015: Dr. L\u00e1szl\u00f3 Hangody<br \/>\n2013: Dr. P\u00e9ter M\u00e1tyus<br \/>\n2012: Dr. Istv\u00e1n Pet\u00e1k\u00a0<br \/>\n2008: Dr. Tivadar Tulassay<br \/>\n2006: Dr. B\u00e9la Moln\u00e1r\u00a0<\/div>\n<\/div>\n<p>&nbsp;<\/p>\n<p><span style=\"font-size: 18pt\"><strong>PRIMA PRIMISSIMA AWARD<\/strong><\/span><\/p>\n<p>The list of nominees for the Prima Primissima Award includes representatives of Hungarian science, art, culture and sport who have achieved exemplary results. Thirty winners are selected each year in 10 categories. There are three winners in each category, and the members of the Foundation&#8217;s Board of Trustees and the enlarged Presidium of the National Association of Entrepreneurs and Employers (VOSZ) select the Primissimas from among them by secret ballot, for a total of ten.<\/p>\n<p style=\"text-align: justify\"><strong><span style=\"font-size: 18pt\">Semmelweis Recipients of the Award<\/span><\/strong><\/p>\n<div class=\"exp-col-content-holder\">\n<p><a class=\"expand-cnt-link\" href=\"#\">Prima Primissima Award<\/a><\/p>\n<div class=\"hidden-content\">2021. Prima winner: Dr. Bea P\u00e1szthy<br \/>\n2019. Prima Primissima winner: Dr. Veronika \u00c1d\u00e1m<br \/>\n2018. Prima Primissima winner: Dr. P\u00e9ter S\u00f3tonyi<br \/>\n2016. Prima winner: Dr. Ferenc Perner<br \/>\n2014. Prima winner: Dr. Lor\u00e1nd Er\u0151ss<br \/>\n2011. Prima winner: Dr. L\u00e1szl\u00f3 Hangody<br \/>\n2010. Prima winner: Dr. Tivadar Tulassay<br \/>\n2009. Prima winner: Dr. Mikl\u00f3s Kellermayer<br \/>\n2005. Prima winner: Dr. Andr\u00e1s Cs\u00f3kay<br \/>\n2003. Prima Primissima winner: Dr. Szilveszter E. Vizi\u00a0<\/div>\n<\/div>\n<p>&nbsp;<\/p>\n<p><span style=\"font-size: 18pt\"><strong>JUNIOR PRIMA PRIZE<\/strong><\/span><\/p>\n<p>The Junior Prima Award recognises the outstanding achievements of young scientists whose careers are characterised by outstanding international achievements and a continuous commitment to excellence in science, research and education in Hungary.<\/p>\n<p style=\"text-align: justify\"><strong><span style=\"font-size: 18pt\">Semmelweis Recipients of the Prize<\/span><\/strong><\/p>\n<div class=\"exp-col-content-holder\">\n<p><a class=\"expand-cnt-link\" href=\"#\">Junior Prima Prize<\/a><\/p>\n<div class=\"hidden-content\">\n<p>2022: Dr. J\u00falia Kar\u00e1dy<br \/>\n2021: Dr. Lajos Kem\u00e9ny<br \/>\n2021: Dr. Bal\u00e1zs P\u00f3sfai<br \/>\n2021: Dr. \u00c9va S\u00e1ghy<br \/>\n2020: Dr. Andr\u00e1s Attila Horv\u00e1th<br \/>\n2018: Dr. Dorottya Cz\u00f6vek<br \/>\n<span style=\"font-size: 1rem\">2018: Dr.Domonkos<\/span><span style=\"font-size: 1rem\">\u00a0<\/span><span style=\"font-size: 1rem\">Papp<br \/>\n<\/span><span style=\"font-size: 1rem\">2017: Dr. P\u00e9ter Kov\u00e1cs<br \/>\n<\/span><span style=\"font-size: 1rem\">2017: Dr. Vince Korn\u00e9l Grolmusz<br \/>\n<\/span><span style=\"font-size: 1rem\">2017: Dr. Zolt\u00e1n Varga<br \/>\n<\/span><span style=\"font-size: 1rem\">2016: Dr. \u00c1d\u00e1m T\u00e1rnoki<br \/>\n<\/span><span style=\"font-size: 1rem\">2016: Dr. D\u00e1vid T\u00e1rnoki<br \/>\n<\/span><span style=\"font-size: 1rem\">2015: Dr. Gergely Toldi<br \/>\n<\/span><span style=\"font-size: 1rem\">2015: Dr. Andr\u00e1s Bikov<br \/>\n<\/span><span style=\"font-size: 1rem\">2015: Dr. Dorottya Csuka<br \/>\n<\/span><span style=\"font-size: 1rem\">2014: Dr. Csaba B\u00f6d\u00f6r<br \/>\n<\/span><span style=\"font-size: 1rem\">2014: Dr. Bal\u00e1zs Enyedi<br \/>\n<\/span><span style=\"font-size: 1rem\">2013: Dr. Attila Marcell Sz\u00e1sz<br \/>\n<\/span><span style=\"font-size: 1rem\">2013: Dr. Judit Laz\u00e1ry <br \/>\n<\/span><span style=\"font-size: 1rem\">2011: Dr. Zolt\u00e1n Jakus<br \/>\n<\/span><span style=\"font-size: 1rem\">2011: Dr. Kriszti\u00e1n N\u00e9meth\u00a0<\/span><\/p>\n<\/div>\n<\/div>\n<p>&nbsp;<\/p>\n","protected":false},"excerpt":{"rendered":"<p>DENNIS G\u00c1BOR AWARD The Board of Trustees of the NOVOFER Foundation selects from the annual open nominations of professionals those who have actively contributed to the success of the economy through their technical and intellectual creations, development achievements, the creation of the infrastructure for innovation, the development of creative thinking for future generations, and the &hellip;<\/p>\n","protected":false},"author":101892,"featured_media":0,"parent":116,"menu_order":6,"comment_status":"closed","ping_status":"closed","template":"","meta":{"_acf_changed":false,"footnotes":""},"categories":[],"tags":[],"class_list":["post-1079","page","type-page","status-publish","hentry"],"acf":[],"_links":{"self":[{"href":"https:\/\/semmelweis.hu\/research\/wp-json\/wp\/v2\/pages\/1079","targetHints":{"allow":["GET"]}}],"collection":[{"href":"https:\/\/semmelweis.hu\/research\/wp-json\/wp\/v2\/pages"}],"about":[{"href":"https:\/\/semmelweis.hu\/research\/wp-json\/wp\/v2\/types\/page"}],"author":[{"embeddable":true,"href":"https:\/\/semmelweis.hu\/research\/wp-json\/wp\/v2\/users\/101892"}],"replies":[{"embeddable":true,"href":"https:\/\/semmelweis.hu\/research\/wp-json\/wp\/v2\/comments?post=1079"}],"version-history":[{"count":10,"href":"https:\/\/semmelweis.hu\/research\/wp-json\/wp\/v2\/pages\/1079\/revisions"}],"predecessor-version":[{"id":1286,"href":"https:\/\/semmelweis.hu\/research\/wp-json\/wp\/v2\/pages\/1079\/revisions\/1286"}],"up":[{"embeddable":true,"href":"https:\/\/semmelweis.hu\/research\/wp-json\/wp\/v2\/pages\/116"}],"wp:attachment":[{"href":"https:\/\/semmelweis.hu\/research\/wp-json\/wp\/v2\/media?parent=1079"}],"wp:term":[{"taxonomy":"category","embeddable":true,"href":"https:\/\/semmelweis.hu\/research\/wp-json\/wp\/v2\/categories?post=1079"},{"taxonomy":"post_tag","embeddable":true,"href":"https:\/\/semmelweis.hu\/research\/wp-json\/wp\/v2\/tags?post=1079"}],"curies":[{"name":"wp","href":"https:\/\/api.w.org\/{rel}","templated":true}]}}