{"id":59,"date":"2022-05-02T15:31:52","date_gmt":"2022-05-02T13:31:52","guid":{"rendered":"https:\/\/semmelweis.hu\/rendezveny\/?page_id=59"},"modified":"2024-09-13T13:27:06","modified_gmt":"2024-09-13T11:27:06","slug":"talarok-meltosagjelvenyek-es-egyes-rendezvenyeszkozok-kikerese","status":"publish","type":"page","link":"https:\/\/semmelweis.hu\/rendezveny\/talarok-meltosagjelvenyek-es-egyes-rendezvenyeszkozok-kikerese\/","title":{"rendered":"Tal\u00e1rok, m\u00e9lt\u00f3s\u00e1gjelv\u00e9nyek \u00e9s egyes rendezv\u00e9nyeszk\u00f6z\u00f6k ig\u00e9nyl\u00e9se"},"content":{"rendered":"<p>A tal\u00e1rokat \u00e9s tiszts\u00e9gl\u00e1ncokat egyetemi m\u00e9lt\u00f3s\u00e1gjelv\u00e9nyk\u00e9nt viselik a <a href=\"https:\/\/semmelweis.hu\/jogigfoig\/dokumentumtar\/szabalyzattar\/szervezeti-es-mukodesi-szabalyzat\/\" target=\"_blank\" rel=\"noopener noreferrer\"><strong>Szervezeti \u00e9s M\u0171k\u00f6d\u00e9si Szab\u00e1lyzatban<\/strong><\/a> arra feljogos\u00edtott szem\u00e9lyek. \u00a0A Rendezv\u00e9nyszervez\u00e9si Igazgat\u00f3s\u00e1g t\u00e1rolja \u00e9s kezeli az egyetemi tal\u00e1rokat, az egyetemi \u00e9s nemzeti z\u00e1szl\u00f3t, a kancell\u00e1r l\u00e1nc\u00e1t \u00e9s az orvoskar d\u00e9k\u00e1ni l\u00e1nc\u00e1nak m\u00e1solatait (tiszts\u00e9gl\u00e1ncok) valamint a hajd\u00fa ruh\u00e1kat. Kik\u00e9rhet\u0151 tov\u00e1bbi eszk\u00f6z\u00f6k: z\u00e1szl\u00f3tart\u00f3, jogartart\u00f3. <br \/>\n<em>(Az jogart \u00e9s a Semmelweis Kelyhet a <a href=\"https:\/\/semmelweis.hu\/biztonsag\" target=\"_blank\" rel=\"noopener noreferrer\">Biztons\u00e1gtechnikai Igazgat\u00f3s\u00e1g<\/a> tudja biztos\u00edtani egyetemi \u00fcnneps\u00e9g eset\u00e9n.)<\/em><\/p>\n<p><span style=\"font-size: 18pt\"><strong>Az ig\u00e9nyl\u00e9s m\u00f3dja \u00e9s menete:<\/strong><\/span><\/p>\n<p>Az ig\u00e9nyl\u0151 szervezeti egys\u00e9g legal\u00e1bb <strong>2 h\u00e9ttel<\/strong> a rendezv\u00e9ny el\u0151tt a <a href=\"mailto:rendezveny@semmelweis-univ.hu\">rendezveny@semmelweis.hu<\/a> e-mail c\u00edmekre \u00edrt elektronikus lev\u00e9lben k\u00e9ri ki a sz\u00fcks\u00e9ges eszk\u00f6z\u00f6ket.<\/p>\n<p><strong>Az \u00fczenetnek az al\u00e1bbi adatokat kell tartalmaznia:<\/strong><\/p>\n<ul>\n<li>az ig\u00e9nyl\u0151 szervezeti egys\u00e9g nev\u00e9t;<\/li>\n<li>a m\u00e9lt\u00f3s\u00e1gjelv\u00e9nyre jogosult szem\u00e9ly nev\u00e9t, titulus\u00e1t;<\/li>\n<li>az \u00f6sszes sz\u00fcks\u00e9ges eszk\u00f6zt;<\/li>\n<li>a rendezv\u00e9ny c\u00edm\u00e9t \u00e9s id\u0151pontj\u00e1t;<\/li>\n<li>az \u00e1tv\u00e9tel id\u0151pontj\u00e1t;<\/li>\n<li>a visszaad\u00e1s id\u0151pontj\u00e1t;<\/li>\n<\/ul>\n<p>A tal\u00e1rok \u00e9s egy\u00e9b m\u00e9lt\u00f3s\u00e1gjelv\u00e9nyek el- \u00e9s visszasz\u00e1ll\u00edt\u00e1s\u00e1r\u00f3l a kik\u00e9r\u0151 szervezeti egys\u00e9g gondoskodik. Az \u00e1tv\u00e9tel \u00e9s visszaad\u00e1s helye: Rendezv\u00e9nyszervez\u00e9si Igazgat\u00f3s\u00e1g, 1085 Budapest, \u00dcll\u0151i \u00fat 26. P23-as rakt\u00e1rhelyis\u00e9g.<\/p>\n<p><span style=\"font-size: 18pt\"><strong>\u00c1tad\u00e1s m\u00f3dja \u00e9s menete:<\/strong><\/span><\/p>\n<p>A Rendezv\u00e9nyszervez\u00e9si Igazgat\u00f3s\u00e1g munkat\u00e1rsa a megk\u00fcld\u00f6tt kik\u00e9r\u0151 \u00fczenet alapj\u00e1n egy \u00fan. \u00e1tad\u00e1s jegyz\u00e9ken adja ki eszk\u00f6z\u00f6ket (soronk\u00e9nt r\u00f6gz\u00edtve \u00e9s al\u00e1\u00edrva), \u00e9s ugyanezen a dokumentumon veszi azokat vissza. Az \u00e1tad\u00e1s id\u0151pontj\u00e1t\u00f3l a visszav\u00e9t id\u0151pontj\u00e1ig a kik\u00e9r\u0151 szervezeti egys\u00e9g felel\u0151ss\u00e9get v\u00e1llal ezen eszk\u00f6z\u00f6k megfelel\u0151 \u00e9s biztons\u00e1gos sz\u00e1ll\u00edt\u00e1s\u00e1\u00e9rt \u00e9s haszn\u00e1lat\u00e1\u00e9rt, valamint kijelenti, hogy azok min\u0151s\u00e9g\u00e9ben k\u00e1rt nem tesz.<\/p>\n","protected":false},"excerpt":{"rendered":"<p>A tal\u00e1rokat \u00e9s tiszts\u00e9gl\u00e1ncokat egyetemi m\u00e9lt\u00f3s\u00e1gjelv\u00e9nyk\u00e9nt viselik a <a href=\"https:\/\/semmelweis.hu\/jogigfoig\/dokumentumtar\/szabalyzattar\/szervezeti-es-mukodesi-szabalyzat\/\" target=\"_blank\" rel=\"noopener noreferrer\">Szervezeti \u00e9s M\u0171k\u00f6d\u00e9si Szab\u00e1lyzatban<\/a> arra feljogos\u00edtott szem\u00e9lyek. \u00a0A Rendezv\u00e9nyszervez\u00e9si Igazgat\u00f3s\u00e1g t\u00e1rolja \u00e9s kezeli az egyetemi tal\u00e1rokat, az egyetemi \u00e9s nemzeti z\u00e1szl\u00f3t, a kancell\u00e1r l\u00e1nc\u00e1t \u00e9s az orvoskar d\u00e9k\u00e1ni l\u00e1nc\u00e1nak m\u00e1solatait (tiszts\u00e9gl\u00e1ncok) valamint a hajd\u00fa ruh\u00e1kat. Kik\u00e9rhet\u0151 tov\u00e1bbi eszk\u00f6z\u00f6k: z\u00e1szl\u00f3tart\u00f3, jogartart\u00f3. (Az jogart \u00e9s a Semmelweis Kelyhet a <a href=\"https:\/\/semmelweis.hu\/biztonsag\" target=\"_blank\" rel=\"noopener noreferrer\">Biztons\u00e1gtechnikai Igazgat\u00f3s\u00e1g<\/a> tudja biztos\u00edtani egyetemi \u00fcnneps\u00e9g &hellip;<\/p>\n","protected":false},"author":101987,"featured_media":0,"parent":0,"menu_order":5,"comment_status":"closed","ping_status":"closed","template":"","meta":{"_acf_changed":false,"footnotes":""},"categories":[],"tags":[],"class_list":["post-59","page","type-page","status-publish","hentry"],"acf":[],"_links":{"self":[{"href":"https:\/\/semmelweis.hu\/rendezveny\/wp-json\/wp\/v2\/pages\/59","targetHints":{"allow":["GET"]}}],"collection":[{"href":"https:\/\/semmelweis.hu\/rendezveny\/wp-json\/wp\/v2\/pages"}],"about":[{"href":"https:\/\/semmelweis.hu\/rendezveny\/wp-json\/wp\/v2\/types\/page"}],"author":[{"embeddable":true,"href":"https:\/\/semmelweis.hu\/rendezveny\/wp-json\/wp\/v2\/users\/101987"}],"replies":[{"embeddable":true,"href":"https:\/\/semmelweis.hu\/rendezveny\/wp-json\/wp\/v2\/comments?post=59"}],"version-history":[{"count":5,"href":"https:\/\/semmelweis.hu\/rendezveny\/wp-json\/wp\/v2\/pages\/59\/revisions"}],"predecessor-version":[{"id":17042,"href":"https:\/\/semmelweis.hu\/rendezveny\/wp-json\/wp\/v2\/pages\/59\/revisions\/17042"}],"wp:attachment":[{"href":"https:\/\/semmelweis.hu\/rendezveny\/wp-json\/wp\/v2\/media?parent=59"}],"wp:term":[{"taxonomy":"category","embeddable":true,"href":"https:\/\/semmelweis.hu\/rendezveny\/wp-json\/wp\/v2\/categories?post=59"},{"taxonomy":"post_tag","embeddable":true,"href":"https:\/\/semmelweis.hu\/rendezveny\/wp-json\/wp\/v2\/tags?post=59"}],"curies":[{"name":"wp","href":"https:\/\/api.w.org\/{rel}","templated":true}]}}