{"id":43,"date":"2022-05-02T15:14:22","date_gmt":"2022-05-02T13:14:22","guid":{"rendered":"https:\/\/semmelweis.hu\/rendezveny\/?page_id=43"},"modified":"2024-09-13T13:22:10","modified_gmt":"2024-09-13T11:22:10","slug":"elmeleti-orvostudomanyi-kozpont","status":"publish","type":"page","link":"https:\/\/semmelweis.hu\/rendezveny\/elmeleti-orvostudomanyi-kozpont\/","title":{"rendered":"Elm\u00e9leti Orvostudom\u00e1nyi K\u00f6zpont"},"content":{"rendered":"<p>A 21. sz\u00e1zadi elv\u00e1r\u00e1soknak megfelel\u0151, eur\u00f3pai sz\u00ednvonal\u00fa l\u00e9tes\u00edtm\u00e9ny a Semmelweis Egyetem \u00faj t\u00f6mbje, az Elm\u00e9leti Orvostudom\u00e1nyi K\u00f6zpont. Az \u00e9p\u00fclet a gradu\u00e1lis \u00e9s posztgradu\u00e1lis oktat\u00e1s kimagasl\u00f3 szakmai preszt\u00edzs\u00e9hez ill\u0151 infrastruktur\u00e1lis felt\u00e9teleket biztos\u00edt. Emellett az egyetemen foly\u00f3, vil\u00e1gviszonylatban is elismert kutat\u00e1sok sz\u00edntere.<\/p>\n<p><strong>C\u00edm:<\/strong> 1094 Budapest, T\u0171zolt\u00f3 utca 37-47.<br \/>\n<a href=\"https:\/\/goo.gl\/maps\/Ve4TZx9izTn\" target=\"_blank\" rel=\"noopener noreferrer\"><strong>Megk\u00f6zel\u00edthet\u0151s\u00e9g:<\/strong> j\u00f3 \u2192<\/a><br \/>\n<strong>Parkol\u00e1s:<\/strong> fizet\u0151s m\u00e9lygar\u00e1zs \/ utca<br \/>\n<strong>Internet:<\/strong> WIFI el\u00e9r\u00e9s biztos\u00edtott<br \/>\n<strong>Termek sz\u00e1ma:<\/strong> 3<\/p>\n<p><strong>Kapcsolat: <\/strong>sandor.natalia@semmelweis.hu<\/p>\n<h1>termek<\/h1>\n<h4><strong>Szent-Gy\u00f6rgyi el\u0151ad\u00f3terem<\/strong><\/h4>\n<div class=\"keretes w-100\">\n<p><strong>Alapter\u00fclet: <\/strong>350m<sup>2<\/sup><strong><sup><br \/>\n<\/sup>F\u00e9r\u0151hely<\/strong>: 320 f\u0151<br \/>\n<strong>Elrendez\u00e9s: <\/strong>r\u00f6gz\u00edtett b\u00fatoros, lejt\u0151s elrendez\u00e9s\u0171<br \/>\n<strong>Felszerelts\u00e9g:<\/strong>hangtechnika, vet\u00edt\u00e9stechnika, pulpitus, be\u00e9p\u00edtett asztali sz\u00e1m\u00edt\u00f3g\u00e9p<strong><br \/>\n<\/strong><\/p>\n<\/div>\n<h4><strong>Hevesy Gy\u00f6rgy el\u0151ad\u00f3terem<\/strong><\/h4>\n<div class=\"keretes w-100\">\n<p><strong>Alapter\u00fclet: <\/strong>188m<sup>2<\/sup><strong><sup><br \/>\n<\/sup>F\u00e9r\u0151hely: <\/strong>160 f\u0151<strong><br \/>\nElrendez\u00e9s: <\/strong>r\u00f6gz\u00edtett b\u00fatoros, lejt\u0151s elrendez\u00e9s\u0171<strong><br \/>\nFelszerelts\u00e9g: <\/strong>hangtechnika, vet\u00edt\u00e9stechnika, pulpitus, be\u00e9p\u00edtett asztali sz\u00e1m\u00edt\u00f3g\u00e9p<strong><br \/>\n<\/strong><\/p>\n<\/div>\n<h4><strong>B\u00e9k\u00e9sy Gy\u00f6rgy el\u0151ad\u00f3terem<\/strong><\/h4>\n<div class=\"keretes w-100\">\n<p><strong>Alapter\u00fclet:<\/strong> 188m2<br \/>\n<strong>F\u00e9r\u0151hely:<\/strong> 320 f\u0151<br \/>\n<strong>Elrendez\u00e9s: <\/strong>r\u00f6gz\u00edtett b\u00fatoros, lejt\u0151s elrendez\u00e9s\u0171<br \/>\n<strong>Felszerelts\u00e9g:<\/strong>hangtechnika, vet\u00edt\u00e9stechnika, pulpitus, be\u00e9p\u00edtett asztali sz\u00e1m\u00edt\u00f3g\u00e9p<\/p>\n<\/div>\n<p><strong>Egy\u00e9b inform\u00e1ci\u00f3k<\/strong><\/p>\n<p>A termek haszn\u00e1lat\u00e1hoz ig\u00e9nyelhet\u0151 \u2013 a terem b\u00e9rleti d\u00edj\u00e1ban nem szerepl\u0151 \u2013 szolg\u00e1ltat\u00e1s: Catering (nincs kiz\u00e1r\u00f3lagoss\u00e1g)<\/p>\n\r\n        [slb_exclude]\r\n        <div class=\"row galeria-wrapper mx-0 h-auto\">\r\n            <div class=\"col-9 pl-0 pr-2\">\r\n            <span class=\"gallery-item frame\">\r\n\t\t\t\t<div class=\"galeria-left-img\"><a href=\"https:\/\/semmelweis.hu\/rendezveny\/files\/2022\/05\/RS142609_C19A2869-scr-1.jpg\"><img src=https:\/\/semmelweis.hu\/rendezveny\/files\/2022\/05\/RS142609_C19A2869-scr-1.jpg  \r\n                            alt=\"\" \r\n                            class=\"attachment-sote-gallery-big size-sote-gallery-big\" \r\n                            srcset=\"https:\/\/semmelweis.hu\/rendezveny\/files\/2022\/05\/RS142609_C19A2869-scr-1-400x267.jpg 400w, https:\/\/semmelweis.hu\/rendezveny\/files\/2022\/05\/RS142609_C19A2869-scr-1-1024x683.jpg 1024w, https:\/\/semmelweis.hu\/rendezveny\/files\/2022\/05\/RS142609_C19A2869-scr-1-768x512.jpg 768w, https:\/\/semmelweis.hu\/rendezveny\/files\/2022\/05\/RS142609_C19A2869-scr-1-753x502.jpg 753w, https:\/\/semmelweis.hu\/rendezveny\/files\/2022\/05\/RS142609_C19A2869-scr-1-203x135.jpg 203w, https:\/\/semmelweis.hu\/rendezveny\/files\/2022\/05\/RS142609_C19A2869-scr-1.jpg 1200w\" ><\/a><\/div>\r\n            <\/span>\r\n\r\n            <\/div>\r\n\r\n\t\t\t<div class=\"col-3 pl-0 pr-0\">\r\n\t\t\t\t<div class=\"galeria-right-img d-flex justify-content-between flex-column h-100 w-100 px-0 mx-0 \">\r\n                <div class=\"galeria-box\">\r\n\t\t\t\t\t<h3 class=\"galeria-title\">Gal\u00e9ria<\/h3>\r\n\t\t\t\t\t<div class=\"galeria-subtitle\">\r\n\r\n\t\t\t\t\t\t<div class=\"galeria-page-counter\"><span>4<\/span>k\u00e9p<\/div>\r\n                    <\/div> <\/div>\r\n                    <span class=\"gallery-item frame d-none d-md-flex\">\r\n\t\t\t\t\t<div class=\"galeria-small-img mt-0\"><a href=\"https:\/\/semmelweis.hu\/rendezveny\/files\/2022\/05\/RS31932_KA-20150615-IMG_9616-eok-scr.jpg\"><img src=https:\/\/semmelweis.hu\/rendezveny\/files\/2022\/05\/RS31932_KA-20150615-IMG_9616-eok-scr.jpg \r\n                                alt=\"\"  \r\n                                class=\"attachment-sote-gallery-small size-sote-gallery-small\" \r\n                                srcset=\"https:\/\/semmelweis.hu\/rendezveny\/files\/2022\/05\/RS31932_KA-20150615-IMG_9616-eok-scr-267x400.jpg 267w, https:\/\/semmelweis.hu\/rendezveny\/files\/2022\/05\/RS31932_KA-20150615-IMG_9616-eok-scr.jpg 500w\" ><\/a><\/div>\r\n                    <\/span>\r\n                    <span class=\"gallery-item frame d-none d-md-flex\">\r\n\t\t\t\t\t<div class=\"galeria-small-img mt-0\"><a href=\"https:\/\/semmelweis.hu\/rendezveny\/files\/2022\/05\/eok-kulso-este2-scaled.jpg\"><img src=https:\/\/semmelweis.hu\/rendezveny\/files\/2022\/05\/eok-kulso-este2-scaled.jpg \r\n                                alt=\"\" \r\n                                class=\"attachment-sote-gallery-small size-sote-gallery-small\" \r\n                                srcset=\"https:\/\/semmelweis.hu\/rendezveny\/files\/2022\/05\/eok-kulso-este2-400x268.jpg 400w, https:\/\/semmelweis.hu\/rendezveny\/files\/2022\/05\/eok-kulso-este2-1024x685.jpg 1024w, https:\/\/semmelweis.hu\/rendezveny\/files\/2022\/05\/eok-kulso-este2-768x514.jpg 768w, https:\/\/semmelweis.hu\/rendezveny\/files\/2022\/05\/eok-kulso-este2-1536x1028.jpg 1536w, https:\/\/semmelweis.hu\/rendezveny\/files\/2022\/05\/eok-kulso-este2-2048x1371.jpg 2048w, https:\/\/semmelweis.hu\/rendezveny\/files\/2022\/05\/eok-kulso-este2-753x504.jpg 753w, https:\/\/semmelweis.hu\/rendezveny\/files\/2022\/05\/eok-kulso-este2-203x135.jpg 203w\" ><\/a><\/div>\r\n                    <\/span>\r\n\r\n                <\/div>\r\n\r\n            <\/div>\r\n\r\n            <span class=\"gallery-item\"><div class=\"hidden\"><a href=\"https:\/\/semmelweis.hu\/rendezveny\/files\/2022\/05\/RS31918_KA-20150615-IMG_9654-eok-scr_tr.png\">\r\n        <img src=https:\/\/semmelweis.hu\/rendezveny\/files\/2022\/05\/RS31918_KA-20150615-IMG_9654-eok-scr_tr.png alt=\"\" class=\"attachment-sote-gallery-big size-sote-gallery-big\" srcset=\"https:\/\/semmelweis.hu\/rendezveny\/files\/2022\/05\/RS31918_KA-20150615-IMG_9654-eok-scr_tr-400x138.png 400w, https:\/\/semmelweis.hu\/rendezveny\/files\/2022\/05\/RS31918_KA-20150615-IMG_9654-eok-scr_tr-768x265.png 768w, https:\/\/semmelweis.hu\/rendezveny\/files\/2022\/05\/RS31918_KA-20150615-IMG_9654-eok-scr_tr-753x260.png 753w, https:\/\/semmelweis.hu\/rendezveny\/files\/2022\/05\/RS31918_KA-20150615-IMG_9654-eok-scr_tr.png 950w\" >\r\n        <\/a><\/div><\/span>\r\n            <\/div>\r\n\r\n            [\/slb_exclude]\r\n\t\n","protected":false},"excerpt":{"rendered":"<p>A 21. sz\u00e1zadi elv\u00e1r\u00e1soknak megfelel\u0151, eur\u00f3pai sz\u00ednvonal\u00fa l\u00e9tes\u00edtm\u00e9ny a Semmelweis Egyetem \u00faj t\u00f6mbje, az Elm\u00e9leti Orvostudom\u00e1nyi K\u00f6zpont. Az \u00e9p\u00fclet a gradu\u00e1lis \u00e9s posztgradu\u00e1lis oktat\u00e1s kimagasl\u00f3 szakmai preszt\u00edzs\u00e9hez ill\u0151 infrastruktur\u00e1lis felt\u00e9teleket biztos\u00edt. Emellett az egyetemen foly\u00f3, vil\u00e1gviszonylatban is elismert kutat\u00e1sok sz\u00edntere. C\u00edm: 1094 Budapest, T\u0171zolt\u00f3 utca 37-47. <a href=\"https:\/\/goo.gl\/maps\/Ve4TZx9izTn\" target=\"_blank\" rel=\"noopener noreferrer\">Megk\u00f6zel\u00edthet\u0151s\u00e9g: j\u00f3 \u2192<\/a> Parkol\u00e1s: fizet\u0151s m\u00e9lygar\u00e1zs \/ utca Internet: WIFI el\u00e9r\u00e9s biztos\u00edtott &hellip;<\/p>\n","protected":false},"author":101987,"featured_media":0,"parent":0,"menu_order":3,"comment_status":"closed","ping_status":"closed","template":"template-fullwidth.php","meta":{"_acf_changed":false,"footnotes":""},"categories":[],"tags":[],"class_list":["post-43","page","type-page","status-publish","hentry"],"acf":[],"_links":{"self":[{"href":"https:\/\/semmelweis.hu\/rendezveny\/wp-json\/wp\/v2\/pages\/43","targetHints":{"allow":["GET"]}}],"collection":[{"href":"https:\/\/semmelweis.hu\/rendezveny\/wp-json\/wp\/v2\/pages"}],"about":[{"href":"https:\/\/semmelweis.hu\/rendezveny\/wp-json\/wp\/v2\/types\/page"}],"author":[{"embeddable":true,"href":"https:\/\/semmelweis.hu\/rendezveny\/wp-json\/wp\/v2\/users\/101987"}],"replies":[{"embeddable":true,"href":"https:\/\/semmelweis.hu\/rendezveny\/wp-json\/wp\/v2\/comments?post=43"}],"version-history":[{"count":9,"href":"https:\/\/semmelweis.hu\/rendezveny\/wp-json\/wp\/v2\/pages\/43\/revisions"}],"predecessor-version":[{"id":17039,"href":"https:\/\/semmelweis.hu\/rendezveny\/wp-json\/wp\/v2\/pages\/43\/revisions\/17039"}],"wp:attachment":[{"href":"https:\/\/semmelweis.hu\/rendezveny\/wp-json\/wp\/v2\/media?parent=43"}],"wp:term":[{"taxonomy":"category","embeddable":true,"href":"https:\/\/semmelweis.hu\/rendezveny\/wp-json\/wp\/v2\/categories?post=43"},{"taxonomy":"post_tag","embeddable":true,"href":"https:\/\/semmelweis.hu\/rendezveny\/wp-json\/wp\/v2\/tags?post=43"}],"curies":[{"name":"wp","href":"https:\/\/api.w.org\/{rel}","templated":true}]}}