{"id":17072,"date":"2025-04-08T10:04:45","date_gmt":"2025-04-08T08:04:45","guid":{"rendered":"https:\/\/semmelweis.hu\/rendezveny\/?page_id=17072"},"modified":"2025-04-08T10:17:13","modified_gmt":"2025-04-08T08:17:13","slug":"adatkezelesi-tajekoztato","status":"publish","type":"page","link":"https:\/\/semmelweis.hu\/rendezveny\/adatvedelem\/adatkezelesi-tajekoztato\/","title":{"rendered":"Adatkezel\u00e9si T\u00e1j\u00e9koztat\u00f3"},"content":{"rendered":"<p style=\"text-align: justify\">Jelen Adatkezel\u00e9si t\u00e1j\u00e9koztat\u00f3 (a tov\u00e1bbiakban: T\u00e1j\u00e9koztat\u00f3) c\u00e9lja, hogy t\u00e1j\u00e9koztat\u00e1st ny\u00fajtson a Semmelweis Egyetem (a tov\u00e1bbiakban: Egyetem) \u00e1ltal szervezett esem\u00e9ny (a tov\u00e1bbiakban: Esem\u00e9ny) \u00f6sszef\u00fcgg\u00e9s\u00e9ben megval\u00f3sul\u00f3 adatkezel\u00e9sr\u0151l.<\/p>\n<p style=\"text-align: justify\">Az Egyetem az Esem\u00e9nnyel \u00f6sszef\u00fcgg\u00e9sben el\u0151zetes online regisztr\u00e1ci\u00f3s fel\u00fcletet hoz l\u00e9tre, melyen az Esem\u00e9ny sikeres lebonyol\u00edt\u00e1s\u00e1hoz sz\u00fcks\u00e9ges regisztr\u00e1ci\u00f3 \u00e9rdek\u00e9ben szem\u00e9lyes adatkezel\u00e9st folytat az al\u00e1bbiak szerint.<\/p>\n<p style=\"text-align: justify\">Az Egyetem az Esem\u00e9ny jelleg\u00e9b\u0151l fakad\u00f3an \u00e1ll\u00f3- \u00e9s mozg\u00f3k\u00e9p, valamint hanganyag r\u00f6gz\u00edt\u00e9s\u00e9t v\u00e9gzi. A r\u00f6gz\u00edtett k\u00e9p- \u00e9s hangfelv\u00e9telekkel kapcsolatos b\u0151vebb t\u00e1j\u00e9koztat\u00e1s\u00e9rt forduljon az Egyetem Marketing \u00e9s Kommunik\u00e1ci\u00f3s F\u0151igazgat\u00f3s\u00e1g\u00e1hoz az al\u00e1bbi el\u00e9rhet\u0151s\u00e9gen: hirek@semmelweis.hu<\/p>\n<p style=\"text-align: justify\">A megadott szem\u00e9lyes adatok kezel\u00e9se \u00e9s meg\u0151rz\u00e9se az \u00e9rintett (a tov\u00e1bbiakban: \u00c9rintett) r\u00e9sz\u00e9r\u0151l t\u00f6rt\u00e9n\u0151 <strong>\u00f6nk\u00e9ntes hozz\u00e1j\u00e1rul\u00e1s<\/strong> eset\u00e9n, a mindenkor hat\u00e1lyos adatv\u00e9delmi el\u0151\u00edr\u00e1sok, \u00edgy k\u00fcl\u00f6n\u00f6s tekintettel az Eur\u00f3pai Parlament \u00e9s a Tan\u00e1cs (EU) 2016\/679 (2016. \u00e1prilis 27.) <em>a term\u00e9szetes szem\u00e9lyeknek a szem\u00e9lyes adatok kezel\u00e9se tekintet\u00e9ben t\u00f6rt\u00e9n\u0151 v\u00e9delm\u00e9r\u0151l \u00e9s az ilyen adatok szabad \u00e1raml\u00e1s\u00e1r\u00f3l, valamint a 95\/46\/EK rendelet hat\u00e1lyon k\u00edv\u00fcl helyez\u00e9s\u00e9r\u0151l <\/em>(\u00e1ltal\u00e1nos adatv\u00e9delmi rendelet) Rendelete (a tov\u00e1bbiakban: GDPR) el\u0151\u00edr\u00e1sainak, maxim\u00e1lis betart\u00e1s\u00e1val t\u00f6rt\u00e9nik.<\/p>\n<p style=\"text-align: justify\"><strong>A szem\u00e9lyes adatok v\u00e9delm\u00e9r\u0151l<\/strong><\/p>\n<p style=\"text-align: justify\">Az Adatkezel\u0151 tiszteletben tartja a szem\u00e9lyes adatok v\u00e9delm\u00e9t, a mindenkor hat\u00e1lyos jogszab\u00e1lyok figyelembev\u00e9tel\u00e9vel gondoskodik a rendelkez\u00e9sre bocs\u00e1tott, ilyen jelleg\u0171 adatok kezel\u00e9s\u00e9r\u0151l \u00e9s meg\u0151rz\u00e9s\u00e9r\u0151l. Az Adatkezel\u0151 kiz\u00e1r\u00f3lag a megjel\u00f6lt c\u00e9lra haszn\u00e1lhatja fel a szem\u00e9lyes adatokat, azokat nem egyes\u00edti m\u00e1s forr\u00e1sb\u00f3l sz\u00e1rmaz\u00f3 adatb\u00e1zisaival, a kezelt szem\u00e9lyes adatokat \u2013 <em>kifejezett jogszab\u00e1lyi rendelkez\u00e9s hi\u00e1ny\u00e1ban<\/em> \u2013 csak az \u00c9rintett kifejezett hozz\u00e1j\u00e1rul\u00e1s\u00e1val adja \u00e1t harmadik szem\u00e9lynek, \u00e9s minden \u00e9szszer\u0171 er\u0151fesz\u00edt\u00e9st megtesz az ilyen adatok v\u00e9delme \u00e9rdek\u00e9ben.<\/p>\n<p><strong>Az adatkezel\u0151 szem\u00e9lye \u00e9s el\u00e9rhet\u0151s\u00e9gei:<\/strong><\/p>\n<ul>\n<li>n\u00e9v: Semmelweis Egyetem;<\/li>\n<li>sz\u00e9khely: 1085 Budapest, \u00dcll\u0151i \u00fat 26.;<\/li>\n<li>adatv\u00e9delmi tisztvisel\u0151: dr. Tr\u00f3cs\u00e1nyi S\u00e1ra;<\/li>\n<li>e-mail: adatvedelem@semmelweis.hu<\/li>\n<\/ul>\n<p><strong>A kezelt szem\u00e9lyes adatok k\u00f6re:<\/strong><\/p>\n<ul>\n<li>regisztr\u00e1ci\u00f3 sor\u00e1n megadott adatok (n\u00e9v; szervezet; e-mail c\u00edm).<\/li>\n<\/ul>\n<p><strong>Az adatkezel\u00e9s jogalapja:<\/strong><\/p>\n<ul>\n<li>regisztr\u00e1ci\u00f3 eset\u00e9n \u00c9rintett \u00f6nk\u00e9ntes hozz\u00e1j\u00e1rul\u00e1sa [GDPR 6. cikk (1) bekezd\u00e9s a) pont].<\/li>\n<\/ul>\n<p><strong>Az adatkezel\u00e9s c\u00e9lja:<\/strong><\/p>\n<ul>\n<li>Az Esem\u00e9ny sikeres lebonyol\u00edt\u00e1s\u00e1hoz sz\u00fcks\u00e9ges regisztr\u00e1ci\u00f3 megval\u00f3s\u00edt\u00e1sa;<\/li>\n<\/ul>\n<p><strong>Az adatkezel\u00e9si id\u0151tartama:<\/strong><\/p>\n<ul>\n<li>A regisztr\u00e1ci\u00f3 eset\u00e9n az \u00c9rintett \u00e1ltal adott \u00f6nk\u00e9ntes hozz\u00e1j\u00e1rul\u00e1s visszavon\u00e1s\u00e1ig, vagy a tiltakoz\u00e1si jog gyakorl\u00e1s\u00e1ig.<\/li>\n<\/ul>\n<p><strong>Az adatok megismerhet\u0151s\u00e9ge:<\/strong><\/p>\n<ul>\n<li>a regisztr\u00e1ci\u00f3 sor\u00e1n megadott szem\u00e9lyes adatokat kiz\u00e1r\u00f3lag az Egyetem illet\u00e9kes munkat\u00e1rsai ismerhetik meg, az Egyetem adatokat bizalmasan kezeli.<\/li>\n<\/ul>\n<p><strong>Az adatok t\u00e1rol\u00e1sa \u00e9s az adatbiztons\u00e1g:<\/strong><\/p>\n<ul>\n<li style=\"text-align: justify\">az Egyetem megfelel\u0151 int\u00e9zked\u00e9sekkel gondoskodik arr\u00f3l, hogy a szem\u00e9lyes adatokat v\u00e9dje t\u00f6bbek k\u00f6z\u00f6tt a jogosulatlan hozz\u00e1f\u00e9r\u00e9s ellen, illetve azok jogosulatlan megv\u00e1ltoztat\u00e1sa ellen.<\/li>\n<li style=\"text-align: justify\">az Eur\u00f3pai Parlament \u00e9s a Tan\u00e1cs (EU) 2016\/679 Rendelete (GDPR) 4. cikk 12. pontj\u00e1ban r\u00f6gz\u00edtett Adatv\u00e9delmi incidens eset\u00e9n az Egyetem mint adatkezel\u0151 az adatv\u00e9delmi incidens \u00e9szlel\u00e9s\u00e9t k\u00f6vet\u0151en indokolatlan k\u00e9sedelem n\u00e9lk\u00fcl, legk\u00e9s\u0151bb 72 (hetvenk\u00e9t) \u00f3r\u00e1n bel\u00fcl bejelent\u00e9st tesz az illet\u00e9kes fel\u00fcgyeleti hat\u00f3s\u00e1gn\u00e1l, \u00e9s t\u00e1j\u00e9koztatja az \u00e9rintetteket, amennyiben az adatv\u00e9delmi incidens val\u00f3sz\u00edn\u0171s\u00edthet\u0151en az \u00e9rintettek jogaira n\u00e9zve kock\u00e1zattal j\u00e1r.<\/li>\n<\/ul>\n<p style=\"text-align: justify\"><strong>Az \u00e9rintett szem\u00e9lyes adatai kezel\u00e9s\u00e9vel kapcsolatos jogai:<\/strong><\/p>\n<p style=\"text-align: justify\">Amennyiben \u00fagy \u00edt\u00e9li meg, hogy szem\u00e9lyes adatai kezel\u00e9se sor\u00e1n nem j\u00e1runk el jogszer\u0171en, k\u00e9rj\u00fck, hogy \u00e9szrev\u00e9teleit, illetve ig\u00e9nyeit el\u0151sz\u00f6r vel\u00fcnk, mint adatkezel\u0151vel &#8211; a fentebb felsorolt el\u00e9rhet\u0151s\u00e9geink valamelyik\u00e9n &#8211; k\u00f6z\u00f6lje annak \u00e9rdek\u00e9ben, hogy az \u00e9szrev\u00e9telt min\u00e9l gyorsabban \u00e9s hat\u00e9konyabban feldolgozhassuk, kezelhess\u00fck.<\/p>\n<p style=\"text-align: justify\">Az \u00c9rintett szem\u00e9lyes adatkezel\u00e9ssel \u00f6sszef\u00fcgg\u0151 jogait a fentieken t\u00fal a GDPR, valamint az inform\u00e1ci\u00f3s \u00f6nrendelkez\u00e9si jogr\u00f3l \u00e9s az inform\u00e1ci\u00f3szabads\u00e1gr\u00f3l sz\u00f3l\u00f3 2011. \u00e9vi CXII. t\u00f6rv\u00e9ny rendelkez\u00e9seinek megfelel\u0151en gyakorolhatja.<\/p>\n<p style=\"text-align: justify\">A szem\u00e9lyes adatok kezel\u00e9s\u00e9vel kapcsolatosan bek\u00f6vetkezett jogs\u00e9relem, vagy annak k\u00f6zvetlen vesz\u00e9ly\u00e9nek fenn\u00e1ll\u00e1sa eset\u00e9n panasszal\/bejelent\u00e9ssel a Nemzeti Adatv\u00e9delmi \u00e9s Inform\u00e1ci\u00f3szabads\u00e1g Hat\u00f3s\u00e1gn\u00e1l (<a href=\"http:\/\/www.naih.hu\">www.naih.hu<\/a>, 1055 Bp., Falk Miksa utca 9-11., telefon: + 36 1\/ 391-14 00) \u00e9lhet az \u00e9rintett.<\/p>\n","protected":false},"excerpt":{"rendered":"<p>Jelen Adatkezel\u00e9si t\u00e1j\u00e9koztat\u00f3 (a tov\u00e1bbiakban: T\u00e1j\u00e9koztat\u00f3) c\u00e9lja, hogy t\u00e1j\u00e9koztat\u00e1st ny\u00fajtson a Semmelweis Egyetem (a tov\u00e1bbiakban: Egyetem) \u00e1ltal szervezett esem\u00e9ny (a tov\u00e1bbiakban: Esem\u00e9ny) \u00f6sszef\u00fcgg\u00e9s\u00e9ben megval\u00f3sul\u00f3 adatkezel\u00e9sr\u0151l. Az Egyetem az Esem\u00e9nnyel \u00f6sszef\u00fcgg\u00e9sben el\u0151zetes online regisztr\u00e1ci\u00f3s fel\u00fcletet hoz l\u00e9tre, melyen az Esem\u00e9ny sikeres lebonyol\u00edt\u00e1s\u00e1hoz sz\u00fcks\u00e9ges regisztr\u00e1ci\u00f3 \u00e9rdek\u00e9ben szem\u00e9lyes adatkezel\u00e9st folytat az al\u00e1bbiak szerint. Az Egyetem az Esem\u00e9ny jelleg\u00e9b\u0151l &hellip;<\/p>\n","protected":false},"author":101987,"featured_media":0,"parent":17076,"menu_order":0,"comment_status":"closed","ping_status":"closed","template":"","meta":{"_acf_changed":false,"footnotes":""},"categories":[],"tags":[],"class_list":["post-17072","page","type-page","status-publish","hentry"],"acf":[],"_links":{"self":[{"href":"https:\/\/semmelweis.hu\/rendezveny\/wp-json\/wp\/v2\/pages\/17072","targetHints":{"allow":["GET"]}}],"collection":[{"href":"https:\/\/semmelweis.hu\/rendezveny\/wp-json\/wp\/v2\/pages"}],"about":[{"href":"https:\/\/semmelweis.hu\/rendezveny\/wp-json\/wp\/v2\/types\/page"}],"author":[{"embeddable":true,"href":"https:\/\/semmelweis.hu\/rendezveny\/wp-json\/wp\/v2\/users\/101987"}],"replies":[{"embeddable":true,"href":"https:\/\/semmelweis.hu\/rendezveny\/wp-json\/wp\/v2\/comments?post=17072"}],"version-history":[{"count":1,"href":"https:\/\/semmelweis.hu\/rendezveny\/wp-json\/wp\/v2\/pages\/17072\/revisions"}],"predecessor-version":[{"id":17073,"href":"https:\/\/semmelweis.hu\/rendezveny\/wp-json\/wp\/v2\/pages\/17072\/revisions\/17073"}],"up":[{"embeddable":true,"href":"https:\/\/semmelweis.hu\/rendezveny\/wp-json\/wp\/v2\/pages\/17076"}],"wp:attachment":[{"href":"https:\/\/semmelweis.hu\/rendezveny\/wp-json\/wp\/v2\/media?parent=17072"}],"wp:term":[{"taxonomy":"category","embeddable":true,"href":"https:\/\/semmelweis.hu\/rendezveny\/wp-json\/wp\/v2\/categories?post=17072"},{"taxonomy":"post_tag","embeddable":true,"href":"https:\/\/semmelweis.hu\/rendezveny\/wp-json\/wp\/v2\/tags?post=17072"}],"curies":[{"name":"wp","href":"https:\/\/api.w.org\/{rel}","templated":true}]}}