{"id":17065,"date":"2025-01-07T16:17:43","date_gmt":"2025-01-07T15:17:43","guid":{"rendered":"https:\/\/semmelweis.hu\/rendezveny\/?page_id=17065"},"modified":"2025-01-07T16:20:03","modified_gmt":"2025-01-07T15:20:03","slug":"educatio-adatvedelem","status":"publish","type":"page","link":"https:\/\/semmelweis.hu\/rendezveny\/educatio-adatvedelem\/","title":{"rendered":"Educatio adatv\u00e9delem"},"content":{"rendered":"<p>&nbsp;<\/p>\n<p>Jelen Adatkezel\u00e9si t\u00e1j\u00e9koztat\u00f3 (a tov\u00e1bbiakban: T\u00e1j\u00e9koztat\u00f3) c\u00e9lja, hogy t\u00e1j\u00e9koztat\u00e1st ny\u00fajtson a Semmelweis Egyetem (a tov\u00e1bbiakban: Egyetem) \u2013 mint adatkezel\u0151 \u2013 fels\u0151oktat\u00e1si k\u00e9pz\u00e9seit, fels\u0151oktat\u00e1si felv\u00e9telit, valamint egy\u00e9b az Egyetemet \u00e9rint\u0151 inform\u00e1ci\u00f3kat tartalmaz\u00f3 h\u00edrlev\u00e9llel (a tov\u00e1bbiakban: H\u00edrlev\u00e9l) \u00f6sszef\u00fcgg\u00e9s\u00e9ben megval\u00f3sul\u00f3 adatkezel\u00e9sr\u0151l.<\/p>\n<p>Az Egyetem a H\u00edrlev\u00e9llel \u00f6sszef\u00fcgg\u00e9sben regisztr\u00e1ci\u00f3s fel\u00fcletet hoz l\u00e9tre, melyen a kapcsolattart\u00e1shoz sz\u00fcks\u00e9ges regisztr\u00e1ci\u00f3 \u00e9rdek\u00e9ben szem\u00e9lyes adatkezel\u00e9st v\u00e9gez, mely \u00c9rintett kifejezett hozz\u00e1j\u00e1rul\u00e1s\u00e1val val\u00f3sul meg.<\/p>\n<p>Az Egyetem a regisztr\u00e1ci\u00f3 sor\u00e1n a H\u00edrlevelek tartalm\u00e1nak fejleszt\u00e9se c\u00e9lj\u00e1b\u00f3l az \u00c9rintettekt\u0151l \u00e9rdekl\u0151d\u00e9s\u00fckre vonatkoz\u00f3 v\u00e1laszokat is r\u00f6gz\u00edt. Az Egyetem munkat\u00e1rsai az \u00c9rintettek nem kapcsolattart\u00e1ssal \u00f6sszef\u00fcgg\u0151 v\u00e1laszait szem\u00e9lyes adataikt\u00f3l elk\u00fcl\u00f6n\u00edtve, anonimiz\u00e1lt, statisztikai adatk\u00e9nt kezeli.<\/p>\n<p>&nbsp;<\/p>\n<p>A megadott szem\u00e9lyes adatok kezel\u00e9se \u00e9s meg\u0151rz\u00e9se az \u00c9rintett r\u00e9sz\u00e9r\u0151l t\u00f6rt\u00e9n\u0151 <strong>\u00f6nk\u00e9ntes hozz\u00e1j\u00e1rul\u00e1s<\/strong> eset\u00e9n, a mindenkor hat\u00e1lyos adatv\u00e9delmi el\u0151\u00edr\u00e1sok, \u00edgy k\u00fcl\u00f6n\u00f6s tekintettel az Eur\u00f3pai Parlament \u00e9s a Tan\u00e1cs (EU) 2016\/679 Rendelete (GDPR) el\u0151\u00edr\u00e1sainak betart\u00e1s\u00e1val t\u00f6rt\u00e9nik.<\/p>\n<p>&nbsp;<\/p>\n<p><strong>A szem\u00e9lyes adatok v\u00e9delm\u00e9r\u0151l<\/strong><\/p>\n<p>&nbsp;<\/p>\n<p>Az Egyetem tiszteletben tartja a szem\u00e9lyes adatok v\u00e9delm\u00e9t, a mindenkor hat\u00e1lyos jogszab\u00e1lyok figyelembev\u00e9tel\u00e9vel gondoskodik a rendelkez\u00e9sre bocs\u00e1tott, ilyen jelleg\u0171 adatok kezel\u00e9s\u00e9r\u0151l \u00e9s meg\u0151rz\u00e9s\u00e9r\u0151l. Az Egyetem kiz\u00e1r\u00f3lag a megjel\u00f6lt c\u00e9lra haszn\u00e1lhatja fel a szem\u00e9lyes adatokat, azokat nem egyes\u00edti m\u00e1s forr\u00e1sb\u00f3l sz\u00e1rmaz\u00f3 adatb\u00e1zisaival, a kezelt szem\u00e9lyes adatokat &#8211; <em>kifejezett jogszab\u00e1lyi rendelkez\u00e9s hi\u00e1ny\u00e1ban<\/em> &#8211; csak az \u00c9rintett kifejezett hozz\u00e1j\u00e1rul\u00e1s\u00e1val adja \u00e1t harmadik szem\u00e9lynek, \u00e9s minden \u00e9sszer\u0171 er\u0151fesz\u00edt\u00e9st megtesz az ilyen adatok v\u00e9delme \u00e9rdek\u00e9ben.<\/p>\n<p><em>\u00a0<\/em><\/p>\n<p><strong>Az adatkezel\u0151 szem\u00e9lye \u00e9s el\u00e9rhet\u0151s\u00e9gei:<\/strong><\/p>\n<p>N\u00e9v: \u00a0\u00a0\u00a0\u00a0\u00a0\u00a0\u00a0\u00a0\u00a0\u00a0\u00a0\u00a0\u00a0\u00a0\u00a0\u00a0\u00a0\u00a0\u00a0\u00a0\u00a0\u00a0\u00a0\u00a0\u00a0\u00a0\u00a0\u00a0\u00a0\u00a0\u00a0\u00a0\u00a0\u00a0\u00a0\u00a0\u00a0 Semmelweis Egyetem<\/p>\n<p>Sz\u00e9khely: \u00a0\u00a0\u00a0\u00a0\u00a0\u00a0\u00a0\u00a0\u00a0\u00a0\u00a0\u00a0\u00a0\u00a0\u00a0\u00a0\u00a0\u00a0\u00a0\u00a0\u00a0\u00a0\u00a0\u00a0\u00a0\u00a0\u00a0\u00a0\u00a0 1085 Budapest, \u00dcll\u0151i \u00fat 26.<\/p>\n<p>Postac\u00edm: \u00a0\u00a0\u00a0\u00a0\u00a0\u00a0\u00a0\u00a0\u00a0\u00a0\u00a0\u00a0\u00a0\u00a0\u00a0\u00a0\u00a0\u00a0\u00a0\u00a0\u00a0\u00a0\u00a0\u00a0\u00a0\u00a0\u00a0\u00a0\u00a0 1428 Budapest, Pf.2.<\/p>\n<p>Adatv\u00e9delmi tisztvisel\u0151: \u00a0\u00a0\u00a0\u00a0\u00a0\u00a0 dr. Tr\u00f3cs\u00e1nyi S\u00e1ra<\/p>\n<p>E-mail: \u00a0\u00a0\u00a0\u00a0\u00a0\u00a0\u00a0\u00a0\u00a0\u00a0\u00a0\u00a0\u00a0\u00a0\u00a0\u00a0\u00a0\u00a0\u00a0\u00a0\u00a0\u00a0\u00a0\u00a0\u00a0\u00a0\u00a0\u00a0\u00a0\u00a0\u00a0\u00a0\u00a0 adatvedelem@semmelweis.hu<\/p>\n<p><strong>\u00a0<\/strong><\/p>\n<p><strong>A kezelt szem\u00e9lyes adatok k\u00f6re:<\/strong><\/p>\n<ul>\n<li>regisztr\u00e1ci\u00f3 sor\u00e1n megadott adatok (n\u00e9v; e-mail c\u00edm);<\/li>\n<li>k\u00e9rd\u0151\u00edv kit\u00f6lt\u00e9se sor\u00e1n megadott adatok (k\u00e9rd\u0151\u00edvben szerepl\u0151 k\u00e9rd\u00e9sekre adott v\u00e1laszok).<\/li>\n<\/ul>\n<p><strong>\u00a0<\/strong><\/p>\n<p><strong>Az adatkezel\u00e9s jogalapja:<\/strong><\/p>\n<p>&nbsp;<\/p>\n<p>\u00c9rintett szem\u00e9lyes adatainak kezel\u00e9s\u00e9hez adott hozz\u00e1j\u00e1rul\u00e1sa (GDPR 6. cikk (1) bekezd\u00e9s a) pontja).<\/p>\n<p>&nbsp;<\/p>\n<p><strong>Az adatkezel\u00e9s c\u00e9lja:<\/strong><\/p>\n<p>&nbsp;<\/p>\n<p>\u00c9rintettek t\u00e1j\u00e9koztat\u00e1sa, kapcsolattart\u00e1s.<\/p>\n<p>&nbsp;<\/p>\n<p><strong>Az adatok tov\u00e1bb\u00edt\u00e1sa:<\/strong><\/p>\n<p><strong>\u00a0<\/strong><\/p>\n<p>Az Egyetem a regisztr\u00e1ci\u00f3 sor\u00e1n megadott szem\u00e9lyes adatokat nem tov\u00e1bb\u00edtja harmadik orsz\u00e1gba vagy nemzetk\u00f6zi szervezet r\u00e9sz\u00e9re, azokat csak a jelen Adatkezel\u00e9si T\u00e1j\u00e9koztat\u00f3ban meghat\u00e1rozott c\u00e9lokra haszn\u00e1lja fel.<\/p>\n<p><strong>\u00a0<\/strong><\/p>\n<p><strong>Az adatkezel\u00e9s id\u0151tartama:<\/strong><\/p>\n<p><strong>\u00a0<\/strong><\/p>\n<p>Az adatkezel\u00e9si c\u00e9l megval\u00f3s\u00edt\u00e1sa \u00e9rdek\u00e9ben sz\u00fcks\u00e9gszer\u0171 \u00e9s \u00e9sszer\u0171 hat\u00e1rid\u0151ig (a hozz\u00e1j\u00e1rul\u00e1s b\u00e1rmikor visszavonhat\u00f3, a hozz\u00e1j\u00e1rul\u00e1s visszavon\u00e1sa azonban nem \u00e9rinti a visszavon\u00e1s el\u0151tti adatkezel\u00e9s jogszer\u0171s\u00e9g\u00e9t).<\/p>\n<p><strong>\u00a0<\/strong><\/p>\n<p><strong>Az adatok megismerhet\u0151s\u00e9ge:<\/strong><\/p>\n<p>Kiz\u00e1r\u00f3lag az Egyetem illet\u00e9kes munkat\u00e1rsai ismerhetik meg a megadott adatokat.<\/p>\n<p><strong>\u00a0<\/strong><\/p>\n<p><strong>Az \u00c9rintettek jogai<\/strong><\/p>\n<p><strong>\u00a0<\/strong><\/p>\n<p>Az \u00c9rintett jogosult t\u00e1j\u00e9koztat\u00e1st k\u00e9rni az Egyetemt\u0151l az \u00e1ltala kezelt, az \u00c9rintettre vonatkoz\u00f3 szem\u00e9lyes adatokr\u00f3l, tov\u00e1bb\u00e1 k\u00e9rheti az adatok helyesb\u00edt\u00e9s\u00e9t, kieg\u00e9sz\u00edt\u00e9s\u00e9t, az adatkezel\u00e9s korl\u00e1toz\u00e1s\u00e1t \u00e9s az adatok t\u00f6rl\u00e9s\u00e9t.<\/p>\n<p><strong>\u00a0<\/strong><\/p>\n<p>Az adatkezel\u00e9s sor\u00e1n nem t\u00f6rt\u00e9nik adatai alapj\u00e1n automatiz\u00e1lt d\u00f6nt\u00e9shozatal, profilalkot\u00e1s.<\/p>\n<p>&nbsp;<\/p>\n<p>A szem\u00e9lyes adatok kezel\u00e9s\u00e9vel kapcsolatosan bek\u00f6vetkezett jogs\u00e9relem, vagy annak k\u00f6zvetlen vesz\u00e9ly\u00e9nek fenn\u00e1ll\u00e1sa eset\u00e9n panasszal\/bejelent\u00e9ssel a Nemzeti Adatv\u00e9delmi \u00e9s Inform\u00e1ci\u00f3szabads\u00e1g Hat\u00f3s\u00e1gn\u00e1l (<a href=\"http:\/\/www.naih.hu\">www.naih.hu<\/a>, 1055 Bp., Falk Miksa utca 9-11.) \u00e9lhet az \u00c9rintett.<\/p>\n<p>&nbsp;<\/p>\n<p>Az \u00c9rintett hozz\u00e1j\u00e1rul\u00f3 nyilatkozat\u00e1t b\u00e1rmikor visszavonhatja a megadott e-mail c\u00edmre (rendezveny@semmelweis.hu) k\u00fcld\u00f6tt e-maillel (kiv\u00e9ve azon szem\u00e9lyes adatok tekintet\u00e9ben, amelyek kezel\u00e9s\u00e9t jogszab\u00e1lyi k\u00f6telezetts\u00e9g \u00edrja el\u0151 az Egyetem sz\u00e1m\u00e1ra)<strong>. <\/strong>A hozz\u00e1j\u00e1rul\u00e1s visszavon\u00e1sa az azt megel\u0151z\u0151 adatkezel\u00e9s jogszer\u0171s\u00e9g\u00e9t nem \u00e9rinti.<\/p>\n<p>&nbsp;<\/p>\n","protected":false},"excerpt":{"rendered":"<p>&nbsp; Jelen Adatkezel\u00e9si t\u00e1j\u00e9koztat\u00f3 (a tov\u00e1bbiakban: T\u00e1j\u00e9koztat\u00f3) c\u00e9lja, hogy t\u00e1j\u00e9koztat\u00e1st ny\u00fajtson a Semmelweis Egyetem (a tov\u00e1bbiakban: Egyetem) \u2013 mint adatkezel\u0151 \u2013 fels\u0151oktat\u00e1si k\u00e9pz\u00e9seit, fels\u0151oktat\u00e1si felv\u00e9telit, valamint egy\u00e9b az Egyetemet \u00e9rint\u0151 inform\u00e1ci\u00f3kat tartalmaz\u00f3 h\u00edrlev\u00e9llel (a tov\u00e1bbiakban: H\u00edrlev\u00e9l) \u00f6sszef\u00fcgg\u00e9s\u00e9ben megval\u00f3sul\u00f3 adatkezel\u00e9sr\u0151l. Az Egyetem a H\u00edrlev\u00e9llel \u00f6sszef\u00fcgg\u00e9sben regisztr\u00e1ci\u00f3s fel\u00fcletet hoz l\u00e9tre, melyen a kapcsolattart\u00e1shoz sz\u00fcks\u00e9ges regisztr\u00e1ci\u00f3 \u00e9rdek\u00e9ben szem\u00e9lyes &hellip;<\/p>\n","protected":false},"author":101987,"featured_media":0,"parent":0,"menu_order":0,"comment_status":"closed","ping_status":"closed","template":"","meta":{"_acf_changed":false,"footnotes":""},"categories":[],"tags":[14],"class_list":["post-17065","page","type-page","status-publish","hentry","tag-adatkezeles"],"acf":[],"_links":{"self":[{"href":"https:\/\/semmelweis.hu\/rendezveny\/wp-json\/wp\/v2\/pages\/17065","targetHints":{"allow":["GET"]}}],"collection":[{"href":"https:\/\/semmelweis.hu\/rendezveny\/wp-json\/wp\/v2\/pages"}],"about":[{"href":"https:\/\/semmelweis.hu\/rendezveny\/wp-json\/wp\/v2\/types\/page"}],"author":[{"embeddable":true,"href":"https:\/\/semmelweis.hu\/rendezveny\/wp-json\/wp\/v2\/users\/101987"}],"replies":[{"embeddable":true,"href":"https:\/\/semmelweis.hu\/rendezveny\/wp-json\/wp\/v2\/comments?post=17065"}],"version-history":[{"count":2,"href":"https:\/\/semmelweis.hu\/rendezveny\/wp-json\/wp\/v2\/pages\/17065\/revisions"}],"predecessor-version":[{"id":17068,"href":"https:\/\/semmelweis.hu\/rendezveny\/wp-json\/wp\/v2\/pages\/17065\/revisions\/17068"}],"wp:attachment":[{"href":"https:\/\/semmelweis.hu\/rendezveny\/wp-json\/wp\/v2\/media?parent=17065"}],"wp:term":[{"taxonomy":"category","embeddable":true,"href":"https:\/\/semmelweis.hu\/rendezveny\/wp-json\/wp\/v2\/categories?post=17065"},{"taxonomy":"post_tag","embeddable":true,"href":"https:\/\/semmelweis.hu\/rendezveny\/wp-json\/wp\/v2\/tags?post=17065"}],"curies":[{"name":"wp","href":"https:\/\/api.w.org\/{rel}","templated":true}]}}