{"id":16962,"date":"2022-05-18T08:19:34","date_gmt":"2022-05-18T06:19:34","guid":{"rendered":"https:\/\/semmelweis.hu\/rendezveny\/?page_id=16962"},"modified":"2022-05-27T12:47:56","modified_gmt":"2022-05-27T10:47:56","slug":"gyik","status":"publish","type":"page","link":"https:\/\/semmelweis.hu\/rendezveny\/semmelweis-szalon\/gyik\/","title":{"rendered":"A Szalon haszn\u00e1lattal kapcsolaton inform\u00e1ci\u00f3k"},"content":{"rendered":"            <div class=\"qae-faqs-container qae-faqs-toggle-container\">\n\t\t\t\t\t\t\t<ul class=\"qe-faqs-filters-container\">\n\t\t\t\t<li class=\"active\"><a class=\"qe-faqs-filter all-faqs\" href=\"#\" data-filter=\"*\">All<\/a><\/li>\n\t\t\t\t<li><a class=\"qe-faqs-filter\" href=\"#szalonhasznalati-informaciok\" data-filter=\".szalonhasznalati-informaciok\">Szalonhaszn\u00e1lati inform\u00e1ci\u00f3k<\/a><\/li>\t\t\t<\/ul>\n\t\t\t\t\t<div id=\"qaef-16965\" class=\"qe-faq-toggle szalonhasznalati-informaciok\">\n\t\t\t<div class=\"qe-toggle-title\">\n\t\t\t\t<h4>\n\t\t\t\t\t<i class=\"fa fa-minus-circle\"><\/i> Wifi \u00e9s internet biztos\u00edt\u00e1sa a Szalonban\t\t\t\t<\/h4>\n\t\t\t<\/div>\n\t\t\t<div class=\"qe-toggle-content\">\n\t\t\t\t<p>A k\u00f6zponti infrastrukt\u00fara fejleszt\u00e9sek eredm\u00e9nyek\u00e9nt az Informatikai Igazgat\u00f3s\u00e1g id\u0151korl\u00e1t n\u00e9lk\u00fcli, publikus Wifi szolg\u00e1ltat\u00e1st tud biztos\u00edtani nagyobb rendezv\u00e9nyek, konferenci\u00e1k helysz\u00edn\u00e9n.\u00a0<br \/>\nAz \u00e9les\u00edt\u00e9st email form\u00e1j\u00e1ban lehet ig\u00e9nyelni, a\u00a0<strong>halozatosok@semmelweis.hu<\/strong>\u00a0c\u00edmen az al\u00e1bbi adatok megjel\u00f6l\u00e9s\u00e9vel:<\/p>\n<ul>\n<li>rendezv\u00e9ny helysz\u00edne<\/li>\n<li>rendezv\u00e9ny id\u0151intervalluma<\/li>\n<li>rendezv\u00e9nyen r\u00e9sztvev\u0151k sz\u00e1ma<\/li>\n<li>amennyiben vannak, speci\u00e1lis ig\u00e9nyek meghat\u00e1roz\u00e1sa<\/li>\n<\/ul>\n<p>A m\u0171szaki param\u00e9terek egyeztet\u00e9s\u00e9t \u00e9s a be\u00e1ll\u00edt\u00e1sok id\u0151ig\u00e9ny\u00e9re tekintettel k\u00e9rj\u00fck, hogy minimum<strong>\u00a05 munkanappal<\/strong>\u00a0a rendezv\u00e9ny el\u0151tt jelezze ig\u00e9ny\u00e9t!<\/p>\n\t\t\t<\/div>\n\t\t<\/div>\n\t\t\t\t<div id=\"qaef-16960\" class=\"qe-faq-toggle szalonhasznalati-informaciok\">\n\t\t\t<div class=\"qe-toggle-title\">\n\t\t\t\t<h4>\n\t\t\t\t\t<i class=\"fa fa-minus-circle\"><\/i> Hogyan k\u00e9rhetem, hogy k\u00e9sz\u00fclj\u00f6n tud\u00f3s\u00edt\u00e1s, f\u00e9nyk\u00e9p a rendezv\u00e9nyr\u0151l?\t\t\t\t<\/h4>\n\t\t\t<\/div>\n\t\t\t<div class=\"qe-toggle-content\">\n\t\t\t\t<p>Amennyiben a szervez\u0151 szervezeti egys\u00e9g ig\u00e9nyt tart arra, hogy a rendezv\u00e9ny megjelenjen a semmelweis.hu esem\u00e9nynapt\u00e1r\u00e1ban \u00e9s szeretn\u00e9k, ha koll\u00e9g\u00e1ink tud\u00f3s\u00edt\u00e1st k\u00e9sz\u00edten\u00e9nek (cikk, f\u00e9nyk\u00e9p), \u00fagy k\u00e9rj\u00fck, azt minimum k\u00e9t h\u00e9ttel a rendezv\u00e9ny el\u0151tt jelezz\u00e9k a hirek@semmelweis.hu e-mail c\u00edmen a rendezv\u00e9ny megh\u00edv\u00f3j\u00e1nak, programj\u00e1nak megk\u00fcld\u00e9s\u00e9vel \u00e9s az ig\u00e9ny meg\u00edr\u00e1s\u00e1val. A szerkeszt\u0151s\u00e9g munkat\u00e1rsai az egyetemi Kommunik\u00e1ci\u00f3s Szab\u00e1lyzatnak megfelel\u0151en fognak elj\u00e1rni.<\/p>\n\t\t\t<\/div>\n\t\t<\/div>\n\t\t\t\t<div id=\"qaef-16959\" class=\"qe-faq-toggle szalonhasznalati-informaciok\">\n\t\t\t<div class=\"qe-toggle-title\">\n\t\t\t\t<h4>\n\t\t\t\t\t<i class=\"fa fa-minus-circle\"><\/i> Milyen felt\u00e9telekkel haszn\u00e1lhat\u00f3 a zongora?\t\t\t\t<\/h4>\n\t\t\t<\/div>\n\t\t\t<div class=\"qe-toggle-content\">\n\t\t\t\t<p>Amennyiben haszn\u00e1lni szeretn\u00e9k a rendezv\u00e9ny alatt a szalonban tal\u00e1lhat\u00f3 Bechstein zongor\u00e1t, k\u00e9rj\u00fck, minden esetben jelezz\u00e9k a rendezv\u00e9nybejelent\u0151 lapon. A zongor\u00e1t alap\u00e1llapot\u00e1ban v\u00e9d\u0151huzattal letakarva \u00e9s lakattal lez\u00e1rva tartjuk, csak k\u00e9r\u00e9sre nyitjuk fel.<\/p>\n<p>Mivel a hangszer k\u00f6nnyen elhangol\u00f3dik, rendezv\u00e9nyek el\u0151tt javasoljuk a hangoltat\u00e1s\u00e1t, amely az ig\u00e9nyl\u0151 egys\u00e9g feladata. K\u00e9r\u00e9sre a RI el\u00e9rhet\u0151s\u00e9get tud biztos\u00edtani olyan hangszer\u00e9szhez, aki m\u00e1r t\u00f6bbsz\u00f6r hangolta a Szalon zongor\u00e1j\u00e1t. Minden esetben az ig\u00e9nyl\u0151 egys\u00e9g viseli a hangol\u00e1s k\u00f6lts\u00e9g\u00e9t, tov\u00e1bb\u00e1 feladata a hangol\u00e1s id\u0151pontj\u00e1nak egyeztet\u00e9se. (RI-vel a rendezveny@semmelweis.hu c\u00edmen)\u00a0<\/p>\n\t\t\t<\/div>\n\t\t<\/div>\n\t\t\t\t<div id=\"qaef-16958\" class=\"qe-faq-toggle szalonhasznalati-informaciok\">\n\t\t\t<div class=\"qe-toggle-title\">\n\t\t\t\t<h4>\n\t\t\t\t\t<i class=\"fa fa-minus-circle\"><\/i> Milyen catering megengedett a Semmelweis Szalonban?\t\t\t\t<\/h4>\n\t\t\t<\/div>\n\t\t\t<div class=\"qe-toggle-content\">\n\t\t\t\t<p>A rendezv\u00e9nyre tervezett ell\u00e1t\u00e1s megrendel\u00e9se a szervez\u0151 egys\u00e9g feladata. Az el\u00e9rhet\u0151 szolg\u00e1ltat\u00f3k list\u00e1j\u00e1t a Semmelweis Szalonfoglal\u00f3 rendszer tartalmazza.\u00a0<\/p>\n<p>A Rendezv\u00e9nyszervez\u00e9si \u00e9s Rendezv\u00e9nybiztos\u00edt\u00e1si Szab\u00e1lyzat szerint a Semmelweis Szalon berendez\u00e9s\u00e9hez szervesen hozz\u00e1tartoz\u00f3 \u00e9rt\u00e9kek (k\u00f6nyvt\u00e1r, sz\u00e9kek, asztalok, zongora, m\u0171alkot\u00e1sok) \u00e1llagmeg\u00f3v\u00e1sa \u00e9rdek\u00e9ben a teremben kiz\u00e1r\u00f3lag ev\u0151eszk\u00f6z haszn\u00e1lat\u00e1t nem ig\u00e9nyl\u0151, hideg \u00e9tel felszolg\u00e1l\u00e1sa megengedett.<\/p>\n\t\t\t<\/div>\n\t\t<\/div>\n\t\t\t\t<div id=\"qaef-16957\" class=\"qe-faq-toggle szalonhasznalati-informaciok\">\n\t\t\t<div class=\"qe-toggle-title\">\n\t\t\t\t<h4>\n\t\t\t\t\t<i class=\"fa fa-minus-circle\"><\/i> Hogyan ig\u00e9nyelhetek hang- \u00e9s vet\u00edt\u00e9stechnik\u00e1t a rendezv\u00e9nyhez?\t\t\t\t<\/h4>\n\t\t\t<\/div>\n\t\t\t<div class=\"qe-toggle-content\">\n\t\t\t\t<p>A rendezv\u00e9nyre tervezett hang-technika megrendel\u00e9se a szervez\u0151 egys\u00e9g feladata. A szalonban szolg\u00e1ltat\u00e1st ny\u00fajt\u00f3 alv\u00e1llalkoz\u00f3 a Volumen Kft. farkas.gergo@semmelweis.hu<\/p>\n<p>Vet\u00edt\u00e9s-technikai eszk\u00f6z\u00f6ket az Informatikai Igazgat\u00f3s\u00e1g, Felhaszn\u00e1l\u00f3i T\u00e1mogat\u00e1s Oszt\u00e1ly oszt\u00e1lyvezet\u0151j\u00e9n\u00e9l, Kedves R\u00f3bertn\u00e9l (kedves.robert@semmelweis.hu) ig\u00e9nyelhet.<\/p>\n\t\t\t<\/div>\n\t\t<\/div>\n\t\t\t\t<div id=\"qaef-16956\" class=\"qe-faq-toggle szalonhasznalati-informaciok\">\n\t\t\t<div class=\"qe-toggle-title\">\n\t\t\t\t<h4>\n\t\t\t\t\t<i class=\"fa fa-minus-circle\"><\/i> A Semmelweis Szalon berendez\u00e9se, takar\u00edt\u00e1sa\t\t\t\t<\/h4>\n\t\t\t<\/div>\n\t\t\t<div class=\"qe-toggle-content\">\n\t\t\t\t<p>A terem berendez\u00e9s\u00e9r\u0151l \u00e9s takar\u00edttat\u00e1s\u00e1r\u00f3l a K\u00f6zponti Igazgat\u00e1si \u00c9p\u00fclet gondnokai, F\u00e1bi\u00e1n-Lakos Csaba (fabian-lakos.csaba@semmelweis.hu) gondoskodnak. A rendezv\u00e9nyt megel\u0151z\u0151 h\u00e9ten k\u00e9rj\u00fck, t\u00e1j\u00e9koztass\u00e1k \u0151ket az ig\u00e9nyelt berendez\u00e9sr\u0151l (sz\u00e9kek sz\u00e1ma, berendez\u00e9s t\u00edpusa, ruhafogasok, egy\u00e9b ig\u00e9nyek). A rendezv\u00e9ny ut\u00e1n a Szalon eredeti \u00e1llapot\u00e1t k\u00e9rj\u00fck vissza\u00e1ll\u00edtani legk\u00e9s\u0151bb a k\u00f6vetkez\u0151 munkanap reggel 9 \u00f3r\u00e1ig, amennyiben adott napon m\u00e1s rendezv\u00e9nyt m\u00e1r nem tartanak a Szalonban.<\/p>\n\t\t\t<\/div>\n\t\t<\/div>\n\t\t\t\t<div id=\"qaef-16955\" class=\"qe-faq-toggle szalonhasznalati-informaciok\">\n\t\t\t<div class=\"qe-toggle-title\">\n\t\t\t\t<h4>\n\t\t\t\t\t<i class=\"fa fa-minus-circle\"><\/i> Milyen el\u0151\u00edr\u00e1sok vonatkoznak a Semmelweis Szalon berendez\u00e9si t\u00e1rgyaira?\t\t\t\t<\/h4>\n\t\t\t<\/div>\n\t\t\t<div class=\"qe-toggle-content\">\n\t\t\t\t<p>A Semmelweis Szalon b\u00fatoraira tilos inform\u00e1ci\u00f3s, \u00fatbaigaz\u00edt\u00f3, vagy t\u00e1j\u00e9koztat\u00f3 plak\u00e1tok, poszterek (pl. p\u00e1ly\u00e1zati t\u00e1bl\u00e1k) r\u00f6gz\u00edt\u00e9se, ez ragaszt\u00e1ssal \u00e9s m\u00e1s fizikai behat\u00e1ssal sem megengedett.<\/p>\n<p>A Szalonban tal\u00e1lhat\u00f3 Bechstein zongor\u00e1t lakattal lez\u00e1rva tartjuk, csak k\u00e9r\u00e9sre nyitjuk fel. A zongora \u00e9ps\u00e9g\u00e9nek meg\u00f3v\u00e1sa \u00e9rdek\u00e9ben, k\u00e9rj\u00fck, ne mozgass\u00e1k a zongor\u00e1t \u00e9s ne pakoljanak a hangszerre!<\/p>\n\t\t\t<\/div>\n\t\t<\/div>\n\t\t\t\t<div id=\"qaef-16954\" class=\"qe-faq-toggle szalonhasznalati-informaciok\">\n\t\t\t<div class=\"qe-toggle-title\">\n\t\t\t\t<h4>\n\t\t\t\t\t<i class=\"fa fa-minus-circle\"><\/i> H\u00e1ny f\u0151 vehet r\u00e9szt a Semmelweis Szalonban tartott rendezv\u00e9nyeken?\t\t\t\t<\/h4>\n\t\t\t<\/div>\n\t\t\t<div class=\"qe-toggle-content\">\n\t\t\t\t<p>A terem befogad\u00f3k\u00e9pess\u00e9ge miatt a rendezv\u00e9nyen r\u00e9sztvev\u0151k sz\u00e1ma nem haladhatja meg a 80 f\u0151t.<\/p>\n\t\t\t<\/div>\n\t\t<\/div>\n\t\t\t\t<div id=\"qaef-16953\" class=\"qe-faq-toggle szalonhasznalati-informaciok\">\n\t\t\t<div class=\"qe-toggle-title\">\n\t\t\t\t<h4>\n\t\t\t\t\t<i class=\"fa fa-minus-circle\"><\/i> Hogyan vehetem fel a Semmelweis Szalon kulcs\u00e1t?\t\t\t\t<\/h4>\n\t\t\t<\/div>\n\t\t\t<div class=\"qe-toggle-content\">\n\t\t\t\t<p>A Bels\u0151 Klinikai T\u00f6mb Rektori \u00e9p\u00fclet\u00e9n bel\u00fcl a recepci\u00f3n vehet\u0151 fel a kulcs.\u00a0<\/p>\n\t\t\t<\/div>\n\t\t<\/div>\n\t\t            <\/div>\n\t\t\n","protected":false},"excerpt":{"rendered":"<p>A Bels\u0151 Klinikai T\u00f6mb Rektori \u00e9p\u00fclet\u00e9n bel\u00fcl a recepci\u00f3n vehet\u0151 fel a kulcs.\u00a0<\/p>\n","protected":false},"author":12,"featured_media":0,"parent":16790,"menu_order":2,"comment_status":"closed","ping_status":"closed","template":"","meta":{"_acf_changed":false,"footnotes":""},"categories":[],"tags":[],"class_list":["post-16962","page","type-page","status-publish","hentry"],"acf":[],"_links":{"self":[{"href":"https:\/\/semmelweis.hu\/rendezveny\/wp-json\/wp\/v2\/pages\/16962","targetHints":{"allow":["GET"]}}],"collection":[{"href":"https:\/\/semmelweis.hu\/rendezveny\/wp-json\/wp\/v2\/pages"}],"about":[{"href":"https:\/\/semmelweis.hu\/rendezveny\/wp-json\/wp\/v2\/types\/page"}],"author":[{"embeddable":true,"href":"https:\/\/semmelweis.hu\/rendezveny\/wp-json\/wp\/v2\/users\/12"}],"replies":[{"embeddable":true,"href":"https:\/\/semmelweis.hu\/rendezveny\/wp-json\/wp\/v2\/comments?post=16962"}],"version-history":[{"count":2,"href":"https:\/\/semmelweis.hu\/rendezveny\/wp-json\/wp\/v2\/pages\/16962\/revisions"}],"predecessor-version":[{"id":16981,"href":"https:\/\/semmelweis.hu\/rendezveny\/wp-json\/wp\/v2\/pages\/16962\/revisions\/16981"}],"up":[{"embeddable":true,"href":"https:\/\/semmelweis.hu\/rendezveny\/wp-json\/wp\/v2\/pages\/16790"}],"wp:attachment":[{"href":"https:\/\/semmelweis.hu\/rendezveny\/wp-json\/wp\/v2\/media?parent=16962"}],"wp:term":[{"taxonomy":"category","embeddable":true,"href":"https:\/\/semmelweis.hu\/rendezveny\/wp-json\/wp\/v2\/categories?post=16962"},{"taxonomy":"post_tag","embeddable":true,"href":"https:\/\/semmelweis.hu\/rendezveny\/wp-json\/wp\/v2\/tags?post=16962"}],"curies":[{"name":"wp","href":"https:\/\/api.w.org\/{rel}","templated":true}]}}