{"id":16790,"date":"2018-07-23T14:38:35","date_gmt":"2018-07-23T12:38:35","guid":{"rendered":"http:\/\/semmelweis.hu\/rendezvenyhelyszin\/?page_id=16790"},"modified":"2024-09-25T12:43:38","modified_gmt":"2024-09-25T10:43:38","slug":"semmelweis-szalon","status":"publish","type":"page","link":"https:\/\/semmelweis.hu\/rendezveny\/semmelweis-szalon\/","title":{"rendered":"Semmelweis Szalon"},"content":{"rendered":"<p>A Semmelweis Egyetem rektori \u00e9p\u00fclet\u00e9ben a k\u00f6nyvt\u00e1r kor\u00e1bbi olvas\u00f3term\u00e9t rendezv\u00e9nyek befogad\u00e1s\u00e1ra alkalmas t\u00e9rr\u00e9 alak\u00edtott\u00e1k. A reprezentat\u00edv, mintegy 80 f\u0151s terem ki\u00e1ll\u00edt\u00e1sok, koncertek, el\u0151ad\u00e1sok sz\u00edntere.<\/p>\n<p><a href=\"https:\/\/semmelweis.hu\/rendezveny\/files\/2015\/07\/RS29072_Panorama2-scr.jpg\"><img loading=\"lazy\" decoding=\"async\" class=\"aligncenter size-full wp-image-16828\" src=\"https:\/\/semmelweis.hu\/rendezveny\/files\/2015\/07\/RS29072_Panorama2-scr.jpg\" alt=\"RS29072_Panorama2-scr\" width=\"950\" height=\"283\" srcset=\"https:\/\/semmelweis.hu\/rendezveny\/files\/2015\/07\/RS29072_Panorama2-scr.jpg 950w, https:\/\/semmelweis.hu\/rendezveny\/files\/2015\/07\/RS29072_Panorama2-scr-400x119.jpg 400w, https:\/\/semmelweis.hu\/rendezveny\/files\/2015\/07\/RS29072_Panorama2-scr-768x229.jpg 768w, https:\/\/semmelweis.hu\/rendezveny\/files\/2015\/07\/RS29072_Panorama2-scr-753x224.jpg 753w\" sizes=\"auto, (max-width: 950px) 100vw, 950px\" \/><\/a><\/p>\n<div class=\"keretes w-100\">\n<p style=\"padding-left: 20px\"><strong>C\u00edm:<\/strong> 1085 Budapest, \u00dcll\u0151i \u00fat 26. I. emelet<br \/>\n<a href=\"https:\/\/goo.gl\/maps\/o4wCjb8cAx62\" target=\"_blank\" rel=\"noopener noreferrer\"><strong>Megk\u00f6zel\u00edthet\u0151s\u00e9g:<\/strong> j\u00f3 \u2192<br \/>\n<\/a><strong>Alapter\u00fclet:<\/strong> 150 m<a href=\"https:\/\/goo.gl\/maps\/o4wCjb8cAx62\" target=\"_blank\" rel=\"noopener noreferrer\"><sup>2<br \/>\n<\/sup><\/a><strong>Parkol\u00e1s:<\/strong> az utc\u00e1n lehets\u00e9ges<br \/>\n<strong>Internet:<\/strong> <a href=\"https:\/\/semmelweis.hu\/rendezveny\/semmelweis-szalon\/a-szalon-hasznalattal-kapcsolaton-informaciok\/\">WIFI el\u00e9r\u00e9s biztos\u00edtott \u2192<\/a><br \/>\n<strong>F\u00e9r\u0151hely: <\/strong>80 f\u0151<strong><br \/>\n<\/strong><strong>Kapcsolat: <a href=\"mailto:rendezveny@semmelweis.hu\">rendezveny@semmelweis.hu<\/a><\/strong><\/p>\n<\/div>\n<p><span style=\"color: #993300\"><strong>A terem haszn\u00e1lat\u00e1hoz sz\u00fcks\u00e9ges szolg\u00e1ltat\u00e1sok, melyek megrendel\u00e9se a szalont ig\u00e9nybe vev\u0151 szervezeti egys\u00e9g feladata:<\/strong><\/span><\/p>\n<ul style=\"list-style-type: square\">\n<li>Hangos\u00edt\u00e1s<\/li>\n<li>Vet\u00edt\u00e9stechnika<\/li>\n<li>Catering\u00a0<\/li>\n<\/ul>\n<p>&nbsp;<\/p>\n<ul style=\"list-style-type: square\">\n<li><strong>Technika:<\/strong> <br \/>\nVolumen Kft. <br \/>\nFarkas Gerg\u0151 \u2013 <a href=\"tel:203353771\">20\/335-3771<\/a><br \/>\n<a>farkas.gergo@volumen.hu<\/a><\/li>\n<\/ul>\n<ul>\n<li><strong>Catering:<\/strong><br \/>\nArt Gastronomy Kft.<br \/>\nNagy Gergely \u2013 <a href=\"tel:204795534\">20\/479-5534<\/a><br \/>\n<a href=\"mailto:nagy.gergely@artgastronomy.hu\">nagy.gergely@artgastronomy.hu<\/a><\/li>\n<\/ul>\n<p>A Semmelweis Szalonban tal\u00e1lhat\u00f3 \u00e9rt\u00e9kek \u00e1llagmeg\u00f3v\u00e1sa \u00e9rdek\u00e9ben a teremben kiz\u00e1r\u00f3lag ev\u0151eszk\u00f6z haszn\u00e1lat\u00e1t nem ig\u00e9nyl\u0151, hideg \u00e9tel felszolg\u00e1l\u00e1sa megengedett. <a href=\"https:\/\/semmelweis.hu\/rendezveny\/semmelweis-szalon\/gyik\/\">Haszn\u00e1lattal kapcsolatos tov\u00e1bbi inform\u00e1ci\u00f3k \u2192<\/a><\/p>\n<p style=\"text-align: center\"><a class=\"button\" href=\"https:\/\/semmelweis.hu\/rendezveny\/semmelweis-szalon\/szalonfoglalas\/\">Online foglal\u00e1s<\/a><\/p>\n\r\n        [slb_exclude]\r\n        <div class=\"row galeria-wrapper mx-0 h-auto\">\r\n            <div class=\"col-9 pl-0 pr-2\">\r\n            <span class=\"gallery-item frame\">\r\n\t\t\t\t<div class=\"galeria-left-img\"><a href=\"https:\/\/semmelweis.hu\/rendezveny\/files\/2015\/07\/RS29086__ZZS8862-scr.jpg\"><img src=https:\/\/semmelweis.hu\/rendezveny\/files\/2015\/07\/RS29086__ZZS8862-scr.jpg  \r\n                            alt=\"\" \r\n                            class=\"attachment-sote-gallery-big size-sote-gallery-big\" \r\n                            srcset=\"https:\/\/semmelweis.hu\/rendezveny\/files\/2015\/07\/RS29086__ZZS8862-scr-400x267.jpg 400w, https:\/\/semmelweis.hu\/rendezveny\/files\/2015\/07\/RS29086__ZZS8862-scr-768x512.jpg 768w, https:\/\/semmelweis.hu\/rendezveny\/files\/2015\/07\/RS29086__ZZS8862-scr-753x502.jpg 753w, https:\/\/semmelweis.hu\/rendezveny\/files\/2015\/07\/RS29086__ZZS8862-scr-203x135.jpg 203w, https:\/\/semmelweis.hu\/rendezveny\/files\/2015\/07\/RS29086__ZZS8862-scr.jpg 950w\" ><\/a><\/div>\r\n            <\/span>\r\n\r\n            <\/div>\r\n\r\n\t\t\t<div class=\"col-3 pl-0 pr-0\">\r\n\t\t\t\t<div class=\"galeria-right-img d-flex justify-content-between flex-column h-100 w-100 px-0 mx-0 \">\r\n                <div class=\"galeria-box\">\r\n\t\t\t\t\t<h3 class=\"galeria-title\">Gal\u00e9ria<\/h3>\r\n\t\t\t\t\t<div class=\"galeria-subtitle\">\r\n\r\n\t\t\t\t\t\t<div class=\"galeria-page-counter\"><span>5<\/span>k\u00e9p<\/div>\r\n                    <\/div> <\/div>\r\n                    <span class=\"gallery-item frame d-none d-md-flex\">\r\n\t\t\t\t\t<div class=\"galeria-small-img mt-0\"><a href=\"https:\/\/semmelweis.hu\/rendezveny\/files\/2015\/07\/RS6124_20131009-IMG_7689-szalon-scr.jpg\"><img src=https:\/\/semmelweis.hu\/rendezveny\/files\/2015\/07\/RS6124_20131009-IMG_7689-szalon-scr.jpg \r\n                                alt=\"\"  \r\n                                class=\"attachment-sote-gallery-small size-sote-gallery-small\" \r\n                                srcset=\"https:\/\/semmelweis.hu\/rendezveny\/files\/2015\/07\/RS6124_20131009-IMG_7689-szalon-scr-400x267.jpg 400w, https:\/\/semmelweis.hu\/rendezveny\/files\/2015\/07\/RS6124_20131009-IMG_7689-szalon-scr-768x512.jpg 768w, https:\/\/semmelweis.hu\/rendezveny\/files\/2015\/07\/RS6124_20131009-IMG_7689-szalon-scr-753x502.jpg 753w, https:\/\/semmelweis.hu\/rendezveny\/files\/2015\/07\/RS6124_20131009-IMG_7689-szalon-scr-203x135.jpg 203w, https:\/\/semmelweis.hu\/rendezveny\/files\/2015\/07\/RS6124_20131009-IMG_7689-szalon-scr.jpg 950w\" ><\/a><\/div>\r\n                    <\/span>\r\n                    <span class=\"gallery-item frame d-none d-md-flex\">\r\n\t\t\t\t\t<div class=\"galeria-small-img mt-0\"><a href=\"https:\/\/semmelweis.hu\/rendezveny\/files\/2015\/07\/RS6125_20131009-IMG_7688-szalon-scr.jpg\"><img src=https:\/\/semmelweis.hu\/rendezveny\/files\/2015\/07\/RS6125_20131009-IMG_7688-szalon-scr.jpg \r\n                                alt=\"\" \r\n                                class=\"attachment-sote-gallery-small size-sote-gallery-small\" \r\n                                srcset=\"https:\/\/semmelweis.hu\/rendezveny\/files\/2015\/07\/RS6125_20131009-IMG_7688-szalon-scr-267x400.jpg 267w, https:\/\/semmelweis.hu\/rendezveny\/files\/2015\/07\/RS6125_20131009-IMG_7688-szalon-scr.jpg 500w\" ><\/a><\/div>\r\n                    <\/span>\r\n\r\n                <\/div>\r\n\r\n            <\/div>\r\n\r\n            <span class=\"gallery-item\"><div class=\"hidden\"><a href=\"https:\/\/semmelweis.hu\/rendezveny\/files\/2015\/07\/RS29070_Panorama4-scr.jpg\">\r\n        <img src=https:\/\/semmelweis.hu\/rendezveny\/files\/2015\/07\/RS29070_Panorama4-scr.jpg alt=\"\" class=\"attachment-sote-gallery-big size-sote-gallery-big\" srcset=\"https:\/\/semmelweis.hu\/rendezveny\/files\/2015\/07\/RS29070_Panorama4-scr-400x192.jpg 400w, https:\/\/semmelweis.hu\/rendezveny\/files\/2015\/07\/RS29070_Panorama4-scr-768x369.jpg 768w, https:\/\/semmelweis.hu\/rendezveny\/files\/2015\/07\/RS29070_Panorama4-scr-753x361.jpg 753w, https:\/\/semmelweis.hu\/rendezveny\/files\/2015\/07\/RS29070_Panorama4-scr.jpg 950w\" >\r\n        <\/a><\/div><\/span><span class=\"gallery-item\"><div class=\"hidden\"><a href=\"https:\/\/semmelweis.hu\/rendezveny\/files\/2015\/07\/RS29080__ZZS8927-scr.jpg\">\r\n        <img src=https:\/\/semmelweis.hu\/rendezveny\/files\/2015\/07\/RS29080__ZZS8927-scr.jpg alt=\"\" class=\"attachment-sote-gallery-big size-sote-gallery-big\" srcset=\"https:\/\/semmelweis.hu\/rendezveny\/files\/2015\/07\/RS29080__ZZS8927-scr-400x267.jpg 400w, https:\/\/semmelweis.hu\/rendezveny\/files\/2015\/07\/RS29080__ZZS8927-scr-768x512.jpg 768w, https:\/\/semmelweis.hu\/rendezveny\/files\/2015\/07\/RS29080__ZZS8927-scr-753x502.jpg 753w, https:\/\/semmelweis.hu\/rendezveny\/files\/2015\/07\/RS29080__ZZS8927-scr-203x135.jpg 203w, https:\/\/semmelweis.hu\/rendezveny\/files\/2015\/07\/RS29080__ZZS8927-scr.jpg 950w\" >\r\n        <\/a><\/div><\/span>\r\n            <\/div>\r\n\r\n            [\/slb_exclude]\r\n\t\n","protected":false},"excerpt":{"rendered":"<p>A Semmelweis Egyetem rektori \u00e9p\u00fclet\u00e9ben a k\u00f6nyvt\u00e1r kor\u00e1bbi olvas\u00f3term\u00e9t rendezv\u00e9nyek befogad\u00e1s\u00e1ra alkalmas t\u00e9rr\u00e9 alak\u00edtott\u00e1k. A reprezentat\u00edv, mintegy 80 f\u0151s terem ki\u00e1ll\u00edt\u00e1sok, koncertek, el\u0151ad\u00e1sok sz\u00edntere. <a href=\"https:\/\/semmelweis.hu\/rendezveny\/files\/2015\/07\/RS29072_Panorama2-scr.jpg\"><\/a> C\u00edm: 1085 Budapest, \u00dcll\u0151i \u00fat 26. I. emelet <a href=\"https:\/\/goo.gl\/maps\/o4wCjb8cAx62\" target=\"_blank\" rel=\"noopener noreferrer\">Megk\u00f6zel\u00edthet\u0151s\u00e9g: j\u00f3 \u2192 <\/a>Alapter\u00fclet: 150 m<a href=\"https:\/\/goo.gl\/maps\/o4wCjb8cAx62\" target=\"_blank\" rel=\"noopener noreferrer\">2 <\/a>Parkol\u00e1s: az utc\u00e1n lehets\u00e9ges Internet: <a href=\"https:\/\/semmelweis.hu\/rendezveny\/semmelweis-szalon\/a-szalon-hasznalattal-kapcsolaton-informaciok\/\">WIFI el\u00e9r\u00e9s biztos\u00edtott \u2192<\/a> F\u00e9r\u0151hely: 80 f\u0151 Kapcsolat: &hellip;<\/p>\n","protected":false},"author":101987,"featured_media":0,"parent":0,"menu_order":1,"comment_status":"closed","ping_status":"closed","template":"template-fullwidth.php","meta":{"_acf_changed":false,"footnotes":""},"categories":[],"tags":[],"class_list":["post-16790","page","type-page","status-publish","hentry"],"acf":[],"_links":{"self":[{"href":"https:\/\/semmelweis.hu\/rendezveny\/wp-json\/wp\/v2\/pages\/16790","targetHints":{"allow":["GET"]}}],"collection":[{"href":"https:\/\/semmelweis.hu\/rendezveny\/wp-json\/wp\/v2\/pages"}],"about":[{"href":"https:\/\/semmelweis.hu\/rendezveny\/wp-json\/wp\/v2\/types\/page"}],"author":[{"embeddable":true,"href":"https:\/\/semmelweis.hu\/rendezveny\/wp-json\/wp\/v2\/users\/101987"}],"replies":[{"embeddable":true,"href":"https:\/\/semmelweis.hu\/rendezveny\/wp-json\/wp\/v2\/comments?post=16790"}],"version-history":[{"count":10,"href":"https:\/\/semmelweis.hu\/rendezveny\/wp-json\/wp\/v2\/pages\/16790\/revisions"}],"predecessor-version":[{"id":17053,"href":"https:\/\/semmelweis.hu\/rendezveny\/wp-json\/wp\/v2\/pages\/16790\/revisions\/17053"}],"wp:attachment":[{"href":"https:\/\/semmelweis.hu\/rendezveny\/wp-json\/wp\/v2\/media?parent=16790"}],"wp:term":[{"taxonomy":"category","embeddable":true,"href":"https:\/\/semmelweis.hu\/rendezveny\/wp-json\/wp\/v2\/categories?post=16790"},{"taxonomy":"post_tag","embeddable":true,"href":"https:\/\/semmelweis.hu\/rendezveny\/wp-json\/wp\/v2\/tags?post=16790"}],"curies":[{"name":"wp","href":"https:\/\/api.w.org\/{rel}","templated":true}]}}