{"id":26,"date":"2022-08-25T15:28:05","date_gmt":"2022-08-25T13:28:05","guid":{"rendered":"https:\/\/semmelweis.hu\/rektorikabinet\/?page_id=26"},"modified":"2025-01-28T09:42:40","modified_gmt":"2025-01-28T08:42:40","slug":"rektorhelyettesi-titkarsag","status":"publish","type":"page","link":"https:\/\/semmelweis.hu\/rektorikabinet\/szervezet\/rektorhelyettesi-titkarsag\/","title":{"rendered":"Rektorhelyettesi Titk\u00e1rs\u00e1g"},"content":{"rendered":"<div class=\"keretes w-100\">\n<p>A <strong>Rektorhelyettesi Titk\u00e1rs\u00e1g<\/strong> biztos\u00edtja az \u00e1ltal\u00e1nos rektorhelyettes, az oktat\u00e1si rektorhelyettes, a strat\u00e9giai \u00e9s fejleszt\u00e9si rektorhelyettes, valamint a tudom\u00e1nyos \u00e9s innov\u00e1ci\u00f3s rektorhelyettes munk\u00e1j\u00e1val \u00f6sszef\u00fcgg\u0151 adminisztrat\u00edv, igazgat\u00e1si \u00e9s \u00fcgyviteli feladatokat, ennek keret\u00e9ben k\u00fcl\u00f6n\u00f6sen el\u0151k\u00e9sz\u00edt\u0151, szervez\u0151, kapcsolattart\u00f3 \u00e9s adminisztrat\u00edv feladatokat l\u00e1t el.<\/p>\n<\/div>\n<p><strong>Dr. Kormos Andrea<\/strong><br \/>\nkabinetvezet\u0151<\/p>\n<p>C\u00edm:1085 Budapest, \u00dcll\u0151i \u00fat 26. 1. em. 113. (Rektorhelyettesi Iroda)<br \/>\nTelefon:\u00a0<a href=\"tel:+3614591500\">+36 1 459-1500<\/a>\/55188 m.<br \/>\nEmail: kormos.andrea@semmelweis.hu<\/p>\n<h4><strong>Munkat\u00e1rsak<\/strong><\/h4>\n\r\n<div id=\"telefonkonyv\">\r\n  <div class=\"tel-results col-12 px-0\">\r\n      <p class=\"desc mb-1\"><span>Ha hib\u00e1s, vagy hi\u00e1nyz\u00f3 adatot tal\u00e1l, k\u00e9rj\u00fck jelezze szervezeti egys\u00e9g\u00fcnk titk\u00e1rs\u00e1g\u00e1n.<\/span><\/p>\r\n      <p class=\"desc\"><em>A telefonk\u00f6nyvben tal\u00e1lhat\u00f3 adatok nem haszn\u00e1lhat\u00f3k fel az 1995. \u00e9vi CXIX. t\u00f6rv\u00e9ny szerinti kutat\u00e1s \u00e9s k\u00f6zvetlen \u00fczletszerz\u00e9s c\u00e9lj\u00e1ra.<\/em><\/p>\r\n                <div class=\"row mx-0 mt-3 mb-3 subunit-line text-uppercase font-weight-bold \r\n                    status-SZE\">\r\n                    <div class=\"col col-12 col-md-10 pl-2 pr-0\">\r\n                        <span>Rektorhelyettesi Titk\u00e1rs\u00e1g<\/span>\r\n                    <\/div>\r\n                <\/div> \r\n          <div class=\"row mx-0 py-2 result-line emp-leader\">\r\n            <div class=\"col col-12 px-0 \"><div class=\"row mx-0 pr-2 result-line-content align-items-center\">\r\n                        <div class=\"col-12 col-md-6 px-0 \">\r\n                            <a class=\"emp-name\" href=\"https:\/\/semmelweis.hu\/telefonkonyv?emp_id=16066\">Prof. Dr. Alp\u00e1r Al\u00e1n <\/a>\r\n                            <br \/><span class=\"emp-phone\">nemzetk\u00f6zi k\u00e9pz\u00e9sek\u00e9rt felel\u0151s rektorhelyettes<\/span><\/div>\r\n                        <div class=\"col-12 col-md-6 px-0\"><span class=\"emp-phone\"><i class=\"fa fa-phone\" aria-hidden=\"true\"><\/i>459-1500, 60069<\/span><span class=\"emp-email\"><i class=\"fa fa-envelope-o\" aria-hidden=\"true\"><\/i>alpar.alan<i class=\"fa fa-at m-0 text-body\"><\/i>semmelweis.hu<\/span>\r\n                        <\/div>\r\n                    <\/div>\r\n                \r\n            <\/div>\r\n\r\n                <div class=\"col-12 col-md-6 px-0 d-none\"><span class=\"emp-phone\"><i class=\"fa fa-phone\" aria-hidden=\"true\"><\/i>459-1500, 60069<\/span><span class=\"emp-email\"><i class=\"fa fa-envelope-o\" aria-hidden=\"true\"><\/i>alpar.alan<i class=\"fa fa-at m-0 text-body\"><\/i>semmelweis.hu<\/span>\r\n                <\/div>\r\n\r\n\r\n        <\/div>\r\n          <div class=\"row mx-0 py-2 result-line emp-leader\">\r\n            <div class=\"col col-12 px-0 \"><div class=\"row mx-0 pr-2 result-line-content align-items-center\">\r\n                        <div class=\"col-12 col-md-6 px-0 \">\r\n                            <a class=\"emp-name\" href=\"https:\/\/semmelweis.hu\/telefonkonyv?emp_id=10043\">Prof. Dr. B\u00e1nhidy Ferenc <\/a>\r\n                            <br \/><span class=\"emp-phone\">\u00e1ltal\u00e1nos rektorhelyettes<\/span><\/div>\r\n                        <div class=\"col-12 col-md-6 px-0\"><span class=\"emp-phone\"><i class=\"fa fa-phone\" aria-hidden=\"true\"><\/i>459-1500\/55351, 55341<\/span><span class=\"emp-email\"><i class=\"fa fa-envelope-o\" aria-hidden=\"true\"><\/i>rektorhelyettes<i class=\"fa fa-at m-0 text-body\"><\/i>semmelweis.hu<\/span>\r\n                        <\/div>\r\n                    <\/div>\r\n                \r\n            <\/div>\r\n\r\n                <div class=\"col-12 col-md-6 px-0 d-none\"><span class=\"emp-phone\"><i class=\"fa fa-phone\" aria-hidden=\"true\"><\/i>459-1500\/55351, 55341<\/span><span class=\"emp-email\"><i class=\"fa fa-envelope-o\" aria-hidden=\"true\"><\/i>rektorhelyettes<i class=\"fa fa-at m-0 text-body\"><\/i>semmelweis.hu<\/span>\r\n                <\/div>\r\n\r\n\r\n        <\/div>\r\n          <div class=\"row mx-0 py-2 result-line emp-leader\">\r\n            <div class=\"col col-12 px-0 \"><div class=\"row mx-0 pr-2 result-line-content align-items-center\">\r\n                        <div class=\"col-12 col-md-6 px-0 \">\r\n                            <a class=\"emp-name\" href=\"https:\/\/semmelweis.hu\/telefonkonyv?emp_id=16957\"> Feket\u00e9n\u00e9 Dr. Szab\u00f3 \u00c9va <\/a>\r\n                            <br \/><span class=\"emp-phone\">strat\u00e9giai \u00e9s fejleszt\u00e9si rektorhelyettes<\/span><\/div>\r\n                        <div class=\"col-12 col-md-6 px-0\"><span class=\"emp-phone\"><i class=\"fa fa-phone\" aria-hidden=\"true\"><\/i>459-1500, 55444<\/span><span class=\"emp-email\"><i class=\"fa fa-envelope-o\" aria-hidden=\"true\"><\/i>rektorhelyettes<i class=\"fa fa-at m-0 text-body\"><\/i>semmelweis.hu<\/span>\r\n                        <\/div>\r\n                    <\/div>\r\n                \r\n            <\/div>\r\n\r\n                <div class=\"col-12 col-md-6 px-0 d-none\"><span class=\"emp-phone\"><i class=\"fa fa-phone\" aria-hidden=\"true\"><\/i>459-1500, 55444<\/span><span class=\"emp-email\"><i class=\"fa fa-envelope-o\" aria-hidden=\"true\"><\/i>rektorhelyettes<i class=\"fa fa-at m-0 text-body\"><\/i>semmelweis.hu<\/span>\r\n                <\/div>\r\n\r\n\r\n        <\/div>\r\n          <div class=\"row mx-0 py-2 result-line emp-leader\">\r\n            <div class=\"col col-12 px-0 \"><div class=\"row mx-0 pr-2 result-line-content align-items-center\">\r\n                        <div class=\"col-12 col-md-6 px-0 \">\r\n                            <a class=\"emp-name\" href=\"https:\/\/semmelweis.hu\/telefonkonyv?emp_id=16067\">Prof. Dr. Ferdinandy P\u00e9ter <\/a>\r\n                            <br \/><span class=\"emp-phone\">tudom\u00e1nyos \u00e9s innov\u00e1ci\u00f3s rektorhelyettes<\/span><\/div>\r\n                        <div class=\"col-12 col-md-6 px-0\"><span class=\"emp-phone\"><i class=\"fa fa-phone\" aria-hidden=\"true\"><\/i>459-1500, 55468<\/span><span class=\"emp-email\"><i class=\"fa fa-envelope-o\" aria-hidden=\"true\"><\/i>tudomanyos.rektorhelyettes<i class=\"fa fa-at m-0 text-body\"><\/i>semmelweis.hu; sci.vicerector<i class=\"fa fa-at m-0 text-body\"><\/i>semmelweis.hu<\/span>\r\n                        <\/div>\r\n                    <\/div>\r\n                \r\n            <\/div>\r\n\r\n                <div class=\"col-12 col-md-6 px-0 d-none\"><span class=\"emp-phone\"><i class=\"fa fa-phone\" aria-hidden=\"true\"><\/i>459-1500, 55468<\/span><span class=\"emp-email\"><i class=\"fa fa-envelope-o\" aria-hidden=\"true\"><\/i>tudomanyos.rektorhelyettes<i class=\"fa fa-at m-0 text-body\"><\/i>semmelweis.hu; sci.vicerector<i class=\"fa fa-at m-0 text-body\"><\/i>semmelweis.hu<\/span>\r\n                <\/div>\r\n\r\n\r\n        <\/div>\r\n          <div class=\"row mx-0 py-2 result-line emp-leader\">\r\n            <div class=\"col col-12 px-0 \"><div class=\"row mx-0 pr-2 result-line-content align-items-center\">\r\n                        <div class=\"col-12 col-md-6 px-0 \">\r\n                            <a class=\"emp-name\" href=\"https:\/\/semmelweis.hu\/telefonkonyv?emp_id=10042\">Prof. Dr. Hermann P\u00e9ter <\/a>\r\n                            <br \/><span class=\"emp-phone\">oktat\u00e1si rektorhelyettes<\/span><\/div>\r\n                        <div class=\"col-12 col-md-6 px-0\"><span class=\"emp-phone\"><i class=\"fa fa-phone\" aria-hidden=\"true\"><\/i>459-1500, 62712<\/span><span class=\"emp-email\"><i class=\"fa fa-envelope-o\" aria-hidden=\"true\"><\/i>oktatasi.rektorhelyettes<i class=\"fa fa-at m-0 text-body\"><\/i>semmelweis.hu<\/span>\r\n                        <\/div>\r\n                    <\/div>\r\n                \r\n            <\/div>\r\n\r\n                <div class=\"col-12 col-md-6 px-0 d-none\"><span class=\"emp-phone\"><i class=\"fa fa-phone\" aria-hidden=\"true\"><\/i>459-1500, 62712<\/span><span class=\"emp-email\"><i class=\"fa fa-envelope-o\" aria-hidden=\"true\"><\/i>oktatasi.rektorhelyettes<i class=\"fa fa-at m-0 text-body\"><\/i>semmelweis.hu<\/span>\r\n                <\/div>\r\n\r\n\r\n        <\/div>\r\n          <div class=\"row mx-0 py-2 result-line emp-leader\">\r\n            <div class=\"col col-12 px-0 \"><div class=\"row mx-0 pr-2 result-line-content align-items-center\">\r\n                        <div class=\"col-12 col-md-6 px-0 \">\r\n                            <a class=\"emp-name\" href=\"https:\/\/semmelweis.hu\/telefonkonyv?emp_id=14403\">Prof. Dr. Szab\u00f3 Attila <\/a>\r\n                            <br \/><span class=\"emp-phone\">klinikai rektorhelyettes, Klinikai K\u00f6zpont Eln\u00f6ke<\/span><\/div>\r\n                        <div class=\"col-12 col-md-6 px-0\"><span class=\"emp-phone\"><i class=\"fa fa-phone\" aria-hidden=\"true\"><\/i>459-1500\/55200, 55325, 55200, 55325<\/span><span class=\"emp-email\"><i class=\"fa fa-envelope-o\" aria-hidden=\"true\"><\/i>klinikai.rektorhelyettes<i class=\"fa fa-at m-0 text-body\"><\/i>semmelweis.hu<\/span>\r\n                        <\/div>\r\n                    <\/div>\r\n                \r\n            <\/div>\r\n\r\n                <div class=\"col-12 col-md-6 px-0 d-none\"><span class=\"emp-phone\"><i class=\"fa fa-phone\" aria-hidden=\"true\"><\/i>459-1500\/55200, 55325, 55200, 55325<\/span><span class=\"emp-email\"><i class=\"fa fa-envelope-o\" aria-hidden=\"true\"><\/i>klinikai.rektorhelyettes<i class=\"fa fa-at m-0 text-body\"><\/i>semmelweis.hu<\/span>\r\n                <\/div>\r\n\r\n\r\n        <\/div>\r\n          <div class=\"row mx-0 py-2 result-line \">\r\n            <div class=\"col col-12 px-0 \"><div class=\"row mx-0 pr-2 result-line-content align-items-center\">\r\n                        <div class=\"col-12 col-md-6 px-0 \">\r\n                            <a class=\"emp-name\" href=\"https:\/\/semmelweis.hu\/telefonkonyv?emp_id=14462\"> Pint\u00e9r M\u00e1ria <\/a>\r\n                            <br \/><span class=\"emp-phone\">kiemelt titk\u00e1rs\u00e1gi szak\u00e9rt\u0151<\/span><\/div>\r\n                        <div class=\"col-12 col-md-6 px-0\"><span class=\"emp-phone\"><i class=\"fa fa-phone\" aria-hidden=\"true\"><\/i>266-3452, 459-1500, 55351<\/span><span class=\"emp-email\"><i class=\"fa fa-envelope-o\" aria-hidden=\"true\"><\/i>rektorhelyettes<i class=\"fa fa-at m-0 text-body\"><\/i>semmelweis.hu, pinter.maria<i class=\"fa fa-at m-0 text-body\"><\/i>semmelweis.hu<\/span>\r\n                        <\/div>\r\n                    <\/div>\r\n                \r\n            <\/div>\r\n\r\n                <div class=\"col-12 col-md-6 px-0 d-none\"><span class=\"emp-phone\"><i class=\"fa fa-phone\" aria-hidden=\"true\"><\/i>266-3452, 459-1500, 55351<\/span><span class=\"emp-email\"><i class=\"fa fa-envelope-o\" aria-hidden=\"true\"><\/i>rektorhelyettes<i class=\"fa fa-at m-0 text-body\"><\/i>semmelweis.hu, pinter.maria<i class=\"fa fa-at m-0 text-body\"><\/i>semmelweis.hu<\/span>\r\n                <\/div>\r\n\r\n\r\n        <\/div>\r\n          <div class=\"row mx-0 py-2 result-line \">\r\n            <div class=\"col col-12 px-0 \"><div class=\"row mx-0 pr-2 result-line-content align-items-center\">\r\n                        <div class=\"col-12 col-md-6 px-0 \">\r\n                            <a class=\"emp-name\" href=\"https:\/\/semmelweis.hu\/telefonkonyv?emp_id=16715\"> Szab\u00f3 Ivett <\/a>\r\n                            <br \/><span class=\"emp-phone\">titk\u00e1rs\u00e1gi szak\u00e9rt\u0151<\/span><\/div>\r\n                        <div class=\"col-12 col-md-6 px-0\"><span class=\"emp-phone\"><i class=\"fa fa-phone\" aria-hidden=\"true\"><\/i>459-1500, 55341<\/span><span class=\"emp-email\"><i class=\"fa fa-envelope-o\" aria-hidden=\"true\"><\/i>rektorhelyettes<i class=\"fa fa-at m-0 text-body\"><\/i>semmelweis.hu; szabo.ivett2<i class=\"fa fa-at m-0 text-body\"><\/i>semmelweis.hu<\/span>\r\n                        <\/div>\r\n                    <\/div>\r\n                \r\n            <\/div>\r\n\r\n                <div class=\"col-12 col-md-6 px-0 d-none\"><span class=\"emp-phone\"><i class=\"fa fa-phone\" aria-hidden=\"true\"><\/i>459-1500, 55341<\/span><span class=\"emp-email\"><i class=\"fa fa-envelope-o\" aria-hidden=\"true\"><\/i>rektorhelyettes<i class=\"fa fa-at m-0 text-body\"><\/i>semmelweis.hu; szabo.ivett2<i class=\"fa fa-at m-0 text-body\"><\/i>semmelweis.hu<\/span>\r\n                <\/div>\r\n\r\n\r\n        <\/div><\/div><\/div>\n","protected":false},"excerpt":{"rendered":"<p>A Rektorhelyettesi Titk\u00e1rs\u00e1g biztos\u00edtja az \u00e1ltal\u00e1nos rektorhelyettes, az oktat\u00e1si rektorhelyettes, a strat\u00e9giai \u00e9s fejleszt\u00e9si rektorhelyettes, valamint a tudom\u00e1nyos \u00e9s innov\u00e1ci\u00f3s rektorhelyettes munk\u00e1j\u00e1val \u00f6sszef\u00fcgg\u0151 adminisztrat\u00edv, igazgat\u00e1si \u00e9s \u00fcgyviteli feladatokat, ennek keret\u00e9ben k\u00fcl\u00f6n\u00f6sen el\u0151k\u00e9sz\u00edt\u0151, szervez\u0151, kapcsolattart\u00f3 \u00e9s adminisztrat\u00edv feladatokat l\u00e1t el. Dr. Kormos Andrea kabinetvezet\u0151 C\u00edm:1085 Budapest, \u00dcll\u0151i \u00fat 26. 1. em. 113. (Rektorhelyettesi Iroda) Telefon:\u00a0 <a href=\"tel:+3614591500\">+36 1 459-1500<\/a> \/55188 &hellip;<\/p>\n","protected":false},"author":12,"featured_media":0,"parent":7,"menu_order":3,"comment_status":"closed","ping_status":"closed","template":"","meta":{"_acf_changed":false,"footnotes":""},"categories":[],"tags":[],"class_list":["post-26","page","type-page","status-publish","hentry"],"acf":[],"_links":{"self":[{"href":"https:\/\/semmelweis.hu\/rektorikabinet\/wp-json\/wp\/v2\/pages\/26","targetHints":{"allow":["GET"]}}],"collection":[{"href":"https:\/\/semmelweis.hu\/rektorikabinet\/wp-json\/wp\/v2\/pages"}],"about":[{"href":"https:\/\/semmelweis.hu\/rektorikabinet\/wp-json\/wp\/v2\/types\/page"}],"author":[{"embeddable":true,"href":"https:\/\/semmelweis.hu\/rektorikabinet\/wp-json\/wp\/v2\/users\/12"}],"replies":[{"embeddable":true,"href":"https:\/\/semmelweis.hu\/rektorikabinet\/wp-json\/wp\/v2\/comments?post=26"}],"version-history":[{"count":6,"href":"https:\/\/semmelweis.hu\/rektorikabinet\/wp-json\/wp\/v2\/pages\/26\/revisions"}],"predecessor-version":[{"id":257,"href":"https:\/\/semmelweis.hu\/rektorikabinet\/wp-json\/wp\/v2\/pages\/26\/revisions\/257"}],"up":[{"embeddable":true,"href":"https:\/\/semmelweis.hu\/rektorikabinet\/wp-json\/wp\/v2\/pages\/7"}],"wp:attachment":[{"href":"https:\/\/semmelweis.hu\/rektorikabinet\/wp-json\/wp\/v2\/media?parent=26"}],"wp:term":[{"taxonomy":"category","embeddable":true,"href":"https:\/\/semmelweis.hu\/rektorikabinet\/wp-json\/wp\/v2\/categories?post=26"},{"taxonomy":"post_tag","embeddable":true,"href":"https:\/\/semmelweis.hu\/rektorikabinet\/wp-json\/wp\/v2\/tags?post=26"}],"curies":[{"name":"wp","href":"https:\/\/api.w.org\/{rel}","templated":true}]}}