{"id":24,"date":"2022-08-25T15:26:24","date_gmt":"2022-08-25T13:26:24","guid":{"rendered":"https:\/\/semmelweis.hu\/rektorikabinet\/?page_id=24"},"modified":"2025-01-28T08:45:30","modified_gmt":"2025-01-28T07:45:30","slug":"rektori-titkarsag","status":"publish","type":"page","link":"https:\/\/semmelweis.hu\/rektorikabinet\/szervezet\/rektori-titkarsag\/","title":{"rendered":"Rektori Titk\u00e1rs\u00e1g"},"content":{"rendered":"<div class=\"keretes w-100\">\n<p>A<strong> Rektori Titk\u00e1rs\u00e1g<\/strong> ell\u00e1tja a rektor munk\u00e1j\u00e1val \u00f6sszef\u00fcgg\u0151 adminisztrat\u00edv, igazgat\u00e1si \u00e9s \u00fcgyviteli tev\u00e9kenys\u00e9geket, ennek keret\u00e9ben k\u00fcl\u00f6n\u00f6sen el\u0151k\u00e9sz\u00edt\u0151, szervez\u0151, kapcsolattart\u00f3 \u00e9s adminisztrat\u00edv feladatokat l\u00e1t el.<\/p>\n<\/div>\n<p><strong>Dr. Kormos Andrea<\/strong><br \/>\nkabinetvezet\u0151<\/p>\n<p>C\u00edm:1085 Budapest, Baross utca 22.<br \/>\nTelefon:\u00a0<a href=\"tel:+3614591500\">+36 1 459-1500<\/a>\/55188 m.<br \/>\nEmail: kormos.andrea@semmelweis.hu<\/p>\n<h4><strong>Munkat\u00e1rsak<\/strong><\/h4>\n\r\n<div id=\"telefonkonyv\">\r\n  <div class=\"tel-results col-12 px-0\">\r\n      <p class=\"desc mb-1\"><span>Ha hib\u00e1s, vagy hi\u00e1nyz\u00f3 adatot tal\u00e1l, k\u00e9rj\u00fck jelezze szervezeti egys\u00e9g\u00fcnk titk\u00e1rs\u00e1g\u00e1n.<\/span><\/p>\r\n      <p class=\"desc\"><em>A telefonk\u00f6nyvben tal\u00e1lhat\u00f3 adatok nem haszn\u00e1lhat\u00f3k fel az 1995. \u00e9vi CXIX. t\u00f6rv\u00e9ny szerinti kutat\u00e1s \u00e9s k\u00f6zvetlen \u00fczletszerz\u00e9s c\u00e9lj\u00e1ra.<\/em><\/p>\r\n                <div class=\"row mx-0 mt-3 mb-3 subunit-line text-uppercase font-weight-bold \r\n                    status-SZE\">\r\n                    <div class=\"col col-12 col-md-10 pl-2 pr-0\">\r\n                        <span>Rektori Titk\u00e1rs\u00e1g<\/span>\r\n                    <\/div>\r\n                <\/div> \r\n          <div class=\"row mx-0 py-2 result-line \">\r\n            <div class=\"col col-12 px-0 \"><div class=\"row mx-0 pr-2 result-line-content align-items-center\">\r\n                        <div class=\"col-12 col-md-6 px-0 \">\r\n                            <a class=\"emp-name\" href=\"https:\/\/semmelweis.hu\/telefonkonyv?emp_id=10045\"> Fellegi Krisztina <\/a>\r\n                            <br \/><span class=\"emp-phone\">titk\u00e1rs\u00e1gi szak\u00e9rt\u0151<\/span><\/div>\r\n                        <div class=\"col-12 col-md-6 px-0\"><span class=\"emp-phone\"><i class=\"fa fa-phone\" aria-hidden=\"true\"><\/i>317-9055, 317-2400, 55188<\/span><span class=\"emp-email\"><i class=\"fa fa-envelope-o\" aria-hidden=\"true\"><\/i>rektor<i class=\"fa fa-at m-0 text-body\"><\/i>semmelweis.hu; titkarsag.rektor<i class=\"fa fa-at m-0 text-body\"><\/i>semmelweis.hu; fellegi.krisztina<i class=\"fa fa-at m-0 text-body\"><\/i>semmelweis.hu<\/span>\r\n                        <\/div>\r\n                    <\/div>\r\n                \r\n            <\/div>\r\n\r\n                <div class=\"col-12 col-md-6 px-0 d-none\"><span class=\"emp-phone\"><i class=\"fa fa-phone\" aria-hidden=\"true\"><\/i>317-9055, 317-2400, 55188<\/span><span class=\"emp-email\"><i class=\"fa fa-envelope-o\" aria-hidden=\"true\"><\/i>rektor<i class=\"fa fa-at m-0 text-body\"><\/i>semmelweis.hu; titkarsag.rektor<i class=\"fa fa-at m-0 text-body\"><\/i>semmelweis.hu; fellegi.krisztina<i class=\"fa fa-at m-0 text-body\"><\/i>semmelweis.hu<\/span>\r\n                <\/div>\r\n\r\n\r\n        <\/div>\r\n          <div class=\"row mx-0 py-2 result-line \">\r\n            <div class=\"col col-12 px-0 \"><div class=\"row mx-0 pr-2 result-line-content align-items-center\">\r\n                        <div class=\"col-12 col-md-6 px-0 \">\r\n                            <a class=\"emp-name\" href=\"https:\/\/semmelweis.hu\/telefonkonyv?emp_id=14463\"> Peth\u0151 Edit <\/a>\r\n                            <br \/><span class=\"emp-phone\">kiemelt titk\u00e1rs\u00e1gi szak\u00e9rt\u0151<\/span><\/div>\r\n                        <div class=\"col-12 col-md-6 px-0\"><span class=\"emp-phone\"><i class=\"fa fa-phone\" aria-hidden=\"true\"><\/i>317-9055, 317-2400, 55228<\/span><span class=\"emp-email\"><i class=\"fa fa-envelope-o\" aria-hidden=\"true\"><\/i>titkarsag.rektor<i class=\"fa fa-at m-0 text-body\"><\/i>semmelweis.hu, rektor<i class=\"fa fa-at m-0 text-body\"><\/i>semmelweis.hu, petho.edit<i class=\"fa fa-at m-0 text-body\"><\/i>semmelweis.hu<\/span>\r\n                        <\/div>\r\n                    <\/div>\r\n                \r\n            <\/div>\r\n\r\n                <div class=\"col-12 col-md-6 px-0 d-none\"><span class=\"emp-phone\"><i class=\"fa fa-phone\" aria-hidden=\"true\"><\/i>317-9055, 317-2400, 55228<\/span><span class=\"emp-email\"><i class=\"fa fa-envelope-o\" aria-hidden=\"true\"><\/i>titkarsag.rektor<i class=\"fa fa-at m-0 text-body\"><\/i>semmelweis.hu, rektor<i class=\"fa fa-at m-0 text-body\"><\/i>semmelweis.hu, petho.edit<i class=\"fa fa-at m-0 text-body\"><\/i>semmelweis.hu<\/span>\r\n                <\/div>\r\n\r\n\r\n        <\/div>\r\n          <div class=\"row mx-0 py-2 result-line \">\r\n            <div class=\"col col-12 px-0 \"><div class=\"row mx-0 pr-2 result-line-content align-items-center\">\r\n                        <div class=\"col-12 col-md-6 px-0 \">\r\n                            <a class=\"emp-name\" href=\"https:\/\/semmelweis.hu\/telefonkonyv?emp_id=24492\"> Szab\u00f3 J\u00e1nos <\/a>\r\n                            <br \/><span class=\"emp-phone\">g\u00e9pj\u00e1rm\u0171vezet\u0151<\/span><\/div>\r\n                        <div class=\"col-12 col-md-6 px-0\">\r\n                        <\/div>\r\n                    <\/div>\r\n                \r\n            <\/div>\r\n\r\n                <div class=\"col-12 col-md-6 px-0 d-none\">\r\n                <\/div>\r\n\r\n\r\n        <\/div><\/div><\/div>\n","protected":false},"excerpt":{"rendered":"<p>A Rektori Titk\u00e1rs\u00e1g ell\u00e1tja a rektor munk\u00e1j\u00e1val \u00f6sszef\u00fcgg\u0151 adminisztrat\u00edv, igazgat\u00e1si \u00e9s \u00fcgyviteli tev\u00e9kenys\u00e9geket, ennek keret\u00e9ben k\u00fcl\u00f6n\u00f6sen el\u0151k\u00e9sz\u00edt\u0151, szervez\u0151, kapcsolattart\u00f3 \u00e9s adminisztrat\u00edv feladatokat l\u00e1t el.<\/p>\n<p>Dr. Kormos Andrea<br \/>\nkabinetvezet\u0151<br \/>\nC\u00edm:1085 Budapest, Baross utca 22.<br \/>\nTelefon:\u00a0<a href=\"tel:+3614591500\">+36 1 459-1500<\/a>\/55188 m.<br \/>\nEmail: kormos.andrea@semmelweis.hu<br \/>\nMunkat\u00e1rsak<\/p>\n","protected":false},"author":12,"featured_media":0,"parent":7,"menu_order":2,"comment_status":"closed","ping_status":"closed","template":"","meta":{"_acf_changed":false,"footnotes":""},"categories":[],"tags":[],"class_list":["post-24","page","type-page","status-publish","hentry"],"acf":[],"_links":{"self":[{"href":"https:\/\/semmelweis.hu\/rektorikabinet\/wp-json\/wp\/v2\/pages\/24","targetHints":{"allow":["GET"]}}],"collection":[{"href":"https:\/\/semmelweis.hu\/rektorikabinet\/wp-json\/wp\/v2\/pages"}],"about":[{"href":"https:\/\/semmelweis.hu\/rektorikabinet\/wp-json\/wp\/v2\/types\/page"}],"author":[{"embeddable":true,"href":"https:\/\/semmelweis.hu\/rektorikabinet\/wp-json\/wp\/v2\/users\/12"}],"replies":[{"embeddable":true,"href":"https:\/\/semmelweis.hu\/rektorikabinet\/wp-json\/wp\/v2\/comments?post=24"}],"version-history":[{"count":5,"href":"https:\/\/semmelweis.hu\/rektorikabinet\/wp-json\/wp\/v2\/pages\/24\/revisions"}],"predecessor-version":[{"id":253,"href":"https:\/\/semmelweis.hu\/rektorikabinet\/wp-json\/wp\/v2\/pages\/24\/revisions\/253"}],"up":[{"embeddable":true,"href":"https:\/\/semmelweis.hu\/rektorikabinet\/wp-json\/wp\/v2\/pages\/7"}],"wp:attachment":[{"href":"https:\/\/semmelweis.hu\/rektorikabinet\/wp-json\/wp\/v2\/media?parent=24"}],"wp:term":[{"taxonomy":"category","embeddable":true,"href":"https:\/\/semmelweis.hu\/rektorikabinet\/wp-json\/wp\/v2\/categories?post=24"},{"taxonomy":"post_tag","embeddable":true,"href":"https:\/\/semmelweis.hu\/rektorikabinet\/wp-json\/wp\/v2\/tags?post=24"}],"curies":[{"name":"wp","href":"https:\/\/api.w.org\/{rel}","templated":true}]}}