{"id":22,"date":"2022-08-25T15:24:17","date_gmt":"2022-08-25T13:24:17","guid":{"rendered":"https:\/\/semmelweis.hu\/rektorikabinet\/?page_id=22"},"modified":"2024-02-07T10:34:51","modified_gmt":"2024-02-07T09:34:51","slug":"szenatusi-fotitkarsag","status":"publish","type":"page","link":"https:\/\/semmelweis.hu\/rektorikabinet\/szervezet\/szenatusi-fotitkarsag\/","title":{"rendered":"Szen\u00e1tusi F\u0151titk\u00e1rs\u00e1g"},"content":{"rendered":"<div class=\"keretes w-100\">\n<p>A <strong>Szen\u00e1tusi F\u0151titk\u00e1rs\u00e1g<\/strong> a Rektori Kabinet r\u00e9sz\u00e9t k\u00e9pez\u0151, a szen\u00e1tusi f\u0151titk\u00e1r feladat\u00e1nak ell\u00e1t\u00e1s\u00e1t seg\u00edt\u0151 szervezeti egys\u00e9g.<\/p>\n<ul>\n<li>A szen\u00e1tusi f\u0151titk\u00e1r ell\u00e1tja a Szen\u00e1tus m\u0171k\u00f6d\u00e9s\u00e9vel kapcsolatos adminisztrat\u00edv \u00e9s egy\u00e9b, az SzMSz-ben meghat\u00e1rozott feladatot, k\u00fcl\u00f6n\u00f6sen a Szen\u00e1tus \u00fcl\u00e9s\u00e9nek el\u0151k\u00e9sz\u00edt\u00e9s\u00e9vel, lebonyol\u00edt\u00e1s\u00e1val, a jegyz\u0151k\u00f6nyv elk\u00e9sz\u00edt\u00e9s\u00e9vel, a hat\u00e1rozatok \u00edr\u00e1sba foglal\u00e1s\u00e1val \u00e9s al\u00e1\u00edr\u00e1sra el\u0151k\u00e9sz\u00edt\u00e9s\u00e9vel, valamint a hat\u00e1rozatok k\u00f6zz\u00e9t\u00e9tel\u00e9vel kapcsolatos feladatokat.<\/li>\n<li>A szen\u00e1tusi f\u0151titk\u00e1r l\u00e1tja el a Rektori \u00c9rtekezlet \u00fcl\u00e9s\u00e9vel, m\u0171k\u00f6d\u00e9s\u00e9vel kapcsolatos \u00fcgyviteli, szervez\u00e9si \u00e9s egy\u00e9b feladatokat is.<\/li>\n<li>A szen\u00e1tusi f\u0151titk\u00e1r munk\u00e1j\u00e1t a rektor k\u00f6zvetlen\u00fcl ir\u00e1ny\u00edtja.<\/li>\n<\/ul>\n<\/div>\n<p><strong>Dr. Ant\u00f3ny Zsolt<\/strong><br \/>\nszen\u00e1tusi f\u0151titk\u00e1r<\/p>\n<p>C\u00edm:1085 Budapest, \u00dcll\u0151i \u00fat 26. 2. em. 215.<br \/>\nTelefon:\u00a0<a href=\"tel:+36203148490\">+36 20\u00a0314 8490<\/a><br \/>\nEmail: antony.zsolt@semmelweis.hu<\/p>\n<p><a href=\"https:\/\/semmelweis.hu\/jogigfoig\/testuletek\/szenatus\/\" target=\"_blank\" rel=\"noopener\">Tov\u00e1bb a Szen\u00e1tus bemutat\u00e1s\u00e1ra \u2192\u00a0<\/a><\/p>\n<h4><strong>Munkat\u00e1rsak<\/strong><\/h4>\n\r\n<div id=\"telefonkonyv\">\r\n  <div class=\"tel-results col-12 px-0\">\r\n      <p class=\"desc mb-1\"><span>Ha hib\u00e1s, vagy hi\u00e1nyz\u00f3 adatot tal\u00e1l, k\u00e9rj\u00fck jelezze szervezeti egys\u00e9g\u00fcnk titk\u00e1rs\u00e1g\u00e1n.<\/span><\/p>\r\n      <p class=\"desc\"><em>A telefonk\u00f6nyvben tal\u00e1lhat\u00f3 adatok nem haszn\u00e1lhat\u00f3k fel az 1995. \u00e9vi CXIX. t\u00f6rv\u00e9ny szerinti kutat\u00e1s \u00e9s k\u00f6zvetlen \u00fczletszerz\u00e9s c\u00e9lj\u00e1ra.<\/em><\/p>\r\n                <div class=\"row mx-0 mt-3 mb-3 subunit-line text-uppercase font-weight-bold \r\n                    status-SZE\">\r\n                    <div class=\"col col-12 col-md-10 pl-2 pr-0\">\r\n                        <span>Szen\u00e1tusi F\u0151titk\u00e1rs\u00e1g<\/span>\r\n                    <\/div>\r\n                <\/div> \r\n          <div class=\"row mx-0 py-2 result-line emp-leader\">\r\n            <div class=\"col col-12 px-0 \"><div class=\"row mx-0 pr-2 result-line-content align-items-center\">\r\n                        <div class=\"col-12 col-md-6 px-0 \">\r\n                            <a class=\"emp-name\" href=\"https:\/\/semmelweis.hu\/telefonkonyv?emp_id=15298\">Dr. Ant\u00f3ny Zsolt G\u00e1bor <\/a>\r\n                            <br \/><span class=\"emp-phone\">szen\u00e1tusi f\u0151titk\u00e1r<\/span><\/div>\r\n                        <div class=\"col-12 col-md-6 px-0\"><span class=\"emp-email\"><i class=\"fa fa-envelope-o\" aria-hidden=\"true\"><\/i>antony.zsolt<i class=\"fa fa-at m-0 text-body\"><\/i>semmelweis.hu; szenatusi.fotitkarsag<i class=\"fa fa-at m-0 text-body\"><\/i>semmelweis.hu<\/span>\r\n                        <\/div>\r\n                    <\/div>\r\n                \r\n            <\/div>\r\n\r\n                <div class=\"col-12 col-md-6 px-0 d-none\"><span class=\"emp-email\"><i class=\"fa fa-envelope-o\" aria-hidden=\"true\"><\/i>antony.zsolt<i class=\"fa fa-at m-0 text-body\"><\/i>semmelweis.hu; szenatusi.fotitkarsag<i class=\"fa fa-at m-0 text-body\"><\/i>semmelweis.hu<\/span>\r\n                <\/div>\r\n\r\n\r\n        <\/div>\r\n          <div class=\"row mx-0 py-2 result-line \">\r\n            <div class=\"col col-12 px-0 \"><div class=\"row mx-0 pr-2 result-line-content align-items-center\">\r\n                        <div class=\"col-12 col-md-6 px-0 \">\r\n                            <a class=\"emp-name\" href=\"https:\/\/semmelweis.hu\/telefonkonyv?emp_id=15301\"> Jinda Adrienn <\/a>\r\n                            <br \/><span class=\"emp-phone\">titk\u00e1rs\u00e1gvezet\u0151<\/span><\/div>\r\n                        <div class=\"col-12 col-md-6 px-0\"><span class=\"emp-email\"><i class=\"fa fa-envelope-o\" aria-hidden=\"true\"><\/i>jinda.adrienn<i class=\"fa fa-at m-0 text-body\"><\/i>semmelweis.hu; szenatusi.fotitkarsag<i class=\"fa fa-at m-0 text-body\"><\/i>semmelweis.hu<\/span>\r\n                        <\/div>\r\n                    <\/div>\r\n                \r\n            <\/div>\r\n\r\n                <div class=\"col-12 col-md-6 px-0 d-none\"><span class=\"emp-email\"><i class=\"fa fa-envelope-o\" aria-hidden=\"true\"><\/i>jinda.adrienn<i class=\"fa fa-at m-0 text-body\"><\/i>semmelweis.hu; szenatusi.fotitkarsag<i class=\"fa fa-at m-0 text-body\"><\/i>semmelweis.hu<\/span>\r\n                <\/div>\r\n\r\n\r\n        <\/div><\/div><\/div>\n","protected":false},"excerpt":{"rendered":"<p>A Szen\u00e1tusi F\u0151titk\u00e1rs\u00e1g a Rektori Kabinet r\u00e9sz\u00e9t k\u00e9pez\u0151, a szen\u00e1tusi f\u0151titk\u00e1r feladat\u00e1nak ell\u00e1t\u00e1s\u00e1t seg\u00edt\u0151 szervezeti egys\u00e9g. A szen\u00e1tusi f\u0151titk\u00e1r ell\u00e1tja a Szen\u00e1tus m\u0171k\u00f6d\u00e9s\u00e9vel kapcsolatos adminisztrat\u00edv \u00e9s egy\u00e9b, az SzMSz-ben meghat\u00e1rozott feladatot, k\u00fcl\u00f6n\u00f6sen a Szen\u00e1tus \u00fcl\u00e9s\u00e9nek el\u0151k\u00e9sz\u00edt\u00e9s\u00e9vel, lebonyol\u00edt\u00e1s\u00e1val, a jegyz\u0151k\u00f6nyv elk\u00e9sz\u00edt\u00e9s\u00e9vel, a hat\u00e1rozatok \u00edr\u00e1sba foglal\u00e1s\u00e1val \u00e9s al\u00e1\u00edr\u00e1sra el\u0151k\u00e9sz\u00edt\u00e9s\u00e9vel, valamint a hat\u00e1rozatok k\u00f6zz\u00e9t\u00e9tel\u00e9vel kapcsolatos feladatokat. A szen\u00e1tusi &hellip;<\/p>\n","protected":false},"author":12,"featured_media":0,"parent":7,"menu_order":1,"comment_status":"closed","ping_status":"closed","template":"","meta":{"_acf_changed":false,"footnotes":""},"categories":[],"tags":[],"class_list":["post-22","page","type-page","status-publish","hentry"],"acf":[],"_links":{"self":[{"href":"https:\/\/semmelweis.hu\/rektorikabinet\/wp-json\/wp\/v2\/pages\/22","targetHints":{"allow":["GET"]}}],"collection":[{"href":"https:\/\/semmelweis.hu\/rektorikabinet\/wp-json\/wp\/v2\/pages"}],"about":[{"href":"https:\/\/semmelweis.hu\/rektorikabinet\/wp-json\/wp\/v2\/types\/page"}],"author":[{"embeddable":true,"href":"https:\/\/semmelweis.hu\/rektorikabinet\/wp-json\/wp\/v2\/users\/12"}],"replies":[{"embeddable":true,"href":"https:\/\/semmelweis.hu\/rektorikabinet\/wp-json\/wp\/v2\/comments?post=22"}],"version-history":[{"count":3,"href":"https:\/\/semmelweis.hu\/rektorikabinet\/wp-json\/wp\/v2\/pages\/22\/revisions"}],"predecessor-version":[{"id":224,"href":"https:\/\/semmelweis.hu\/rektorikabinet\/wp-json\/wp\/v2\/pages\/22\/revisions\/224"}],"up":[{"embeddable":true,"href":"https:\/\/semmelweis.hu\/rektorikabinet\/wp-json\/wp\/v2\/pages\/7"}],"wp:attachment":[{"href":"https:\/\/semmelweis.hu\/rektorikabinet\/wp-json\/wp\/v2\/media?parent=22"}],"wp:term":[{"taxonomy":"category","embeddable":true,"href":"https:\/\/semmelweis.hu\/rektorikabinet\/wp-json\/wp\/v2\/categories?post=22"},{"taxonomy":"post_tag","embeddable":true,"href":"https:\/\/semmelweis.hu\/rektorikabinet\/wp-json\/wp\/v2\/tags?post=22"}],"curies":[{"name":"wp","href":"https:\/\/api.w.org\/{rel}","templated":true}]}}