{"id":202,"date":"2023-08-02T08:14:45","date_gmt":"2023-08-02T06:14:45","guid":{"rendered":"https:\/\/semmelweis.hu\/rektorikabinet\/?page_id=202"},"modified":"2024-10-29T13:18:54","modified_gmt":"2024-10-29T12:18:54","slug":"strategiai-es-fejlesztesi-kabinet","status":"publish","type":"page","link":"https:\/\/semmelweis.hu\/rektorikabinet\/szervezet\/strategiai-es-fejlesztesi-kabinet\/","title":{"rendered":"Strat\u00e9giai \u00e9s Fejleszt\u00e9si Kabinet"},"content":{"rendered":"<div class=\"keretes w-100\">\n<p style=\"text-align: justify\"><strong>A Strat\u00e9giai \u00e9s Fejleszt\u00e9si Kabinet l\u00e1tja el az <\/strong>egyetemi szint\u0171 fejleszt\u00e9si \u00e9s egy\u00e9b strat\u00e9giai jelent\u0151s\u00e9g\u0171 projektek tervez\u00e9s\u00e9hez \u00e9s v\u00e9grehajt\u00e1s\u00e1hoz kapcsol\u00f3d\u00f3 feladatokat, valamint a projektek nyomon k\u00f6vet\u00e9s\u00e9t \u00e9s ezekhez kapcsol\u00f3d\u00f3 egy\u00e9b operat\u00edv feladatokat.<\/p>\n<\/div>\n","protected":false},"excerpt":{"rendered":"<p>A Strat\u00e9giai \u00e9s Fejleszt\u00e9si Kabinet l\u00e1tja el az egyetemi szint\u0171 fejleszt\u00e9si \u00e9s egy\u00e9b strat\u00e9giai jelent\u0151s\u00e9g\u0171 projektek tervez\u00e9s\u00e9hez \u00e9s v\u00e9grehajt\u00e1s\u00e1hoz kapcsol\u00f3d\u00f3 feladatokat, valamint a projektek nyomon k\u00f6vet\u00e9s\u00e9t \u00e9s ezekhez kapcsol\u00f3d\u00f3 egy\u00e9b operat\u00edv feladatokat.<\/p>\n","protected":false},"author":29,"featured_media":0,"parent":7,"menu_order":8,"comment_status":"closed","ping_status":"closed","template":"","meta":{"_acf_changed":false,"footnotes":""},"categories":[],"tags":[],"class_list":["post-202","page","type-page","status-publish","hentry"],"acf":[],"_links":{"self":[{"href":"https:\/\/semmelweis.hu\/rektorikabinet\/wp-json\/wp\/v2\/pages\/202","targetHints":{"allow":["GET"]}}],"collection":[{"href":"https:\/\/semmelweis.hu\/rektorikabinet\/wp-json\/wp\/v2\/pages"}],"about":[{"href":"https:\/\/semmelweis.hu\/rektorikabinet\/wp-json\/wp\/v2\/types\/page"}],"author":[{"embeddable":true,"href":"https:\/\/semmelweis.hu\/rektorikabinet\/wp-json\/wp\/v2\/users\/29"}],"replies":[{"embeddable":true,"href":"https:\/\/semmelweis.hu\/rektorikabinet\/wp-json\/wp\/v2\/comments?post=202"}],"version-history":[{"count":10,"href":"https:\/\/semmelweis.hu\/rektorikabinet\/wp-json\/wp\/v2\/pages\/202\/revisions"}],"predecessor-version":[{"id":227,"href":"https:\/\/semmelweis.hu\/rektorikabinet\/wp-json\/wp\/v2\/pages\/202\/revisions\/227"}],"up":[{"embeddable":true,"href":"https:\/\/semmelweis.hu\/rektorikabinet\/wp-json\/wp\/v2\/pages\/7"}],"wp:attachment":[{"href":"https:\/\/semmelweis.hu\/rektorikabinet\/wp-json\/wp\/v2\/media?parent=202"}],"wp:term":[{"taxonomy":"category","embeddable":true,"href":"https:\/\/semmelweis.hu\/rektorikabinet\/wp-json\/wp\/v2\/categories?post=202"},{"taxonomy":"post_tag","embeddable":true,"href":"https:\/\/semmelweis.hu\/rektorikabinet\/wp-json\/wp\/v2\/tags?post=202"}],"curies":[{"name":"wp","href":"https:\/\/api.w.org\/{rel}","templated":true}]}}