{"id":12,"date":"2022-08-25T15:12:46","date_gmt":"2022-08-25T13:12:46","guid":{"rendered":"https:\/\/semmelweis.hu\/rektorikabinet\/?page_id=12"},"modified":"2025-01-28T08:46:26","modified_gmt":"2025-01-28T07:46:26","slug":"elerhetoseg","status":"publish","type":"page","link":"https:\/\/semmelweis.hu\/rektorikabinet\/elerhetoseg\/","title":{"rendered":"El\u00e9rhet\u0151s\u00e9g"},"content":{"rendered":"<p><strong>Dr. Kormos Andrea<\/strong><br \/>\nkabinetvezet\u0151<\/p>\n<p>C\u00edm:1085 Budapest, Baross utca 22.<br \/>\nTelefon: <a href=\"tel:+3614591500\">+36 1 459-1500<\/a> \/55188 m.<br \/>\nEmail: kormos.andrea@semmelweis.hu<\/p>\n\n<!-- iframe plugin v.4.9 wordpress.org\/plugins\/iframe\/ -->\n<iframe src=\"https:\/\/www.google.com\/maps\/embed?pb=!1m18!1m12!1m3!1d2696.0855230172474!2d19.065392315626422!3d47.48824727917708!2m3!1f0!2f0!3f0!3m2!1i1024!2i768!4f13.1!3m3!1m2!1s0x4741dc599bc74d21%3A0x2fbf6d59c50b6424!2zQnVkYXBlc3QsIMOcbGzFkWkgw7p0IDI2LCAxMDg1!5e0!3m2!1sen!2shu!4v1661433131400!5m2!1sen!2shu\" width=\"100%\" height=\"450\" style=\"border:0;\" allowfullscreen loading=\"lazy\" referrerpolicy=\"no-referrer-when-downgrade\" scrolling=\"yes\" class=\"iframe-class\" frameborder=\"0\"><\/iframe>\n\n","protected":false},"excerpt":{"rendered":"<p>Dr. Kormos Andrea<br \/>\nkabinetvezet\u0151<br \/>\nC\u00edm:1085 Budapest, Baross utca 22.<br \/>\nTelefon: <a href=\"tel:+3614591500\">+36 1 459-1500<\/a> \/55188 m.<br \/>\nEmail: kormos.andrea@semmelweis.hu<\/p>\n","protected":false},"author":12,"featured_media":0,"parent":0,"menu_order":8,"comment_status":"closed","ping_status":"closed","template":"","meta":{"_acf_changed":false,"footnotes":""},"categories":[],"tags":[],"class_list":["post-12","page","type-page","status-publish","hentry"],"acf":[],"_links":{"self":[{"href":"https:\/\/semmelweis.hu\/rektorikabinet\/wp-json\/wp\/v2\/pages\/12","targetHints":{"allow":["GET"]}}],"collection":[{"href":"https:\/\/semmelweis.hu\/rektorikabinet\/wp-json\/wp\/v2\/pages"}],"about":[{"href":"https:\/\/semmelweis.hu\/rektorikabinet\/wp-json\/wp\/v2\/types\/page"}],"author":[{"embeddable":true,"href":"https:\/\/semmelweis.hu\/rektorikabinet\/wp-json\/wp\/v2\/users\/12"}],"replies":[{"embeddable":true,"href":"https:\/\/semmelweis.hu\/rektorikabinet\/wp-json\/wp\/v2\/comments?post=12"}],"version-history":[{"count":4,"href":"https:\/\/semmelweis.hu\/rektorikabinet\/wp-json\/wp\/v2\/pages\/12\/revisions"}],"predecessor-version":[{"id":254,"href":"https:\/\/semmelweis.hu\/rektorikabinet\/wp-json\/wp\/v2\/pages\/12\/revisions\/254"}],"wp:attachment":[{"href":"https:\/\/semmelweis.hu\/rektorikabinet\/wp-json\/wp\/v2\/media?parent=12"}],"wp:term":[{"taxonomy":"category","embeddable":true,"href":"https:\/\/semmelweis.hu\/rektorikabinet\/wp-json\/wp\/v2\/categories?post=12"},{"taxonomy":"post_tag","embeddable":true,"href":"https:\/\/semmelweis.hu\/rektorikabinet\/wp-json\/wp\/v2\/tags?post=12"}],"curies":[{"name":"wp","href":"https:\/\/api.w.org\/{rel}","templated":true}]}}