{"id":10,"date":"2022-08-25T15:11:04","date_gmt":"2022-08-25T13:11:04","guid":{"rendered":"https:\/\/semmelweis.hu\/rektorikabinet\/?page_id=10"},"modified":"2025-12-17T11:29:09","modified_gmt":"2025-12-17T10:29:09","slug":"adatkezeles","status":"publish","type":"page","link":"https:\/\/semmelweis.hu\/rektorikabinet\/adatkezeles\/","title":{"rendered":"Adatkezel\u00e9s"},"content":{"rendered":"<p style=\"text-align: center\"><span style=\"font-size: 18pt\"><strong>A REKTORI KABINET \u00c1LTAL V\u00c9GZETT SZEM\u00c9LYES ADATKEZEL\u00c9SSEL KAPCSOLATOS INFORM\u00c1CI\u00d3K EL\u00c9RHET\u0150S\u00c9GE<\/strong><\/span><\/p>\n<p>&nbsp;<\/p>\n<p style=\"text-align: justify\">1.\u00a0 <strong>Rektori Kabinet<\/strong> feladataival \u00f6sszef\u00fcgg\u0151 adatkezel\u00e9sekkel kapcsolatos inform\u00e1ci\u00f3k el\u00e9rhet\u0151s\u00e9ge: \u00a0 \u00a0 \u00a0 \u00a0 \u00a0 \u00a0 \u00a0 \u00a0 \u00a0 \u00a0 \u00a0 \u00a0 \u00a0 \u00a0 \u00a0 \u00a0 \u00a0 \u00a0 \u00a0 \u00a0\u00a0 <br \/>\n<a href=\"https:\/\/semmelweis.hu\/rektorikabinet\/files\/2025\/06\/77644_RKAB_adatkez_taj.pdf\">adatkezel\u00e9si t\u00e1j\u00e9koztat\u00f3<\/a> \u00a0 \u00a0 \u00a0 \u00a0 \u00a0 \u00a0 \u00a0 \u00a0 \u00a0 \u00a0 \u00a0 \u00a0 \u00a0 \u00a0 \u00a0 \u00a0 \u00a0 \u00a0 \u00a0 \u00a0 \u00a0 \u00a0 \u00a0 \u00a0 \u00a0 \u00a0 \u00a0 \u00a0 \u00a0 \u00a0 \u00a0 \u00a0 \u00a0 \u00a0 \u00a0 \u00a0 \u00a0 \u00a0 \u00a0 \u00a0 \u00a0 \u00a0 \u00a0 \u00a0 \u00a0 \u00a0\u00a0<\/p>\n<p style=\"text-align: justify\">1.1. Rektori Kabinet <strong>Rektori Kabinetiroda, Rektori Titk\u00e1rs\u00e1g \u00e9s Rektorhelyettesi Titk\u00e1rs\u00e1g <\/strong>feladataival \u00f6sszef\u00fcgg\u0151 adatkezel\u00e9sekkel kapcsolatos inform\u00e1ci\u00f3k el\u00e9rhet\u0151s\u00e9ge:\u00a0 \u00a0\u00a0\u00a0\u00a0\u00a0\u00a0\u00a0\u00a0\u00a0\u00a0\u00a0\u00a0\u00a0\u00a0\u00a0\u00a0\u00a0\u00a0\u00a0\u00a0 <br \/>\n<a href=\"https:\/\/semmelweis.hu\/rektorikabinet\/files\/2024\/12\/77130_Adatkezelesi_tajekoztato_2024.pdf\">adatkezel\u00e9si t\u00e1j\u00e9koztat\u00f3 \u00a0<\/a> \u00a0 \u00a0 \u00a0 \u00a0 \u00a0 \u00a0 \u00a0 \u00a0 \u00a0 \u00a0 \u00a0 \u00a0 \u00a0 \u00a0 \u00a0 \u00a0 \u00a0 \u00a0 \u00a0 \u00a0 \u00a0 \u00a0 \u00a0 \u00a0 \u00a0 \u00a0 \u00a0 \u00a0 \u00a0 \u00a0 \u00a0 \u00a0 \u00a0 \u00a0 \u00a0 \u00a0 \u00a0 \u00a0 \u00a0 \u00a0 \u00a0 \u00a0 \u00a0 \u00a0 \u00a0 \u00a0 \u00a0 \u00a0 \u00a0 \u00a0 \u00a0 \u00a0 \u00a0 \u00a0 \u00a0 \u00a0 \u00a0 \u00a0 \u00a0 \u00a0 \u00a0 \u00a0 \u00a0 \u00a0 \u00a0 \u00a0 \u00a0 \u00a0 \u00a0 \u00a0 <br \/>\n<a href=\"https:\/\/semmelweis.hu\/rektorikabinet\/files\/2025\/12\/77644_2_KSRET_2025_Adatkezelesi-nyilvantartas-ADL_.xlsx\">adatkezel\u00e9si nyilv\u00e1ntart\u00e1s<\/a><\/p>\n<p style=\"text-align: justify\">1.2. Rektori Kabinet <strong>Szen\u00e1tusi F\u0151titk\u00e1rs\u00e1g<\/strong> feladataival \u00f6sszef\u00fcgg\u0151 adatkezel\u00e9sekkel kapcsolatos inform\u00e1ci\u00f3k el\u00e9rhet\u0151s\u00e9ge:<br \/>\n<a href=\"https:\/\/semmelweis.hu\/rektorikabinet\/files\/2024\/12\/77201_SZFT_2024_Adatkezelesi-tajekoztato.pdf\">adatkezel\u00e9si t\u00e1j\u00e9koztat\u00f3\u00a0<\/a>\u00a0 <br \/>\n<a href=\"https:\/\/semmelweis.hu\/rektorikabinet\/files\/2025\/12\/147753_2_SZFT_2025_Adatkezelesi_nyilvantartas.xlsx\">adatkezel\u00e9si nyilv\u00e1ntart\u00e1s<\/a><\/p>\n<p>1.3. Rektori Kabinet <strong>Strat\u00e9giai \u00e9s Fejleszt\u00e9si Rektorhelyettesi Iroda<\/strong> feladataival \u00f6sszef\u00fcgg\u0151 adatkezel\u00e9sekkel kapcsolatos inform\u00e1ci\u00f3k el\u00e9rhet\u0151s\u00e9ge:\u00a0 <br \/>\n<a href=\"https:\/\/semmelweis.hu\/rektorikabinet\/files\/2024\/12\/77449-KSRH-2024-StratRhi_adatkezelesi_tajekoztato_3.pdf\">adatkezel\u00e9si\u00a0 t\u00e1j\u00e9koztat\u00f3<\/a> <br \/>\n<a href=\"https:\/\/semmelweis.hu\/rektorikabinet\/files\/2025\/12\/147963_2_KSRH_2025_StratRhi_Adatkezelesi_nyilvantartas_ADL.xlsx\">adatkezel\u00e9si nyilv\u00e1ntart\u00e1s<\/a><em><br \/>\n<\/em><\/p>\n<p style=\"text-align: justify\">1.4. Rektori Kabinet <strong>Tudom\u00e1nyos \u00e9s Innov\u00e1ci\u00f3s Rektorhelyettesi \u00e9s \u00dczletfejleszt\u00e9si K\u00f6zpont<\/strong> feladataival \u00f6sszef\u00fcgg\u0151 adatkezel\u00e9sekkel kapcsolatos inform\u00e1ci\u00f3k el\u00e9rhet\u0151s\u00e9ge:<br \/>\n<a href=\"https:\/\/semmelweis.hu\/tudrh\/adatkezeles\/\">adatkezel\u00e9si t\u00e1j\u00e9koztat\u00f3<\/a> <br \/>\n<a href=\"https:\/\/semmelweis.hu\/tudrh\/adatkezeles\/\">adatkezel\u00e9si nyilv\u00e1ntart\u00e1s<\/a><\/p>\n<p>&nbsp;<\/p>\n","protected":false},"excerpt":{"rendered":"<p>A REKTORI KABINET \u00c1LTAL V\u00c9GZETT SZEM\u00c9LYES ADATKEZEL\u00c9SSEL KAPCSOLATOS INFORM\u00c1CI\u00d3K EL\u00c9RHET\u0150S\u00c9GE &nbsp; 1.\u00a0 Rektori Kabinet feladataival \u00f6sszef\u00fcgg\u0151 adatkezel\u00e9sekkel kapcsolatos inform\u00e1ci\u00f3k el\u00e9rhet\u0151s\u00e9ge: \u00a0 \u00a0 \u00a0 \u00a0 \u00a0 \u00a0 \u00a0 \u00a0 \u00a0 \u00a0 \u00a0 \u00a0 \u00a0 \u00a0 \u00a0 \u00a0 \u00a0 \u00a0 \u00a0 \u00a0\u00a0 <a href=\"https:\/\/semmelweis.hu\/rektorikabinet\/files\/2025\/06\/77644_RKAB_adatkez_taj.pdf\">adatkezel\u00e9si t\u00e1j\u00e9koztat\u00f3<\/a> \u00a0 \u00a0 \u00a0 \u00a0 \u00a0 \u00a0 \u00a0 \u00a0 \u00a0 \u00a0 \u00a0 \u00a0 \u00a0 \u00a0 \u00a0 &hellip;<\/p>\n","protected":false},"author":12,"featured_media":0,"parent":0,"menu_order":2,"comment_status":"closed","ping_status":"closed","template":"","meta":{"_acf_changed":false,"footnotes":""},"categories":[],"tags":[],"class_list":["post-10","page","type-page","status-publish","hentry"],"acf":[],"_links":{"self":[{"href":"https:\/\/semmelweis.hu\/rektorikabinet\/wp-json\/wp\/v2\/pages\/10","targetHints":{"allow":["GET"]}}],"collection":[{"href":"https:\/\/semmelweis.hu\/rektorikabinet\/wp-json\/wp\/v2\/pages"}],"about":[{"href":"https:\/\/semmelweis.hu\/rektorikabinet\/wp-json\/wp\/v2\/types\/page"}],"author":[{"embeddable":true,"href":"https:\/\/semmelweis.hu\/rektorikabinet\/wp-json\/wp\/v2\/users\/12"}],"replies":[{"embeddable":true,"href":"https:\/\/semmelweis.hu\/rektorikabinet\/wp-json\/wp\/v2\/comments?post=10"}],"version-history":[{"count":11,"href":"https:\/\/semmelweis.hu\/rektorikabinet\/wp-json\/wp\/v2\/pages\/10\/revisions"}],"predecessor-version":[{"id":276,"href":"https:\/\/semmelweis.hu\/rektorikabinet\/wp-json\/wp\/v2\/pages\/10\/revisions\/276"}],"wp:attachment":[{"href":"https:\/\/semmelweis.hu\/rektorikabinet\/wp-json\/wp\/v2\/media?parent=10"}],"wp:term":[{"taxonomy":"category","embeddable":true,"href":"https:\/\/semmelweis.hu\/rektorikabinet\/wp-json\/wp\/v2\/categories?post=10"},{"taxonomy":"post_tag","embeddable":true,"href":"https:\/\/semmelweis.hu\/rektorikabinet\/wp-json\/wp\/v2\/tags?post=10"}],"curies":[{"name":"wp","href":"https:\/\/api.w.org\/{rel}","templated":true}]}}