{"id":766,"date":"2024-08-16T11:24:13","date_gmt":"2024-08-16T09:24:13","guid":{"rendered":"https:\/\/semmelweis.hu\/rehabilitaciosklinika\/?page_id=766"},"modified":"2024-10-09T11:30:12","modified_gmt":"2024-10-09T09:30:12","slug":"szolgaltatasok","status":"publish","type":"page","link":"https:\/\/semmelweis.hu\/rehabilitaciosklinika\/szolgaltatasok\/","title":{"rendered":"Szolg\u00e1ltat\u00e1sok"},"content":{"rendered":"<style>\n           #page-grid .card-body > .line-clamp-box.excerpt{\n        width: inherit;\n        max-width: inherit;\n        display:flex;\n        min-height: 2.4em;\n        flex-direction: column;\n        justify-content: space-around;\n        background-color: #D6E4EA;\n        min-height: 3.4rem;\n        font-family: \"Montserrat\", sans-serif;\n    }\n\n    #page-grid a:hover .card-body > .line-clamp-box.excerpt {\n        background-color: #fff;\n        color: #313B40;\n    }\n\n    #page-grid .card-body .line-clamp-box.excerpt section{\n        max-width: inherit;\n        display: -webkit-box;\n        -webkit-line-clamp: 2;\n        -webkit-box-orient: vertical;\n        overflow: hidden;\n        text-overflow: ellipsis;\n        hyphens: auto;\n        margin: auto;\n        \n    }\n    .line-clamp-box.excerpt section, .line-clamp-box.excerpt section p{\n        font-size:0.8em;\n    }\n    \n<\/style>\n    <section id=\"page-grid\">\n        \n        <div class=\"row row-cols-1 row-cols-md-2 row-cols-lg-3 no-gutters mx-0 \">    <div class =\"col  mb-2 card-wrapper\">\n        <a class=\"d-flex flex-fill card-link-warapper m-md-1\" href=\"https:\/\/semmelweis.hu\/rehabilitaciosklinika\/szolgaltatasok\/behajtas-parkolas\/\">\n            <div class=\"card border border-secondary se-border flex-fill\">\n                <div class=\"row no-gutters mx-0 d-flex flex-nowrap flex-md-wrap align-items-center\">\n                    <div class =\"  col-5 col-md-12   bg-image  card-image justify-content-center\">\n                        <img class='wp-post-image img-fluid landscape' src='https:\/\/semmelweis.hu\/rehabilitaciosklinika\/wp-content\/themes\/se18\/dist\/images\/svg\/bg-image.svg' \/>\n                    <\/div>\n                    <div class=\"card-body  col flex-column  col-md-12 p-0\">\n                        <div class=\"line-clamp-box p-3\">\n                            <h5 class=\"ml-0 ml-sm-1 mt-2 align-items-center\"  >Behajt\u00e1s\/Parkol\u00e1s<\/h5>\n                        <\/div>\n                            <div class= \"line-clamp-box excerpt m-0 p-2 pl-3\">\n        <section>\n            \u00c9rtes\u00edtj\u00fck a kedves l\u00e1togat\u00f3kat \u00e9s partnereinket, hogy 2025. m\u00e1rcius 1-\u00e9t\u0151l a Klinika ter\u00fclet\u00e9re t\u00f6rt\u00e9n\u0151 behajt\u00e1s d\u00edja 1.000.- Ft \/ alkalom. Ez tov\u00e1bbra is napi egy, id\u0151korl\u00e1toz\u00e1s n\u00e9lk\u00fcli behajt\u00e1st tesz lehet\u0151v\u00e9.\nAz egy\u00e9b behajt\u00e1si d\u00edjak v\u00e1ltoz\u00e1s\u00e1t a t\u00e1bl\u00e1zat tartalmazza. A kor\u00e1bban megv\u00e1ltott heti, havi stb. behajt\u00e1si enged\u00e9lyek lej\u00e1ratukig \u00e9rv\u00e9nyesek maradnak.\nG\u00e9pj\u00e1rm\u0171 be- \u00e9s kil\u00e9p\u00e9si, parkol\u00e1si \u00e9s ..\n        <\/section>\n    <\/div>\n                    <\/div>\n                <\/div>\n\n            <\/div>\n        <\/a>\n    <\/div>    <div class =\"col  mb-2 card-wrapper\">\n        <a class=\"d-flex flex-fill card-link-warapper m-md-1\" href=\"https:\/\/semmelweis.hu\/rehabilitaciosklinika\/szolgaltatasok\/uszoda\/\">\n            <div class=\"card border border-secondary se-border flex-fill\">\n                <div class=\"row no-gutters mx-0 d-flex flex-nowrap flex-md-wrap align-items-center\">\n                    <div class =\"  col-5 col-md-12   card-image justify-content-center\">\n                        <img loading=\"lazy\" decoding=\"async\" width=\"753\" height=\"502\" src=\"https:\/\/semmelweis.hu\/rehabilitaciosklinika\/files\/2024\/10\/RS195816__19A8935-scr-1024x683.jpg\" class=\"landscape wp-post-image\" alt=\"\" srcset=\"https:\/\/semmelweis.hu\/rehabilitaciosklinika\/files\/2024\/10\/RS195816__19A8935-scr-1024x683.jpg 1024w, https:\/\/semmelweis.hu\/rehabilitaciosklinika\/files\/2024\/10\/RS195816__19A8935-scr-400x267.jpg 400w, https:\/\/semmelweis.hu\/rehabilitaciosklinika\/files\/2024\/10\/RS195816__19A8935-scr-768x512.jpg 768w, https:\/\/semmelweis.hu\/rehabilitaciosklinika\/files\/2024\/10\/RS195816__19A8935-scr-753x502.jpg 753w, https:\/\/semmelweis.hu\/rehabilitaciosklinika\/files\/2024\/10\/RS195816__19A8935-scr-203x135.jpg 203w, https:\/\/semmelweis.hu\/rehabilitaciosklinika\/files\/2024\/10\/RS195816__19A8935-scr.jpg 1200w\" sizes=\"auto, (max-width: 753px) 100vw, 753px\" \/>\n                    <\/div>\n                    <div class=\"card-body  col flex-column  col-md-12 p-0\">\n                        <div class=\"line-clamp-box p-3\">\n                            <h5 class=\"ml-0 ml-sm-1 mt-2 align-items-center\"  >Uszoda<\/h5>\n                        <\/div>\n                            <div class= \"line-clamp-box excerpt m-0 p-2 pl-3\">\n        <section>\n            Betegek, egyetemi dolgoz\u00f3k \u00e9s szerz\u0151d\u00f6tt \u00fasz\u00f3iskol\u00e1k sz\u00e1m\u00e1ra\n        <\/section>\n    <\/div>\n                    <\/div>\n                <\/div>\n\n            <\/div>\n        <\/a>\n    <\/div>    <div class =\"col  mb-2 card-wrapper\">\n        <a class=\"d-flex flex-fill card-link-warapper m-md-1\" href=\"https:\/\/semmelweis.hu\/rehabilitaciosklinika\/szolgaltatasok\/sterilizalasi-szolgaltatas\/\">\n            <div class=\"card border border-secondary se-border flex-fill\">\n                <div class=\"row no-gutters mx-0 d-flex flex-nowrap flex-md-wrap align-items-center\">\n                    <div class =\"  col-5 col-md-12   card-image justify-content-center\">\n                        <img loading=\"lazy\" decoding=\"async\" width=\"753\" height=\"565\" src=\"https:\/\/semmelweis.hu\/rehabilitaciosklinika\/files\/2024\/10\/IMG_41071-1024x768.jpg\" class=\"landscape wp-post-image\" alt=\"\" srcset=\"https:\/\/semmelweis.hu\/rehabilitaciosklinika\/files\/2024\/10\/IMG_41071-1024x768.jpg 1024w, https:\/\/semmelweis.hu\/rehabilitaciosklinika\/files\/2024\/10\/IMG_41071-400x300.jpg 400w, https:\/\/semmelweis.hu\/rehabilitaciosklinika\/files\/2024\/10\/IMG_41071-768x576.jpg 768w, https:\/\/semmelweis.hu\/rehabilitaciosklinika\/files\/2024\/10\/IMG_41071-1536x1152.jpg 1536w, https:\/\/semmelweis.hu\/rehabilitaciosklinika\/files\/2024\/10\/IMG_41071-2048x1536.jpg 2048w, https:\/\/semmelweis.hu\/rehabilitaciosklinika\/files\/2024\/10\/IMG_41071-753x565.jpg 753w\" sizes=\"auto, (max-width: 753px) 100vw, 753px\" \/>\n                    <\/div>\n                    <div class=\"card-body  col flex-column  col-md-12 p-0\">\n                        <div class=\"line-clamp-box p-3\">\n                            <h5 class=\"ml-0 ml-sm-1 mt-2 align-items-center\"  >Eszk\u00f6z\u00f6k steriliz\u00e1l\u00e1sa \u00e9s steril csomagol\u00e1s<\/h5>\n                        <\/div>\n                            <div class= \"line-clamp-box excerpt m-0 p-2 pl-3\">\n        <section>\n            \nKlinik\u00e1nk steril anyag-eszk\u00f6z el\u0151\u00e1ll\u00edt\u00e1sa a minden tekintetben rendk\u00edv\u00fcl korszer\u0171 K\u00f6zponti steriliz\u00e1l\u00f3ban t\u00f6rt\u00e9nik. Val\u00f3di k\u00f6zponti steriliz\u00e1l\u00f3k\u00e9nt \u00fczemeltetve teh\u00e1t a nem steril eszk\u00f6z\u00f6k gy\u0171jt\u00e9s\u00e9t\u0151l kezdve, azok tiszt\u00edt\u00e1s\u00e1n \u00e9s csomagol\u00e1s\u00e1n valamint steriliz\u00e1l\u00e1s\u00e1n kereszt\u00fcl, eg\u00e9szen a steril anyag t\u00e1rol\u00e1s\u00e1ig, a technol\u00f3giai sor minden folyamat\u00e1nak elv\u00e9gz\u00e9se azonos helyen t\u00f6rt\u00e9nik.\n\nSteriliz\u00e1l\u00f3 berendez\u00e9seink\nG\u00e9pi m\u0171szer tiszt\u00edt\u00f3fert\u0151tlen\u00edt\u0151 berendez\u00e9sek\n\n1 db ..\n        <\/section>\n    <\/div>\n                    <\/div>\n                <\/div>\n\n            <\/div>\n        <\/a>\n    <\/div>    <div class =\"col  mb-2 card-wrapper\">\n        <a class=\"d-flex flex-fill card-link-warapper m-md-1\" href=\"https:\/\/semmelweis.hu\/rehabilitaciosklinika\/szolgaltatasok\/posta-bufe-bolt-szepsegapolas\/\">\n            <div class=\"card border border-secondary se-border flex-fill\">\n                <div class=\"row no-gutters mx-0 d-flex flex-nowrap flex-md-wrap align-items-center\">\n                    <div class =\"  col-5 col-md-12   card-image justify-content-center\">\n                        <img loading=\"lazy\" decoding=\"async\" width=\"753\" height=\"502\" src=\"https:\/\/semmelweis.hu\/rehabilitaciosklinika\/files\/2024\/10\/195843_transform.jpg\" class=\"landscape wp-post-image\" alt=\"\" srcset=\"https:\/\/semmelweis.hu\/rehabilitaciosklinika\/files\/2024\/10\/195843_transform.jpg 950w, https:\/\/semmelweis.hu\/rehabilitaciosklinika\/files\/2024\/10\/195843_transform-400x267.jpg 400w, https:\/\/semmelweis.hu\/rehabilitaciosklinika\/files\/2024\/10\/195843_transform-768x512.jpg 768w, https:\/\/semmelweis.hu\/rehabilitaciosklinika\/files\/2024\/10\/195843_transform-753x502.jpg 753w, https:\/\/semmelweis.hu\/rehabilitaciosklinika\/files\/2024\/10\/195843_transform-203x135.jpg 203w\" sizes=\"auto, (max-width: 753px) 100vw, 753px\" \/>\n                    <\/div>\n                    <div class=\"card-body  col flex-column  col-md-12 p-0\">\n                        <div class=\"line-clamp-box p-3\">\n                            <h5 class=\"ml-0 ml-sm-1 mt-2 align-items-center\"  >Posta, b\u00fcf\u00e9, \u00fczletek, sz\u00e9ps\u00e9g\u00e1pol\u00e1s<\/h5>\n                        <\/div>\n                            <div class= \"line-clamp-box excerpt m-0 p-2 pl-3\">\n        <section>\n            \nB\u00fcf\u00e9\nF\u0151\u00e9p\u00fclet, F\u00f6ldszint\nTelefon : +36 1 391-1900\/1280 mell\u00e9k\n\n\nPosta\nF\u0151\u00e9p\u00fclet, f\u00f6ldszint,\nNyitva tart\u00e1s: h\u00e9tf\u0151-p\u00e9ntek, 12.00-13.00\n\n\nFodr\u00e1szat-Kozmetika\nF\u0151\u00e9p\u00fclet, F\u00f6ldszint\nTelefon : +36 1 391-1900\/1308 mell\u00e9k\n\n\nH\u00edrlap, K\u00f6nyv- \u00e9s Aj\u00e1nd\u00e9kbolt\nF\u0151\u00e9p\u00fclet, F\u00f6ldszint\nTelefon : +36 1 391-1900\/1119 mell\u00e9k\n\n\nSeg\u00e9deszk\u00f6z-forgalmaz\u00f3 \u00fczletek\nF\u0151\u00e9p\u00fclet, F\u00f6ldszint\n\n\nPedik\u0171r\nIg\u00e9ny eset\u00e9n ..\n        <\/section>\n    <\/div>\n                    <\/div>\n                <\/div>\n\n            <\/div>\n        <\/a>\n    <\/div>        <\/div>\n    <\/section>\n","protected":false},"excerpt":{"rendered":"","protected":false},"author":12,"featured_media":0,"parent":0,"menu_order":6,"comment_status":"closed","ping_status":"closed","template":"template-fullwidth.php","meta":{"_acf_changed":false,"footnotes":""},"categories":[],"tags":[],"class_list":["post-766","page","type-page","status-publish","hentry"],"acf":[],"_links":{"self":[{"href":"https:\/\/semmelweis.hu\/rehabilitaciosklinika\/wp-json\/wp\/v2\/pages\/766","targetHints":{"allow":["GET"]}}],"collection":[{"href":"https:\/\/semmelweis.hu\/rehabilitaciosklinika\/wp-json\/wp\/v2\/pages"}],"about":[{"href":"https:\/\/semmelweis.hu\/rehabilitaciosklinika\/wp-json\/wp\/v2\/types\/page"}],"author":[{"embeddable":true,"href":"https:\/\/semmelweis.hu\/rehabilitaciosklinika\/wp-json\/wp\/v2\/users\/12"}],"replies":[{"embeddable":true,"href":"https:\/\/semmelweis.hu\/rehabilitaciosklinika\/wp-json\/wp\/v2\/comments?post=766"}],"version-history":[{"count":6,"href":"https:\/\/semmelweis.hu\/rehabilitaciosklinika\/wp-json\/wp\/v2\/pages\/766\/revisions"}],"predecessor-version":[{"id":2045,"href":"https:\/\/semmelweis.hu\/rehabilitaciosklinika\/wp-json\/wp\/v2\/pages\/766\/revisions\/2045"}],"wp:attachment":[{"href":"https:\/\/semmelweis.hu\/rehabilitaciosklinika\/wp-json\/wp\/v2\/media?parent=766"}],"wp:term":[{"taxonomy":"category","embeddable":true,"href":"https:\/\/semmelweis.hu\/rehabilitaciosklinika\/wp-json\/wp\/v2\/categories?post=766"},{"taxonomy":"post_tag","embeddable":true,"href":"https:\/\/semmelweis.hu\/rehabilitaciosklinika\/wp-json\/wp\/v2\/tags?post=766"}],"curies":[{"name":"wp","href":"https:\/\/api.w.org\/{rel}","templated":true}]}}