{"id":764,"date":"2024-08-16T11:23:52","date_gmt":"2024-08-16T09:23:52","guid":{"rendered":"https:\/\/semmelweis.hu\/rehabilitaciosklinika\/?page_id=764"},"modified":"2025-10-08T11:57:50","modified_gmt":"2025-10-08T09:57:50","slug":"alapitvany","status":"publish","type":"page","link":"https:\/\/semmelweis.hu\/rehabilitaciosklinika\/alapitvany\/","title":{"rendered":"Orvosi Rehabilit\u00e1ci\u00f3\u00e9rt Alap\u00edtv\u00e1ny"},"content":{"rendered":"<div class=\"keretes w-100\">\n<p><img loading=\"lazy\" decoding=\"async\" class=\"alignright wp-image-2648 \" src=\"https:\/\/semmelweis.hu\/rehabilitaciosklinika\/files\/2024\/12\/rehab_klinika_logo_skek-370x400.png\" alt=\"\" width=\"186\" height=\"201\" srcset=\"https:\/\/semmelweis.hu\/rehabilitaciosklinika\/files\/2024\/12\/rehab_klinika_logo_skek-370x400.png 370w, https:\/\/semmelweis.hu\/rehabilitaciosklinika\/files\/2024\/12\/rehab_klinika_logo_skek.png 613w\" sizes=\"auto, (max-width: 186px) 100vw, 186px\" \/>Az Orvosi Rehabilit\u00e1ci\u00f3\u00e9rt Alap\u00edtv\u00e1ny c\u00e9lja a Rehabilit\u00e1ci\u00f3s Klinika szakmai munk\u00e1ja felt\u00e9telrendszer\u00e9nek jav\u00edt\u00e1sa, a rehabilit\u00e1ci\u00f3 szakmai sz\u00ednvonal\u00e1nak emel\u00e9se, kiemelked\u0151 szakmai Buda teljes\u00edtm\u00e9nyek jutalmaz\u00e1sa, tudom\u00e1nyos p\u00e1ly\u00e1zatok meghirdet\u00e9se, d\u00edjaz\u00e1sa.<\/p>\n<p><strong>Az Alap\u00edtv\u00e1ny alaptev\u00e9kenys\u00e9ge: <\/strong>eg\u00e9szs\u00e9gmeg\u0151rz\u00e9s, gy\u00f3gy\u00edt\u00f3-eg\u00e9szs\u00e9g\u00fcgyi rehabilit\u00e1ci\u00f3s tev\u00e9kenys\u00e9g, oktat\u00e1s<\/p>\n<h5>T\u00e1mogat\u00e1si lehet\u0151s\u00e9gek:<\/h5>\n<ul style=\"list-style-type: square\">\n<li><a href=\"#adoegy\">1 sz\u00e1zal\u00e9k felaj\u00e1nl\u00e1s<\/a><\/li>\n<li><a href=\"#szek\">Fogadj \u00f6r\u00f6kbe egy sz\u00e9ket<\/a><\/li>\n<li><a href=\"#fal\">P\u00e9nzadom\u00e1nyok &#8211; szponzorfal<\/a><\/li>\n<li><a href=\"#targy\">T\u00e1rgyi felaj\u00e1nl\u00e1sok<\/a><a id=\"adoegy\"><\/a><\/li>\n<\/ul>\n<\/div>\n<h2>1% felaj\u00e1nl\u00e1s<\/h2>\n<p>A tov\u00e1bbi magas sz\u00ednvonal\u00fa munkav\u00e9gz\u00e9s fenntart\u00e1sa \u00e9rdek\u00e9ben k\u00e9rj\u00fck, hogy adom\u00e1nyaival, illetve ad\u00f3ja felaj\u00e1nlhat\u00f3 1%\u2013\u00e1val seg\u00edtse t\u00f6rekv\u00e9seinket!<\/p>\n<p style=\"padding-left: 40px\"><strong>Az Alap\u00edtv\u00e1ny sz\u00e9khelye:<\/strong> 1121 Budapest, Szanat\u00f3rium utca 19.<\/p>\n<p style=\"padding-left: 40px\"><strong>Az Alap\u00edtv\u00e1ny ad\u00f3sz\u00e1ma:<\/strong> 19667427-1-43<\/p>\n<p style=\"padding-left: 40px\"><strong>Az Alap\u00edtv\u00e1ny sz\u00e1mlasz\u00e1ma:<\/strong><br \/>\nUnicredit Bank 10918001-00000074-44640009<a id=\"szek\"><\/a><\/p>\n<hr \/>\n<h2>\u201eFogadj \u00f6r\u00f6kbe egy sz\u00e9ket\u201d<\/h2>\n<p>Int\u00e9zet\u00fcnkben lehet\u0151s\u00e9g ny\u00edlik, arra hogy egy sz\u00e9k jelk\u00e9pes megv\u00e1s\u00e1rl\u00e1s\u00e1val t\u00e1mogassa munk\u00e1nkat.\u00a0Konferenci\u00e1k, tudom\u00e1nyos \u00fcl\u00e9sek, \u00fcnnepi rendezv\u00e9nyek helysz\u00edn\u00e9\u00fcl szolg\u00e1l\u00f3 el\u0151ad\u00f3term\u00fcnk sz\u00e9kei k\u00e9pletesen megv\u00e1s\u00e1rolhat\u00f3k.<\/p>\n<p>A <strong>\u201eFogadj \u00f6r\u00f6kbe egy sz\u00e9ket\u201d<\/strong> elve alapj\u00e1n b\u00e1rki vehet egy b\u00fatordarabot, \u00edgy j\u00e1rulva hozz\u00e1 adom\u00e1ny\u00e1val az Alap\u00edtv\u00e1ny munk\u00e1j\u00e1hoz \u00e9s ezen kereszt\u00fcl az int\u00e9zet\u00fcnkben foly\u00f3 rehabilit\u00e1ci\u00f3hoz.<\/p>\n<p>Az adom\u00e1nyoz\u00e1s ut\u00e1n a kiv\u00e1lasztott sz\u00e9kre egy r\u00e9zt\u00e1bla ker\u00fcl a t\u00e1mogat\u00f3 nev\u00e9vel.<\/p>\n<p>Egy sz\u00e9k t\u00e1mogat\u00f3i &#8222;\u00e1ra&#8221; 60.000 Ft.<a id=\"fal\"><\/a><\/p>\n<hr \/>\n<h2>Szponzor fal<\/h2>\n<p>Klinik\u00e1nk az adom\u00e1nyoz\u00f3k ir\u00e1nti h\u00e1la kimutat\u00e1s\u00e1ra a legnagyobb k\u00f6z\u00f6ss\u00e9gi ter\u00e9ben, a gy\u00f6ny\u00f6r\u0171 aul\u00e1ban tal\u00e1lhat\u00f3 a Szponzorok Fal\u00e1nak t\u00e9gl\u00e1iba azon t\u00e1mogat\u00f3ink nev\u00e9t v\u00e9ss\u00fck, akik nagyobb \u00f6sszeggel j\u00e1rultak hozz\u00e1 alap\u00edtv\u00e1nyunk \u00e9s ezen kereszt\u00fcl a klinika munk\u00e1j\u00e1hoz.<\/p>\n<p>C\u00e9g neve 5 milli\u00f3 Ft, mag\u00e1nszem\u00e9ly neve 2 milli\u00f3 Ft adom\u00e1nyoz\u00e1sa eset\u00e9n ker\u00fclhet fel egy-egy t\u00e9gl\u00e1ra.<\/p>\n<p><strong>Sz\u00e1mlasz\u00e1m:<\/strong> Unicredit Bank 10918001-00000074-44640009<\/p>\n<p><strong>Ad\u00f3sz\u00e1m:<\/strong> 19667427-1-43<br \/>\n<a id=\"targy\"><\/a><\/p>\n<hr \/>\n<h2>T\u00e1rgyi adom\u00e1nyok fogad\u00e1sa<\/h2>\n<p>Alap\u00edtv\u00e1nyunk \u00e9s rajta kereszt\u00fcl Int\u00e9zet\u00fcnk sz\u00edvesen fogad t\u00e1rgyi adom\u00e1nyokat is. Els\u0151sorban haszn\u00e1lt \u00e9s \u00faj gy\u00f3gy\u00e1szati seg\u00e9deszk\u00f6z\u00f6kre, orvosi m\u0171szerekre, \u00e1pol\u00e1si eszk\u00f6z\u00f6kre van sz\u00fcks\u00e9g\u00fcnk. Emellett \u00f6r\u00f6mmel fogadjuk konferenci\u00e1k, tanfolyamok, tanulm\u00e1nyutak t\u00e1mogat\u00e1s\u00e1t is.<\/p>\n<hr \/>\n<h1>A Kurat\u00f3rium<\/h1>\n<p>Az Alap\u00edtv\u00e1ny vagyon\u00e1nak kezel\u0151je a Kurat\u00f3rium.<\/p>\n<p><strong>Kapcsolattart\u00f3:<\/strong> Viola \u00c1gnes<br \/>\n<strong>Telefon:<\/strong> +36 20 599 6796<\/p>\n<h5 style=\"padding-left: 40px\">A Kurat\u00f3rium tagjai:<\/h5>\n<p style=\"padding-left: 40px\"><strong>Sarkadi Attila eln\u00f6k<\/strong><\/p>\n<p style=\"padding-left: 40px\">Katona Enik\u0151<br \/>\nM\u00e9sz\u00e1ros Gabriella<br \/>\nV\u00f6lgyesi Aranka<br \/>\nDr. Ari Lajos<br \/>\nDr. Klauber Andr\u00e1s<\/p>\n<p style=\"padding-left: 40px\">\u00a0<\/p>\n<hr \/>\n","protected":false},"excerpt":{"rendered":"<p>Az <strong>Orvosi Rehabilit\u00e1ci\u00f3\u00e9rt Alap\u00edtv\u00e1ny<\/strong> c\u00e9lja a Rehabilit\u00e1ci\u00f3s Klinika szakmai munk\u00e1j\u00e1nak t\u00e1mogat\u00e1sa. K\u00e9rj\u00fck, seg\u00edtse \u00d6n is munk\u00e1nkat!<\/p>\n<p><strong>T\u00e1mogat\u00e1si lehet\u0151s\u00e9gek:<\/strong><\/p>\n<ul>\n<li>1 sz\u00e1zal\u00e9k felaj\u00e1nl\u00e1s<\/li>\n<li>Fogadj \u00f6r\u00f6kbe egy sz\u00e9ket<\/li>\n<li>P\u00e9nzadom\u00e1nyok &#8211; szponzorfal<\/li>\n<li>T\u00e1rgyi felaj\u00e1nl\u00e1sok<\/li>\n<\/ul>\n","protected":false},"author":12,"featured_media":1974,"parent":0,"menu_order":7,"comment_status":"closed","ping_status":"closed","template":"","meta":{"_acf_changed":false,"footnotes":""},"categories":[],"tags":[],"class_list":["post-764","page","type-page","status-publish","has-post-thumbnail","hentry"],"acf":[],"_links":{"self":[{"href":"https:\/\/semmelweis.hu\/rehabilitaciosklinika\/wp-json\/wp\/v2\/pages\/764","targetHints":{"allow":["GET"]}}],"collection":[{"href":"https:\/\/semmelweis.hu\/rehabilitaciosklinika\/wp-json\/wp\/v2\/pages"}],"about":[{"href":"https:\/\/semmelweis.hu\/rehabilitaciosklinika\/wp-json\/wp\/v2\/types\/page"}],"author":[{"embeddable":true,"href":"https:\/\/semmelweis.hu\/rehabilitaciosklinika\/wp-json\/wp\/v2\/users\/12"}],"replies":[{"embeddable":true,"href":"https:\/\/semmelweis.hu\/rehabilitaciosklinika\/wp-json\/wp\/v2\/comments?post=764"}],"version-history":[{"count":12,"href":"https:\/\/semmelweis.hu\/rehabilitaciosklinika\/wp-json\/wp\/v2\/pages\/764\/revisions"}],"predecessor-version":[{"id":3551,"href":"https:\/\/semmelweis.hu\/rehabilitaciosklinika\/wp-json\/wp\/v2\/pages\/764\/revisions\/3551"}],"wp:featuredmedia":[{"embeddable":true,"href":"https:\/\/semmelweis.hu\/rehabilitaciosklinika\/wp-json\/wp\/v2\/media\/1974"}],"wp:attachment":[{"href":"https:\/\/semmelweis.hu\/rehabilitaciosklinika\/wp-json\/wp\/v2\/media?parent=764"}],"wp:term":[{"taxonomy":"category","embeddable":true,"href":"https:\/\/semmelweis.hu\/rehabilitaciosklinika\/wp-json\/wp\/v2\/categories?post=764"},{"taxonomy":"post_tag","embeddable":true,"href":"https:\/\/semmelweis.hu\/rehabilitaciosklinika\/wp-json\/wp\/v2\/tags?post=764"}],"curies":[{"name":"wp","href":"https:\/\/api.w.org\/{rel}","templated":true}]}}