{"id":7,"date":"2024-06-07T17:05:43","date_gmt":"2024-06-07T15:05:43","guid":{"rendered":"https:\/\/semmelweis.hu\/rehabilitaciosklinika\/?page_id=7"},"modified":"2025-01-21T10:09:23","modified_gmt":"2025-01-21T09:09:23","slug":"a-klinikarol","status":"publish","type":"page","link":"https:\/\/semmelweis.hu\/rehabilitaciosklinika\/a-klinikarol\/","title":{"rendered":"A Klinik\u00e1r\u00f3l"},"content":{"rendered":"<div class=\"keretes w-100\">\n<p style=\"text-align: justify;\"><strong><a href=\"https:\/\/semmelweis.hu\/rehabilitaciosklinika\/files\/2024\/10\/RS195859__19A9752-scr.jpg\"><img loading=\"lazy\" decoding=\"async\" class=\"alignright size-medium wp-image-1962\" src=\"https:\/\/semmelweis.hu\/rehabilitaciosklinika\/files\/2024\/10\/RS195859__19A9752-scr-400x267.jpg\" alt=\"\" width=\"400\" height=\"267\" srcset=\"https:\/\/semmelweis.hu\/rehabilitaciosklinika\/files\/2024\/10\/RS195859__19A9752-scr-400x267.jpg 400w, https:\/\/semmelweis.hu\/rehabilitaciosklinika\/files\/2024\/10\/RS195859__19A9752-scr-1024x683.jpg 1024w, https:\/\/semmelweis.hu\/rehabilitaciosklinika\/files\/2024\/10\/RS195859__19A9752-scr-768x512.jpg 768w, https:\/\/semmelweis.hu\/rehabilitaciosklinika\/files\/2024\/10\/RS195859__19A9752-scr-753x502.jpg 753w, https:\/\/semmelweis.hu\/rehabilitaciosklinika\/files\/2024\/10\/RS195859__19A9752-scr-203x135.jpg 203w, https:\/\/semmelweis.hu\/rehabilitaciosklinika\/files\/2024\/10\/RS195859__19A9752-scr.jpg 1200w\" sizes=\"auto, (max-width: 400px) 100vw, 400px\" \/><\/a>A Semmelweis Egyetem Rehabilit\u00e1ci\u00f3s Klinik\u00e1ja az 1975 \u00f3ta m\u0171k\u00f6d\u00f6tt Orsz\u00e1gos Orvosi Rehabilit\u00e1ci\u00f3s Int\u00e9zet jogut\u00f3dja.<\/strong> A Klinika a rehabilit\u00e1ci\u00f3 szakter\u00fclet\u00e9n a progressz\u00edv ell\u00e1t\u00e1s legmagasabb szint\u0171 <a href=\"https:\/\/semmelweis.hu\/rehabilitaciosklinika\/betegellatas\/\">betegell\u00e1t\u00f3 egys\u00e9ge<\/a>, <a href=\"https:\/\/semmelweis.hu\/rehabilitaciosklinika\/tudomany\/\">tudom\u00e1nyos kutat\u00f3<\/a>, <a href=\"https:\/\/semmelweis.hu\/rehabilitaciosklinika\/oktatas\/\">oktat\u00f3-tov\u00e1bbk\u00e9pz\u0151<\/a>, szakmai m\u00f3dszertani \u00e9s min\u0151s\u00e9gbiztos\u00edt\u00e1si k\u00f6zpont. <strong>Az orsz\u00e1gban egyed\u00fcl\u00e1ll\u00f3 komplex orvosi rehabilit\u00e1ci\u00f3t v\u00e9gz\u0151 centrum<\/strong>, mely az orsz\u00e1g eg\u00e9sz ter\u00fclet\u00e9r\u0151l \u00e9vente t\u00f6bb ezer olyan p\u00e1ciens sz\u00e1m\u00e1ra ny\u00fajt specializ\u00e1lt, szem\u00e9lyre szabott ell\u00e1t\u00e1st, akik betegs\u00e9g vagy baleset k\u00f6vetkezt\u00e9ben r\u00e9szben vagy teljesen elvesztett\u00e9k az \u00f6nell\u00e1t\u00e1si k\u00e9pess\u00e9g\u00fcket, akiket k\u00fcl\u00f6nb\u00f6z\u0151 funkci\u00f3zavarok jellemeznek, \u00e9s a t\u00e1rsadalmi \u00e9letben val\u00f3 r\u00e9szv\u00e9tel\u00fck korl\u00e1tozott.<\/p>\n<p style=\"text-align: justify;\">Az int\u00e9zm\u00e9ny 2000-2011 k\u00f6z\u00f6tt zajlott teljes rekonstrukci\u00f3nak k\u00f6sz\u00f6nhet\u0151en<strong> az orsz\u00e1g egyik legkorszer\u0171bb, legsz\u00ednvonalasabb<\/strong> k\u00f3rh\u00e1za, mely a fogyat\u00e9kos emberek sz\u00e1m\u00e1ra akad\u00e1lymentes k\u00f6rnyezetben ny\u00fajt rehabilit\u00e1ci\u00f3s lehet\u0151s\u00e9get. J\u00f3 kapcsolatokat \u00e1pol k\u00fcl\u00f6nb\u00f6z\u0151 szakmai \u00e9s fogyat\u00e9kos szervezetekkel, t\u00e1mogatja a parasportot.<strong>\u00a0<\/strong><\/p>\n<\/div>\n<h2 style=\"text-align: justify;\">K\u00fcldet\u00e9si nyilatkozat<\/h2>\n<p style=\"text-align: justify;\">A Semmelweis Egyetem Rehabilit\u00e1ci\u00f3s Klinik\u00e1ja olyan szem\u00e9lyek r\u00e9sz\u00e9re ny\u00fajt specializ\u00e1lt, egy\u00e9nis\u00e9g\u00fckh\u00f6z adapt\u00e1lt, komplex k\u00f3rh\u00e1zi (bentlak\u00e1sos), nappali k\u00f3rh\u00e1zi vagy ambul\u00e1ns orvosi rehabilit\u00e1ci\u00f3s szolg\u00e1ltat\u00e1sokat team munka keret\u00e9ben, akiket betegs\u00e9g vagy baleset k\u00f6vetkezt\u00e9ben k\u00fcl\u00f6nb\u00f6z\u0151 funkci\u00f3zavarok jellemeznek, \u00f6nmaguk ell\u00e1t\u00e1s\u00e1ra nem k\u00e9pesek \u00e9s a t\u00e1rsadalmi \u00e9letben r\u00e9szv\u00e9tel\u00fck korl\u00e1tozott.<\/p>\n<p style=\"text-align: justify;\"><strong><a href=\"https:\/\/semmelweis.hu\/rehabilitaciosklinika\/files\/2024\/12\/RS196370__19A9688-scr.jpg\"><img loading=\"lazy\" decoding=\"async\" class=\"alignright size-medium wp-image-2896\" src=\"https:\/\/semmelweis.hu\/rehabilitaciosklinika\/files\/2024\/12\/RS196370__19A9688-scr-400x267.jpg\" alt=\"\" width=\"400\" height=\"267\" srcset=\"https:\/\/semmelweis.hu\/rehabilitaciosklinika\/files\/2024\/12\/RS196370__19A9688-scr-400x267.jpg 400w, https:\/\/semmelweis.hu\/rehabilitaciosklinika\/files\/2024\/12\/RS196370__19A9688-scr-1024x683.jpg 1024w, https:\/\/semmelweis.hu\/rehabilitaciosklinika\/files\/2024\/12\/RS196370__19A9688-scr-768x512.jpg 768w, https:\/\/semmelweis.hu\/rehabilitaciosklinika\/files\/2024\/12\/RS196370__19A9688-scr-753x502.jpg 753w, https:\/\/semmelweis.hu\/rehabilitaciosklinika\/files\/2024\/12\/RS196370__19A9688-scr-203x135.jpg 203w, https:\/\/semmelweis.hu\/rehabilitaciosklinika\/files\/2024\/12\/RS196370__19A9688-scr.jpg 1200w\" sizes=\"auto, (max-width: 400px) 100vw, 400px\" \/><\/a><a href=\"https:\/\/semmelweis.hu\/rehabilitaciosklinika\/betegellatas\/\">Orvosi rehabilit\u00e1ci\u00f3n<\/a> <\/strong>azt az ir\u00e1ny\u00edtott tev\u00e9kenys\u00e9get \u00e9rtj\u00fck, amely <strong>a p\u00e1ciens<\/strong> (beteg, s\u00e9r\u00fclt szem\u00e9ly) <strong>akt\u00edv r\u00e9szv\u00e9tel\u00e9vel, megmaradt k\u00e9szs\u00e9geinek fejleszt\u00e9s\u00e9re<\/strong> szolg\u00e1l, \u00e9s c\u00e9lja <strong>a lehets\u00e9ges legjobb mozg\u00e1sk\u00e9szs\u00e9g, \u00f6nell\u00e1t\u00e1s \u00e9s lelki egyens\u00faly<\/strong> el\u00e9r\u00e9s\u00e9vel <strong>optim\u00e1lis \u00e9letmin\u0151s\u00e9g<\/strong> kialak\u00edt\u00e1sa. Eszk\u00f6zei a fizioter\u00e1pia, besz\u00e9dter\u00e1pia, sport-, zene- \u00e9s t\u00e1ncter\u00e1pia, foglalkoztat\u00f3 (ergo) ter\u00e1pia, robotter\u00e1pia, pszichol\u00f3giai diagnosztika \u00e9s ter\u00e1pia, neuro-pszichol\u00f3gia, rekonstrukci\u00f3s seb\u00e9szeti beavatkoz\u00e1sok, stb.<\/p>\n<p style=\"text-align: justify;\">A kezel\u00e9sek sor\u00e1n <a href=\"https:\/\/semmelweis.hu\/rehabilitaciosklinika\/tudomany\/\">a<strong> magas sz\u00ednvonal\u00fa, tudom\u00e1nyos adatok<\/strong>on<\/a> alapul\u00f3 ell\u00e1t\u00e1s mellett kiemelt szempontk\u00e9nt kezelj\u00fck betegeink \u00e9s dolgoz\u00f3ink biztons\u00e1g\u00e1t.<\/p>\n<p style=\"text-align: justify;\">A k\u00f6zvetlen betegell\u00e1t\u00e1s mellett a Klinika r\u00e9szt vesz <strong>s<a href=\"https:\/\/semmelweis.hu\/rehabilitaciosklinika\/oktatas\/\">zakemberek oktat\u00e1s\u00e1ban<\/a>, alap-, \u00e9s tov\u00e1bbk\u00e9pz\u00e9s\u00e9ben<\/strong>, k\u00e9r\u00e9sre szakmai tan\u00e1csad\u00e1st biztos\u00edt ter\u00fcleti k\u00f3rh\u00e1zi oszt\u00e1lyoknak. <a href=\"https:\/\/semmelweis.hu\/rehabilitaciosklinika\/tudomany\/\">Kutat\u00e1si<\/a> \u00e9s m\u00f3dszertani tev\u00e9kenys\u00e9get v\u00e9gez a f\u0151 feladat, a betegell\u00e1t\u00e1s jav\u00edt\u00e1sa \u00e9rdek\u00e9ben.<\/p>\n<p style=\"text-align: justify;\">A Klinika a Semmelweis Egyetem oktat\u00f3 int\u00e9zm\u00e9nye, valamint az Eur\u00f3pai Uni\u00f3 Szakorvos Sz\u00f6vets\u00e9g (UEMS) \u00e1ltal is akkredit\u00e1lt rehabilit\u00e1ci\u00f3s oktat\u00f3hely.<\/p>\n<p style=\"text-align: justify;\">A Klinika ad otthont a Semmelweis Egyetem <a href=\"https:\/\/semmelweis.hu\/rehab\/\" target=\"_blank\" rel=\"noopener\">Fizik\u00e1lis Medicina \u00e9s Rehabilit\u00e1ci\u00f3 Tansz\u00e9k<\/a>nek, az Eg\u00e9szs\u00e9g\u00fcgyi Szakmai Koll\u00e9gium Rehabilit\u00e1ci\u00f3, Fizik\u00e1lis medicina \u00e9s Gy\u00f3gy\u00e1szati Seg\u00e9deszk\u00f6z Tagozatnak, a Magyar Rehabilit\u00e1ci\u00f3s T\u00e1rsas\u00e1gnak, az <a href=\"https:\/\/semmelweis.hu\/rehabilitaciosklinika\/alapitvany\/\">Orvosi Rehabilit\u00e1ci\u00f3\u00e9rt Alap\u00edtv\u00e1ny<\/a>nak, az Ortetikai \u00e9s Protetikai T\u00e1rsas\u00e1g (ISPO Hungary) valamint az Ortop\u00e9dtechnikusok Kamar\u00e1ja sz\u00e9khely\u00e9nek, tov\u00e1bb\u00e1 a Rehabilit\u00e1ci\u00f3 c. foly\u00f3irat szerkeszt\u0151s\u00e9g\u00e9nek.<\/p>\n<style>\n           #page-grid .card-body > .line-clamp-box.excerpt{\n        width: inherit;\n        max-width: inherit;\n        display:flex;\n        min-height: 2.4em;\n        flex-direction: column;\n        justify-content: space-around;\n        background-color: #D6E4EA;\n        min-height: 3.4rem;\n        font-family: \"Montserrat\", sans-serif;\n    }\n\n    #page-grid a:hover .card-body > .line-clamp-box.excerpt {\n        background-color: #fff;\n        color: #313B40;\n    }\n\n    #page-grid .card-body .line-clamp-box.excerpt section{\n        max-width: inherit;\n        display: -webkit-box;\n        -webkit-line-clamp: 2;\n        -webkit-box-orient: vertical;\n        overflow: hidden;\n        text-overflow: ellipsis;\n        hyphens: auto;\n        margin: auto;\n        \n    }\n    .line-clamp-box.excerpt section, .line-clamp-box.excerpt section p{\n        font-size:0.8em;\n    }\n    \n<\/style>\n    <section id=\"page-grid\">\n        <section class=\"d-block d-md-flex title-row my-3 ml-0 ml-md-1\">\n<div class=\"section-title  mb-1 \">\n<h2>\n    Kapcsol\u00f3d\u00f3 oldalak\n<\/h2>\n<\/div>\n<\/section>\n        <div class=\"row row-cols-1 row-cols-md-2 row-cols-lg-4 no-gutters mx-0 \">    <div class =\"col  mb-2 card-wrapper\">\n        <a class=\"d-flex flex-fill card-link-warapper m-md-1\" href=\"https:\/\/semmelweis.hu\/rehabilitaciosklinika\/a-klinikarol\/tortenetunk\/\">\n            <div class=\"card border border-secondary se-border flex-fill\">\n                <div class=\"row no-gutters mx-0 d-flex flex-nowrap flex-md-wrap align-items-center\">\n                    <div class =\"  col-5 col-md-12  d-none  d-md-none d-md-none  bg-image  card-image justify-content-center\">\n                        <img class='wp-post-image img-fluid landscape' src='https:\/\/semmelweis.hu\/rehabilitaciosklinika\/wp-content\/themes\/se18\/dist\/images\/svg\/bg-image.svg' \/>\n                    <\/div>\n                    <div class=\"card-body  col flex-column  col-md-12 p-0\">\n                        <div class=\"line-clamp-box p-3\">\n                            <h5 class=\"ml-0 ml-sm-1 mt-2 align-items-center\"  >T\u00f6rt\u00e9net\u00fcnk<\/h5>\n                        <\/div>\n                        \n                    <\/div>\n                <\/div>\n\n            <\/div>\n        <\/a>\n    <\/div>    <div class =\"col  mb-2 card-wrapper\">\n        <a class=\"d-flex flex-fill card-link-warapper m-md-1\" href=\"https:\/\/semmelweis.hu\/rehabilitaciosklinika\/a-klinikarol\/vezetoseg\/\">\n            <div class=\"card border border-secondary se-border flex-fill\">\n                <div class=\"row no-gutters mx-0 d-flex flex-nowrap flex-md-wrap align-items-center\">\n                    <div class =\"  col-5 col-md-12  d-none  d-md-none d-md-none  bg-image  card-image justify-content-center\">\n                        <img class='wp-post-image img-fluid landscape' src='https:\/\/semmelweis.hu\/rehabilitaciosklinika\/wp-content\/themes\/se18\/dist\/images\/svg\/bg-image.svg' \/>\n                    <\/div>\n                    <div class=\"card-body  col flex-column  col-md-12 p-0\">\n                        <div class=\"line-clamp-box p-3\">\n                            <h5 class=\"ml-0 ml-sm-1 mt-2 align-items-center\"  >Vezet\u0151s\u00e9g<\/h5>\n                        <\/div>\n                        \n                    <\/div>\n                <\/div>\n\n            <\/div>\n        <\/a>\n    <\/div>    <div class =\"col  mb-2 card-wrapper\">\n        <a class=\"d-flex flex-fill card-link-warapper m-md-1\" href=\"https:\/\/semmelweis.hu\/rehabilitaciosklinika\/a-klinikarol\/minosegpolitika\/\">\n            <div class=\"card border border-secondary se-border flex-fill\">\n                <div class=\"row no-gutters mx-0 d-flex flex-nowrap flex-md-wrap align-items-center\">\n                    <div class =\"  col-5 col-md-12  d-none  d-md-none d-md-none  bg-image  card-image justify-content-center\">\n                        <img class='wp-post-image img-fluid landscape' src='https:\/\/semmelweis.hu\/rehabilitaciosklinika\/wp-content\/themes\/se18\/dist\/images\/svg\/bg-image.svg' \/>\n                    <\/div>\n                    <div class=\"card-body  col flex-column  col-md-12 p-0\">\n                        <div class=\"line-clamp-box p-3\">\n                            <h5 class=\"ml-0 ml-sm-1 mt-2 align-items-center\"  >Min\u0151s\u00e9g\u00fcgy<\/h5>\n                        <\/div>\n                        \n                    <\/div>\n                <\/div>\n\n            <\/div>\n        <\/a>\n    <\/div>    <div class =\"col  mb-2 card-wrapper\">\n        <a class=\"d-flex flex-fill card-link-warapper m-md-1\" href=\"https:\/\/semmelweis.hu\/rehabilitaciosklinika\/a-klinikarol\/elnyert-palyazatok\/\">\n            <div class=\"card border border-secondary se-border flex-fill\">\n                <div class=\"row no-gutters mx-0 d-flex flex-nowrap flex-md-wrap align-items-center\">\n                    <div class =\"  col-5 col-md-12  d-none  d-md-none d-md-none  bg-image  card-image justify-content-center\">\n                        <img class='wp-post-image img-fluid landscape' src='https:\/\/semmelweis.hu\/rehabilitaciosklinika\/wp-content\/themes\/se18\/dist\/images\/svg\/bg-image.svg' \/>\n                    <\/div>\n                    <div class=\"card-body  col flex-column  col-md-12 p-0\">\n                        <div class=\"line-clamp-box p-3\">\n                            <h5 class=\"ml-0 ml-sm-1 mt-2 align-items-center\"  >Elnyert p\u00e1ly\u00e1zatok<\/h5>\n                        <\/div>\n                        \n                    <\/div>\n                <\/div>\n\n            <\/div>\n        <\/a>\n    <\/div>    <div class =\"col  mb-2 card-wrapper\">\n        <a class=\"d-flex flex-fill card-link-warapper m-md-1\" href=\"https:\/\/semmelweis.hu\/rehabilitaciosklinika\/a-klinikarol\/osap-adatszolgaltato-lapok\/\">\n            <div class=\"card border border-secondary se-border flex-fill\">\n                <div class=\"row no-gutters mx-0 d-flex flex-nowrap flex-md-wrap align-items-center\">\n                    <div class =\"  col-5 col-md-12  d-none  d-md-none d-md-none  bg-image  card-image justify-content-center\">\n                        <img class='wp-post-image img-fluid landscape' src='https:\/\/semmelweis.hu\/rehabilitaciosklinika\/wp-content\/themes\/se18\/dist\/images\/svg\/bg-image.svg' \/>\n                    <\/div>\n                    <div class=\"card-body  col flex-column  col-md-12 p-0\">\n                        <div class=\"line-clamp-box p-3\">\n                            <h5 class=\"ml-0 ml-sm-1 mt-2 align-items-center\"  >OSAP Adatszolg\u00e1ltat\u00f3 Lapok<\/h5>\n                        <\/div>\n                        \n                    <\/div>\n                <\/div>\n\n            <\/div>\n        <\/a>\n    <\/div>        <\/div>\n    <\/section>\n","protected":false},"excerpt":{"rendered":"<p>A Rehabilit\u00e1ci\u00f3s Klinika az 1975 \u00f3ta m\u0171k\u00f6d\u00f6tt Orsz\u00e1gos Orvosi Rehabilit\u00e1ci\u00f3s Int\u00e9zet jogut\u00f3dja. Int\u00e9zm\u00e9ny\u00fcnk a rehabilit\u00e1ci\u00f3 szakter\u00fclet\u00e9n a progressz\u00edv ell\u00e1t\u00e1s legmagasabb szint\u0171 betegell\u00e1t\u00f3 egys\u00e9ge, tudom\u00e1nyos kutat\u00f3, oktat\u00f3-tov\u00e1bbk\u00e9pz\u0151, szakmai m\u00f3dszertani \u00e9s min\u0151s\u00e9gbiztos\u00edt\u00e1si k\u00f6zpont.<\/p>\n<p>Int\u00e9zm\u00e9ny\u00fcnkben a rehabilit\u00e1ci\u00f3s szakorvosok k\u00e9pz\u00e9se, szakvizsg\u00e1ra val\u00f3 felk\u00e9sz\u00edt\u00e9se, vizsg\u00e1ztat\u00e1sa is folyik.<\/p>\n","protected":false},"author":12,"featured_media":2037,"parent":0,"menu_order":0,"comment_status":"closed","ping_status":"closed","template":"template-fullwidth.php","meta":{"_acf_changed":false,"footnotes":""},"categories":[],"tags":[],"class_list":["post-7","page","type-page","status-publish","has-post-thumbnail","hentry"],"acf":[],"_links":{"self":[{"href":"https:\/\/semmelweis.hu\/rehabilitaciosklinika\/wp-json\/wp\/v2\/pages\/7","targetHints":{"allow":["GET"]}}],"collection":[{"href":"https:\/\/semmelweis.hu\/rehabilitaciosklinika\/wp-json\/wp\/v2\/pages"}],"about":[{"href":"https:\/\/semmelweis.hu\/rehabilitaciosklinika\/wp-json\/wp\/v2\/types\/page"}],"author":[{"embeddable":true,"href":"https:\/\/semmelweis.hu\/rehabilitaciosklinika\/wp-json\/wp\/v2\/users\/12"}],"replies":[{"embeddable":true,"href":"https:\/\/semmelweis.hu\/rehabilitaciosklinika\/wp-json\/wp\/v2\/comments?post=7"}],"version-history":[{"count":11,"href":"https:\/\/semmelweis.hu\/rehabilitaciosklinika\/wp-json\/wp\/v2\/pages\/7\/revisions"}],"predecessor-version":[{"id":3090,"href":"https:\/\/semmelweis.hu\/rehabilitaciosklinika\/wp-json\/wp\/v2\/pages\/7\/revisions\/3090"}],"wp:featuredmedia":[{"embeddable":true,"href":"https:\/\/semmelweis.hu\/rehabilitaciosklinika\/wp-json\/wp\/v2\/media\/2037"}],"wp:attachment":[{"href":"https:\/\/semmelweis.hu\/rehabilitaciosklinika\/wp-json\/wp\/v2\/media?parent=7"}],"wp:term":[{"taxonomy":"category","embeddable":true,"href":"https:\/\/semmelweis.hu\/rehabilitaciosklinika\/wp-json\/wp\/v2\/categories?post=7"},{"taxonomy":"post_tag","embeddable":true,"href":"https:\/\/semmelweis.hu\/rehabilitaciosklinika\/wp-json\/wp\/v2\/tags?post=7"}],"curies":[{"name":"wp","href":"https:\/\/api.w.org\/{rel}","templated":true}]}}