{"id":3420,"date":"2025-08-12T08:31:09","date_gmt":"2025-08-12T06:31:09","guid":{"rendered":"https:\/\/semmelweis.hu\/rehabilitaciosklinika\/?page_id=3420"},"modified":"2025-08-12T08:31:09","modified_gmt":"2025-08-12T06:31:09","slug":"behajtas-parkolas","status":"publish","type":"page","link":"https:\/\/semmelweis.hu\/rehabilitaciosklinika\/szolgaltatasok\/behajtas-parkolas\/","title":{"rendered":"Behajt\u00e1s\/Parkol\u00e1s"},"content":{"rendered":"<p>\u00c9rtes\u00edtj\u00fck a kedves l\u00e1togat\u00f3kat \u00e9s partnereinket, hogy 2025. m\u00e1rcius 1-\u00e9t\u0151l a Klinika ter\u00fclet\u00e9re t\u00f6rt\u00e9n\u0151 behajt\u00e1s d\u00edja <strong>1.000.- Ft \/ alkalom<\/strong>. Ez tov\u00e1bbra is napi egy, id\u0151korl\u00e1toz\u00e1s n\u00e9lk\u00fcli behajt\u00e1st tesz lehet\u0151v\u00e9.<br \/>\nAz egy\u00e9b behajt\u00e1si d\u00edjak v\u00e1ltoz\u00e1s\u00e1t a t\u00e1bl\u00e1zat tartalmazza. A kor\u00e1bban megv\u00e1ltott heti, havi stb. behajt\u00e1si enged\u00e9lyek lej\u00e1ratukig \u00e9rv\u00e9nyesek maradnak.<\/p>\n<p><strong>G\u00e9pj\u00e1rm\u0171 be- \u00e9s kil\u00e9p\u00e9si, parkol\u00e1si \u00e9s k\u00f6zleked\u00e9si utas\u00edt\u00e1s, 2. sz. mell\u00e9klet \u2013 Behajt\u00e1si \u00e9s parkol\u00e1si d\u00edjak<\/strong><\/p>\n<table width=\"667\" cellspacing=\"0\">\n<tbody>\n<tr>\n<td width=\"381\"><strong>Megnevez\u00e9s<\/strong><\/td>\n<td width=\"287\"><strong>D\u00edj (brutt\u00f3 27% \u00c1FA-t tartalmaz)<\/strong><\/td>\n<\/tr>\n<tr>\n<td width=\"381\">Elektronikus k\u00e1rtya egyszeri d\u00edja \u2013 kiv\u00e1lthat\u00f3 darabsz\u00e1m: 1 db\/1 jogosult (c\u00e9gek eset\u00e9ben a b\u00e9rleti\/haszn\u00e1latbav\u00e9teli szerz\u0151d\u00e9sben ker\u00fcl meghat\u00e1roz\u00e1sra a sz\u00e1ma)<\/td>\n<td width=\"287\">3.000 Ft<\/td>\n<\/tr>\n<tr>\n<td width=\"381\">Parkol\u00e1si jegy, behajt\u00e1si d\u00edj alkalmank\u00e9nt (t\u00e9r\u00edt\u00e9smentes id\u0151szak a behajt\u00e1st\u00f3l sz\u00e1m\u00edtott 15 perc)<\/td>\n<td width=\"287\">1.000 Ft<\/td>\n<\/tr>\n<tr>\n<td width=\"381\">Parkol\u00e1si jegy, napon t\u00fali d\u00edj<\/td>\n<td width=\"287\">2-4. nap 1500 Ft\/nap, 5. napt\u00f3l 2000 Ft\/nap<\/td>\n<\/tr>\n<tr>\n<td width=\"381\">Heti behajt\u00e1si enged\u00e9ly (a v\u00e1lt\u00e1s napj\u00e1n + 6 napig \u00e9rv\u00e9nyes)<\/td>\n<td width=\"287\">5.000 Ft<\/td>\n<\/tr>\n<tr>\n<td width=\"381\">Havi behajt\u00e1si enged\u00e9ly (a v\u00e1lt\u00e1s napj\u00e1t k\u00f6vet\u0151 1 h\u00f3napig, azaz 30 napig \u00e9rv\u00e9nyes)<\/td>\n<td width=\"287\">15.000 Ft<\/td>\n<\/tr>\n<tr>\n<td width=\"381\">Negyed\u00e9ves behajt\u00e1si enged\u00e9ly (el\u0151re v\u00e1ltva a napt\u00e1r szerinti k\u00f6vetkez\u0151 negyed\u00e9vre \u00e9rv\u00e9nyes, az adott negyed\u00e9ven bel\u00fcl v\u00e1ltva a v\u00e1lt\u00e1s napj\u00e1t\u00f3l az adott negyed\u00e9v v\u00e9g\u00e9ig)<\/td>\n<td width=\"287\">40.000 Ft<\/td>\n<\/tr>\n<tr>\n<td width=\"381\">F\u00e9l\u00e9ves d\u00edj<\/td>\n<td width=\"287\">65.000 Ft<\/td>\n<\/tr>\n<tr>\n<td width=\"381\">\u00c9ves behajt\u00e1si enged\u00e9ly (el\u0151re v\u00e1ltva a napt\u00e1r szerinti k\u00f6vetkez\u0151 \u00e9vre \u00e9rv\u00e9nyes, az adott \u00e9ven bel\u00fcl v\u00e1ltva a v\u00e1lt\u00e1s napj\u00e1t\u00f3l annak v\u00e9g\u00e9ig)<\/td>\n<td width=\"287\">100.000 Ft<\/td>\n<\/tr>\n<tr>\n<td width=\"381\">Uszod\u00e1ba \u00e9rkez\u0151 sportol\u00f3k id\u0151ponthoz k\u00f6t\u00f6tt (negyed\u00e9ves) k\u00e1rtya haszn\u00e1lati d\u00edja<\/td>\n<td width=\"287\">15.000 Ft\/3 h\u00f3<\/td>\n<\/tr>\n<tr>\n<td width=\"381\">A nappali k\u00f3rh\u00e1z betegei sz\u00e1m\u00e1ra a havi behajt\u00e1si enged\u00e9ly<\/td>\n<td width=\"287\">5 000 Ft\/h\u00f3<\/td>\n<\/tr>\n<tr>\n<td width=\"381\">Elveszett\/megrong\u00e1l\u00f3dott parkol\u00e1si jegy p\u00f3tl\u00e1s\u00e1nak d\u00edja<\/td>\n<td width=\"287\">5 000 Ft\/nap<\/td>\n<\/tr>\n<tr>\n<td width=\"381\">Elveszett RFID k\u00e1rtya p\u00f3tl\u00e1s\u00e1nak d\u00edja<\/td>\n<td width=\"287\">7 000 Ft<\/td>\n<\/tr>\n<\/tbody>\n<\/table>\n<p>&nbsp;<\/p>\n","protected":false},"excerpt":{"rendered":"<p>\u00c9rtes\u00edtj\u00fck a kedves l\u00e1togat\u00f3kat \u00e9s partnereinket, hogy 2025. m\u00e1rcius 1-\u00e9t\u0151l a Klinika ter\u00fclet\u00e9re t\u00f6rt\u00e9n\u0151 behajt\u00e1s d\u00edja 1.000.- Ft \/ alkalom. Ez tov\u00e1bbra is napi egy, id\u0151korl\u00e1toz\u00e1s n\u00e9lk\u00fcli behajt\u00e1st tesz lehet\u0151v\u00e9. Az egy\u00e9b behajt\u00e1si d\u00edjak v\u00e1ltoz\u00e1s\u00e1t a t\u00e1bl\u00e1zat tartalmazza. A kor\u00e1bban megv\u00e1ltott heti, havi stb. behajt\u00e1si enged\u00e9lyek lej\u00e1ratukig \u00e9rv\u00e9nyesek maradnak. G\u00e9pj\u00e1rm\u0171 be- \u00e9s kil\u00e9p\u00e9si, parkol\u00e1si \u00e9s &hellip;<\/p>\n","protected":false},"author":102469,"featured_media":0,"parent":766,"menu_order":0,"comment_status":"closed","ping_status":"closed","template":"template-fullwidth.php","meta":{"_acf_changed":false,"footnotes":""},"categories":[],"tags":[],"class_list":["post-3420","page","type-page","status-publish","hentry"],"acf":[],"_links":{"self":[{"href":"https:\/\/semmelweis.hu\/rehabilitaciosklinika\/wp-json\/wp\/v2\/pages\/3420","targetHints":{"allow":["GET"]}}],"collection":[{"href":"https:\/\/semmelweis.hu\/rehabilitaciosklinika\/wp-json\/wp\/v2\/pages"}],"about":[{"href":"https:\/\/semmelweis.hu\/rehabilitaciosklinika\/wp-json\/wp\/v2\/types\/page"}],"author":[{"embeddable":true,"href":"https:\/\/semmelweis.hu\/rehabilitaciosklinika\/wp-json\/wp\/v2\/users\/102469"}],"replies":[{"embeddable":true,"href":"https:\/\/semmelweis.hu\/rehabilitaciosklinika\/wp-json\/wp\/v2\/comments?post=3420"}],"version-history":[{"count":2,"href":"https:\/\/semmelweis.hu\/rehabilitaciosklinika\/wp-json\/wp\/v2\/pages\/3420\/revisions"}],"predecessor-version":[{"id":3422,"href":"https:\/\/semmelweis.hu\/rehabilitaciosklinika\/wp-json\/wp\/v2\/pages\/3420\/revisions\/3422"}],"up":[{"embeddable":true,"href":"https:\/\/semmelweis.hu\/rehabilitaciosklinika\/wp-json\/wp\/v2\/pages\/766"}],"wp:attachment":[{"href":"https:\/\/semmelweis.hu\/rehabilitaciosklinika\/wp-json\/wp\/v2\/media?parent=3420"}],"wp:term":[{"taxonomy":"category","embeddable":true,"href":"https:\/\/semmelweis.hu\/rehabilitaciosklinika\/wp-json\/wp\/v2\/categories?post=3420"},{"taxonomy":"post_tag","embeddable":true,"href":"https:\/\/semmelweis.hu\/rehabilitaciosklinika\/wp-json\/wp\/v2\/tags?post=3420"}],"curies":[{"name":"wp","href":"https:\/\/api.w.org\/{rel}","templated":true}]}}