{"id":3402,"date":"2025-07-29T11:20:23","date_gmt":"2025-07-29T09:20:23","guid":{"rendered":"https:\/\/semmelweis.hu\/rehabilitaciosklinika\/?page_id=3402"},"modified":"2026-03-30T14:07:59","modified_gmt":"2026-03-30T12:07:59","slug":"munkatarsaknak","status":"publish","type":"page","link":"https:\/\/semmelweis.hu\/rehabilitaciosklinika\/munkatarsaknak\/","title":{"rendered":"Munkat\u00e1rsaknak"},"content":{"rendered":"<p><a class=\"btn btn-secondary\" href=\"https:\/\/semmelweis.hu\/rehabilitaciosklinika\/files\/2026\/03\/Szakrendelok_20260318.xlsx\" target=\"_blank\" rel=\"noopener\">Rendel\u0151k beoszt\u00e1sa (xls)<\/a><\/p>\n<p><a class=\"btn btn-secondary\" href=\"https:\/\/belso.rehabint.hu\/wp-login.php?redirect_to=https%3A%2F%2Fbelso.rehabint.hu%2F2025%2F07%2F29%2Fvigyazzunk-magunkra-es-egymasra%2F\" target=\"_blank\" rel=\"noopener\">Vig\u00e1yzzunk magunkra \u00e9s egym\u00e1sra!<\/a><\/p>\n<p><a class=\"btn btn-secondary\" href=\"https:\/\/semmelweis.hu\/rehabilitaciosklinika\/files\/2025\/12\/Csaladbarat-Egyetem-Korlevel.pdf\" target=\"_blank\" rel=\"noopener\">Csal\u00e1dbar\u00e1t Egyetem K\u00f6rlev\u00e9l<\/a><\/p>\n<p style=\"text-align: center\">Dolgoz\u00f3i Programok:<\/p>\n<table style=\"width: 100%;border-collapse: collapse;border-style: hidden\">\n<tbody>\n<tr style=\"border-style: hidden\">\n<td style=\"width: 50%;text-align: center\"><a class=\"btn btn-secondary\" href=\"https:\/\/semmelweis.hu\/rehabilitaciosklinika\/?page_id=3805&amp;preview=true\" target=\"_blank\" rel=\"noopener\">Eseti jelleg\u0171 programok<\/a><\/td>\n<td style=\"width: 50%;text-align: center\"><a class=\"btn btn-secondary\" href=\"https:\/\/semmelweis.hu\/rehabilitaciosklinika\/heti-rendszeresseggel-megvalosulo-programok\/\" target=\"_blank\" rel=\"noopener\">Heti rendszeress\u00e9ggel megval\u00f3sul\u00f3 programok<\/a><\/td>\n<\/tr>\n<\/tbody>\n<\/table>\n<p>&nbsp;<\/p>\n","protected":false},"excerpt":{"rendered":"<p><a class=\"btn btn-secondary\" href=\"https:\/\/semmelweis.hu\/rehabilitaciosklinika\/files\/2026\/03\/Szakrendelok_20260318.xlsx\" target=\"_blank\" rel=\"noopener\">Rendel\u0151k beoszt\u00e1sa (xls)<\/a><br \/>\n<a class=\"btn btn-secondary\" href=\"https:\/\/belso.rehabint.hu\/wp-login.php?redirect_to=https%3A%2F%2Fbelso.rehabint.hu%2F2025%2F07%2F29%2Fvigyazzunk-magunkra-es-egymasra%2F\" target=\"_blank\" rel=\"noopener\">Vig\u00e1yzzunk magunkra \u00e9s egym\u00e1sra!<\/a><br \/>\n<a class=\"btn btn-secondary\" href=\"https:\/\/semmelweis.hu\/rehabilitaciosklinika\/files\/2025\/12\/Csaladbarat-Egyetem-Korlevel.pdf\" target=\"_blank\" rel=\"noopener\">Csal\u00e1dbar\u00e1t Egyetem K\u00f6rlev\u00e9l<\/a><br \/>\nDolgoz\u00f3i Programok:<\/p>\n<p><a class=\"btn btn-secondary\" href=\"https:\/\/semmelweis.hu\/rehabilitaciosklinika\/?page_id=3805&amp;preview=true\" target=\"_blank\" rel=\"noopener\">Eseti jelleg\u0171 programok<\/a><br \/>\n<a class=\"btn btn-secondary\" href=\"https:\/\/semmelweis.hu\/rehabilitaciosklinika\/heti-rendszeresseggel-megvalosulo-programok\/\" target=\"_blank\" rel=\"noopener\">Heti rendszeress\u00e9ggel megval\u00f3sul\u00f3 programok<\/a><\/p>\n<p>&nbsp;<\/p>\n","protected":false},"author":102469,"featured_media":0,"parent":0,"menu_order":0,"comment_status":"closed","ping_status":"closed","template":"","meta":{"_acf_changed":false,"footnotes":""},"categories":[],"tags":[],"class_list":["post-3402","page","type-page","status-publish","hentry"],"acf":[],"_links":{"self":[{"href":"https:\/\/semmelweis.hu\/rehabilitaciosklinika\/wp-json\/wp\/v2\/pages\/3402","targetHints":{"allow":["GET"]}}],"collection":[{"href":"https:\/\/semmelweis.hu\/rehabilitaciosklinika\/wp-json\/wp\/v2\/pages"}],"about":[{"href":"https:\/\/semmelweis.hu\/rehabilitaciosklinika\/wp-json\/wp\/v2\/types\/page"}],"author":[{"embeddable":true,"href":"https:\/\/semmelweis.hu\/rehabilitaciosklinika\/wp-json\/wp\/v2\/users\/102469"}],"replies":[{"embeddable":true,"href":"https:\/\/semmelweis.hu\/rehabilitaciosklinika\/wp-json\/wp\/v2\/comments?post=3402"}],"version-history":[{"count":8,"href":"https:\/\/semmelweis.hu\/rehabilitaciosklinika\/wp-json\/wp\/v2\/pages\/3402\/revisions"}],"predecessor-version":[{"id":3860,"href":"https:\/\/semmelweis.hu\/rehabilitaciosklinika\/wp-json\/wp\/v2\/pages\/3402\/revisions\/3860"}],"wp:attachment":[{"href":"https:\/\/semmelweis.hu\/rehabilitaciosklinika\/wp-json\/wp\/v2\/media?parent=3402"}],"wp:term":[{"taxonomy":"category","embeddable":true,"href":"https:\/\/semmelweis.hu\/rehabilitaciosklinika\/wp-json\/wp\/v2\/categories?post=3402"},{"taxonomy":"post_tag","embeddable":true,"href":"https:\/\/semmelweis.hu\/rehabilitaciosklinika\/wp-json\/wp\/v2\/tags?post=3402"}],"curies":[{"name":"wp","href":"https:\/\/api.w.org\/{rel}","templated":true}]}}