{"id":3382,"date":"2025-07-17T11:07:51","date_gmt":"2025-07-17T09:07:51","guid":{"rendered":"https:\/\/semmelweis.hu\/rehabilitaciosklinika\/?page_id=3382"},"modified":"2025-08-04T07:39:49","modified_gmt":"2025-08-04T05:39:49","slug":"szabalyzatok","status":"publish","type":"page","link":"https:\/\/semmelweis.hu\/rehabilitaciosklinika\/szabalyzatok\/","title":{"rendered":"Szab\u00e1lyzatok"},"content":{"rendered":"<p><a href=\"https:\/\/semmelweis.hu\/jogigfoig\/files\/2025\/04\/Egeszsegugyi_teritesi-_es_dijszabalyzat_hataly_2025_IV_16.pdf\" target=\"_blank\" rel=\"noopener\">Semmelweis Egyetem T\u00e9r\u00edt\u00e9si- \u00e9s d\u00edjszab\u00e1lyzata<\/a><\/p>\n<p><a href=\"https:\/\/semmelweis.hu\/rehabilitaciosklinika\/files\/2025\/03\/Hazirend_SERKL_erv-2025.03.01_javitott.pdf\" target=\"_blank\" rel=\"noopener\">H\u00e1zirend<\/a><\/p>\n<p><a href=\"https:\/\/semmelweis.hu\/rehabilitaciosklinika\/files\/2025\/08\/SERK-ESZKOZKIPROBALAS-ELJARASREND-1.pdf\" target=\"_blank\" rel=\"noopener\">Eszk\u00f6zkipr\u00f3b\u00e1l\u00e1si elj\u00e1r\u00e1srend<\/a><\/p>\n","protected":false},"excerpt":{"rendered":"<p><a href=\"https:\/\/semmelweis.hu\/jogigfoig\/files\/2025\/04\/Egeszsegugyi_teritesi-_es_dijszabalyzat_hataly_2025_IV_16.pdf\" target=\"_blank\" rel=\"noopener\">Semmelweis Egyetem T\u00e9r\u00edt\u00e9si- \u00e9s d\u00edjszab\u00e1lyzata<\/a><br \/>\n<a href=\"https:\/\/semmelweis.hu\/rehabilitaciosklinika\/files\/2025\/03\/Hazirend_SERKL_erv-2025.03.01_javitott.pdf\" target=\"_blank\" rel=\"noopener\">H\u00e1zirend<\/a><br \/>\n<a href=\"https:\/\/semmelweis.hu\/rehabilitaciosklinika\/files\/2025\/08\/SERK-ESZKOZKIPROBALAS-ELJARASREND-1.pdf\" target=\"_blank\" rel=\"noopener\">Eszk\u00f6zkipr\u00f3b\u00e1l\u00e1si elj\u00e1r\u00e1srend<\/a><\/p>\n","protected":false},"author":102388,"featured_media":0,"parent":0,"menu_order":0,"comment_status":"closed","ping_status":"closed","template":"","meta":{"_acf_changed":false,"footnotes":""},"categories":[],"tags":[],"class_list":["post-3382","page","type-page","status-publish","hentry"],"acf":[],"_links":{"self":[{"href":"https:\/\/semmelweis.hu\/rehabilitaciosklinika\/wp-json\/wp\/v2\/pages\/3382","targetHints":{"allow":["GET"]}}],"collection":[{"href":"https:\/\/semmelweis.hu\/rehabilitaciosklinika\/wp-json\/wp\/v2\/pages"}],"about":[{"href":"https:\/\/semmelweis.hu\/rehabilitaciosklinika\/wp-json\/wp\/v2\/types\/page"}],"author":[{"embeddable":true,"href":"https:\/\/semmelweis.hu\/rehabilitaciosklinika\/wp-json\/wp\/v2\/users\/102388"}],"replies":[{"embeddable":true,"href":"https:\/\/semmelweis.hu\/rehabilitaciosklinika\/wp-json\/wp\/v2\/comments?post=3382"}],"version-history":[{"count":5,"href":"https:\/\/semmelweis.hu\/rehabilitaciosklinika\/wp-json\/wp\/v2\/pages\/3382\/revisions"}],"predecessor-version":[{"id":3413,"href":"https:\/\/semmelweis.hu\/rehabilitaciosklinika\/wp-json\/wp\/v2\/pages\/3382\/revisions\/3413"}],"wp:attachment":[{"href":"https:\/\/semmelweis.hu\/rehabilitaciosklinika\/wp-json\/wp\/v2\/media?parent=3382"}],"wp:term":[{"taxonomy":"category","embeddable":true,"href":"https:\/\/semmelweis.hu\/rehabilitaciosklinika\/wp-json\/wp\/v2\/categories?post=3382"},{"taxonomy":"post_tag","embeddable":true,"href":"https:\/\/semmelweis.hu\/rehabilitaciosklinika\/wp-json\/wp\/v2\/tags?post=3382"}],"curies":[{"name":"wp","href":"https:\/\/api.w.org\/{rel}","templated":true}]}}