{"id":3373,"date":"2025-07-08T14:23:49","date_gmt":"2025-07-08T12:23:49","guid":{"rendered":"https:\/\/semmelweis.hu\/rehabilitaciosklinika\/?page_id=3373"},"modified":"2025-07-08T15:23:00","modified_gmt":"2025-07-08T13:23:00","slug":"save-az-idosek-biztonsaganak-es-elerhetosegenek-biztositasa","status":"publish","type":"page","link":"https:\/\/semmelweis.hu\/rehabilitaciosklinika\/save-az-idosek-biztonsaganak-es-elerhetosegenek-biztositasa\/","title":{"rendered":"SAVE \u2013 Az id\u0151sek biztons\u00e1g\u00e1nak \u00e9s el\u00e9rhet\u0151s\u00e9g\u00e9nek biztos\u00edt\u00e1sa"},"content":{"rendered":"<p><strong>A kutat\u00e1s futamideje\u00a0\u00a0\u00a0\u00a0<\/strong><\/p>\n<p>2019.09.01. \u2013 2023.05.31.<\/p>\n<p><strong>A kutat\u00e1s t\u00e1mogat\u00f3ja\u00a0\u00a0\u00a0<\/strong><\/p>\n<ul>\n<li>Eur\u00f3pai Uni\u00f3 Active and Assisted Living (AAL) Joint Programme<\/li>\n<li>NKFI Hivatal<\/li>\n<\/ul>\n<p><strong>A kutat\u00e1s vezet\u0151je\u00a0\u00a0\u00a0\u00a0\u00a0\u00a0\u00a0\u00a0<\/strong><\/p>\n<p>Prof. Dr. Fazekas G\u00e1bor Ph.D. habil., egyetemi tan\u00e1r<\/p>\n<p><strong>R\u00e9sztvev\u0151 kutat\u00f3k a Rehabilit\u00e1ci\u00f3s Klinik\u00e1r\u00f3l<\/strong><\/p>\n<ul>\n<li>Dr. T\u00f3nay Gabriella orvos, Ph.D. hallgat\u00f3<\/li>\n<li>T\u00f3th Andr\u00e1s g\u00e9p\u00e9szm\u00e9rn\u00f6k<\/li>\n<li>Pilissy Tam\u00e1s m\u00e9rn\u00f6k informatikus<\/li>\n<\/ul>\n<p><strong>K\u00fcls\u0151 partnerek\u00a0\u00a0<\/strong>\u00a0\u00a0\u00a0\u00a0\u00a0\u00a0\u00a0\u00a0\u00a0\u00a0\u00a0<\/p>\n<ul>\n<li>EVA Vision Kutat\u00e1s-Fejleszt\u00e9si Korl\u00e1tolt Felel\u0151ss\u00e9g\u0171 T\u00e1rsas\u00e1g<\/li>\n<li>Ikontent Digital Europe Online Marketing Tan\u00e1csad\u00f3 Korl\u00e1tolt Felel\u0151ss\u00e9g\u0171 T\u00e1rsas\u00e1g<\/li>\n<li>Brass\u00f3i Egyetem, Rom\u00e1nia (koordin\u00e1tor)<\/li>\n<li>Vision Systems SRL, Rom\u00e1nia<\/li>\n<li>Institute of Space Science, Rom\u00e1nia<\/li>\n<li>Laboratorio delle Idee S.r.l., Olaszorsz\u00e1g<\/li>\n<li>IRCCS-INRCA, Olaszorsz\u00e1g<\/li>\n<\/ul>\n<p><strong>A kutat\u00e1s f\u0151bb c\u00e9lkit\u0171z\u00e9sei\u00a0\u00a0\u00a0\u00a0\u00a0\u00a0\u00a0\u00a0<\/strong><\/p>\n<p>A SAVE projekt a jelenkor technikai lehet\u0151s\u00e9geinek felhaszn\u00e1l\u00e1s\u00e1val egy olyan rendszer fejleszt\u00e9s\u00e9t c\u00e9lozta, amely seg\u00edti az id\u0151s, \u00f6n\u00e1ll\u00f3 \u00e9letvitelt \u00e9l\u0151 embereket h\u00e9tk\u00f6znapi tev\u00e9kenys\u00e9geik elv\u00e9gz\u00e9s\u00e9ben, hogy \u00f6n\u00e1ll\u00f3s\u00e1guk min\u00e9l tov\u00e1bb fennmaradhasson. Ehhez okos\u00f3r\u00e1t, lak\u00e1sban elhelyezett k\u00f6rnyezeti \u00e9rz\u00e9kel\u0151ket (jelenl\u00e9t, ajt\u00f3nyit\u00e1s \u00e9s v\u00edz \u00e9rz\u00e9kel\u0151ket), valamint az eg\u00e9sz rendszer m\u0171k\u00f6d\u00e9s\u00e9t ir\u00e1ny\u00edt\u00f3 \u00e9s visszajelz\u00e9st ad\u00f3 felh\u0151szolg\u00e1ltat\u00e1st haszn\u00e1ltunk.<\/p>\n<p>A Rehabilit\u00e1ci\u00f3s Klinika feladata a felhaszn\u00e1l\u00f3i ig\u00e9nyek felm\u00e9r\u00e9se, majd a protot\u00edpusok, valamint az egyes alrendszerek \u00e9s funkci\u00f3k kipr\u00f3b\u00e1l\u00e1sa volt, kezdve a laborat\u00f3riumi tesztekt\u0151l a potenci\u00e1lis v\u00e9gfelhaszn\u00e1l\u00f3k otthon\u00e1ban v\u00e9gzett, 21 nap id\u0151tartam\u00fa terepvizsg\u00e1latig.<\/p>\n<p><strong>\u00a0<a href=\"https:\/\/semmelweis.hu\/rehabilitaciosklinika\/files\/2025\/07\/SAVE.png\"><img loading=\"lazy\" decoding=\"async\" class=\"aligncenter wp-image-3374 size-large\" src=\"https:\/\/semmelweis.hu\/rehabilitaciosklinika\/files\/2025\/07\/SAVE-1024x715.png\" alt=\"\" width=\"753\" height=\"526\" srcset=\"https:\/\/semmelweis.hu\/rehabilitaciosklinika\/files\/2025\/07\/SAVE-1024x715.png 1024w, https:\/\/semmelweis.hu\/rehabilitaciosklinika\/files\/2025\/07\/SAVE-400x279.png 400w, https:\/\/semmelweis.hu\/rehabilitaciosklinika\/files\/2025\/07\/SAVE-768x536.png 768w, https:\/\/semmelweis.hu\/rehabilitaciosklinika\/files\/2025\/07\/SAVE-753x526.png 753w, https:\/\/semmelweis.hu\/rehabilitaciosklinika\/files\/2025\/07\/SAVE.png 1271w\" sizes=\"auto, (max-width: 753px) 100vw, 753px\" \/><\/a><\/strong><\/p>\n<p><strong>A kutat\u00e1s f\u0151bb eredm\u00e9nyei\u00a0\u00a0\u00a0\u00a0\u00a0\u00a0\u00a0<\/strong><\/p>\n<p>A SAVE eszk\u00f6z- \u00e9s szolg\u00e1ltat\u00e1sk\u00e9szletet 25 egyed\u00fcl \u00e9l\u0151 65 \u00e9v feletti felhaszn\u00e1l\u00f3 (\u201egondozott\u201d) pr\u00f3b\u00e1lta ki, akik sz\u00e1m\u00e1ra biztons\u00e1g\u00e9rzetet jelentett a v\u00e9szh\u00edv\u00e1s ind\u00edt\u00e1s\u00e1ra k\u00e9pes okos\u00f3ra, emellett motiv\u00e1lt\u00e1k \u0151ket napi aktivit\u00e1sukban az \u00f3r\u00e1n megjelen\u0151 figyelmeztet\u00e9sek \u00e9s dics\u00e9retek.<\/p>\n<p>Kutat\u00e1sunk megd\u00f6nt\u00f6tte azt a prekoncepci\u00f3t, hogy az id\u0151s kor \u00f6nmag\u00e1ban akad\u00e1lya az infokommunik\u00e1ci\u00f3s t\u00e1mogat\u00f3 technol\u00f3gi\u00e1k terjed\u00e9s\u00e9nek. A korcsoportra bont\u00e1sos statisztikai vizsg\u00e1lat kider\u00edtette, hogy az id\u0151skor\u00faak (75\u201389 \u00e9v) \u00e9s az aggkor\u00faak (90\u2013100 \u00e9v) haszn\u00e1lni \u00e9s hasznos\u00edtani tudj\u00e1k az infokommunik\u00e1ci\u00f3s t\u00e1mogat\u00f3 technol\u00f3gi\u00e1t; az azonos\u00edtott eg\u00e9szs\u00e9g- \u00e9s \u00e9letvitelbeli el\u0151ny\u00f6k miatt b\u00e1tran aj\u00e1nlhat\u00f3k a legid\u0151sebbek sz\u00e1m\u00e1ra is.<\/p>\n<p>&nbsp;<\/p>\n<p><strong>A kutat\u00e1s eredm\u00e9nyeib\u0151l sz\u00fcletett publik\u00e1ci\u00f3k:<\/strong><\/p>\n<p>T\u00f3nay, G., D\u00e9nes, Z., T\u00f3th, A., Pilissy, T., T\u00f3th, B., &amp; Fazekas, G. (2024). Id\u0151s emberek \u00e9s gondoz\u00f3ik sz\u00e1m\u00e1ra fejlesztett okos\u00f3ra-alap\u00fa t\u00e1vgondoz\u00f3 rendszer terepvizsg\u00e1lata \u00e9s digit\u00e1lis napl\u00f3adatokra f\u00f3kusz\u00e1l\u00f3 \u00e9rt\u00e9kel\u00e9se. <em>Orvosi Hetilap<\/em>, 165(50): 1985\u20131996. doi:DOI: 10.1556\/650.2024.33179<\/p>\n<p><a href=\"https:\/\/akjournals.com\/view\/journals\/650\/165\/50\/article-p1985.pdf\">https:\/\/akjournals.com\/view\/journals\/650\/165\/50\/article-p1985.pdf<\/a><\/p>\n<p>&nbsp;<\/p>\n<p>T\u00f3nay, G., Pilissy, T., T\u00f3th, A., &amp; Fazekas, G. (2023). Methods to assess the effectiveness and acceptance of information and communication technology-based assistive technology for older adults: a scoping review. <em>International Journal of Rehabilitation Research<\/em>, 46(2):113-125. doi:PMID: 36867011<\/p>\n<p><a href=\"https:\/\/journals.lww.com\/intjrehabilres\/abstract\/2023\/06000\/methods_to_assess_the_effectiveness_and_acceptance.1.aspx\">https:\/\/journals.lww.com\/intjrehabilres\/abstract\/2023\/06000\/methods_to_assess_the_effectiveness_and_acceptance.1.aspx<\/a><\/p>\n<p>&nbsp;<\/p>\n<p>Stara, V., Rampioni, M., Mo\u0219oi, A., T\u00f3nay, G., Fazekas, G., &amp; et. al. (2022). A Technology-Based Intervention to Support Older Adults in Living Independently: Protocol for a Cross-National Feasibility Pilot. Int J Environ Res Public Health, 19: 16604.<\/p>\n<p><a href=\"https:\/\/www.mdpi.com\/1660-4601\/19\/24\/16604\/pdf?version=1670665440\">https:\/\/www.mdpi.com\/1660-4601\/19\/24\/16604\/pdf?version=1670665440<\/a><\/p>\n<p>&nbsp;<\/p>\n<p><strong>Megjegyz\u00e9s\u00a0\u00a0\u00a0\u00a0\u00a0\u00a0<\/strong><\/p>\n<p>A SAVE projekt honlapj\u00e1nak c\u00edme:\u00a0<a href=\"https:\/\/save-aal.eu\/\">https:\/\/save-aal.eu\/<\/a><\/p>\n","protected":false},"excerpt":{"rendered":"<p>A kutat\u00e1s futamideje\u00a0\u00a0\u00a0\u00a0 2019.09.01. \u2013 2023.05.31. A kutat\u00e1s t\u00e1mogat\u00f3ja\u00a0\u00a0\u00a0 Eur\u00f3pai Uni\u00f3 Active and Assisted Living (AAL) Joint Programme NKFI Hivatal A kutat\u00e1s vezet\u0151je\u00a0\u00a0\u00a0\u00a0\u00a0\u00a0\u00a0\u00a0 Prof. Dr. Fazekas G\u00e1bor Ph.D. habil., egyetemi tan\u00e1r R\u00e9sztvev\u0151 kutat\u00f3k a Rehabilit\u00e1ci\u00f3s Klinik\u00e1r\u00f3l Dr. T\u00f3nay Gabriella orvos, Ph.D. hallgat\u00f3 T\u00f3th Andr\u00e1s g\u00e9p\u00e9szm\u00e9rn\u00f6k Pilissy Tam\u00e1s m\u00e9rn\u00f6k informatikus K\u00fcls\u0151 partnerek\u00a0\u00a0\u00a0\u00a0\u00a0\u00a0\u00a0\u00a0\u00a0\u00a0\u00a0\u00a0\u00a0 EVA Vision Kutat\u00e1s-Fejleszt\u00e9si Korl\u00e1tolt &hellip;<\/p>\n","protected":false},"author":102469,"featured_media":3376,"parent":0,"menu_order":0,"comment_status":"closed","ping_status":"closed","template":"","meta":{"_acf_changed":false,"footnotes":""},"categories":[15],"tags":[17],"class_list":["post-3373","page","type-page","status-publish","has-post-thumbnail","hentry","category-lezarult-kutatas","tag-orvos-mernok-kutatasok"],"acf":[],"_links":{"self":[{"href":"https:\/\/semmelweis.hu\/rehabilitaciosklinika\/wp-json\/wp\/v2\/pages\/3373","targetHints":{"allow":["GET"]}}],"collection":[{"href":"https:\/\/semmelweis.hu\/rehabilitaciosklinika\/wp-json\/wp\/v2\/pages"}],"about":[{"href":"https:\/\/semmelweis.hu\/rehabilitaciosklinika\/wp-json\/wp\/v2\/types\/page"}],"author":[{"embeddable":true,"href":"https:\/\/semmelweis.hu\/rehabilitaciosklinika\/wp-json\/wp\/v2\/users\/102469"}],"replies":[{"embeddable":true,"href":"https:\/\/semmelweis.hu\/rehabilitaciosklinika\/wp-json\/wp\/v2\/comments?post=3373"}],"version-history":[{"count":2,"href":"https:\/\/semmelweis.hu\/rehabilitaciosklinika\/wp-json\/wp\/v2\/pages\/3373\/revisions"}],"predecessor-version":[{"id":3377,"href":"https:\/\/semmelweis.hu\/rehabilitaciosklinika\/wp-json\/wp\/v2\/pages\/3373\/revisions\/3377"}],"wp:featuredmedia":[{"embeddable":true,"href":"https:\/\/semmelweis.hu\/rehabilitaciosklinika\/wp-json\/wp\/v2\/media\/3376"}],"wp:attachment":[{"href":"https:\/\/semmelweis.hu\/rehabilitaciosklinika\/wp-json\/wp\/v2\/media?parent=3373"}],"wp:term":[{"taxonomy":"category","embeddable":true,"href":"https:\/\/semmelweis.hu\/rehabilitaciosklinika\/wp-json\/wp\/v2\/categories?post=3373"},{"taxonomy":"post_tag","embeddable":true,"href":"https:\/\/semmelweis.hu\/rehabilitaciosklinika\/wp-json\/wp\/v2\/tags?post=3373"}],"curies":[{"name":"wp","href":"https:\/\/api.w.org\/{rel}","templated":true}]}}