{"id":3165,"date":"2025-03-12T15:01:56","date_gmt":"2025-03-12T14:01:56","guid":{"rendered":"https:\/\/semmelweis.hu\/rehabilitaciosklinika\/?page_id=3165"},"modified":"2025-03-12T15:01:56","modified_gmt":"2025-03-12T14:01:56","slug":"terapias-anyagok","status":"publish","type":"page","link":"https:\/\/semmelweis.hu\/rehabilitaciosklinika\/betegellatas\/terapias-anyagok\/","title":{"rendered":"Ter\u00e1pi\u00e1s Anyagok"},"content":{"rendered":"<p>Az af\u00e1zi\u00e1soknak k\u00e9sz\u00edtett dalosk\u00f6nyv az al\u00e1bbi link seg\u00edts\u00e9g\u00e9vel t\u00f6lthet\u0151 le:<\/p>\n<p><a class=\"btn btn-secondary\" href=\"https:\/\/semmelweis.hu\/rehabilitaciosklinika\/files\/2024\/12\/daloskonyv_2024.pdf\" target=\"_blank\" rel=\"noopener\">Dalosk\u00f6nyv megtekint\u00e9se \/ let\u00f6lt\u00e9se (pdf)<\/a><\/p>\n<p>A Neuro\u00c9nek applik\u00e1ci\u00f3 el\u00e9rhet\u0151 az Af\u00e1zia Egyes\u00fclet honlapj\u00e1r\u00f3l let\u00f6ltve:<\/p>\n<p><a class=\"btn btn-secondary\" href=\"https:\/\/aphasie.hu\/neuro_enek\/\" target=\"_blank\" rel=\"noopener\">Neuro\u00c9nek applik\u00e1ci\u00f3 let\u00f6lt\u00e9se<\/a><\/p>\n<p>A Melodikus Inton\u00e1ci\u00f3s Ter\u00e1pia k\u00f6tet el\u00e9rhet\u0151 az al\u00e1bbi linken:<\/p>\n<p><a class=\"btn btn-secondary\" href=\"https:\/\/semmelweis.hu\/rehabilitaciosklinika\/files\/2025\/03\/Melodikus_intonacios_terapias_gyakorlatok.pdf\" target=\"_blank\" rel=\"noopener\">Melodikus inton\u00e1ci\u00f3s ter\u00e1pi\u00e1s gyakorlatok megtekint\u00e9se \/ let\u00f6lt\u00e9se (pdf)<\/a><\/p>\n<p>A NeuroZene applik\u00e1ci\u00f3 ingyenesen let\u00f6lthet\u0151 a Google alkalmaz\u00e1sboltj\u00e1b\u00f3l Androidos k\u00e9sz\u00fcl\u00e9kekre az al\u00e1bbi linken:<\/p>\n<p><a class=\"btn btn-secondary\" href=\"https:\/\/play.google.com\/store\/apps\/details?id=com.aphasie.aphasie&amp;pcampaignid=web_share\" target=\"_blank\" rel=\"noopener\">NeuroZene applik\u00e1ci\u00f3 let\u00f6lt\u00e9se<\/a><\/p>\n<p>&nbsp;<\/p>\n","protected":false},"excerpt":{"rendered":"<p>Az af\u00e1zi\u00e1soknak k\u00e9sz\u00edtett dalosk\u00f6nyv az al\u00e1bbi link seg\u00edts\u00e9g\u00e9vel t\u00f6lthet\u0151 le:<br \/>\n<a class=\"btn btn-secondary\" href=\"https:\/\/semmelweis.hu\/rehabilitaciosklinika\/files\/2024\/12\/daloskonyv_2024.pdf\" target=\"_blank\" rel=\"noopener\">Dalosk\u00f6nyv megtekint\u00e9se \/ let\u00f6lt\u00e9se (pdf)<\/a><br \/>\nA Neuro\u00c9nek applik\u00e1ci\u00f3 el\u00e9rhet\u0151 az Af\u00e1zia Egyes\u00fclet honlapj\u00e1r\u00f3l let\u00f6ltve:<br \/>\n<a class=\"btn btn-secondary\" href=\"https:\/\/aphasie.hu\/neuro_enek\/\" target=\"_blank\" rel=\"noopener\">Neuro\u00c9nek applik\u00e1ci\u00f3 let\u00f6lt\u00e9se<\/a><br \/>\nA Melodikus Inton\u00e1ci\u00f3s Ter\u00e1pia k\u00f6tet el\u00e9rhet\u0151 az al\u00e1bbi linken:<br \/>\n<a class=\"btn btn-secondary\" href=\"https:\/\/semmelweis.hu\/rehabilitaciosklinika\/files\/2025\/03\/Melodikus_intonacios_terapias_gyakorlatok.pdf\" target=\"_blank\" rel=\"noopener\">Melodikus inton\u00e1ci\u00f3s ter\u00e1pi\u00e1s gyakorlatok megtekint\u00e9se \/ let\u00f6lt\u00e9se (pdf)<\/a><br \/>\nA NeuroZene applik\u00e1ci\u00f3 ingyenesen let\u00f6lthet\u0151 a Google alkalmaz\u00e1sboltj\u00e1b\u00f3l Androidos k\u00e9sz\u00fcl\u00e9kekre az al\u00e1bbi linken:<br \/>\n<a class=\"btn btn-secondary\" href=\"https:\/\/play.google.com\/store\/apps\/details?id=com.aphasie.aphasie&amp;pcampaignid=web_share\" target=\"_blank\" rel=\"noopener\">NeuroZene applik\u00e1ci\u00f3 let\u00f6lt\u00e9se<\/a><br \/>\n&nbsp;<\/p>\n","protected":false},"author":102469,"featured_media":0,"parent":30,"menu_order":0,"comment_status":"closed","ping_status":"closed","template":"","meta":{"_acf_changed":false,"footnotes":""},"categories":[],"tags":[],"class_list":["post-3165","page","type-page","status-publish","hentry"],"acf":[],"_links":{"self":[{"href":"https:\/\/semmelweis.hu\/rehabilitaciosklinika\/wp-json\/wp\/v2\/pages\/3165","targetHints":{"allow":["GET"]}}],"collection":[{"href":"https:\/\/semmelweis.hu\/rehabilitaciosklinika\/wp-json\/wp\/v2\/pages"}],"about":[{"href":"https:\/\/semmelweis.hu\/rehabilitaciosklinika\/wp-json\/wp\/v2\/types\/page"}],"author":[{"embeddable":true,"href":"https:\/\/semmelweis.hu\/rehabilitaciosklinika\/wp-json\/wp\/v2\/users\/102469"}],"replies":[{"embeddable":true,"href":"https:\/\/semmelweis.hu\/rehabilitaciosklinika\/wp-json\/wp\/v2\/comments?post=3165"}],"version-history":[{"count":5,"href":"https:\/\/semmelweis.hu\/rehabilitaciosklinika\/wp-json\/wp\/v2\/pages\/3165\/revisions"}],"predecessor-version":[{"id":3171,"href":"https:\/\/semmelweis.hu\/rehabilitaciosklinika\/wp-json\/wp\/v2\/pages\/3165\/revisions\/3171"}],"up":[{"embeddable":true,"href":"https:\/\/semmelweis.hu\/rehabilitaciosklinika\/wp-json\/wp\/v2\/pages\/30"}],"wp:attachment":[{"href":"https:\/\/semmelweis.hu\/rehabilitaciosklinika\/wp-json\/wp\/v2\/media?parent=3165"}],"wp:term":[{"taxonomy":"category","embeddable":true,"href":"https:\/\/semmelweis.hu\/rehabilitaciosklinika\/wp-json\/wp\/v2\/categories?post=3165"},{"taxonomy":"post_tag","embeddable":true,"href":"https:\/\/semmelweis.hu\/rehabilitaciosklinika\/wp-json\/wp\/v2\/tags?post=3165"}],"curies":[{"name":"wp","href":"https:\/\/api.w.org\/{rel}","templated":true}]}}