{"id":30,"date":"2024-06-07T17:21:34","date_gmt":"2024-06-07T15:21:34","guid":{"rendered":"https:\/\/semmelweis.hu\/rehabilitaciosklinika\/?page_id=30"},"modified":"2025-07-29T09:44:42","modified_gmt":"2025-07-29T07:44:42","slug":"betegellatas","status":"publish","type":"page","link":"https:\/\/semmelweis.hu\/rehabilitaciosklinika\/betegellatas\/","title":{"rendered":"Betegell\u00e1t\u00e1si tev\u00e9kenys\u00e9g\u00fcnk"},"content":{"rendered":"<div class=\"keretes w-100\">\n<p><strong>A Semmelweis Egyetem Rehabilit\u00e1ci\u00f3s Klinik\u00e1ja az 1975 \u00f3ta m\u0171k\u00f6d\u00f6tt Orsz\u00e1gos Orvosi Rehabilit\u00e1ci\u00f3s Int\u00e9zet jogut\u00f3dja.<\/strong><\/p>\n<\/div>\n<h5>Szakmai profilok bemutat\u00e1sa:<\/h5>\n<p>A kr\u00f3nikus fekv\u0151beteg (rehabilit\u00e1ci\u00f3s) \u00e1gysz\u00e1ma: 382, akt\u00edv \u00e1gysz\u00e1ma: 40, \u00e9s 58 nappali k\u00f3rh\u00e1zi f\u00e9r\u0151hellyel rendelkezik. Az int\u00e9zm\u00e9nyi munkat\u00e1rsak sz\u00e1ma: 560 f\u0151, ebb\u0151l k\u00f6zvetlen betegell\u00e1t\u00e1sban dolgoz\u00f3: 425 f\u0151. A k\u00f3rh\u00e1z valamennyi szolg\u00e1ltat\u00e1sa egyetlen telephelyen tal\u00e1lhat\u00f3 meg.<\/p>\n<h5>Telephely\u00fcnk\u00f6n az al\u00e1bbi egys\u00e9gek tal\u00e1lhat\u00f3k:<\/h5>\n<ul>\n<li>a k\u00f6zponti \u00e9p\u00fcletben hat, egyenk\u00e9nt 40 \u00e1gyas rehabilit\u00e1ci\u00f3s oszt\u00e1ly (<em>Gerincvel\u0151s\u00e9r\u00fcl<\/em><em>tek Rehabilit\u00e1ci\u00f3s Oszt\u00e1lya,<\/em> <em>Szeptikus<\/em><em> Mozg\u00e1sszervi Rehabilit\u00e1ci\u00f3s Oszt\u00e1ly, Ortop\u00e9d-Traumatol\u00f3giai<\/em> <em>Rehabilit\u00e1ci\u00f3s Oszt\u00e1ly,<\/em> <em>Stroke ut\u00e1ni<\/em> <em>Rehabilit\u00e1ci\u00f3s Oszt\u00e1ly, Agys\u00e9r\u00fclt<\/em>ek <em>Rehabilit\u00e1ci\u00f3s Oszt\u00e1lya,<\/em> <em>Vegyes <\/em><em>Profil\u00fa Mozg\u00e1sszervi Rehabilit\u00e1ci\u00f3s Oszt\u00e1ly<\/em>, mely ut\u00f3bbi 10 nappali k\u00f3rh\u00e1zi kapacit\u00e1st is m\u0171k\u00f6dtet;<\/li>\n<li>valamint k\u00e9t, egyenk\u00e9nt 20 \u00e1gyas akt\u00edv m\u0171t\u00e9tes (ortop\u00e9diai \u00e9s amput\u00e1ci\u00f3s seb\u00e9szeti) oszt\u00e1ly, k\u00f6zponti m\u0171t\u0151blokkal;<\/li>\n<li>tov\u00e1bb\u00e1 8 \u00e1gyas korai agys\u00e9r\u00fclt rehabilit\u00e1ci\u00f3s r\u00e9szleg (K\u00f3macentrum) \u00e9s 10 \u00e1gyas tetrapl\u00e9g rehabilit\u00e1ci\u00f3s r\u00e9szleg;<\/li>\n<li>8 \u00e1gyas korai agys\u00e9r\u00fclt rehabilit\u00e1ci\u00f3s r\u00e9szleg (K\u00f3macentrum) \u00e9s 10 \u00e1gyas tetrapl\u00e9g rehabilit\u00e1ci\u00f3s r\u00e9szleg,<\/li>\n<li>a pavilon \u00e9p\u00fcletekben 4 oszt\u00e1ly, a 64 \u00e1gyas <em>Pszichoszomatikus \u00e9s Pszichoter\u00e1pi\u00e1s <\/em><em>Rehabilit\u00e1ci\u00f3s Oszt\u00e1ly &#8211; T\u00fcnd\u00e9rhegy <\/em>(+ 18 nappali k\u00f3rh\u00e1zi kapacit\u00e1ssal), a 40 \u00e1gyas <em>Amput\u00e1lt Betegek Rehabilit\u00e1ci\u00f3<\/em>s <em>Oszt\u00e1lya <\/em>\u00e9s a 20 \u00e1gyas <em>S\u00falyos K\u00f6zponti Idegrendszeri S\u00e9r\u00fcltek Emelt szint\u0171 Kr\u00f3nikus Oszt\u00e1lya,<\/em> valamint a 30 f\u00e9r\u0151helyes <em>Mozg\u00e1sszervi Rehabilit\u00e1ci\u00f3s Nappali K\u00f3rh\u00e1z<\/em>.<\/li>\n<li><em>Lymphoedema Centrum<\/em>, mely az orsz\u00e1gban egyed\u00fcl\u00e1ll\u00f3 m\u00f3don, sokr\u00e9t\u0171 szolg\u00e1ltat\u00e1ssal ny\u00fajt komplex oedemamentes\u00edt\u0151 kezel\u00e9st a nyirok\u00f6d\u00e9m\u00e1s betegek sz\u00e1m\u00e1ra.<\/li>\n<\/ul>\n<p>A betegek ell\u00e1t\u00e1s\u00e1t robotter\u00e1pi\u00e1s r\u00e9szleg, a helyben l\u00e9v\u0151 protetiz\u00e1l\u00e1st lehet\u0151v\u00e9 tev\u0151 ortop\u00e9dtechnikai m\u0171hely, k\u00f6zponti ergoter\u00e1pi\u00e1s, fizioter\u00e1pi\u00e1s, sportter\u00e1pi\u00e1s \u00e9s hidroter\u00e1pi\u00e1s egys\u00e9gek, szoci\u00e1lis szolg\u00e1lat, zene- \u00e9s t\u00e1ncter\u00e1pia, valamint k\u00fcl\u00f6nb\u00f6z\u0151 j\u00e1r\u00f3beteg szakrendel\u00e9sek seg\u00edtik. A betegell\u00e1t\u00e1s multidisciplin\u00e1ris rehabilit\u00e1ci\u00f3s team munka keret\u00e9ben folyik.<\/p>\n<style>\n           #page-grid .card-body > .line-clamp-box.excerpt{\n        width: inherit;\n        max-width: inherit;\n        display:flex;\n        min-height: 2.4em;\n        flex-direction: column;\n        justify-content: space-around;\n        background-color: #D6E4EA;\n        min-height: 3.4rem;\n        font-family: \"Montserrat\", sans-serif;\n    }\n\n    #page-grid a:hover .card-body > .line-clamp-box.excerpt {\n        background-color: #fff;\n        color: #313B40;\n    }\n\n    #page-grid .card-body .line-clamp-box.excerpt section{\n        max-width: inherit;\n        display: -webkit-box;\n        -webkit-line-clamp: 2;\n        -webkit-box-orient: vertical;\n        overflow: hidden;\n        text-overflow: ellipsis;\n        hyphens: auto;\n        margin: auto;\n        \n    }\n    .line-clamp-box.excerpt section, .line-clamp-box.excerpt section p{\n        font-size:0.8em;\n    }\n    \n<\/style>\n    <section id=\"page-grid\">\n        <section class=\"d-block d-md-flex title-row my-3 ml-0 ml-md-1\">\n<div class=\"section-title  mb-1 \">\n<h2>\n    Kapcsol\u00f3d\u00f3 oldalak\n<\/h2>\n<\/div>\n<\/section>\n        <div class=\"row row-cols-1 row-cols-md-2 row-cols-lg-4 no-gutters mx-0 \">    <div class =\"col  mb-2 card-wrapper\">\n        <a class=\"d-flex flex-fill card-link-warapper m-md-1\" href=\"https:\/\/semmelweis.hu\/rehabilitaciosklinika\/betegellatas\/terapias-anyagok\/\">\n            <div class=\"card border border-secondary se-border flex-fill\">\n                <div class=\"row no-gutters mx-0 d-flex flex-nowrap flex-md-wrap align-items-center\">\n                    <div class =\"  col-5 col-md-12  d-none  d-md-none d-md-none  bg-image  card-image justify-content-center\">\n                        <img class='wp-post-image img-fluid landscape' src='https:\/\/semmelweis.hu\/rehabilitaciosklinika\/wp-content\/themes\/se18\/dist\/images\/svg\/bg-image.svg' \/>\n                    <\/div>\n                    <div class=\"card-body  col flex-column  col-md-12 p-0\">\n                        <div class=\"line-clamp-box p-3\">\n                            <h5 class=\"ml-0 ml-sm-1 mt-2 align-items-center\"  >Ter\u00e1pi\u00e1s Anyagok<\/h5>\n                        <\/div>\n                        \n                    <\/div>\n                <\/div>\n\n            <\/div>\n        <\/a>\n    <\/div>    <div class =\"col  mb-2 card-wrapper\">\n        <a class=\"d-flex flex-fill card-link-warapper m-md-1\" href=\"https:\/\/semmelweis.hu\/rehabilitaciosklinika\/betegellatas\/osztalyok\/\">\n            <div class=\"card border border-secondary se-border flex-fill\">\n                <div class=\"row no-gutters mx-0 d-flex flex-nowrap flex-md-wrap align-items-center\">\n                    <div class =\"  col-5 col-md-12  d-none  d-md-none d-md-none  bg-image  card-image justify-content-center\">\n                        <img class='wp-post-image img-fluid landscape' src='https:\/\/semmelweis.hu\/rehabilitaciosklinika\/wp-content\/themes\/se18\/dist\/images\/svg\/bg-image.svg' \/>\n                    <\/div>\n                    <div class=\"card-body  col flex-column  col-md-12 p-0\">\n                        <div class=\"line-clamp-box p-3\">\n                            <h5 class=\"ml-0 ml-sm-1 mt-2 align-items-center\"  >Fekv\u0151beteg ell\u00e1t\u00e1s<\/h5>\n                        <\/div>\n                        \n                    <\/div>\n                <\/div>\n\n            <\/div>\n        <\/a>\n    <\/div>    <div class =\"col  mb-2 card-wrapper\">\n        <a class=\"d-flex flex-fill card-link-warapper m-md-1\" href=\"https:\/\/semmelweis.hu\/rehabilitaciosklinika\/betegellatas\/szakrendelesek\/\">\n            <div class=\"card border border-secondary se-border flex-fill\">\n                <div class=\"row no-gutters mx-0 d-flex flex-nowrap flex-md-wrap align-items-center\">\n                    <div class =\"  col-5 col-md-12  d-none  d-md-none d-md-none  bg-image  card-image justify-content-center\">\n                        <img class='wp-post-image img-fluid landscape' src='https:\/\/semmelweis.hu\/rehabilitaciosklinika\/wp-content\/themes\/se18\/dist\/images\/svg\/bg-image.svg' \/>\n                    <\/div>\n                    <div class=\"card-body  col flex-column  col-md-12 p-0\">\n                        <div class=\"line-clamp-box p-3\">\n                            <h5 class=\"ml-0 ml-sm-1 mt-2 align-items-center\"  >J\u00e1r\u00f3beteg ell\u00e1t\u00e1s<\/h5>\n                        <\/div>\n                        \n                    <\/div>\n                <\/div>\n\n            <\/div>\n        <\/a>\n    <\/div>    <div class =\"col  mb-2 card-wrapper\">\n        <a class=\"d-flex flex-fill card-link-warapper m-md-1\" href=\"https:\/\/semmelweis.hu\/rehabilitaciosklinika\/betegellatas\/diagnosztika\/\">\n            <div class=\"card border border-secondary se-border flex-fill\">\n                <div class=\"row no-gutters mx-0 d-flex flex-nowrap flex-md-wrap align-items-center\">\n                    <div class =\"  col-5 col-md-12  d-none  d-md-none d-md-none  bg-image  card-image justify-content-center\">\n                        <img class='wp-post-image img-fluid landscape' src='https:\/\/semmelweis.hu\/rehabilitaciosklinika\/wp-content\/themes\/se18\/dist\/images\/svg\/bg-image.svg' \/>\n                    <\/div>\n                    <div class=\"card-body  col flex-column  col-md-12 p-0\">\n                        <div class=\"line-clamp-box p-3\">\n                            <h5 class=\"ml-0 ml-sm-1 mt-2 align-items-center\"  >Diagnosztika<\/h5>\n                        <\/div>\n                        \n                    <\/div>\n                <\/div>\n\n            <\/div>\n        <\/a>\n    <\/div>    <div class =\"col  mb-2 card-wrapper\">\n        <a class=\"d-flex flex-fill card-link-warapper m-md-1\" href=\"https:\/\/semmelweis.hu\/rehabilitaciosklinika\/betegellatas\/kozponti-egysegek\/\">\n            <div class=\"card border border-secondary se-border flex-fill\">\n                <div class=\"row no-gutters mx-0 d-flex flex-nowrap flex-md-wrap align-items-center\">\n                    <div class =\"  col-5 col-md-12  d-none  d-md-none d-md-none  bg-image  card-image justify-content-center\">\n                        <img class='wp-post-image img-fluid landscape' src='https:\/\/semmelweis.hu\/rehabilitaciosklinika\/wp-content\/themes\/se18\/dist\/images\/svg\/bg-image.svg' \/>\n                    <\/div>\n                    <div class=\"card-body  col flex-column  col-md-12 p-0\">\n                        <div class=\"line-clamp-box p-3\">\n                            <h5 class=\"ml-0 ml-sm-1 mt-2 align-items-center\"  >K\u00f6zponti betegell\u00e1t\u00e1st seg\u00edt\u0151 egys\u00e9gek<\/h5>\n                        <\/div>\n                        \n                    <\/div>\n                <\/div>\n\n            <\/div>\n        <\/a>\n    <\/div>    <div class =\"col  mb-2 card-wrapper\">\n        <a class=\"d-flex flex-fill card-link-warapper m-md-1\" href=\"https:\/\/semmelweis.hu\/rehabilitaciosklinika\/betegellatas\/egyeb-terapiak-orarendje\/\">\n            <div class=\"card border border-secondary se-border flex-fill\">\n                <div class=\"row no-gutters mx-0 d-flex flex-nowrap flex-md-wrap align-items-center\">\n                    <div class =\"  col-5 col-md-12  d-none  d-md-none d-md-none  bg-image  card-image justify-content-center\">\n                        <img class='wp-post-image img-fluid landscape' src='https:\/\/semmelweis.hu\/rehabilitaciosklinika\/wp-content\/themes\/se18\/dist\/images\/svg\/bg-image.svg' \/>\n                    <\/div>\n                    <div class=\"card-body  col flex-column  col-md-12 p-0\">\n                        <div class=\"line-clamp-box p-3\">\n                            <h5 class=\"ml-0 ml-sm-1 mt-2 align-items-center\"  >Egy\u00e9b ter\u00e1pi\u00e1k \u00f3rarendje<\/h5>\n                        <\/div>\n                        \n                    <\/div>\n                <\/div>\n\n            <\/div>\n        <\/a>\n    <\/div>    <div class =\"col  mb-2 card-wrapper\">\n        <a class=\"d-flex flex-fill card-link-warapper m-md-1\" href=\"https:\/\/semmelweis.hu\/rehabilitaciosklinika\/betegellatas\/varolista\/\">\n            <div class=\"card border border-secondary se-border flex-fill\">\n                <div class=\"row no-gutters mx-0 d-flex flex-nowrap flex-md-wrap align-items-center\">\n                    <div class =\"  col-5 col-md-12  d-none  d-md-none d-md-none  bg-image  card-image justify-content-center\">\n                        <img class='wp-post-image img-fluid landscape' src='https:\/\/semmelweis.hu\/rehabilitaciosklinika\/wp-content\/themes\/se18\/dist\/images\/svg\/bg-image.svg' \/>\n                    <\/div>\n                    <div class=\"card-body  col flex-column  col-md-12 p-0\">\n                        <div class=\"line-clamp-box p-3\">\n                            <h5 class=\"ml-0 ml-sm-1 mt-2 align-items-center\"  >V\u00e1r\u00f3lista<\/h5>\n                        <\/div>\n                        \n                    <\/div>\n                <\/div>\n\n            <\/div>\n        <\/a>\n    <\/div>    <div class =\"col  mb-2 card-wrapper\">\n        <a class=\"d-flex flex-fill card-link-warapper m-md-1\" href=\"https:\/\/semmelweis.hu\/rehabilitaciosklinika\/betegellatas\/vallasgyakorlas\/\">\n            <div class=\"card border border-secondary se-border flex-fill\">\n                <div class=\"row no-gutters mx-0 d-flex flex-nowrap flex-md-wrap align-items-center\">\n                    <div class =\"  col-5 col-md-12  d-none  d-md-none d-md-none  bg-image  card-image justify-content-center\">\n                        <img class='wp-post-image img-fluid landscape' src='https:\/\/semmelweis.hu\/rehabilitaciosklinika\/wp-content\/themes\/se18\/dist\/images\/svg\/bg-image.svg' \/>\n                    <\/div>\n                    <div class=\"card-body  col flex-column  col-md-12 p-0\">\n                        <div class=\"line-clamp-box p-3\">\n                            <h5 class=\"ml-0 ml-sm-1 mt-2 align-items-center\"  >Vall\u00e1sgyakorl\u00e1s<\/h5>\n                        <\/div>\n                        \n                    <\/div>\n                <\/div>\n\n            <\/div>\n        <\/a>\n    <\/div>    <div class =\"col  mb-2 card-wrapper\">\n        <a class=\"d-flex flex-fill card-link-warapper m-md-1\" href=\"https:\/\/semmelweis.hu\/rehabilitaciosklinika\/betegellatas\/betegjogi-kepviselo\/\">\n            <div class=\"card border border-secondary se-border flex-fill\">\n                <div class=\"row no-gutters mx-0 d-flex flex-nowrap flex-md-wrap align-items-center\">\n                    <div class =\"  col-5 col-md-12  d-none  d-md-none d-md-none  bg-image  card-image justify-content-center\">\n                        <img class='wp-post-image img-fluid landscape' src='https:\/\/semmelweis.hu\/rehabilitaciosklinika\/wp-content\/themes\/se18\/dist\/images\/svg\/bg-image.svg' \/>\n                    <\/div>\n                    <div class=\"card-body  col flex-column  col-md-12 p-0\">\n                        <div class=\"line-clamp-box p-3\">\n                            <h5 class=\"ml-0 ml-sm-1 mt-2 align-items-center\"  >Betegjogi k\u00e9pvisel\u0151<\/h5>\n                        <\/div>\n                        \n                    <\/div>\n                <\/div>\n\n            <\/div>\n        <\/a>\n    <\/div>        <\/div>\n    <\/section>\n","protected":false},"excerpt":{"rendered":"<p>A Semmelweis Egyetem Rehabilit\u00e1ci\u00f3s Klinik\u00e1ja az 1975 \u00f3ta m\u0171k\u00f6d\u00f6tt Orsz\u00e1gos Orvosi Rehabilit\u00e1ci\u00f3s Int\u00e9zet jogut\u00f3dja. Szakmai profilok bemutat\u00e1sa: A kr\u00f3nikus fekv\u0151beteg (rehabilit\u00e1ci\u00f3s) \u00e1gysz\u00e1ma: 382, akt\u00edv \u00e1gysz\u00e1ma: 40, \u00e9s 58 nappali k\u00f3rh\u00e1zi f\u00e9r\u0151hellyel rendelkezik. Az int\u00e9zm\u00e9nyi munkat\u00e1rsak sz\u00e1ma: 560 f\u0151, ebb\u0151l k\u00f6zvetlen betegell\u00e1t\u00e1sban dolgoz\u00f3: 425 f\u0151. A k\u00f3rh\u00e1z valamennyi szolg\u00e1ltat\u00e1sa egyetlen telephelyen tal\u00e1lhat\u00f3 meg. Telephely\u00fcnk\u00f6n az al\u00e1bbi &hellip;<\/p>\n","protected":false},"author":12,"featured_media":0,"parent":0,"menu_order":1,"comment_status":"closed","ping_status":"closed","template":"template-fullwidth.php","meta":{"_acf_changed":false,"footnotes":""},"categories":[],"tags":[],"class_list":["post-30","page","type-page","status-publish","hentry"],"acf":[],"_links":{"self":[{"href":"https:\/\/semmelweis.hu\/rehabilitaciosklinika\/wp-json\/wp\/v2\/pages\/30","targetHints":{"allow":["GET"]}}],"collection":[{"href":"https:\/\/semmelweis.hu\/rehabilitaciosklinika\/wp-json\/wp\/v2\/pages"}],"about":[{"href":"https:\/\/semmelweis.hu\/rehabilitaciosklinika\/wp-json\/wp\/v2\/types\/page"}],"author":[{"embeddable":true,"href":"https:\/\/semmelweis.hu\/rehabilitaciosklinika\/wp-json\/wp\/v2\/users\/12"}],"replies":[{"embeddable":true,"href":"https:\/\/semmelweis.hu\/rehabilitaciosklinika\/wp-json\/wp\/v2\/comments?post=30"}],"version-history":[{"count":9,"href":"https:\/\/semmelweis.hu\/rehabilitaciosklinika\/wp-json\/wp\/v2\/pages\/30\/revisions"}],"predecessor-version":[{"id":3401,"href":"https:\/\/semmelweis.hu\/rehabilitaciosklinika\/wp-json\/wp\/v2\/pages\/30\/revisions\/3401"}],"wp:attachment":[{"href":"https:\/\/semmelweis.hu\/rehabilitaciosklinika\/wp-json\/wp\/v2\/media?parent=30"}],"wp:term":[{"taxonomy":"category","embeddable":true,"href":"https:\/\/semmelweis.hu\/rehabilitaciosklinika\/wp-json\/wp\/v2\/categories?post=30"},{"taxonomy":"post_tag","embeddable":true,"href":"https:\/\/semmelweis.hu\/rehabilitaciosklinika\/wp-json\/wp\/v2\/tags?post=30"}],"curies":[{"name":"wp","href":"https:\/\/api.w.org\/{rel}","templated":true}]}}