{"id":2955,"date":"2024-12-20T09:49:12","date_gmt":"2024-12-20T08:49:12","guid":{"rendered":"https:\/\/semmelweis.hu\/rehabilitaciosklinika\/?page_id=2955"},"modified":"2024-12-20T10:08:56","modified_gmt":"2024-12-20T09:08:56","slug":"efop-5-2-6-20-2020-00012-computerizalt-interaktiv-reszben-robottal-vegzett-rehabilitacios-modszertani-kozpont-letrehozasa-az-oori-ban","status":"publish","type":"page","link":"https:\/\/semmelweis.hu\/rehabilitaciosklinika\/a-klinikarol\/elnyert-palyazatok\/efop-5-2-6-20-2020-00012-computerizalt-interaktiv-reszben-robottal-vegzett-rehabilitacios-modszertani-kozpont-letrehozasa-az-oori-ban\/","title":{"rendered":"EFOP-5.2.6-20-2020-00012"},"content":{"rendered":"<div class=\"keretes w-100\">\n<p><strong>A kedvezm\u00e9nyezett neve:\u00a0<\/strong>ORSZ\u00c1GOS MOZG\u00c1SSZERVI INT\u00c9ZET \/ OORI<br \/>\n<strong>A projekt c\u00edme:\u00a0<\/strong>Computeriz\u00e1lt, interakt\u00edv (r\u00e9szben robottal v\u00e9gzett) rehabilit\u00e1ci\u00f3s m\u00f3dszertani k\u00f6zpont l\u00e9trehoz\u00e1sa az OORI-ban<br \/>\n\u2022 a szerz\u0151d\u00f6tt t\u00e1mogat\u00e1s \u00f6sszege: 884 739 877 Ft.<br \/>\n\u2022 a t\u00e1mogat\u00e1s m\u00e9rt\u00e9ke: 100%<\/p>\n<\/div>\n<p>\n<strong>A projekt tartalm\u00e1nak bemutat\u00e1sa:\u00a0<\/strong>Az Orsz\u00e1gos Mozg\u00e1sszervi Int\u00e9zet \/ OORI nemcsak orsz\u00e1gosan &#8211; de nemzetk\u00f6zi viszonylatban is ismert szakmai int\u00e9zm\u00e9ny, akt\u00edvan r\u00e9szt v\u00e1llal a nemzetk\u00f6zi \u00e9s hazai szervezetek rehabilit\u00e1ci\u00f3ra ir\u00e1nyul\u00f3 munk\u00e1lataiban, elk\u00f6telezett a modern technol\u00f3gi\u00e1k \u00e9s kutat\u00e1sok ir\u00e1nt. Az elnyert p\u00e1ly\u00e1zat c\u00e9lkit\u0171z\u00e9se, hogy olyan \u00faj elj\u00e1r\u00e1sok, m\u00f3dszerek, technol\u00f3gi\u00e1k hazai alkalmaz\u00e1s\u00e1nak bevezet\u00e9s\u00e9t seg\u00edtse, amely Magyarorsz\u00e1gon a k\u00f6zfinansz\u00edrozott ell\u00e1t\u00e1sban m\u00e9g nem el\u00e9rhet\u0151k \u00e9s nemzetk\u00f6zi egy\u00fcttm\u0171k\u00f6d\u00e9s r\u00e9v\u00e9n ezek meghonos\u00edthat\u00f3k. A p\u00e1ly\u00e1zat keret\u00e9ben els\u0151sorban eszk\u00f6zbeszerz\u00e9sre ker\u00fcl sor. A Magyarorsz\u00e1gon m\u00e9g \u00faj elj\u00e1r\u00e1sok \u00e9s eszk\u00f6z\u00f6k \u00e9s azok rendszerben t\u00f6rt\u00e9n\u0151 alkalmaz\u00e1s\u00e1nak elsaj\u00e1t\u00edt\u00e1s\u00e1ra az egy cseh partnerint\u00e9zm\u00e9nyben ker\u00fcl sor, ahol ezeket az eszk\u00f6z\u00f6ket m\u00e1r alkalmazz\u00e1k. Az egy\u00fcttm\u0171k\u00f6d\u00e9s keret\u00e9ben t\u00f6bb tanulm\u00e1ny\u00fatra is sor ker\u00fcl majd mely tanulm\u00e1nyutak alatt a koll\u00e9g\u00e1k megtanulj\u00e1k ezen eszk\u00f6z\u00f6k haszn\u00e1lat\u00e1t. A t\u00e1mogat\u00e1si \u00f6sszegb\u0151l tov\u00e1bb\u00e1 kialak\u00edt\u00e1sra ker\u00fcl az Int\u00e9zetben egy Hum\u00e1nkineziol\u00f3giai laborat\u00f3rium, amely diagnosztikai (mozg\u00e1selemz\u00e9s) \u00e9s fejlett technol\u00f3gi\u00e1n alapul\u00f3 ter\u00e1pi\u00e1s (robotos \u00e9s egy\u00e9b computeriz\u00e1lt interakt\u00edv) eszk\u00f6z\u00f6ket tartalmaz. Ezeket az eszk\u00f6z\u00f6ket a rehabilit\u00e1ci\u00f3s program keret\u00e9ben, hagyom\u00e1nyos elj\u00e1r\u00e1sokkal \u00f6sszehangolva tervezz\u00fck alkalmazni. A megszerzett ismereteket az Int\u00e9zet nem csak saj\u00e1t p\u00e1ciensei sz\u00e1m\u00e1ra biztos\u00edtja, hanem az \u00faj technol\u00f3gi\u00e1val megismerteti az egyetemi hallgat\u00f3kat, a m\u00e1r v\u00e9gzett szakembereket \u00e9s ennek keret\u00e9ben egy konvergencia r\u00e9gi\u00f3ban (Szegeden) szimp\u00f3zium megrendez\u00e9s\u00e9t is tervezi.<br \/>\n<strong>A projekt kezdete:\u00a0<\/strong>2021.02.01.<br \/>\n<strong>A projekt tervezett befejez\u00e9si d\u00e1tuma:\u00a0<\/strong>2023. 06. 30.<br \/>\n<strong>A projekt azonos\u00edt\u00f3 sz\u00e1ma:\u00a0<\/strong>EFOP-5.2.6-20-2020-00012<\/p>\n<p>&nbsp;<\/p>\n<p><strong>El\u0151ad\u00e1sok a robotter\u00e1pi\u00e1k alkalmaz\u00e1s\u00e1r\u00f3l:<\/strong><br \/>\nS\u00e1ndor K, Mirk B, Peter Tak\u00e1cs, Fazekas G. Robotter\u00e1pia alkalmaz\u00e1sa a rehabilit\u00e1ci\u00f3ban als\u00f3 v\u00e9gtagi funkci\u00f3zavarok eset\u00e9n. Magyar Stroke T\u00e1rsas\u00e1g XVI. kongresszusa, Si\u00f3fok, 2022. szept. 1-3. Az absztrakt megjelent: Ideggy\u00f3gy Sz, Proceedings 2022;7(3):175.<\/p>\n<p>Mirk B, Sz\u00fccs ZS, S\u00e1ndor K, Fazekas G. Magyar Stroke T\u00e1rsas\u00e1g XVI. kongresszusa, Si\u00f3fok, 2022. szept. 1-3. Az absztrakt megjelent: Ideggy\u00f3gy Sz, Proceedings 2022;7(3):175-176.<\/p>\n<p>&nbsp;<\/p>\n<p><strong>A 2024. m\u00e1rcius 19-\u00e9n lezajlott EFOP-RSZTOP z\u00e1r\u00f3rendezv\u00e9ny, melyen int\u00e9zet\u00fcnk is r\u00e9szt vett. A vide\u00f3k, az al\u00e1bbi el\u00e9rhet\u0151s\u00e9geken tal\u00e1lhat\u00f3ak.<\/strong><\/p>\n<ul>\n<li>Youtube (hossz\u00fa verzi\u00f3):\u00a0<a href=\"https:\/\/youtu.be\/JQWvHAWlD78\" target=\"_blank\" rel=\"noopener\">LINK<\/a><\/li>\n<li>Facebook (r\u00f6vid verzi\u00f3):\u00a0<a href=\"https:\/\/www.facebook.com\/EgyuttFejlodunk\/posts\/pfbid02s58eUvpsouaTmNB4tSmx4WNaFEfrsCAQS55XxmLZEwfoMFCPVq35au9qJctuam2Tl\" target=\"_blank\" rel=\"noopener\">LINK<\/a><\/li>\n<\/ul>\n<p><a href=\"https:\/\/semmelweis.hu\/rehabilitaciosklinika\/files\/2024\/12\/efop_526_20_beerkezett_eszkozok.pdf\" target=\"_blank\" rel=\"noopener\">EFOP 5.2.6-20 (Orsz\u00e1gos Int\u00e9zetek transznacion\u00e1lis \u00e9s innov\u00e1ci\u00f3s fejleszt\u00e9sei) Be\u00e9rkezett eszk\u00f6z\u00f6k<\/a><br \/>\n<a href=\"https:\/\/semmelweis.hu\/rehabilitaciosklinika\/files\/2024\/12\/202305_efop_fuzet_k6.pdf\" target=\"_blank\" rel=\"noopener\">Robotos \u00e9s egy\u00e9b interakt\u00edv computeriz\u00e1lt eszk\u00f6z\u00f6k a rehabilit\u00e1ci\u00f3ban<\/a><br \/>\n<a href=\"https:\/\/semmelweis.hu\/rehabilitaciosklinika\/files\/2024\/12\/202305_efop_szorolapterv_k1.pdf\" target=\"_blank\" rel=\"noopener\">\u00daj technol\u00f3gi\u00e1val b\u0151v\u00fclt a rehabilit\u00e1ci\u00f3 eszk\u00f6zparkja: robotok a rehabilit\u00e1ci\u00f3ban<\/a><\/p>\n<p><a href=\"https:\/\/semmelweis.hu\/rehabilitaciosklinika\/files\/2024\/12\/202405_program_efop_rsztop.pdf\" target=\"_blank\" rel=\"noopener\">EFOP \u00e9s RSZTOP 2014-2020 z\u00e1r\u00f3konferencia<\/a><\/p>\n<p><img loading=\"lazy\" decoding=\"async\" class=\"alignnone size-medium wp-image-2964\" src=\"https:\/\/semmelweis.hu\/rehabilitaciosklinika\/files\/2024\/12\/infoblokk_esza-400x167.jpg\" alt=\"\" width=\"400\" height=\"167\" srcset=\"https:\/\/semmelweis.hu\/rehabilitaciosklinika\/files\/2024\/12\/infoblokk_esza-400x167.jpg 400w, https:\/\/semmelweis.hu\/rehabilitaciosklinika\/files\/2024\/12\/infoblokk_esza.jpg 708w\" sizes=\"auto, (max-width: 400px) 100vw, 400px\" \/><\/p>\n","protected":false},"excerpt":{"rendered":"<p>A kedvezm\u00e9nyezett neve:\u00a0ORSZ\u00c1GOS MOZG\u00c1SSZERVI INT\u00c9ZET \/ OORI A projekt c\u00edme:\u00a0Computeriz\u00e1lt, interakt\u00edv (r\u00e9szben robottal v\u00e9gzett) rehabilit\u00e1ci\u00f3s m\u00f3dszertani k\u00f6zpont l\u00e9trehoz\u00e1sa az OORI-ban \u2022 a szerz\u0151d\u00f6tt t\u00e1mogat\u00e1s \u00f6sszege: 884 739 877 Ft. \u2022 a t\u00e1mogat\u00e1s m\u00e9rt\u00e9ke: 100% A projekt tartalm\u00e1nak bemutat\u00e1sa:\u00a0Az Orsz\u00e1gos Mozg\u00e1sszervi Int\u00e9zet \/ OORI nemcsak orsz\u00e1gosan &#8211; de nemzetk\u00f6zi viszonylatban is ismert szakmai int\u00e9zm\u00e9ny, akt\u00edvan r\u00e9szt &hellip;<\/p>\n","protected":false},"author":102387,"featured_media":0,"parent":1831,"menu_order":0,"comment_status":"closed","ping_status":"closed","template":"","meta":{"_acf_changed":false,"footnotes":""},"categories":[],"tags":[],"class_list":["post-2955","page","type-page","status-publish","hentry"],"acf":[],"_links":{"self":[{"href":"https:\/\/semmelweis.hu\/rehabilitaciosklinika\/wp-json\/wp\/v2\/pages\/2955","targetHints":{"allow":["GET"]}}],"collection":[{"href":"https:\/\/semmelweis.hu\/rehabilitaciosklinika\/wp-json\/wp\/v2\/pages"}],"about":[{"href":"https:\/\/semmelweis.hu\/rehabilitaciosklinika\/wp-json\/wp\/v2\/types\/page"}],"author":[{"embeddable":true,"href":"https:\/\/semmelweis.hu\/rehabilitaciosklinika\/wp-json\/wp\/v2\/users\/102387"}],"replies":[{"embeddable":true,"href":"https:\/\/semmelweis.hu\/rehabilitaciosklinika\/wp-json\/wp\/v2\/comments?post=2955"}],"version-history":[{"count":6,"href":"https:\/\/semmelweis.hu\/rehabilitaciosklinika\/wp-json\/wp\/v2\/pages\/2955\/revisions"}],"predecessor-version":[{"id":2970,"href":"https:\/\/semmelweis.hu\/rehabilitaciosklinika\/wp-json\/wp\/v2\/pages\/2955\/revisions\/2970"}],"up":[{"embeddable":true,"href":"https:\/\/semmelweis.hu\/rehabilitaciosklinika\/wp-json\/wp\/v2\/pages\/1831"}],"wp:attachment":[{"href":"https:\/\/semmelweis.hu\/rehabilitaciosklinika\/wp-json\/wp\/v2\/media?parent=2955"}],"wp:term":[{"taxonomy":"category","embeddable":true,"href":"https:\/\/semmelweis.hu\/rehabilitaciosklinika\/wp-json\/wp\/v2\/categories?post=2955"},{"taxonomy":"post_tag","embeddable":true,"href":"https:\/\/semmelweis.hu\/rehabilitaciosklinika\/wp-json\/wp\/v2\/tags?post=2955"}],"curies":[{"name":"wp","href":"https:\/\/api.w.org\/{rel}","templated":true}]}}