{"id":2935,"date":"2024-12-20T09:25:28","date_gmt":"2024-12-20T08:25:28","guid":{"rendered":"https:\/\/semmelweis.hu\/rehabilitaciosklinika\/?page_id=2935"},"modified":"2024-12-20T09:47:05","modified_gmt":"2024-12-20T08:47:05","slug":"rare-skhu-1902-4-1-093","status":"publish","type":"page","link":"https:\/\/semmelweis.hu\/rehabilitaciosklinika\/a-klinikarol\/elnyert-palyazatok\/rare-skhu-1902-4-1-093\/","title":{"rendered":"RaRe\/SKHU\/1902\/4.1\/093"},"content":{"rendered":"<div class=\"keretes w-100\">\n<p><strong>A kedvezm\u00e9nyezett neve:<\/strong>\u00a0ORSZ\u00c1GOS MOZG\u00c1SSZERVI INT\u00c9ZET<br \/>\n<strong>A projekt c\u00edme:<\/strong>\u00a0Robot-Assziszt\u00e1lt Rehabilit\u00e1ci\u00f3<\/p>\n<\/div>\n<p style=\"text-align: justify\">\n<strong>A projekt tartalm\u00e1nak bemutat\u00e1sa:<\/strong><br \/>\nAz elm\u00falt \u00e9vekben a k\u00f6zeg\u00e9szs\u00e9g\u00fcgyi int\u00e9zetek viszonylag kev\u00e9sb\u00e9 szisztematikus figyelmet \u00e9s finansz\u00edroz\u00e1st kaptak, mivel az eg\u00e9szs\u00e9g\u00fcgyi seg\u00edts\u00e9gny\u00fajt\u00e1s \u00e9s az egy\u00fcttm\u0171k\u00f6d\u00e9s egyre ink\u00e1bb a f\u0151bb \u00e1gazati programokra \u00f6sszpontos\u00edtott. A robotika, mint a stroke \u00e9s az egy\u00e9b agyi s\u00e9r\u00fcl\u00e9sek hat\u00e9kony rehabilit\u00e1ci\u00f3j\u00e1nak \u00edg\u00e9retes eszk\u00f6ze a t\u00fal\u00e9l\u0151k, kutat\u00f3k, fejleszt\u0151k, t\u00e1mogat\u00f3k eg\u00e9sz sora sz\u00e1m\u00e1ra ny\u00fajt rem\u00e9nyt. Holott a legt\u00f6bb nyugat-eur\u00f3pai orsz\u00e1g m\u00e1r 15 \u00e9ve bevezette ezt az innovat\u00edv technol\u00f3gi\u00e1t \u00e9s megszerezte vele els\u0151 tapasztalatait. a kelet-eur\u00f3pai \u00e1llamok ezt a kieg\u00e9sz\u00edt\u0151 kezel\u00e9si m\u00f3dszert egyel\u0151re n\u00e9lk\u00fcl\u00f6zt\u00e9k. Jelen projekt c\u00e9lja a hat\u00e1rokon \u00e1tny\u00fal\u00f3, int\u00e9zm\u00e9nyek k\u00f6zti egy\u00fcttm\u0171k\u00f6d\u00e9s er\u0151s\u00edt\u00e9se, a k\u00f6z\u00f6s K+F tev\u00e9kenys\u00e9g b\u0151v\u00edt\u00e9se a stroke-ot k\u00f6vet\u0151 robot-t\u00e1mogatott ter\u00e1pia bevezet\u00e9s\u00e9re illetve kiterjeszt\u00e9se m\u00e1s k\u00f6zponti idegrendszeri eredet\u0171 funkci\u00f3zavarral \u00e9l\u0151 betegek kezel\u00e9s\u00e9re is. F\u0151 projekt outputk\u00e9nt a budapesti Orsz\u00e1gos Mozg\u00e1sszervi Int\u00e9zet, kor\u00e1bbi nev\u00e9n OORI sz\u00e1m\u00e1ra el\u00e9rhet\u0151v\u00e9 v\u00e1lik egy, a fels\u0151 v\u00e9gtagok motoros funkci\u00f3j\u00e1nak helyre\u00e1ll\u00edt\u00e1s\u00e1t jav\u00edt\u00f3 eszk\u00f6z, valamint egy j\u00e1r\u00e1st \u00e9s egyens\u00falyoz\u00e1st t\u00e1mogat\u00f3 robot assziszt\u00e1lt ter\u00e1pi\u00e1s eszk\u00f6z. A szlov\u00e1k partner, a kassai Pavol Jozef \u0160af\u00e1rik Egyetem ugyancsak a fels\u0151 v\u00e9gtagok motoros funkci\u00f3j\u00e1nak helyre\u00e1ll\u00edt\u00e1s\u00e1t jav\u00edt\u00f3 eszk\u00f6z\u00f6k beszerz\u00e9s\u00e9t tervezi, valamint ezt egy als\u00f3 v\u00e9gtagi motoros funkci\u00f3 rehabilit\u00e1ci\u00f3j\u00e1nak jav\u00edt\u00e1s\u00e1t szolg\u00e1l\u00f3 berendez\u00e9ssel eg\u00e9sz\u00edti ki. Ezek az eszk\u00f6z\u00f6k olyan ter\u00e1pi\u00e1s szoftverrel m\u0171k\u00f6dnek, amelyek speci\u00e1lis programjai a beteg bevon\u00e1s\u00e1ra \u00e9s a ter\u00e1pia hat\u00e9konys\u00e1g\u00e1nak fokoz\u00e1s\u00e1ra szolg\u00e1lnak. Ezen eszk\u00f6z\u00f6k legnagyobb el\u0151nye, hogy adatgy\u0171jt\u00e9si funkci\u00f3val is rendelkeznek, mely sor\u00e1n a kezel\u00e9s alatt el\u00e9rt eredm\u00e9nyekr\u0151l ny\u00fajtanak t\u00e1j\u00e9koztat\u00e1st. Az adatok hozz\u00e1j\u00e1rulnak az egyetemek kutat\u00e1si \u00e9s publik\u00e1ci\u00f3s tev\u00e9kenys\u00e9g\u00e9hez \u00e9s seg\u00edtik a rehabilit\u00e1ci\u00f3s k\u00f6zpontokkal t\u00f6rt\u00e9n\u0151 egy\u00fcttm\u0171k\u00f6d\u00e9st. A tud\u00e1s\u00e1tad\u00e1sra m\u0171helymunka (5), konferencia (1) \u00e9s egy k\u00f6z\u00f6s kiadv\u00e1ny (1) keret\u00e9ben ker\u00fcl sor.<\/p>\n<p style=\"text-align: justify\">\n<strong>A projekt kezdete:<\/strong>\u00a02020.10.01<br \/>\n<strong>A projekt tervezett befejez\u00e9si d\u00e1tuma:<\/strong>\u00a02022.12. 31.<br \/>\n<strong>A projekt azonos\u00edt\u00f3 sz\u00e1ma:<\/strong>\u00a0RaRe\/SKHU\/1902\/4.1\/093<br \/>\n<strong>Link:<\/strong>\u00a0<a href=\"http:\/\/www.skhu.eu\/\">www.skhu.eu<\/a><\/p>\n<p>&nbsp;<\/p>\n<ul>\n<li><a href=\"https:\/\/semmelweis.hu\/rehabilitaciosklinika\/files\/2024\/12\/sajto2.jpg\" target=\"_blank\" rel=\"noopener\">Sajt\u00f3k\u00f6zlem\u00e9ny<\/a><\/li>\n<\/ul>\n\r\n        [slb_exclude]\r\n        <div class=\"row galeria-wrapper mx-0 h-auto\">\r\n            <div class=\"col-9 pl-0 pr-2\">\r\n            <span class=\"gallery-item frame\">\r\n\t\t\t\t<div class=\"galeria-left-img\"><a href=\"https:\/\/semmelweis.hu\/rehabilitaciosklinika\/files\/2024\/12\/interreg-scaled.jpg\"><img src=https:\/\/semmelweis.hu\/rehabilitaciosklinika\/files\/2024\/12\/interreg-scaled.jpg  \r\n                            alt=\"\" \r\n                            class=\"attachment-sote-gallery-big size-sote-gallery-big\" \r\n                            srcset=\"https:\/\/semmelweis.hu\/rehabilitaciosklinika\/files\/2024\/12\/interreg-400x283.jpg 400w, https:\/\/semmelweis.hu\/rehabilitaciosklinika\/files\/2024\/12\/interreg-1024x724.jpg 1024w, https:\/\/semmelweis.hu\/rehabilitaciosklinika\/files\/2024\/12\/interreg-768x543.jpg 768w, https:\/\/semmelweis.hu\/rehabilitaciosklinika\/files\/2024\/12\/interreg-1536x1086.jpg 1536w, https:\/\/semmelweis.hu\/rehabilitaciosklinika\/files\/2024\/12\/interreg-2048x1448.jpg 2048w, https:\/\/semmelweis.hu\/rehabilitaciosklinika\/files\/2024\/12\/interreg-753x532.jpg 753w\" ><\/a><\/div>\r\n            <\/span>\r\n\r\n            <\/div>\r\n\r\n\t\t\t<div class=\"col-3 pl-0 pr-0\">\r\n\t\t\t\t<div class=\"galeria-right-img d-flex justify-content-between flex-column h-100 w-100 px-0 mx-0 \">\r\n                <div class=\"galeria-box\">\r\n\t\t\t\t\t<h3 class=\"galeria-title\">Gal\u00e9ria<\/h3>\r\n\t\t\t\t\t<div class=\"galeria-subtitle\">\r\n\r\n\t\t\t\t\t\t<div class=\"galeria-page-counter\"><span>10<\/span>k\u00e9p<\/div>\r\n                    <\/div> <\/div>\r\n                    <span class=\"gallery-item frame d-none d-md-flex\">\r\n\t\t\t\t\t<div class=\"galeria-small-img mt-0\"><a href=\"https:\/\/semmelweis.hu\/rehabilitaciosklinika\/files\/2024\/12\/eloadas15-scaled.jpg\"><img src=https:\/\/semmelweis.hu\/rehabilitaciosklinika\/files\/2024\/12\/eloadas15-scaled.jpg \r\n                                alt=\"\"  \r\n                                class=\"attachment-sote-gallery-small size-sote-gallery-small\" \r\n                                srcset=\"https:\/\/semmelweis.hu\/rehabilitaciosklinika\/files\/2024\/12\/eloadas15-400x300.jpg 400w, https:\/\/semmelweis.hu\/rehabilitaciosklinika\/files\/2024\/12\/eloadas15-1024x768.jpg 1024w, https:\/\/semmelweis.hu\/rehabilitaciosklinika\/files\/2024\/12\/eloadas15-768x576.jpg 768w, https:\/\/semmelweis.hu\/rehabilitaciosklinika\/files\/2024\/12\/eloadas15-1536x1152.jpg 1536w, https:\/\/semmelweis.hu\/rehabilitaciosklinika\/files\/2024\/12\/eloadas15-2048x1536.jpg 2048w, https:\/\/semmelweis.hu\/rehabilitaciosklinika\/files\/2024\/12\/eloadas15-753x565.jpg 753w\" ><\/a><\/div>\r\n                    <\/span>\r\n                    <span class=\"gallery-item frame d-none d-md-flex\">\r\n\t\t\t\t\t<div class=\"galeria-small-img mt-0\"><a href=\"https:\/\/semmelweis.hu\/rehabilitaciosklinika\/files\/2024\/12\/eloadas9-scaled.jpg\"><img src=https:\/\/semmelweis.hu\/rehabilitaciosklinika\/files\/2024\/12\/eloadas9-scaled.jpg \r\n                                alt=\"\" \r\n                                class=\"attachment-sote-gallery-small size-sote-gallery-small\" \r\n                                srcset=\"https:\/\/semmelweis.hu\/rehabilitaciosklinika\/files\/2024\/12\/eloadas9-400x300.jpg 400w, https:\/\/semmelweis.hu\/rehabilitaciosklinika\/files\/2024\/12\/eloadas9-1024x768.jpg 1024w, https:\/\/semmelweis.hu\/rehabilitaciosklinika\/files\/2024\/12\/eloadas9-768x576.jpg 768w, https:\/\/semmelweis.hu\/rehabilitaciosklinika\/files\/2024\/12\/eloadas9-1536x1152.jpg 1536w, https:\/\/semmelweis.hu\/rehabilitaciosklinika\/files\/2024\/12\/eloadas9-2048x1536.jpg 2048w, https:\/\/semmelweis.hu\/rehabilitaciosklinika\/files\/2024\/12\/eloadas9-753x565.jpg 753w\" ><\/a><\/div>\r\n                    <\/span>\r\n\r\n                <\/div>\r\n\r\n            <\/div>\r\n\r\n            <span class=\"gallery-item\"><div class=\"hidden\"><a href=\"https:\/\/semmelweis.hu\/rehabilitaciosklinika\/files\/2024\/12\/eloadas4-scaled.jpg\">\r\n        <img src=https:\/\/semmelweis.hu\/rehabilitaciosklinika\/files\/2024\/12\/eloadas4-scaled.jpg alt=\"\" class=\"attachment-sote-gallery-big size-sote-gallery-big\" srcset=\"https:\/\/semmelweis.hu\/rehabilitaciosklinika\/files\/2024\/12\/eloadas4-300x400.jpg 300w, https:\/\/semmelweis.hu\/rehabilitaciosklinika\/files\/2024\/12\/eloadas4-768x1024.jpg 768w, https:\/\/semmelweis.hu\/rehabilitaciosklinika\/files\/2024\/12\/eloadas4-1152x1536.jpg 1152w, https:\/\/semmelweis.hu\/rehabilitaciosklinika\/files\/2024\/12\/eloadas4-1536x2048.jpg 1536w, https:\/\/semmelweis.hu\/rehabilitaciosklinika\/files\/2024\/12\/eloadas4-753x1004.jpg 753w, https:\/\/semmelweis.hu\/rehabilitaciosklinika\/files\/2024\/12\/eloadas4-scaled.jpg 1920w\" >\r\n        <\/a><\/div><\/span><span class=\"gallery-item\"><div class=\"hidden\"><a href=\"https:\/\/semmelweis.hu\/rehabilitaciosklinika\/files\/2024\/12\/eloadas_15-scaled.jpg\">\r\n        <img src=https:\/\/semmelweis.hu\/rehabilitaciosklinika\/files\/2024\/12\/eloadas_15-scaled.jpg alt=\"\" class=\"attachment-sote-gallery-big size-sote-gallery-big\" srcset=\"https:\/\/semmelweis.hu\/rehabilitaciosklinika\/files\/2024\/12\/eloadas_15-300x400.jpg 300w, https:\/\/semmelweis.hu\/rehabilitaciosklinika\/files\/2024\/12\/eloadas_15-768x1024.jpg 768w, https:\/\/semmelweis.hu\/rehabilitaciosklinika\/files\/2024\/12\/eloadas_15-1152x1536.jpg 1152w, https:\/\/semmelweis.hu\/rehabilitaciosklinika\/files\/2024\/12\/eloadas_15-1536x2048.jpg 1536w, https:\/\/semmelweis.hu\/rehabilitaciosklinika\/files\/2024\/12\/eloadas_15-753x1004.jpg 753w, https:\/\/semmelweis.hu\/rehabilitaciosklinika\/files\/2024\/12\/eloadas_15-scaled.jpg 1920w\" >\r\n        <\/a><\/div><\/span><span class=\"gallery-item\"><div class=\"hidden\"><a href=\"https:\/\/semmelweis.hu\/rehabilitaciosklinika\/files\/2024\/12\/eloadas_12-scaled.jpg\">\r\n        <img src=https:\/\/semmelweis.hu\/rehabilitaciosklinika\/files\/2024\/12\/eloadas_12-scaled.jpg alt=\"\" class=\"attachment-sote-gallery-big size-sote-gallery-big\" srcset=\"https:\/\/semmelweis.hu\/rehabilitaciosklinika\/files\/2024\/12\/eloadas_12-300x400.jpg 300w, https:\/\/semmelweis.hu\/rehabilitaciosklinika\/files\/2024\/12\/eloadas_12-768x1024.jpg 768w, https:\/\/semmelweis.hu\/rehabilitaciosklinika\/files\/2024\/12\/eloadas_12-1152x1536.jpg 1152w, https:\/\/semmelweis.hu\/rehabilitaciosklinika\/files\/2024\/12\/eloadas_12-1536x2048.jpg 1536w, https:\/\/semmelweis.hu\/rehabilitaciosklinika\/files\/2024\/12\/eloadas_12-753x1004.jpg 753w, https:\/\/semmelweis.hu\/rehabilitaciosklinika\/files\/2024\/12\/eloadas_12-scaled.jpg 1920w\" >\r\n        <\/a><\/div><\/span><span class=\"gallery-item\"><div class=\"hidden\"><a href=\"https:\/\/semmelweis.hu\/rehabilitaciosklinika\/files\/2024\/12\/eloadas_10-scaled.jpg\">\r\n        <img src=https:\/\/semmelweis.hu\/rehabilitaciosklinika\/files\/2024\/12\/eloadas_10-scaled.jpg alt=\"\" class=\"attachment-sote-gallery-big size-sote-gallery-big\" srcset=\"https:\/\/semmelweis.hu\/rehabilitaciosklinika\/files\/2024\/12\/eloadas_10-300x400.jpg 300w, https:\/\/semmelweis.hu\/rehabilitaciosklinika\/files\/2024\/12\/eloadas_10-768x1024.jpg 768w, https:\/\/semmelweis.hu\/rehabilitaciosklinika\/files\/2024\/12\/eloadas_10-1152x1536.jpg 1152w, https:\/\/semmelweis.hu\/rehabilitaciosklinika\/files\/2024\/12\/eloadas_10-1536x2048.jpg 1536w, https:\/\/semmelweis.hu\/rehabilitaciosklinika\/files\/2024\/12\/eloadas_10-753x1004.jpg 753w, https:\/\/semmelweis.hu\/rehabilitaciosklinika\/files\/2024\/12\/eloadas_10-scaled.jpg 1920w\" >\r\n        <\/a><\/div><\/span><span class=\"gallery-item\"><div class=\"hidden\"><a href=\"https:\/\/semmelweis.hu\/rehabilitaciosklinika\/files\/2024\/12\/eloadas_5-scaled.jpg\">\r\n        <img src=https:\/\/semmelweis.hu\/rehabilitaciosklinika\/files\/2024\/12\/eloadas_5-scaled.jpg alt=\"\" class=\"attachment-sote-gallery-big size-sote-gallery-big\" srcset=\"https:\/\/semmelweis.hu\/rehabilitaciosklinika\/files\/2024\/12\/eloadas_5-300x400.jpg 300w, https:\/\/semmelweis.hu\/rehabilitaciosklinika\/files\/2024\/12\/eloadas_5-768x1024.jpg 768w, https:\/\/semmelweis.hu\/rehabilitaciosklinika\/files\/2024\/12\/eloadas_5-1152x1536.jpg 1152w, https:\/\/semmelweis.hu\/rehabilitaciosklinika\/files\/2024\/12\/eloadas_5-1536x2048.jpg 1536w, https:\/\/semmelweis.hu\/rehabilitaciosklinika\/files\/2024\/12\/eloadas_5-753x1004.jpg 753w, https:\/\/semmelweis.hu\/rehabilitaciosklinika\/files\/2024\/12\/eloadas_5-scaled.jpg 1920w\" >\r\n        <\/a><\/div><\/span><span class=\"gallery-item\"><div class=\"hidden\"><a href=\"https:\/\/semmelweis.hu\/rehabilitaciosklinika\/files\/2024\/12\/20221001_083938-scaled.jpg\">\r\n        <img src=https:\/\/semmelweis.hu\/rehabilitaciosklinika\/files\/2024\/12\/20221001_083938-scaled.jpg alt=\"\" class=\"attachment-sote-gallery-big size-sote-gallery-big\" srcset=\"https:\/\/semmelweis.hu\/rehabilitaciosklinika\/files\/2024\/12\/20221001_083938-300x400.jpg 300w, https:\/\/semmelweis.hu\/rehabilitaciosklinika\/files\/2024\/12\/20221001_083938-768x1024.jpg 768w, https:\/\/semmelweis.hu\/rehabilitaciosklinika\/files\/2024\/12\/20221001_083938-1152x1536.jpg 1152w, https:\/\/semmelweis.hu\/rehabilitaciosklinika\/files\/2024\/12\/20221001_083938-1536x2048.jpg 1536w, https:\/\/semmelweis.hu\/rehabilitaciosklinika\/files\/2024\/12\/20221001_083938-753x1004.jpg 753w, https:\/\/semmelweis.hu\/rehabilitaciosklinika\/files\/2024\/12\/20221001_083938-scaled.jpg 1920w\" >\r\n        <\/a><\/div><\/span><span class=\"gallery-item\"><div class=\"hidden\"><a href=\"https:\/\/semmelweis.hu\/rehabilitaciosklinika\/files\/2024\/12\/20221001_083445-scaled.jpg\">\r\n        <img src=https:\/\/semmelweis.hu\/rehabilitaciosklinika\/files\/2024\/12\/20221001_083445-scaled.jpg alt=\"\" class=\"attachment-sote-gallery-big size-sote-gallery-big\" srcset=\"https:\/\/semmelweis.hu\/rehabilitaciosklinika\/files\/2024\/12\/20221001_083445-400x300.jpg 400w, https:\/\/semmelweis.hu\/rehabilitaciosklinika\/files\/2024\/12\/20221001_083445-1024x768.jpg 1024w, https:\/\/semmelweis.hu\/rehabilitaciosklinika\/files\/2024\/12\/20221001_083445-768x576.jpg 768w, https:\/\/semmelweis.hu\/rehabilitaciosklinika\/files\/2024\/12\/20221001_083445-1536x1152.jpg 1536w, https:\/\/semmelweis.hu\/rehabilitaciosklinika\/files\/2024\/12\/20221001_083445-2048x1536.jpg 2048w, https:\/\/semmelweis.hu\/rehabilitaciosklinika\/files\/2024\/12\/20221001_083445-753x565.jpg 753w\" >\r\n        <\/a><\/div><\/span>\r\n            <\/div>\r\n\r\n            [\/slb_exclude]\r\n\t\n","protected":false},"excerpt":{"rendered":"<p>A kedvezm\u00e9nyezett neve:\u00a0ORSZ\u00c1GOS MOZG\u00c1SSZERVI INT\u00c9ZET A projekt c\u00edme:\u00a0Robot-Assziszt\u00e1lt Rehabilit\u00e1ci\u00f3 A projekt tartalm\u00e1nak bemutat\u00e1sa: Az elm\u00falt \u00e9vekben a k\u00f6zeg\u00e9szs\u00e9g\u00fcgyi int\u00e9zetek viszonylag kev\u00e9sb\u00e9 szisztematikus figyelmet \u00e9s finansz\u00edroz\u00e1st kaptak, mivel az eg\u00e9szs\u00e9g\u00fcgyi seg\u00edts\u00e9gny\u00fajt\u00e1s \u00e9s az egy\u00fcttm\u0171k\u00f6d\u00e9s egyre ink\u00e1bb a f\u0151bb \u00e1gazati programokra \u00f6sszpontos\u00edtott. A robotika, mint a stroke \u00e9s az egy\u00e9b agyi s\u00e9r\u00fcl\u00e9sek hat\u00e9kony rehabilit\u00e1ci\u00f3j\u00e1nak \u00edg\u00e9retes eszk\u00f6ze a &hellip;<\/p>\n","protected":false},"author":102387,"featured_media":0,"parent":1831,"menu_order":0,"comment_status":"closed","ping_status":"closed","template":"","meta":{"_acf_changed":false,"footnotes":""},"categories":[],"tags":[],"class_list":["post-2935","page","type-page","status-publish","hentry"],"acf":[],"_links":{"self":[{"href":"https:\/\/semmelweis.hu\/rehabilitaciosklinika\/wp-json\/wp\/v2\/pages\/2935","targetHints":{"allow":["GET"]}}],"collection":[{"href":"https:\/\/semmelweis.hu\/rehabilitaciosklinika\/wp-json\/wp\/v2\/pages"}],"about":[{"href":"https:\/\/semmelweis.hu\/rehabilitaciosklinika\/wp-json\/wp\/v2\/types\/page"}],"author":[{"embeddable":true,"href":"https:\/\/semmelweis.hu\/rehabilitaciosklinika\/wp-json\/wp\/v2\/users\/102387"}],"replies":[{"embeddable":true,"href":"https:\/\/semmelweis.hu\/rehabilitaciosklinika\/wp-json\/wp\/v2\/comments?post=2935"}],"version-history":[{"count":4,"href":"https:\/\/semmelweis.hu\/rehabilitaciosklinika\/wp-json\/wp\/v2\/pages\/2935\/revisions"}],"predecessor-version":[{"id":2953,"href":"https:\/\/semmelweis.hu\/rehabilitaciosklinika\/wp-json\/wp\/v2\/pages\/2935\/revisions\/2953"}],"up":[{"embeddable":true,"href":"https:\/\/semmelweis.hu\/rehabilitaciosklinika\/wp-json\/wp\/v2\/pages\/1831"}],"wp:attachment":[{"href":"https:\/\/semmelweis.hu\/rehabilitaciosklinika\/wp-json\/wp\/v2\/media?parent=2935"}],"wp:term":[{"taxonomy":"category","embeddable":true,"href":"https:\/\/semmelweis.hu\/rehabilitaciosklinika\/wp-json\/wp\/v2\/categories?post=2935"},{"taxonomy":"post_tag","embeddable":true,"href":"https:\/\/semmelweis.hu\/rehabilitaciosklinika\/wp-json\/wp\/v2\/tags?post=2935"}],"curies":[{"name":"wp","href":"https:\/\/api.w.org\/{rel}","templated":true}]}}